{"id":615,"date":"2022-11-24T09:23:23","date_gmt":"2022-11-24T08:23:23","guid":{"rendered":"https:\/\/agora.xtec.cat\/inslescincsenies\/?page_id=615"},"modified":"2025-07-09T11:37:47","modified_gmt":"2025-07-09T09:37:47","slug":"biblioteca","status":"publish","type":"page","link":"https:\/\/agora.xtec.cat\/inslescincsenies\/biblioteca\/","title":{"rendered":"Biblioteca"},"content":{"rendered":"<p><span style=\"font-weight: 400;\">La Biblioteca LCS \u00e9s un espai de calma i lectura que est\u00e0 en ple proc\u00e9s de construcci\u00f3.\u00a0<\/span><\/p>\n<table style=\"border-collapse: collapse; width: 100%;\">\n<tbody>\n<tr>\n<td style=\"width: 50%;\"><span style=\"font-weight: 400;\">\u00a0\ud83d\udca1 Els serveis que ofereix s\u00f3n:\u00a0<\/span><\/p>\n<ul>\n<li style=\"font-weight: 400;\" aria-level=\"1\"><span style=\"font-weight: 400;\">pr\u00e9stec<\/span><\/li>\n<li style=\"font-weight: 400;\" aria-level=\"1\"><span style=\"font-weight: 400;\">sala de consulta i d\u2019estudi<\/span><\/li>\n<li aria-level=\"1\"><span style=\"font-weight: 400;\">suport a les tasques d\u2019aprenentatge<\/span><\/li>\n<li><span style=\"font-weight: 400;\">catalogaci\u00f3 dels llibres\u00a0<\/span><\/li>\n<li style=\"font-weight: 400;\" aria-level=\"1\"><span style=\"font-weight: 400;\">actualitzaci\u00f3 del cat\u00e0leg<\/span><\/li>\n<li><span style=\"font-weight: 400;\">contacte amb la Biblioteca p\u00fablica Antoni Comas<\/span><\/li>\n<\/ul>\n<\/td>\n<td style=\"width: 50%;\">\u27a1 L&#8217;horari d&#8217;atenci\u00f3 al p\u00fablic \u00e9s:<\/p>\n<ul>\n<li>\n<div><span class=\"il\">Biblioteca<\/span> del centre durant tots els patis, excepte el 2n pati dels dijous.<\/div>\n<p>&nbsp;<\/p>\n<p><a href=\"https:\/\/docs.google.com\/spreadsheets\/d\/1QRHk76v2FyV8V1RjGOfLCxIPfUGAzUft-JHJqv7h_60\/edit?usp=sharing\">CAT\u00c0LEG NOVETATS BIBLIOTECA ESCOLAR LCS\u00a0<\/a><\/li>\n<\/ul>\n<\/td>\n<\/tr>\n<\/tbody>\n<\/table>\n<p><span style=\"font-weight: 400;\">Igualment, la Biblioteca LCS vetlla per dinamitzar la lectura al centre a trav\u00e9s de l\u2019elaboraci\u00f3 d\u2019un pla lector i d\u2019activitats ben diverses com clubs de lectura o com la participaci\u00f3 en concursos (per exemple, el Certamen de Lectura en Veu Alta).<\/span><\/p>\n<p><span style=\"font-weight: 400;\">Al llarg d\u2019aquest curs 24-25, la Comissi\u00f3 h\u00edbrida de la Biblioteca LCS en qu\u00e8 alumnat, fam\u00edlies i professorat segueixen portant a terme diverses accions per mantenir els serveis esmentats i oferir-ne de nous, d\u2019acord amb el projecte educatiu del centre i amb els interessos de l\u2019alumnat.\u00a0<\/span><\/p>\n<p>\ud83d\ude06 Especial d&#8217;estiu: <a href=\"https:\/\/drive.google.com\/file\/d\/1ssFOUNLecrSSM6It-vxR8CgeymU6IfRc\/view?usp=sharing\" target=\"_blank\" rel=\"noopener\">les nostres recomanacions!<\/a><\/p>\n<p>&nbsp;<\/p>\n<p>&nbsp;<\/p>\n","protected":false},"excerpt":{"rendered":"<p>La Biblioteca LCS \u00e9s un espai de calma i lectura que est\u00e0 en ple proc\u00e9s de construcci\u00f3.\u00a0<\/p>\n<p>\u00a0\ud83d\udca1 Els serveis que ofereix s\u00f3n:\u00a0<\/p>\n<ul>\n<li style=\"font-weight: 400;\" aria-level=\"1\">pr\u00e9stec<\/li>\n<li style=\"font-weight: 400;\" aria-level=\"1\">sala de consulta i d\u2019estudi<\/li>\n<li aria-level=\"1\">suport a les tasques d\u2019aprenentatge<\/li>\n<li>catalogaci\u00f3 dels llibres\u00a0<\/li>\n<li style=\"font-weight: 400;\" aria-level=\"1\">actualitzaci\u00f3 del cat\u00e0leg<\/li>\n<li>contacte amb&hellip;  <a href=\"https:\/\/agora.xtec.cat\/inslescincsenies\/biblioteca\/\" title=\"Read Biblioteca\">Llegeix m\u00e9s\u00bb<\/a><br \/>\n","protected":false},"author":1,"featured_media":0,"parent":0,"menu_order":0,"comment_status":"closed","ping_status":"closed","template":"page-templates\/side-menu.php","meta":{"_bbp_topic_count":0,"_bbp_reply_count":0,"_bbp_total_topic_count":0,"_bbp_total_reply_count":0,"_bbp_voice_count":0,"_bbp_anonymous_reply_count":0,"_bbp_topic_count_hidden":0,"_bbp_reply_count_hidden":0,"_bbp_forum_subforum_count":0,"footnotes":""},"class_list":["post-615","page","type-page","status-publish","hentry"],"post_mailing_queue_ids":[],"_links":{"self":[{"href":"https:\/\/agora.xtec.cat\/inslescincsenies\/wp-json\/wp\/v2\/pages\/615","targetHints":{"allow":["GET"]}}],"collection":[{"href":"https:\/\/agora.xtec.cat\/inslescincsenies\/wp-json\/wp\/v2\/pages"}],"about":[{"href":"https:\/\/agora.xtec.cat\/inslescincsenies\/wp-json\/wp\/v2\/types\/page"}],"author":[{"embeddable":true,"href":"https:\/\/agora.xtec.cat\/inslescincsenies\/wp-json\/wp\/v2\/users\/1"}],"replies":[{"embeddable":true,"href":"https:\/\/agora.xtec.cat\/inslescincsenies\/wp-json\/wp\/v2\/comments?post=615"}],"version-history":[{"count":7,"href":"https:\/\/agora.xtec.cat\/inslescincsenies\/wp-json\/wp\/v2\/pages\/615\/revisions"}],"predecessor-version":[{"id":2020,"href":"https:\/\/agora.xtec.cat\/inslescincsenies\/wp-json\/wp\/v2\/pages\/615\/revisions\/2020"}],"wp:attachment":[{"href":"https:\/\/agora.xtec.cat\/inslescincsenies\/wp-json\/wp\/v2\/media?parent=615"}],"curies":[{"name":"wp","href":"https:\/\/api.w.org\/{rel}","templated":true}]}}