{"id":2286,"date":"2026-02-25T09:53:02","date_gmt":"2026-02-25T08:53:02","guid":{"rendered":"https:\/\/agora.xtec.cat\/inslescincsenies\/?page_id=2286"},"modified":"2026-03-18T13:33:04","modified_gmt":"2026-03-18T12:33:04","slug":"secretaria","status":"publish","type":"page","link":"https:\/\/agora.xtec.cat\/inslescincsenies\/secretaria\/","title":{"rendered":"Secretaria"},"content":{"rendered":"<p data-start=\"324\" data-end=\"551\">La Secretaria de l\u2019Institut Les Cinc S\u00e9nies \u00e9s el servei encarregat de gestionar tots els tr\u00e0mits administratius relacionats amb l\u2019escolaritzaci\u00f3 de l\u2019alumnat, la relaci\u00f3 amb les fam\u00edlies i la documentaci\u00f3 oficial del centre.<br \/>\nDes d\u2019aquest espai podeu consultar horaris d\u2019atenci\u00f3, procediments administratius de preinscripci\u00f3 i matr\u00edcula, pagament de quotes i accedir als diferents tr\u00e0mits i formularis disponibles.<\/p>\n<p data-start=\"324\" data-end=\"551\">Tot seguit us deixem els enlla\u00e7os amb la informaci\u00f3 de tots els tr\u00e0mits que es poden gestionar des de secretaria:<\/p>\n<ul>\n<li style=\"list-style-type: none;\">\n<ul>\n<li><a href=\"https:\/\/agora.xtec.cat\/inslescincsenies\/?page_id=2276&amp;preview=true\"><span style=\"font-weight: 400;\"> Atenci\u00f3 al p\u00fablic<\/span><\/a><\/li>\n<li><a href=\"https:\/\/drive.google.com\/file\/d\/1tceUfapgerQVPv8lFzl-rKGipohxZxtc\/view?usp=drive_link\"><span style=\"font-weight: 400;\">Pressupost 2026<\/span><\/a><\/li>\n<li><a href=\"https:\/\/agora.xtec.cat\/inslescincsenies\/?page_id=2279&amp;preview=true\"><span style=\"font-weight: 400;\">Quotes que satisfan les fam\u00edlies Mitjan\u00e7ant Tokapp (pagaments)<\/span><\/a><\/li>\n<li><a href=\"https:\/\/agora.xtec.cat\/inslescincsenies\/?page_id=2281&amp;preview=true\"><span style=\"font-weight: 400;\">Preinscripci\u00f3 i matr\u00edcula<\/span><\/a>\n<ul>\n<li><span style=\"font-weight: 400;\">Preinscripci\u00f3 Curs<\/span><\/li>\n<li><span style=\"font-weight: 400;\">Matr\u00edcula<\/span><\/li>\n<\/ul>\n<\/li>\n<li data-start=\"553\" data-end=\"726\"><a href=\"https:\/\/agora.xtec.cat\/inslescincsenies\/?page_id=2283&amp;preview=true\"><span style=\"font-weight: 400;\">Tr\u00e0mits i formularis<\/span><\/a><\/li>\n<\/ul>\n<\/li>\n<\/ul>\n","protected":false},"excerpt":{"rendered":"<p>La Secretaria de l\u2019Institut Les Cinc S\u00e9nies \u00e9s el servei encarregat de gestionar tots els tr\u00e0mits administratius relacionats amb l\u2019escolaritzaci\u00f3 de l\u2019alumnat, la relaci\u00f3 amb les fam\u00edlies i la documentaci\u00f3 oficial del centre.<br \/>\nDes d\u2019aquest espai podeu consultar horaris d\u2019atenci\u00f3, procediments administratius de preinscripci\u00f3 i matr\u00edcula,&hellip;  <a href=\"https:\/\/agora.xtec.cat\/inslescincsenies\/secretaria\/\" title=\"Read Secretaria\">Llegeix m\u00e9s\u00bb<\/a><\/p>\n","protected":false},"author":1,"featured_media":0,"parent":0,"menu_order":0,"comment_status":"closed","ping_status":"closed","template":"","meta":{"_bbp_topic_count":0,"_bbp_reply_count":0,"_bbp_total_topic_count":0,"_bbp_total_reply_count":0,"_bbp_voice_count":0,"_bbp_anonymous_reply_count":0,"_bbp_topic_count_hidden":0,"_bbp_reply_count_hidden":0,"_bbp_forum_subforum_count":0,"footnotes":""},"class_list":["post-2286","page","type-page","status-publish","hentry"],"post_mailing_queue_ids":[],"_links":{"self":[{"href":"https:\/\/agora.xtec.cat\/inslescincsenies\/wp-json\/wp\/v2\/pages\/2286","targetHints":{"allow":["GET"]}}],"collection":[{"href":"https:\/\/agora.xtec.cat\/inslescincsenies\/wp-json\/wp\/v2\/pages"}],"about":[{"href":"https:\/\/agora.xtec.cat\/inslescincsenies\/wp-json\/wp\/v2\/types\/page"}],"author":[{"embeddable":true,"href":"https:\/\/agora.xtec.cat\/inslescincsenies\/wp-json\/wp\/v2\/users\/1"}],"replies":[{"embeddable":true,"href":"https:\/\/agora.xtec.cat\/inslescincsenies\/wp-json\/wp\/v2\/comments?post=2286"}],"version-history":[{"count":4,"href":"https:\/\/agora.xtec.cat\/inslescincsenies\/wp-json\/wp\/v2\/pages\/2286\/revisions"}],"predecessor-version":[{"id":2361,"href":"https:\/\/agora.xtec.cat\/inslescincsenies\/wp-json\/wp\/v2\/pages\/2286\/revisions\/2361"}],"wp:attachment":[{"href":"https:\/\/agora.xtec.cat\/inslescincsenies\/wp-json\/wp\/v2\/media?parent=2286"}],"curies":[{"name":"wp","href":"https:\/\/api.w.org\/{rel}","templated":true}]}}