{"id":2283,"date":"2026-03-04T09:29:34","date_gmt":"2026-03-04T08:29:34","guid":{"rendered":"https:\/\/agora.xtec.cat\/inslescincsenies\/?page_id=2283"},"modified":"2026-03-04T09:29:34","modified_gmt":"2026-03-04T08:29:34","slug":"tramits-i-formularis","status":"publish","type":"page","link":"https:\/\/agora.xtec.cat\/inslescincsenies\/tramits-i-formularis\/","title":{"rendered":"Tr\u00e0mits i formularis\u00a0"},"content":{"rendered":"<p><span style=\"font-weight: 400;\">Tots aquests tr\u00e0mits s\u2019han de fer de manera presencial a la secretaria del centre, l\u2019alumnat durant les hores del pati i el p\u00fablic en general en horari de secretaria.<br \/>\n<\/span><span style=\"font-weight: 400;\">El termini\u00a0 de resoluci\u00f3 \u00e9s de 5 dies h\u00e0bils, excepte en el cas de Recurs que ser\u00e0 de 3 dies h\u00e0bils.<\/span><b><\/b><\/p>\n<ul>\n<li style=\"list-style-type: none;\">\n<ul>\n<li aria-level=\"2\"><a href=\"https:\/\/drive.google.com\/file\/d\/1bpSob_cn2JKrTd8gf7guJOSU8W8bZd8o\/view?usp=sharing\"><b>Sol\u00b7licitud canvi d\u2019optativa<\/b><\/a> <span style=\"font-weight: 400;\">(4t ESO) Termini 30 de setembre<\/span><\/li>\n<li aria-level=\"2\"><a href=\"https:\/\/drive.google.com\/file\/d\/1PSJWozPE82ky55DxU1999ercnaCoGofH\/view?usp=sharing\"><b>Sol\u00b7licitud canvi de modalitat Bat<\/b><\/a> <span style=\"font-weight: 400;\">Termini 30 de setembre<\/span><\/li>\n<li aria-level=\"2\"><a href=\"https:\/\/drive.google.com\/file\/d\/1w3YvNLGRgcLpJdUE13W63YbQsu63Paoz\/view?usp=sharing\"><b>Sol\u00b7licitud canvi de mat\u00e8ria Bat<\/b><\/a> <span style=\"font-weight: 400;\">Termini 30 de setembre<\/span><\/li>\n<li aria-level=\"2\"><a href=\"https:\/\/drive.google.com\/file\/d\/14hd66j0enzkXzW63L9GH36LwMUeZ-x2q\/view?usp=sharing\"><b>Recurs a la resoluci\u00f3 de canvi de &#8230;&#8230;<\/b><\/a><\/li>\n<li aria-level=\"2\"><a href=\"https:\/\/drive.google.com\/file\/d\/17JsaT3x-sz6B9MEyczNKZHTeAeNobPei\/view?usp=sharing\"><b>Sol\u00b7licitud reclamaci\u00f3 qualificacions<\/b><\/a><b>\u00a0<\/b><\/li>\n<li aria-level=\"2\"><a href=\"https:\/\/drive.google.com\/file\/d\/1rSuT62_ODmFal9hzT6tFzQuM3VXB1gW7\/view?usp=sharing\"><b>Recurs resoluci\u00f3 reclamaci\u00f3 de qualificacions<\/b><\/a><\/li>\n<li aria-level=\"2\"><a href=\"https:\/\/drive.google.com\/drive\/u\/0\/folders\/1ZDQ63ewaYFTSyuNtn3xGyHDznt-tfNvW\"><b>Simultane\u00eftat estudis de dansa, m\u00fasica o esports ESO<\/b><\/a><b>\u00a0<\/b><\/li>\n<\/ul>\n<\/li>\n<\/ul>\n<ul>\n<li style=\"list-style-type: none;\">\n<ul>\n<li style=\"list-style-type: none;\">\n<ul>\n<li style=\"list-style-type: none;\"><b style=\"font-family: inherit; font-size: 1em;\">Dansa<\/b><span style=\"font-weight: 400;\">\u00a0 (<\/span><a style=\"font-family: inherit; font-size: 1em;\" href=\"https:\/\/drive.google.com\/file\/d\/1QyIXuufqTDWDof5oPJZWdDFPdOHkKg0_\/view?usp=sharing\">Normativa<\/a><span style=\"font-weight: 400;\">)<\/span><\/li>\n<\/ul>\n<\/li>\n<\/ul>\n<\/li>\n<\/ul>\n<ul>\n<li style=\"list-style-type: none;\">\n<ul>\n<li style=\"list-style-type: none;\">\n<ul>\n<li style=\"list-style-type: none;\">\n<ul>\n<li style=\"list-style-type: none;\">\n<ul>\n<li aria-level=\"4\"><span style=\"font-weight: 400;\">Documentaci\u00f3 a aportar:<\/span><\/li>\n<\/ul>\n<\/li>\n<\/ul>\n<\/li>\n<\/ul>\n<\/li>\n<\/ul>\n<\/li>\n<\/ul>\n<ul>\n<li style=\"list-style-type: none;\">\n<ul>\n<li style=\"list-style-type: none;\">\n<ul>\n<li style=\"list-style-type: none;\">\n<ul>\n<li style=\"list-style-type: none;\">\n<ul>\n<li style=\"list-style-type: none;\">\n<ul>\n<li style=\"list-style-type: none;\">\n<ul>\n<li style=\"list-style-type: none;\">\n<ul>\n<li style=\"font-weight: 400;\" aria-level=\"4\"><a href=\"https:\/\/drive.google.com\/file\/d\/1RTjXv5wIEc_edq_D-l09z-kBziQEW9e7\/view?usp=sharing\"><span style=\"font-weight: 400;\">Sol\u00b7licitud reducci\u00f3 de mat\u00e8ries ESO<\/span><\/a><\/li>\n<li style=\"font-weight: 400;\" aria-level=\"4\"><a href=\"https:\/\/drive.google.com\/file\/d\/1C-9Oio_AuXS4ORXmLDQQHsBoVWFbYcqX\/view?usp=sharing\"><span style=\"font-weight: 400;\">Certificat expedit pel centre autoritzat ESO<\/span><\/a><\/li>\n<\/ul>\n<\/li>\n<\/ul>\n<\/li>\n<\/ul>\n<\/li>\n<\/ul>\n<\/li>\n<\/ul>\n<\/li>\n<\/ul>\n<\/li>\n<\/ul>\n<\/li>\n<\/ul>\n<p style=\"padding-left: 80px;\"><b>M\u00fasica<\/b><span style=\"font-weight: 400;\">\u00a0 (<\/span><a href=\"https:\/\/drive.google.com\/file\/d\/1q0gvGGymFCnCD0naHbNaHhRQt3Sif7q7\/view?usp=sharing\"><span style=\"font-weight: 400;\">Normativa<\/span><\/a><span style=\"font-weight: 400;\">)<\/span><\/p>\n<ul>\n<li style=\"list-style-type: none;\">\n<ul>\n<li style=\"list-style-type: none;\">\n<ul>\n<li style=\"list-style-type: none;\">\n<ul>\n<li style=\"list-style-type: none;\">\n<ul>\n<li aria-level=\"4\"><span style=\"font-weight: 400;\">Documentaci\u00f3 a aportar:<\/span><\/li>\n<\/ul>\n<\/li>\n<\/ul>\n<\/li>\n<\/ul>\n<\/li>\n<\/ul>\n<\/li>\n<\/ul>\n<ul>\n<li style=\"list-style-type: none;\">\n<ul>\n<li style=\"list-style-type: none;\">\n<ul>\n<li style=\"list-style-type: none;\">\n<ul>\n<li style=\"list-style-type: none;\">\n<ul>\n<li style=\"list-style-type: none;\">\n<ul>\n<li style=\"font-weight: 400;\" aria-level=\"4\"><a href=\"https:\/\/drive.google.com\/file\/d\/156sKCRNAy-jN_LaQQUSKWgzxtsoBCz-R\/view?usp=sharing\"><span style=\"font-weight: 400;\">Sol\u00b7licitud reducci\u00f3 de mat\u00e8ries ESO<\/span><\/a><\/li>\n<li style=\"font-weight: 400;\" aria-level=\"4\"><a href=\"https:\/\/drive.google.com\/file\/d\/1nnUgyRRPp3z5ABlJh2ww8HMWhM3UIVwc\/view?usp=sharing\"><span style=\"font-weight: 400;\">Certificat expedit pel centre autoritzat ESO<\/span><\/a><\/li>\n<\/ul>\n<\/li>\n<\/ul>\n<\/li>\n<\/ul>\n<\/li>\n<\/ul>\n<\/li>\n<\/ul>\n<\/li>\n<\/ul>\n<p style=\"padding-left: 80px;\"><b>Esport<\/b><span style=\"font-weight: 400;\"> (<\/span><a href=\"https:\/\/drive.google.com\/file\/d\/1nc9rKsMqcRQo6wit0dPa08-JZpoPRYJa\/view?usp=sharing\"><span style=\"font-weight: 400;\">Normativa<\/span><\/a><span style=\"font-weight: 400;\">)<\/span><\/p>\n<ul>\n<li style=\"list-style-type: none;\">\n<ul>\n<li style=\"list-style-type: none;\">\n<ul>\n<li style=\"list-style-type: none;\">\n<ul>\n<li style=\"list-style-type: none;\">\n<ul>\n<li style=\"font-weight: 400;\" aria-level=\"4\"><span style=\"font-weight: 400;\">Documentaci\u00f3 a aportar<\/span>\n<ul>\n<li style=\"font-weight: 400;\" aria-level=\"4\"><a href=\"https:\/\/drive.google.com\/file\/d\/1sdbZe_YRwXfqkV785UTM2mloBVFlraUW\/view?usp=sharing\"><span style=\"font-weight: 400;\">Sol\u00b7licitud reducci\u00f3 de mat\u00e8ries ESO<\/span><\/a><\/li>\n<li style=\"font-weight: 400;\" aria-level=\"4\"><span style=\"font-weight: 400;\">Certificat acreditatiu del pla d\u2019entrenament i competicions em\u00e8s pel club esportiu<\/span><\/li>\n<li style=\"font-weight: 400;\" aria-level=\"4\"><a href=\"https:\/\/drive.google.com\/file\/d\/1iBWsVD2r-n2Q1DaYt_AEPo8GEA-s10Zv\/view?usp=sharing\"><span style=\"font-weight: 400;\">Declaraci\u00f3 responsable de la fam\u00edlia <\/span><\/a><span style=\"font-weight: 400;\">\u00a0<\/span><\/li>\n<\/ul>\n<\/li>\n<\/ul>\n<\/li>\n<\/ul>\n<\/li>\n<\/ul>\n<\/li>\n<\/ul>\n<\/li>\n<\/ul>\n<ul>\n<li style=\"list-style-type: none;\">\n<ul>\n<li aria-level=\"2\"><a href=\"https:\/\/drive.google.com\/file\/d\/1uPXKqdA8OV1GMbmF1tQkjzOCOuvIAzxp\/view?usp=sharing\"><b>Exempci\u00f3 del catal\u00e0 a Batxillerat<\/b><\/a> <span style=\"font-weight: 400;\">(Alumnat nouvingut)<\/span><\/li>\n<li aria-level=\"2\"><a href=\"https:\/\/tramits.gencat.cat\/ca\/tramits\/tramits-temes\/titols-academics-no-universitaris\"><b>Tramitaci\u00f3 T\u00edtol Batxillerat<\/b><\/a> <span style=\"font-weight: 400;\">(Enlla\u00e7 a la sol\u00b7licitud per demanar-lo)<\/span><\/li>\n<li aria-level=\"2\"><a href=\"https:\/\/drive.google.com\/file\/d\/1PlMdOZ63ToQ6gTKKjqDUU52LCdkjuCiO\/view?usp=sharing\"><b>Proves GESO<\/b><\/a> <span style=\"font-weight: 400;\">(Enlla\u00e7 a la sol\u00b7licitud per participar-hi)<\/span><\/li>\n<li aria-level=\"2\"><b>Acreditaci\u00f3 nivell C1 catal\u00e0<\/b><\/li>\n<\/ul>\n<\/li>\n<\/ul>\n<p style=\"padding-left: 40px;\"><span style=\"font-weight: 400;\">La tramitaci\u00f3 de la sol\u00b7licitud ha de presencial i cal portar tota la documentaci\u00f3 requerida en el quadre d\u2019equival\u00e8ncies.<br \/>\n<\/span><span style=\"font-weight: 400;\">El termini de lliurament del certificat \u00e9s de 5 dies h\u00e0bils<\/span><\/p>\n<ul>\n<li style=\"list-style-type: none;\">\n<ul>\n<li style=\"list-style-type: none;\">\n<ul>\n<li style=\"list-style-type: none;\">\n<ul>\n<li style=\"list-style-type: none;\">\n<ul>\n<li style=\"font-weight: 400;\" aria-level=\"3\"><a href=\"https:\/\/drive.google.com\/file\/d\/1m4YwI45mP00OfsQA3YfV9CrFvIdP-iVd\/view?usp=sharing\"><span style=\"font-weight: 400;\">Requisits i quadre d\u2019equival\u00e8ncies<\/span><\/a><\/li>\n<li style=\"font-weight: 400;\" aria-level=\"3\"><span style=\"font-weight: 400;\">Documentaci\u00f3 a aportar<\/span><\/li>\n<li style=\"font-weight: 400;\" aria-level=\"3\"><a href=\"https:\/\/drive.google.com\/file\/d\/1rI8Yq1oEr2US4cBS4tQ5NhvsepZqxi3g\/view?usp=sharing\"><span style=\"font-weight: 400;\">Sol\u00b7licitud acreditaci\u00f3 equival\u00e8ncia nivell C1 catal\u00e0<\/span><\/a><span style=\"font-weight: 400;\">\u00a0<\/span><\/li>\n<li style=\"font-weight: 400;\" aria-level=\"3\"><span style=\"font-weight: 400;\">Original i fotoc\u00f2pia DNI\u00a0<\/span><\/li>\n<li style=\"font-weight: 400;\" aria-level=\"3\"><span style=\"font-weight: 400;\">Documentaci\u00f3 acreditativa dels requisits (<\/span><span style=\"font-weight: 400;\">Llibre escolaritat, certificat em\u00e8s pel centre educatiu, &#8230;)<\/span><\/li>\n<\/ul>\n<\/li>\n<\/ul>\n<\/li>\n<\/ul>\n<\/li>\n<\/ul>\n<\/li>\n<\/ul>\n<p style=\"padding-left: 120px;\"><b>Aquelles persones que no acompleixin els requisits anteriors s\u2019han d\u2019adre\u00e7ar a:<\/b><\/p>\n<p style=\"padding-left: 200px;\"><span style=\"font-weight: 400;\">Departament d\u2019Educaci\u00f3 i Formaci\u00f3 Professional<br \/>\n<\/span><span style=\"font-weight: 400;\">Via Augusta, 202-226<br \/>\n<\/span><span style=\"font-weight: 400;\">Barcelona<br \/>\n<\/span><span style=\"font-weight: 400;\">T\/ 934006900<\/span><\/p>\n<ul>\n<li style=\"list-style-type: none;\">\n<ul>\n<li style=\"font-weight: 400;\" aria-level=\"1\"><b>Altres tr\u00e0mits<\/b>\n<ul>\n<li style=\"font-weight: 400;\" aria-level=\"1\"><a href=\"https:\/\/drive.google.com\/file\/d\/1KegEQExn8BwrAv15EZ9p8nPiJ_u7n8yh\/view?usp=sharing\"><span style=\"font-weight: 400;\">Inst\u00e0ncia gen\u00e8rica<\/span><\/a><\/li>\n<\/ul>\n<\/li>\n<\/ul>\n<\/li>\n<\/ul>\n","protected":false},"excerpt":{"rendered":"<p>Tots aquests tr\u00e0mits s\u2019han de fer de manera presencial a la secretaria del centre, l\u2019alumnat durant les hores del pati i el p\u00fablic en general en horari de secretaria.<br \/>\nEl termini\u00a0 de resoluci\u00f3 \u00e9s de 5 dies h\u00e0bils, excepte en el cas de Recurs que ser\u00e0&hellip;  <a href=\"https:\/\/agora.xtec.cat\/inslescincsenies\/tramits-i-formularis\/\" title=\"Read Tr\u00e0mits i formularis\u00a0\">Llegeix m\u00e9s\u00bb<\/a><\/p>\n","protected":false},"author":1,"featured_media":0,"parent":0,"menu_order":0,"comment_status":"closed","ping_status":"closed","template":"","meta":{"_bbp_topic_count":0,"_bbp_reply_count":0,"_bbp_total_topic_count":0,"_bbp_total_reply_count":0,"_bbp_voice_count":0,"_bbp_anonymous_reply_count":0,"_bbp_topic_count_hidden":0,"_bbp_reply_count_hidden":0,"_bbp_forum_subforum_count":0,"footnotes":""},"class_list":["post-2283","page","type-page","status-publish","hentry"],"post_mailing_queue_ids":[],"_links":{"self":[{"href":"https:\/\/agora.xtec.cat\/inslescincsenies\/wp-json\/wp\/v2\/pages\/2283","targetHints":{"allow":["GET"]}}],"collection":[{"href":"https:\/\/agora.xtec.cat\/inslescincsenies\/wp-json\/wp\/v2\/pages"}],"about":[{"href":"https:\/\/agora.xtec.cat\/inslescincsenies\/wp-json\/wp\/v2\/types\/page"}],"author":[{"embeddable":true,"href":"https:\/\/agora.xtec.cat\/inslescincsenies\/wp-json\/wp\/v2\/users\/1"}],"replies":[{"embeddable":true,"href":"https:\/\/agora.xtec.cat\/inslescincsenies\/wp-json\/wp\/v2\/comments?post=2283"}],"version-history":[{"count":2,"href":"https:\/\/agora.xtec.cat\/inslescincsenies\/wp-json\/wp\/v2\/pages\/2283\/revisions"}],"predecessor-version":[{"id":2308,"href":"https:\/\/agora.xtec.cat\/inslescincsenies\/wp-json\/wp\/v2\/pages\/2283\/revisions\/2308"}],"wp:attachment":[{"href":"https:\/\/agora.xtec.cat\/inslescincsenies\/wp-json\/wp\/v2\/media?parent=2283"}],"curies":[{"name":"wp","href":"https:\/\/api.w.org\/{rel}","templated":true}]}}