{"id":2281,"date":"2026-03-04T09:28:14","date_gmt":"2026-03-04T08:28:14","guid":{"rendered":"https:\/\/agora.xtec.cat\/inslescincsenies\/?page_id=2281"},"modified":"2026-05-04T08:45:01","modified_gmt":"2026-05-04T06:45:01","slug":"preinscripcio-i-matricula","status":"publish","type":"page","link":"https:\/\/agora.xtec.cat\/inslescincsenies\/preinscripcio-i-matricula\/","title":{"rendered":"Preinscripci\u00f3 i matr\u00edcula"},"content":{"rendered":"<p data-start=\"1568\" data-end=\"1738\">En aquest apartat trobareu tota la informaci\u00f3 relacionada amb el proc\u00e9s oficial d\u2019acc\u00e9s al centre: calendari, publicacions oficials, llistats i documentaci\u00f3 necess\u00e0ria.<\/p>\n<p data-start=\"1740\" data-end=\"1913\">La preinscripci\u00f3 i la matr\u00edcula s\u00f3n tr\u00e0mits regulats pel Departament d\u2019Educaci\u00f3 i segueixen el calendari i els criteris establerts anualment per la Generalitat de Catalunya.<\/p>\n<h2><span style=\"font-weight: 400;\">Preinscripci\u00f3 Curs\u00a0<\/span><\/h2>\n<p data-start=\"1938\" data-end=\"2069\">La preinscripci\u00f3 \u00e9s el procediment administratiu mitjan\u00e7ant el qual les fam\u00edlies sol\u00b7liciten pla\u00e7a al centre per al curs seg\u00fcent.<\/p>\n<p data-start=\"2071\" data-end=\"2328\">El proc\u00e9s inclou la presentaci\u00f3 de la sol\u00b7licitud, la publicaci\u00f3 de llistats provisionals i definitius, el per\u00edode de reclamacions i l\u2019assignaci\u00f3 final de places. Tota la informaci\u00f3 actualitzada i els enlla\u00e7os oficials es troben detallats en aquest apartat.<\/p>\n<p data-start=\"2071\" data-end=\"2328\">Durant el termini de preinscripci\u00f3 trobareu i anirem actualitzant tots els documents oficials publicats pel <strong data-start=\"403\" data-end=\"460\">Departament d\u2019Educaci\u00f3 de la Generalitat de Catalunya<\/strong>: des dels enlla\u00e7os per fer la sol\u00b7licitud, fins als llistats provisionals amb barem, per\u00edodes de reclamacions, llistats definitius i l\u2019assignaci\u00f3 de places. El proc\u00e9s de preinscripci\u00f3 \u00e9s din\u00e0mic i, a mesura que avancen les dates del calendari, les diferents publicacions oficials es penjaran en aquest espai perqu\u00e8 pugueu consultar-les f\u00e0cilment.<\/p>\n<h3><a href=\"https:\/\/preinscripcio.gencat.cat\/ca\/inici\/index.html\"><b>ESO<\/b><\/a><span style=\"font-weight: 400;\">\u00a0<\/span><\/h3>\n<ul>\n<li style=\"list-style-type: none;\">\n<ul>\n<li aria-level=\"3\"><b>Calendari preinscripci\u00f3\u00a0<\/b><\/li>\n<\/ul>\n<\/li>\n<\/ul>\n<p style=\"padding-left: 40px;\">En aquest <a href=\"https:\/\/preinscripcio.gencat.cat\/ca\/estudis\/eso\/inici\/\">enlla\u00e7<\/a> al <a href=\"https:\/\/preinscripcio.gencat.cat\/ca\/estudis\/eso\/informat\/calendari\/\">calendari oficial de preinscripci\u00f3 d\u2019ESO<\/a>, publicat pel Departament d\u2019Educaci\u00f3. Us recomanem consultar-lo atentament per con\u00e8ixer les dates de presentaci\u00f3 de sol\u00b7licituds, publicaci\u00f3 de llistats i terminis de reclamaci\u00f3.<\/p>\n<ul>\n<li style=\"list-style-type: none;\">\n<ul>\n<li style=\"list-style-type: none;\">\n<ul>\n<li style=\"list-style-type: none;\">\n<ul>\n<li style=\"font-weight: 400;\" aria-level=\"3\"><a href=\"https:\/\/drive.google.com\/file\/d\/1KgItZJS8FVCa2OsHxaA6D2Yj1gr2tma9\/view?usp=sharing\"><span style=\"font-weight: 400;\">Publicaci\u00f3 oferta inicial de l&#8217;ESO<\/span><\/a><\/li>\n<\/ul>\n<\/li>\n<\/ul>\n<\/li>\n<\/ul>\n<\/li>\n<\/ul>\n<ul>\n<li style=\"list-style-type: none;\">\n<ul>\n<li aria-level=\"3\"><b>Sol\u00b7licitud preinscripci\u00f3 <\/b><\/li>\n<\/ul>\n<\/li>\n<\/ul>\n<p style=\"padding-left: 40px;\">Quan s\u2019obri el termini de preinscripci\u00f3, en aquest apartat hi trobareu l\u2019<strong><a href=\"https:\/\/preinscripcio.gencat.cat\/ca\/estudis\/eso\/preinscriute\/sollicitud\/\">enlla\u00e7 al web oficial de sol\u00b7licitud<\/a><\/strong> que cal presentar, aix\u00ed com les instruccions corresponents per completar el tr\u00e0mit correctament.<\/p>\n<div class=\"border-start bgGrey\">\n<div id=\"impacteContainer\">\n<div class=\"fpca-subcapcalera \">\n<div class=\"NG-menu \">\n<div class=\"NG-container\">\n<div class=\"NG-menu__wrapper\">\n<div class=\"NG-menu__wrapper_title\" role=\"main\">\n<ul>\n<li style=\"list-style-type: none;\">\n<ul>\n<li class=\"NG-menu__title\"><strong>Fes el seguiment de la teva sol\u00b7licitud<\/strong><\/li>\n<\/ul>\n<\/li>\n<\/ul>\n<\/div>\n<div class=\"NG-menu__wrapper_title2\" style=\"padding-left: 40px;\"><span style=\"font-family: inherit; font-size: 1em;\">Un cop feta la sol\u00b7licitud de preinscripci\u00f3 es posa en marxa el sistema d&#8217;assignaci\u00f3 de places als diferents centres educatius. Cal que coneguis b\u00e9 el calendari d&#8217;aquest proc\u00e9s per fer els tr\u00e0mits corresponents i presentar la documentaci\u00f3 que se&#8217;t demani.<\/span><\/div>\n<div><\/div>\n<\/div>\n<\/div>\n<\/div>\n<\/div>\n<\/div>\n<\/div>\n<ul>\n<li style=\"list-style-type: none;\">\n<ul>\n<li style=\"list-style-type: none;\">\n<ul>\n<li style=\"list-style-type: none;\">\n<ul>\n<li style=\"font-weight: 400;\" aria-level=\"3\"><a href=\"https:\/\/drive.google.com\/file\/d\/1hnUVO5DlB9EBBKihVia7-93MX6dcEUuc\/view?usp=sharing\"><span style=\"font-weight: 400;\">Llistat amb la puntuaci\u00f3 provisional<\/span><\/a><\/li>\n<li style=\"font-weight: 400;\" aria-level=\"3\"><span style=\"font-weight: 400;\">Per\u00edode de reclamaci\u00f3 (Enlla\u00e7 a la p\u00e0gina web de Gencat.cat)<\/span><\/li>\n<li style=\"font-weight: 400;\" aria-level=\"3\"><a href=\"https:\/\/drive.google.com\/file\/d\/1WVUpTyeBm0N5ER-21ToPSBS5fBMnjCYr\/view?usp=sharing\"><span style=\"font-weight: 400;\">Llistat amb la puntuaci\u00f3 definitiva<\/span><\/a><\/li>\n<li style=\"font-weight: 400;\" aria-level=\"3\"><span style=\"font-weight: 400;\">N\u00famero de desempat (Enlla\u00e7 a la p\u00e0gina web de Gencat.cat)<\/span><\/li>\n<li style=\"font-weight: 400;\" aria-level=\"3\"><a href=\"https:\/\/drive.google.com\/file\/d\/1jREy2W6Q9kwETAGuS0mGx1F9O2dnQZHR\/view?usp=sharing\"><span style=\"font-weight: 400;\">Llistat amb les peticions ordenades<\/span><\/a><\/li>\n<li style=\"font-weight: 400;\" aria-level=\"3\"><span style=\"font-weight: 400;\">Llistat d\u2019admesos<\/span><\/li>\n<li style=\"font-weight: 400;\" aria-level=\"3\"><span style=\"font-weight: 400;\">Llista alumnat assignat<\/span><\/li>\n<li style=\"font-weight: 400;\" aria-level=\"3\"><span style=\"font-weight: 400;\">Llista d\u2019espera<\/span><\/li>\n<\/ul>\n<\/li>\n<\/ul>\n<\/li>\n<\/ul>\n<\/li>\n<\/ul>\n<h3><a href=\"https:\/\/preinscripcio.gencat.cat\/ca\/inici\/index.html\"><b>BATXILLERAT<\/b><\/a><b>\u00a0<\/b><\/h3>\n<ul>\n<li style=\"list-style-type: none;\">\n<ul>\n<li aria-level=\"3\"><b>Calendari preinscripci\u00f3<\/b><\/li>\n<\/ul>\n<\/li>\n<\/ul>\n<p style=\"padding-left: 40px;\">En aquest <a href=\"https:\/\/preinscripcio.gencat.cat\/ca\/estudis\/batxillerat\/inici\/\">enlla\u00e7<\/a> al <a href=\"https:\/\/preinscripcio.gencat.cat\/ca\/estudis\/batxillerat\/informat\/calendari\/\">calendari oficial de preinscripci\u00f3 de Batxillerat<\/a>, publicat pel Departament d\u2019Educaci\u00f3. Us recomanem consultar-lo atentament per con\u00e8ixer les dates de presentaci\u00f3 de sol\u00b7licituds, publicaci\u00f3 de llistats i terminis de reclamaci\u00f3.<\/p>\n<ul>\n<li style=\"list-style-type: none;\">\n<ul>\n<li style=\"list-style-type: none;\">\n<ul>\n<li style=\"list-style-type: none;\">\n<ul>\n<li style=\"font-weight: 400;\" aria-level=\"3\"><a href=\"https:\/\/drive.google.com\/file\/d\/1YnM2gWh_SIWUcNOP-7iZ9m9mN7rWeong\/view?usp=drive_link\"><span style=\"font-weight: 400;\">Publicaci\u00f3 de l&#8217;oferta inicial del batxillerat<\/span><\/a><\/li>\n<\/ul>\n<\/li>\n<\/ul>\n<\/li>\n<\/ul>\n<\/li>\n<\/ul>\n<ul>\n<li style=\"list-style-type: none;\">\n<ul>\n<li aria-level=\"3\"><b>Sol\u00b7licitud preinscripci\u00f3<\/b><\/li>\n<\/ul>\n<\/li>\n<\/ul>\n<p style=\"padding-left: 40px;\">Quan s\u2019obri el termini de preinscripci\u00f3, en aquest apartat hi trobareu l\u2019<strong><a href=\"https:\/\/preinscripcio.gencat.cat\/ca\/estudis\/batxillerat\/preinscriute\/sollicitud\/\">enlla\u00e7 al web oficial de sol\u00b7licitud<\/a><\/strong> que cal presentar, aix\u00ed com les instruccions corresponents per completar el tr\u00e0mit correctament.<\/p>\n<div class=\"border-start bgGrey\">\n<div id=\"impacteContainer\">\n<div class=\"fpca-subcapcalera \">\n<div class=\"NG-menu \">\n<div class=\"NG-container\">\n<div class=\"NG-menu__wrapper\">\n<div class=\"NG-menu__wrapper_title\" role=\"main\">\n<ul>\n<li style=\"list-style-type: none;\">\n<ul>\n<li class=\"NG-menu__title\"><strong>Fes el seguiment de la teva sol\u00b7licitud<\/strong><\/li>\n<\/ul>\n<\/li>\n<\/ul>\n<\/div>\n<div class=\"NG-menu__wrapper_title2\" style=\"padding-left: 40px;\">\n<p><span style=\"font-family: inherit; font-size: 1em;\">Un cop feta la sol\u00b7licitud de preinscripci\u00f3 es posa en marxa el sistema d&#8217;assignaci\u00f3 de places als diferents centres educatius. Cal que coneguis b\u00e9 el calendari d&#8217;aquest proc\u00e9s per fer els tr\u00e0mits corresponents i presentar la documentaci\u00f3 que se&#8217;t demani.<\/span><\/p>\n<p>&nbsp;<\/p>\n<\/div>\n<\/div>\n<\/div>\n<\/div>\n<\/div>\n<\/div>\n<\/div>\n<ul>\n<li style=\"list-style-type: none;\">\n<ul>\n<li style=\"list-style-type: none;\">\n<ul>\n<li style=\"list-style-type: none;\">\n<ul>\n<li style=\"font-weight: 400;\" aria-level=\"3\"><span style=\"font-weight: 400;\">Llistat amb la puntuaci\u00f3 provisional<\/span><\/li>\n<li style=\"font-weight: 400;\" aria-level=\"3\"><span style=\"font-weight: 400;\">Per\u00edode de reclamaci\u00f3 (Enlla\u00e7 a la p\u00e0gina web de Gencat.cat)<\/span><\/li>\n<li style=\"font-weight: 400;\" aria-level=\"3\"><span style=\"font-weight: 400;\">Llistat amb la puntuaci\u00f3 definitiva<\/span><\/li>\n<li style=\"font-weight: 400;\" aria-level=\"3\"><span style=\"font-weight: 400;\">N\u00famero de desempat (Enlla\u00e7 a la p\u00e0gina web de Gencat.cat)<\/span><\/li>\n<li style=\"font-weight: 400;\" aria-level=\"3\"><span style=\"font-weight: 400;\">Llistat amb les peticions ordenades<\/span><\/li>\n<li style=\"font-weight: 400;\" aria-level=\"3\"><span style=\"font-weight: 400;\">Llistat d\u2019admesos<\/span><\/li>\n<li style=\"font-weight: 400;\" aria-level=\"3\"><span style=\"font-weight: 400;\">Llista alumnat assignat<\/span><\/li>\n<li style=\"font-weight: 400;\" aria-level=\"3\"><span style=\"font-weight: 400;\">Llista d\u2019espera<\/span><\/li>\n<\/ul>\n<\/li>\n<\/ul>\n<\/li>\n<\/ul>\n<\/li>\n<\/ul>\n<h2><span style=\"font-weight: 400;\">Matr\u00edcula<\/span><\/h2>\n<p data-start=\"2349\" data-end=\"2449\">La matr\u00edcula \u00e9s el tr\u00e0mit que formalitza definitivament la pla\u00e7a assignada a l\u2019alumne\/a al centre.<\/p>\n<p data-start=\"2451\" data-end=\"2677\">Per completar-la cal aportar la documentaci\u00f3 requerida i signar les autoritzacions corresponents. En aquesta p\u00e0gina trobareu el llistat complet de documents i formularis necessaris segons l\u2019etapa educativa (ESO o Batxillerat).<\/p>\n<h3><b>Documentaci\u00f3 per formalitzar la matr\u00edcula <\/b><b>\u00a0<\/b><\/h3>\n<p data-start=\"825\" data-end=\"868\">Per formalitzar la matr\u00edcula cal presentar:<\/p>\n<ol>\n<li style=\"list-style-type: none;\">\n<ol>\n<li data-start=\"873\" data-end=\"931\"><strong data-start=\"873\" data-end=\"931\">Documentaci\u00f3 gen\u00e8rica obligat\u00f2ria per a tot l\u2019alumnat.<\/strong><\/li>\n<li data-start=\"935\" data-end=\"1004\">Documentaci\u00f3 espec\u00edfica segons l\u2019etapa educativa (ESO o Batxillerat).<\/li>\n<\/ol>\n<\/li>\n<\/ol>\n<h4><b>DOCUMENTACI\u00d3 imprescindible per a tots els nivells<\/b><\/h4>\n<p data-start=\"68\" data-end=\"342\">Per facilitar el tr\u00e0mit, hem preparat un <a href=\"https:\/\/drive.google.com\/file\/d\/1qplq6SwZ5_F_6d0hsQDCT5MQN-sRlzIj\/view?usp=sharing\">document imprimible amb el llistat complet de la documentaci\u00f3 obligat\u00f2ria<\/a>. Us recomanem descarregar-lo i utilitzar-lo com a guia per comprovar que disposeu de tots els documents necessaris abans de venir a formalitzar la matr\u00edcula.<br \/>\n\u00c9s imprescindible que la documentaci\u00f3 estigui completa en el moment de la presentaci\u00f3 per tal d\u2019agilitzar el proc\u00e9s i evitar despla\u00e7aments innecessaris.<\/p>\n<ul>\n<li style=\"list-style-type: none;\">\n<ul>\n<li aria-level=\"3\"><span style=\"font-weight: 400;\">Original i c\u00f2pia DNI alumne\/a i pare, mare o tutor\/a legal<\/span><\/li>\n<li aria-level=\"3\"><span style=\"font-weight: 400;\">Original i c\u00f2pia llibre de fam\u00edlia<\/span><\/li>\n<li aria-level=\"3\"><span style=\"font-weight: 400;\">Original i c\u00f2pia de la targeta sanit\u00e0ria<\/span><\/li>\n<li aria-level=\"3\"><span style=\"font-weight: 400;\">Original i c\u00f2pia de la vacunaci\u00f3 (Llibre de vacunes)<\/span><\/li>\n<li aria-level=\"3\"><span style=\"font-weight: 400;\">Qualsevol informe que sigui d\u2019inter\u00e8s pel centre<\/span><\/li>\n<\/ul>\n<\/li>\n<\/ul>\n<ul>\n<li style=\"list-style-type: none;\"><\/li>\n<\/ul>\n<ul>\n<li aria-level=\"3\">\n<h4><a href=\"https:\/\/drive.google.com\/drive\/u\/1\/folders\/1MOyVAEV93YXDPe4ny5aX5sdYkhOldmFb\"><b>ESO<\/b><\/a><b>\u00a0<\/b><\/h4>\n<\/li>\n<\/ul>\n<p data-start=\"88\" data-end=\"289\">A continuaci\u00f3 trobareu el llistat complet de documents que cal adjuntar per formalitzar la matr\u00edcula a l\u2019ESO. La documentaci\u00f3 pot variar segons el nivell educatiu al qual es formalitza la inscripci\u00f3, per\u00f2 \u00e9s important<br \/>\nPer tal de facilitar el tr\u00e0mit, hem agrupat tots els documents en un \u00fanic arxiu per a cada nivell. Aqu\u00ed teniu els enlla\u00e7os corresponents per a la matr\u00edcula de <a href=\"https:\/\/drive.google.com\/file\/d\/1Ki01KL4tQskCsDz-WwyjgYq7J6XmUxpq\/view?usp=drive_link\">1r a 3r d\u2019ESO<\/a> i per a <a href=\"https:\/\/drive.google.com\/file\/d\/1BdNglU8bv7u2dPxXhsEg1zEvzPpaEJa9\/view?usp=sharing\">4t d\u2019ESO<\/a>.<\/p>\n<ul>\n<li style=\"list-style-type: none;\">\n<ul>\n<li style=\"font-weight: 400;\" aria-level=\"4\"><span style=\"font-weight: 400;\">Informaci\u00f3 inicial de l\u2019alumne\/a<\/span><\/li>\n<li style=\"font-weight: 400;\" aria-level=\"4\"><span style=\"font-weight: 400;\">Autoritzaci\u00f3 paracetamol<\/span><\/li>\n<li style=\"font-weight: 400;\" aria-level=\"4\"><span style=\"font-weight: 400;\">Autoritzaci\u00f3 sortides pel terme municipal de Matar\u00f3<\/span><\/li>\n<li style=\"font-weight: 400;\" aria-level=\"4\"><span style=\"font-weight: 400;\">Cessi\u00f3 i publicaci\u00f3 d\u2019imatges<\/span><\/li>\n<li style=\"font-weight: 400;\" aria-level=\"4\"><span style=\"font-weight: 400;\">Autoritzaci\u00f3 \u00fas serveis i recursos digitals<\/span><\/li>\n<li style=\"font-weight: 400;\" aria-level=\"4\"><span style=\"font-weight: 400;\">Autoritzaci\u00f3 cessi\u00f3 de dades<\/span><\/li>\n<li style=\"font-weight: 400;\" aria-level=\"4\"><span style=\"font-weight: 400;\">Normativa pati camp de futbol Rocafonda (1r a 3r ESO)<\/span><\/li>\n<li style=\"font-weight: 400;\" aria-level=\"4\"><span style=\"font-weight: 400;\">Autoritzaci\u00f3 pasti camp de futbol Rocafonda (1r a 3r ESO)<\/span><\/li>\n<li style=\"font-weight: 400;\" aria-level=\"4\"><span style=\"font-weight: 400;\">Autoritzaci\u00f3 sortida escola en hores de pati (4t ESO)<\/span><\/li>\n<li style=\"font-weight: 400;\" aria-level=\"4\"><span style=\"font-weight: 400;\">Carta de comprom\u00eds ESO<\/span><\/li>\n<li style=\"font-weight: 400;\" aria-level=\"4\"><span style=\"font-weight: 400;\">Protocol \u00fas dels ordinadors port\u00e0tils<\/span><\/li>\n<li style=\"font-weight: 400;\" aria-level=\"4\"><span style=\"font-weight: 400;\">Normativa institut lliure de m\u00f2bils<\/span><\/li>\n<li style=\"font-weight: 400;\" aria-level=\"4\"><span style=\"font-weight: 400;\">Pagament de quotes i material que s\u2019ha de comprar<\/span><\/li>\n<li style=\"font-weight: 400;\" aria-level=\"4\"><span style=\"font-weight: 400;\">Informaci\u00f3 aplicaci\u00f3 Tokapp<\/span><\/li>\n<\/ul>\n<\/li>\n<\/ul>\n<ul>\n<li aria-level=\"3\">\n<h4><a href=\"https:\/\/drive.google.com\/drive\/u\/1\/folders\/18DQ5HQEHMqk6KLhhZc-OVzLI8_rR8Lb7\"><b>BAT<\/b><\/a><b>\u00a0<\/b><\/h4>\n<\/li>\n<\/ul>\n<p data-start=\"88\" data-end=\"289\">A continuaci\u00f3 trobareu el llistat complet de documents que cal adjuntar per formalitzar la matr\u00edcula al Batxillerat. La documentaci\u00f3 pot variar segons el nivell educatiu al qual es formalitza la inscripci\u00f3.<br \/>\nPer tal de facilitar el tr\u00e0mit, hem agrupat tots els documents en un \u00fanic arxiu per a cada nivell. Aqu\u00ed teniu els enlla\u00e7os corresponents per a la matr\u00edcula de <a href=\"https:\/\/drive.google.com\/file\/d\/1VLLtlfyaKTQsjeX_gEoWkekiUJ0kZipG\/view?usp=drive_link\">1r de batxillerat<\/a> i per <a href=\"https:\/\/drive.google.com\/file\/d\/1uT4yW5epK0GfkPmKEHubjnbURgGIzvBi\/view?usp=sharing\">2n de batxillerat<\/a>.<\/p>\n<ul>\n<li style=\"list-style-type: none;\">\n<ul>\n<li style=\"font-weight: 400;\" aria-level=\"4\"><span style=\"font-weight: 400;\">Informaci\u00f3 inicial de l\u2019alumne\/a<\/span><\/li>\n<li style=\"font-weight: 400;\" aria-level=\"4\"><span style=\"font-weight: 400;\">Autoritzaci\u00f3 paracetamol<\/span><\/li>\n<li style=\"font-weight: 400;\" aria-level=\"4\"><span style=\"font-weight: 400;\">Autoritzaci\u00f3 sortides pel terme municipal de Matar\u00f3<\/span><\/li>\n<li style=\"font-weight: 400;\" aria-level=\"4\"><span style=\"font-weight: 400;\">Cessi\u00f3 i publicaci\u00f3 d\u2019imatges<\/span><\/li>\n<li style=\"font-weight: 400;\" aria-level=\"4\"><span style=\"font-weight: 400;\">Autoritzaci\u00f3 \u00fas serveis i recursos digitals<\/span><\/li>\n<li style=\"font-weight: 400;\" aria-level=\"4\"><span style=\"font-weight: 400;\">Carta de comprom\u00eds ESO<\/span><\/li>\n<li style=\"font-weight: 400;\" aria-level=\"4\"><span style=\"font-weight: 400;\">Normativa institut lliure de m\u00f2bils<\/span><\/li>\n<li style=\"font-weight: 400;\" aria-level=\"4\"><span style=\"font-weight: 400;\">Pagament de quotes i material que s\u2019ha de comprar (1r BAT)<\/span><\/li>\n<li style=\"font-weight: 400;\" aria-level=\"4\"><span style=\"font-weight: 400;\">Pagament de quotes i material que s\u2019ha de comprar (2n BAT)<\/span><\/li>\n<li style=\"font-weight: 400;\" aria-level=\"4\"><span style=\"font-weight: 400;\">Informaci\u00f3 aplicaci\u00f3 Tokapp<\/span><\/li>\n<li style=\"font-weight: 400;\" aria-level=\"4\"><span style=\"font-weight: 400;\">Llibres\u00a0 (enlla\u00e7 Iddink)<\/span><\/li>\n<li style=\"font-weight: 400;\" aria-level=\"4\"><span style=\"font-weight: 400;\">Tria de mat\u00e8ries<\/span><\/li>\n<\/ul>\n<\/li>\n<\/ul>\n<h4><b>Baixa del centre<\/b><\/h4>\n<p data-start=\"2704\" data-end=\"2851\">La baixa del centre \u00e9s el procediment administratiu que cal formalitzar quan un alumne\/a deixa d\u2019estar escolaritzat a l\u2019Institut Les Cinc S\u00e9nies.<br \/>\nPer garantir una correcta tramitaci\u00f3, \u00e9s necessari presentar la sol\u00b7licitud oficial a la Secretaria del centre.<\/p>\n<ul>\n<li style=\"list-style-type: none;\">\n<ul>\n<li style=\"font-weight: 400;\" aria-level=\"4\"><a href=\"https:\/\/drive.google.com\/file\/d\/10Y-GkZIQa_yD_bjm1Zc6XB3y1IATx0HL\/view?usp=sharing\"><span style=\"font-weight: 400;\">Sol\u00b7licitud de baixa del centre<\/span><\/a><\/li>\n<\/ul>\n<\/li>\n<\/ul>\n","protected":false},"excerpt":{"rendered":"<p>En aquest apartat trobareu tota la informaci\u00f3 relacionada amb el proc\u00e9s oficial d\u2019acc\u00e9s al centre: calendari, publicacions oficials, llistats i documentaci\u00f3 necess\u00e0ria.<br \/>\nLa preinscripci\u00f3 i la matr\u00edcula s\u00f3n tr\u00e0mits regulats pel Departament d\u2019Educaci\u00f3 i segueixen el calendari i els criteris establerts anualment per la Generalitat de&hellip;  <a href=\"https:\/\/agora.xtec.cat\/inslescincsenies\/preinscripcio-i-matricula\/\" title=\"Read Preinscripci\u00f3 i matr\u00edcula\">Llegeix m\u00e9s\u00bb<\/a><\/p>\n","protected":false},"author":1,"featured_media":0,"parent":0,"menu_order":0,"comment_status":"closed","ping_status":"closed","template":"","meta":{"_bbp_topic_count":0,"_bbp_reply_count":0,"_bbp_total_topic_count":0,"_bbp_total_reply_count":0,"_bbp_voice_count":0,"_bbp_anonymous_reply_count":0,"_bbp_topic_count_hidden":0,"_bbp_reply_count_hidden":0,"_bbp_forum_subforum_count":0,"footnotes":""},"class_list":["post-2281","page","type-page","status-publish","hentry"],"post_mailing_queue_ids":[],"_links":{"self":[{"href":"https:\/\/agora.xtec.cat\/inslescincsenies\/wp-json\/wp\/v2\/pages\/2281","targetHints":{"allow":["GET"]}}],"collection":[{"href":"https:\/\/agora.xtec.cat\/inslescincsenies\/wp-json\/wp\/v2\/pages"}],"about":[{"href":"https:\/\/agora.xtec.cat\/inslescincsenies\/wp-json\/wp\/v2\/types\/page"}],"author":[{"embeddable":true,"href":"https:\/\/agora.xtec.cat\/inslescincsenies\/wp-json\/wp\/v2\/users\/1"}],"replies":[{"embeddable":true,"href":"https:\/\/agora.xtec.cat\/inslescincsenies\/wp-json\/wp\/v2\/comments?post=2281"}],"version-history":[{"count":6,"href":"https:\/\/agora.xtec.cat\/inslescincsenies\/wp-json\/wp\/v2\/pages\/2281\/revisions"}],"predecessor-version":[{"id":2442,"href":"https:\/\/agora.xtec.cat\/inslescincsenies\/wp-json\/wp\/v2\/pages\/2281\/revisions\/2442"}],"wp:attachment":[{"href":"https:\/\/agora.xtec.cat\/inslescincsenies\/wp-json\/wp\/v2\/media?parent=2281"}],"curies":[{"name":"wp","href":"https:\/\/api.w.org\/{rel}","templated":true}]}}