{"id":2279,"date":"2026-03-04T09:20:50","date_gmt":"2026-03-04T08:20:50","guid":{"rendered":"https:\/\/agora.xtec.cat\/inslescincsenies\/?page_id=2279"},"modified":"2026-03-04T09:20:50","modified_gmt":"2026-03-04T08:20:50","slug":"quotes-que-satisfan-les-families-tokapp","status":"publish","type":"page","link":"https:\/\/agora.xtec.cat\/inslescincsenies\/quotes-que-satisfan-les-families-tokapp\/","title":{"rendered":"Quotes que satisfan les fam\u00edlies (TokApp)"},"content":{"rendered":"<p data-start=\"1123\" data-end=\"1297\">Les quotes escolars contribueixen al finan\u00e7ament del material did\u00e0ctic, activitats complement\u00e0ries i sortides pedag\u00f2giques que formen part del projecte educatiu del centre.<\/p>\n<ul>\n<li aria-level=\"2\"><a href=\"https:\/\/drive.google.com\/file\/d\/15I6aHYulUOw-lss9A9PIhikIv9GG8PTh\/view?usp=sharing\"><b>ESO\u00a0<\/b><\/a>\n<ul>\n<li aria-level=\"2\"><span style=\"font-weight: 400;\">Quota de material i sortides: 170 \u20ac<\/span><\/li>\n<li aria-level=\"2\"><span style=\"font-weight: 400;\">Quota de l\u2019AFA: 20\u20ac per fam\u00edlia<\/span><\/li>\n<\/ul>\n<\/li>\n<\/ul>\n<ul>\n<li style=\"font-weight: 400;\" aria-level=\"1\"><b>BATXILLERAT<\/b>\n<ul>\n<li style=\"font-weight: 400;\" aria-level=\"1\">Quota de material i sortides <a href=\"https:\/\/drive.google.com\/file\/d\/16d3KF9uv4G-kjWwEy7BwqG373bKGd6qJ\/view?usp=sharing\">1r BAT<\/a>: 120 \u20ac<\/li>\n<li aria-level=\"1\"><span style=\"font-family: inherit; font-size: 1em;\">Quota de material i sortides <a href=\"https:\/\/drive.google.com\/file\/d\/1A7X8S-7echyjM3MeoVxgGyotbWKRIkVZ\/view?usp=sharing\">2n BAT<\/a>: 90 \u20ac<\/span><\/li>\n<\/ul>\n<\/li>\n<\/ul>\n<ul>\n<li><a href=\"https:\/\/agora.xtec.cat\/inslescincsenies\/afa\/\"><b>AFA<\/b><\/a><\/li>\n<\/ul>\n<p>L\u2019AFA \u00e9s l\u2019Associaci\u00f3 de Fam\u00edlies d\u2019Alumnes del centre. La quota anual permet col\u00b7laborar amb l\u2019institut en diverses accions educatives, activitats i millores que contribueixen al bon funcionament del centre i al benestar de l\u2019alumnat.<\/p>\n<ul>\n<li style=\"list-style-type: none;\">\n<ul>\n<li>Quota de l\u2019<a href=\"https:\/\/agora.xtec.cat\/inslescincsenies\/afa\/\">AFA<\/a>: 20\u20ac per fam\u00edlia<\/li>\n<\/ul>\n<\/li>\n<\/ul>\n<ul>\n<li style=\"font-weight: 400;\" aria-level=\"1\"><strong>APLICACI\u00d3 PER PAGAMENTS &#8211; iEduca TokApp<\/strong><\/li>\n<\/ul>\n<p>El pagament es realitza mitjan\u00e7ant l\u2019aplicaci\u00f3 TokApp, eina oficial de comunicaci\u00f3 amb les fam\u00edlies. En aquest apartat trobareu l\u2019import de les quotes segons etapa educativa, quota familiar de l&#8217;AFA, aix\u00ed com l\u2019enlla\u00e7 d\u2019acc\u00e9s i el <a href=\"https:\/\/drive.google.com\/file\/d\/1vmO_h4ZfOdMmuHWD51RULEaxUWELumQu\/view?usp=sharing\">manual d\u2019\u00fas de l\u2019aplicaci\u00f3<\/a>.<\/p>\n<ul>\n<li style=\"list-style-type: none;\">\n<ul>\n<li style=\"font-weight: 400;\" aria-level=\"1\">Android: <a href=\"https:\/\/play.google.com\/store\/apps\/details?id=com.MultiExpo.ieduca&amp;hl=ca\">Google play<\/a><\/li>\n<li aria-level=\"1\"><span style=\"font-family: inherit; font-size: 1em;\">Apple: <a href=\"https:\/\/apps.apple.com\/es\/app\/ieduca-tokapp\/id1082664178\">Apple store<\/a><\/span><\/li>\n<li aria-level=\"1\">Guia de l&#8217;aplicaci\u00f3 <a href=\"https:\/\/drive.google.com\/file\/d\/1vmO_h4ZfOdMmuHWD51RULEaxUWELumQu\/view?usp=sharing\">iEduca TokApp<\/a><\/li>\n<\/ul>\n<\/li>\n<\/ul>\n","protected":false},"excerpt":{"rendered":"<p>Les quotes escolars contribueixen al finan\u00e7ament del material did\u00e0ctic, activitats complement\u00e0ries i sortides pedag\u00f2giques que formen part del projecte educatiu del centre.<\/p>\n<ul>\n<li aria-level=\"2\"><a href=\"https:\/\/drive.google.com\/file\/d\/15I6aHYulUOw-lss9A9PIhikIv9GG8PTh\/view?usp=sharing\">ESO\u00a0<\/a>\n<ul>\n<li aria-level=\"2\">Quota de material i sortides: 170 \u20ac<\/li>\n<li aria-level=\"2\">Quota de l\u2019AFA: 20\u20ac per fam\u00edlia<\/li>\n<\/ul>\n<\/li>\n<\/ul>\n<ul>\n<li style=\"font-weight: 400;\" aria-level=\"1\">BATXILLERAT\n<ul>\n<li style=\"font-weight: 400;\" aria-level=\"1\">Quota de material&hellip;  <a href=\"https:\/\/agora.xtec.cat\/inslescincsenies\/quotes-que-satisfan-les-families-tokapp\/\" title=\"Read Quotes que satisfan les fam\u00edlies (TokApp)\">Llegeix m\u00e9s\u00bb<\/a><br \/>\n","protected":false},"author":1,"featured_media":0,"parent":0,"menu_order":0,"comment_status":"closed","ping_status":"closed","template":"","meta":{"_bbp_topic_count":0,"_bbp_reply_count":0,"_bbp_total_topic_count":0,"_bbp_total_reply_count":0,"_bbp_voice_count":0,"_bbp_anonymous_reply_count":0,"_bbp_topic_count_hidden":0,"_bbp_reply_count_hidden":0,"_bbp_forum_subforum_count":0,"footnotes":""},"class_list":["post-2279","page","type-page","status-publish","hentry"],"post_mailing_queue_ids":[],"_links":{"self":[{"href":"https:\/\/agora.xtec.cat\/inslescincsenies\/wp-json\/wp\/v2\/pages\/2279","targetHints":{"allow":["GET"]}}],"collection":[{"href":"https:\/\/agora.xtec.cat\/inslescincsenies\/wp-json\/wp\/v2\/pages"}],"about":[{"href":"https:\/\/agora.xtec.cat\/inslescincsenies\/wp-json\/wp\/v2\/types\/page"}],"author":[{"embeddable":true,"href":"https:\/\/agora.xtec.cat\/inslescincsenies\/wp-json\/wp\/v2\/users\/1"}],"replies":[{"embeddable":true,"href":"https:\/\/agora.xtec.cat\/inslescincsenies\/wp-json\/wp\/v2\/comments?post=2279"}],"version-history":[{"count":3,"href":"https:\/\/agora.xtec.cat\/inslescincsenies\/wp-json\/wp\/v2\/pages\/2279\/revisions"}],"predecessor-version":[{"id":2302,"href":"https:\/\/agora.xtec.cat\/inslescincsenies\/wp-json\/wp\/v2\/pages\/2279\/revisions\/2302"}],"wp:attachment":[{"href":"https:\/\/agora.xtec.cat\/inslescincsenies\/wp-json\/wp\/v2\/media?parent=2279"}],"curies":[{"name":"wp","href":"https:\/\/api.w.org\/{rel}","templated":true}]}}