{"id":2276,"date":"2026-03-04T09:19:15","date_gmt":"2026-03-04T08:19:15","guid":{"rendered":"https:\/\/agora.xtec.cat\/inslescincsenies\/?page_id=2276"},"modified":"2026-03-04T09:19:15","modified_gmt":"2026-03-04T08:19:15","slug":"atencio-al-public","status":"publish","type":"page","link":"https:\/\/agora.xtec.cat\/inslescincsenies\/atencio-al-public\/","title":{"rendered":"Atenci\u00f3 al p\u00fablic"},"content":{"rendered":"<p data-start=\"754\" data-end=\"872\">La Secretaria ofereix atenci\u00f3 presencial per a la realitzaci\u00f3 de tr\u00e0mits administratius i la resoluci\u00f3 de consultes.<br \/>\nPer garantir una millor organitzaci\u00f3 del servei, es recomana respectar l\u2019horari establert. En el cas de voler parlar amb algun membre de l\u2019equip directiu, cal concertar cita pr\u00e8viament per tel\u00e8fon.<\/p>\n<ul>\n<li style=\"list-style-type: none;\">\n<ul>\n<li aria-level=\"2\"><span style=\"font-weight: 400;\">Per a tr\u00e0mits administratius:\u00a0<\/span><span style=\"font-weight: 400;\">de <strong>dilluns<\/strong> a <strong>divendres de 8 h a 10:30 h<\/strong><\/span><\/li>\n<li aria-level=\"2\"><span style=\"font-weight: 400;\">Per parlar amb l\u2019equip directiu cal trucar per demanar hora: <\/span><b>937964394<\/b><\/li>\n<\/ul>\n<\/li>\n<\/ul>\n","protected":false},"excerpt":{"rendered":"<p>La Secretaria ofereix atenci\u00f3 presencial per a la realitzaci\u00f3 de tr\u00e0mits administratius i la resoluci\u00f3 de consultes.<br \/>\nPer garantir una millor organitzaci\u00f3 del servei, es recomana respectar l\u2019horari establert. En el cas de voler parlar amb algun membre de l\u2019equip directiu, cal concertar cita pr\u00e8viament per&hellip;  <a href=\"https:\/\/agora.xtec.cat\/inslescincsenies\/atencio-al-public\/\" title=\"Read Atenci\u00f3 al p\u00fablic\">Llegeix m\u00e9s\u00bb<\/a><\/p>\n","protected":false},"author":1,"featured_media":0,"parent":0,"menu_order":0,"comment_status":"closed","ping_status":"closed","template":"","meta":{"_bbp_topic_count":0,"_bbp_reply_count":0,"_bbp_total_topic_count":0,"_bbp_total_reply_count":0,"_bbp_voice_count":0,"_bbp_anonymous_reply_count":0,"_bbp_topic_count_hidden":0,"_bbp_reply_count_hidden":0,"_bbp_forum_subforum_count":0,"footnotes":""},"class_list":["post-2276","page","type-page","status-publish","hentry"],"post_mailing_queue_ids":[],"_links":{"self":[{"href":"https:\/\/agora.xtec.cat\/inslescincsenies\/wp-json\/wp\/v2\/pages\/2276","targetHints":{"allow":["GET"]}}],"collection":[{"href":"https:\/\/agora.xtec.cat\/inslescincsenies\/wp-json\/wp\/v2\/pages"}],"about":[{"href":"https:\/\/agora.xtec.cat\/inslescincsenies\/wp-json\/wp\/v2\/types\/page"}],"author":[{"embeddable":true,"href":"https:\/\/agora.xtec.cat\/inslescincsenies\/wp-json\/wp\/v2\/users\/1"}],"replies":[{"embeddable":true,"href":"https:\/\/agora.xtec.cat\/inslescincsenies\/wp-json\/wp\/v2\/comments?post=2276"}],"version-history":[{"count":2,"href":"https:\/\/agora.xtec.cat\/inslescincsenies\/wp-json\/wp\/v2\/pages\/2276\/revisions"}],"predecessor-version":[{"id":2298,"href":"https:\/\/agora.xtec.cat\/inslescincsenies\/wp-json\/wp\/v2\/pages\/2276\/revisions\/2298"}],"wp:attachment":[{"href":"https:\/\/agora.xtec.cat\/inslescincsenies\/wp-json\/wp\/v2\/media?parent=2276"}],"curies":[{"name":"wp","href":"https:\/\/api.w.org\/{rel}","templated":true}]}}