{"id":1090,"date":"2023-06-23T10:08:32","date_gmt":"2023-06-23T08:08:32","guid":{"rendered":"https:\/\/agora.xtec.cat\/inslescincsenies\/?page_id=1090"},"modified":"2023-06-26T10:44:07","modified_gmt":"2023-06-26T08:44:07","slug":"diagnosi","status":"publish","type":"page","link":"https:\/\/agora.xtec.cat\/inslescincsenies\/estrategia-digital-de-centre\/part-estrategica\/diagnosi\/","title":{"rendered":"Diagnosi"},"content":{"rendered":"<h2><span style=\"font-weight: 400;\">Eines utilitzades en la diagnosi<\/span><\/h2>\n<p><span style=\"font-weight: 400;\">La diagnosi s\u2019ha fet emprant les seg\u00fcents eines:<\/span><\/p>\n<ul>\n<li style=\"font-weight: 400;\" aria-level=\"1\"><span style=\"font-weight: 400;\">Enquesta SELFIE al professorat, a l&#8217;alumnat: la participaci\u00f3 del professorat ha estat del 85% i la de l&#8217;alumnat del 62%.\u00a0<\/span><\/li>\n<li style=\"font-weight: 400;\" aria-level=\"1\"><span style=\"font-weight: 400;\">Enquesta a fam\u00edlies amb un 20% de participaci\u00f3.<\/span><\/li>\n<li style=\"font-weight: 400;\" aria-level=\"1\"><span style=\"font-weight: 400;\">Selfie for teachers<\/span><\/li>\n<\/ul>\n<h2><span style=\"font-weight: 400;\">Punts forts i punts febles detectats en la diagnosi<\/span><\/h2>\n<ul>\n<li>\n<p dir=\"ltr\">En el centre es duen a terme projectes interdisciplinaris on, entre altres coses es treballa la compet\u00e8ncia digital, per\u00f2 cal consensuar una gradaci\u00f3 dels diferents sabers entre els diferents nivells.<\/p>\n<\/li>\n<li>\n<p dir=\"ltr\">En el centre utilitza de manera habitual a totes les mat\u00e8ries els elements digitals, per\u00f2 cal unificar materials i crear un repositori en l\u00ednia d\u2019aplicacions i recursos consultable pels docents.<\/p>\n<\/li>\n<li>\n<p dir=\"ltr\">Pel que fa a la compet\u00e8ncia digital de l\u2019alumnat, es detecta que cal incidir en l\u2019adquisici\u00f3 de coneixements en l\u2019\u00fas responsable dels dispositius digitals i aspectes relatius a la ciberseguretat i les bones pr\u00e0ctiques en la cerca d\u2019informaci\u00f3.<\/p>\n<\/li>\n<li>\n<p dir=\"ltr\">El centre ja disposa d&#8217;entorns de comunicaci\u00f3 digitals, per\u00f2 cal una revisi\u00f3 i actualitzaci\u00f3 d\u2019aquests entorns per a adaptar-se a les noves necessitats que es generen.<\/p>\n<\/li>\n<li>\n<p dir=\"ltr\">El fet que en el centre es treballi sense llibres de text, cal fomentar el coneixement d\u2019altres recursos, en aquest cas digitals, per a la millora de l\u2019aprenentatge de l\u2019alumnat. En aquest sentit, cal transformar la presentaci\u00f3 de les carpetes d\u2019aprenentatge de format f\u00edsic a digital.<\/p>\n<\/li>\n<li>\n<p dir=\"ltr\">Donat l\u2019evident creixement pel que fa a la compet\u00e8ncia digital tant en l&#8217;\u00e0mbit de centre, alumnat i professorat, cal una renovaci\u00f3 i actualitzaci\u00f3 de protocols i normatives.<\/p>\n<\/li>\n<\/ul>\n","protected":false},"excerpt":{"rendered":"<p>Eines utilitzades en la diagnosi<br \/>\nLa diagnosi s\u2019ha fet emprant les seg\u00fcents eines:<\/p>\n<ul>\n<li style=\"font-weight: 400;\" aria-level=\"1\">Enquesta SELFIE al professorat, a l&#8217;alumnat: la participaci\u00f3 del professorat ha estat del 85% i la de l&#8217;alumnat del 62%.\u00a0<\/li>\n<li style=\"font-weight: 400;\" aria-level=\"1\">Enquesta a fam\u00edlies amb un 20% de participaci\u00f3.<\/li>\n<li style=\"font-weight:&hellip;  <a href=\"https:\/\/agora.xtec.cat\/inslescincsenies\/estrategia-digital-de-centre\/part-estrategica\/diagnosi\/\" title=\"Read Diagnosi\">Llegeix m\u00e9s\u00bb<\/a><br \/>\n","protected":false},"author":1,"featured_media":0,"parent":856,"menu_order":1,"comment_status":"closed","ping_status":"closed","template":"","meta":{"_bbp_topic_count":0,"_bbp_reply_count":0,"_bbp_total_topic_count":0,"_bbp_total_reply_count":0,"_bbp_voice_count":0,"_bbp_anonymous_reply_count":0,"_bbp_topic_count_hidden":0,"_bbp_reply_count_hidden":0,"_bbp_forum_subforum_count":0,"footnotes":""},"class_list":["post-1090","page","type-page","status-publish","hentry"],"post_mailing_queue_ids":[],"_links":{"self":[{"href":"https:\/\/agora.xtec.cat\/inslescincsenies\/wp-json\/wp\/v2\/pages\/1090","targetHints":{"allow":["GET"]}}],"collection":[{"href":"https:\/\/agora.xtec.cat\/inslescincsenies\/wp-json\/wp\/v2\/pages"}],"about":[{"href":"https:\/\/agora.xtec.cat\/inslescincsenies\/wp-json\/wp\/v2\/types\/page"}],"author":[{"embeddable":true,"href":"https:\/\/agora.xtec.cat\/inslescincsenies\/wp-json\/wp\/v2\/users\/1"}],"replies":[{"embeddable":true,"href":"https:\/\/agora.xtec.cat\/inslescincsenies\/wp-json\/wp\/v2\/comments?post=1090"}],"version-history":[{"count":2,"href":"https:\/\/agora.xtec.cat\/inslescincsenies\/wp-json\/wp\/v2\/pages\/1090\/revisions"}],"predecessor-version":[{"id":1131,"href":"https:\/\/agora.xtec.cat\/inslescincsenies\/wp-json\/wp\/v2\/pages\/1090\/revisions\/1131"}],"up":[{"embeddable":true,"href":"https:\/\/agora.xtec.cat\/inslescincsenies\/wp-json\/wp\/v2\/pages\/856"}],"wp:attachment":[{"href":"https:\/\/agora.xtec.cat\/inslescincsenies\/wp-json\/wp\/v2\/media?parent=1090"}],"curies":[{"name":"wp","href":"https:\/\/api.w.org\/{rel}","templated":true}]}}