{"id":904,"date":"2019-09-24T18:24:47","date_gmt":"2019-09-24T16:24:47","guid":{"rendered":"https:\/\/agora.xtec.cat\/insleonardo\/?page_id=904"},"modified":"2020-07-15T09:45:45","modified_gmt":"2020-07-15T07:45:45","slug":"itineraris-interdisciplinars","status":"publish","type":"page","link":"https:\/\/agora.xtec.cat\/insleonardo\/faqs-leonardo\/itineraris-interdisciplinars\/","title":{"rendered":"Itineraris interdisciplinars?"},"content":{"rendered":"<hr \/>\n<p><a href=\"https:\/\/agora.xtec.cat\/insleonardo\/wp-content\/uploads\/usu34\/2019\/09\/itinerari_1.png\"><img loading=\"lazy\" decoding=\"async\" class=\"alignnone size-full wp-image-914\" src=\"https:\/\/agora.xtec.cat\/insleonardo\/wp-content\/uploads\/usu34\/2019\/09\/itinerari_1.png\" alt=\"\" width=\"608\" height=\"323\" srcset=\"https:\/\/agora.xtec.cat\/insleonardo\/wp-content\/uploads\/usu34\/2019\/09\/itinerari_1.png 608w, https:\/\/agora.xtec.cat\/insleonardo\/wp-content\/uploads\/usu34\/2019\/09\/itinerari_1-300x159.png 300w\" sizes=\"auto, (max-width: 608px) 100vw, 608px\" \/><\/a><\/p>\n<p><strong>Qu\u00e8 son els itineraris interdisciplinaris:<\/strong><\/p>\n<p><span style=\"font-weight: 400;\">El curs 2019\/20 ha comen\u00e7at amb els itineraris interdisciplinars a 1ESO i 2ESO. Aquests s\u00f3n una nova proposta pedag\u00f2gica que oferta l\u2019institut Leonardo da Vinci per ajustar el nostre projecte educatiu a la demanda de les fam\u00edlies. L\u2019objectiu \u00e9s combinar un aprenentatge m\u00e9s acad\u00e8mic i tradicional amb un de praxis aplicada d\u2019aquests aprenentatges te\u00f2rics a trav\u00e9s de projectes transversals.<\/span><\/p>\n<p><a href=\"https:\/\/agora.xtec.cat\/insleonardo\/wp-content\/uploads\/usu34\/2019\/09\/itinerari_2.png\"><img loading=\"lazy\" decoding=\"async\" class=\"alignnone size-full wp-image-916\" src=\"https:\/\/agora.xtec.cat\/insleonardo\/wp-content\/uploads\/usu34\/2019\/09\/itinerari_2.png\" alt=\"\" width=\"624\" height=\"254\" srcset=\"https:\/\/agora.xtec.cat\/insleonardo\/wp-content\/uploads\/usu34\/2019\/09\/itinerari_2.png 624w, https:\/\/agora.xtec.cat\/insleonardo\/wp-content\/uploads\/usu34\/2019\/09\/itinerari_2-300x122.png 300w\" sizes=\"auto, (max-width: 624px) 100vw, 624px\" \/><\/a><\/p>\n<p><b>Com s\u2019organitzen?<\/b><\/p>\n<p><span style=\"font-weight: 400;\">S\u2019aconsegueix una r\u00e0tio de m\u00e0xim 20 alumnes per l\u00ednia d\u2019itinerari gr\u00e0cies a que configurem un total de 3 grups que surten de 2 grups classe. Aix\u00ed l\u2019alumnat fa de manera consecutiva les tres l\u00ednies del mateix itinerari i completa la seq\u00fc\u00e8ncia cada setmana. En el cas de l\u2019itinerari ling\u00fc\u00edstic, connectat amb el gust per la lectura l\u2019alumnat fa tres hores setmanals la mateixa l\u00ednia per centrar-se m\u00e9s en les lectures seleccionades.<\/span><\/p>\n<p><a href=\"https:\/\/agora.xtec.cat\/insleonardo\/wp-content\/uploads\/usu34\/2019\/09\/itinerari_3-1.png\"><img loading=\"lazy\" decoding=\"async\" class=\"alignnone size-full wp-image-918\" src=\"https:\/\/agora.xtec.cat\/insleonardo\/wp-content\/uploads\/usu34\/2019\/09\/itinerari_3-1.png\" alt=\"\" width=\"622\" height=\"422\" srcset=\"https:\/\/agora.xtec.cat\/insleonardo\/wp-content\/uploads\/usu34\/2019\/09\/itinerari_3-1.png 622w, https:\/\/agora.xtec.cat\/insleonardo\/wp-content\/uploads\/usu34\/2019\/09\/itinerari_3-1-300x204.png 300w\" sizes=\"auto, (max-width: 622px) 100vw, 622px\" \/><\/a><\/p>\n<p><b>Com s\u2019avaluen?<\/b><\/p>\n<p><span style=\"font-weight: 400;\">Formen part de la nova avaluaci\u00f3 competencial i interdisciplinar. Permeten a l\u2019alumnat avan\u00e7ar en l\u2019adquisici\u00f3 del marc competencial de cadascuna de les dimensions i \u00e0mbits del primer cicle de Secund\u00e0ria.<\/span><\/p>\n<p><a href=\"https:\/\/agora.xtec.cat\/insleonardo\/wp-content\/uploads\/usu34\/2019\/09\/itinerari_4.png\"><img loading=\"lazy\" decoding=\"async\" class=\"alignnone size-full wp-image-919\" src=\"https:\/\/agora.xtec.cat\/insleonardo\/wp-content\/uploads\/usu34\/2019\/09\/itinerari_4.png\" alt=\"\" width=\"603\" height=\"392\" srcset=\"https:\/\/agora.xtec.cat\/insleonardo\/wp-content\/uploads\/usu34\/2019\/09\/itinerari_4.png 603w, https:\/\/agora.xtec.cat\/insleonardo\/wp-content\/uploads\/usu34\/2019\/09\/itinerari_4-300x195.png 300w\" sizes=\"auto, (max-width: 603px) 100vw, 603px\" \/><\/a><\/p>\n","protected":false},"excerpt":{"rendered":"<p><a href=\"https:\/\/agora.xtec.cat\/insleonardo\/wp-content\/uploads\/usu34\/2019\/09\/itinerari_1.png\"><\/a><br \/>\nQu\u00e8 son els itineraris interdisciplinaris:<br \/>\nEl curs 2019\/20 ha comen\u00e7at amb els itineraris interdisciplinars a 1ESO i 2ESO. Aquests s\u00f3n una nova proposta pedag\u00f2gica que oferta l\u2019institut Leonardo da Vinci per ajustar el nostre projecte educatiu a la demanda de les fam\u00edlies. L\u2019objectiu \u00e9s combinar&hellip;  <a href=\"https:\/\/agora.xtec.cat\/insleonardo\/faqs-leonardo\/itineraris-interdisciplinars\/\" title=\"Read Itineraris interdisciplinars?\">Llegeix m\u00e9s\u00bb<\/a><\/p>\n","protected":false},"author":1,"featured_media":0,"parent":874,"menu_order":20,"comment_status":"closed","ping_status":"closed","template":"page-templates\/side-menu.php","meta":{"_bbp_topic_count":0,"_bbp_reply_count":0,"_bbp_total_topic_count":0,"_bbp_total_reply_count":0,"_bbp_voice_count":0,"_bbp_anonymous_reply_count":0,"_bbp_topic_count_hidden":0,"_bbp_reply_count_hidden":0,"_bbp_forum_subforum_count":0,"footnotes":""},"class_list":["post-904","page","type-page","status-publish","hentry"],"post_mailing_queue_ids":[],"_links":{"self":[{"href":"https:\/\/agora.xtec.cat\/insleonardo\/wp-json\/wp\/v2\/pages\/904","targetHints":{"allow":["GET"]}}],"collection":[{"href":"https:\/\/agora.xtec.cat\/insleonardo\/wp-json\/wp\/v2\/pages"}],"about":[{"href":"https:\/\/agora.xtec.cat\/insleonardo\/wp-json\/wp\/v2\/types\/page"}],"author":[{"embeddable":true,"href":"https:\/\/agora.xtec.cat\/insleonardo\/wp-json\/wp\/v2\/users\/1"}],"replies":[{"embeddable":true,"href":"https:\/\/agora.xtec.cat\/insleonardo\/wp-json\/wp\/v2\/comments?post=904"}],"version-history":[{"count":3,"href":"https:\/\/agora.xtec.cat\/insleonardo\/wp-json\/wp\/v2\/pages\/904\/revisions"}],"predecessor-version":[{"id":2923,"href":"https:\/\/agora.xtec.cat\/insleonardo\/wp-json\/wp\/v2\/pages\/904\/revisions\/2923"}],"up":[{"embeddable":true,"href":"https:\/\/agora.xtec.cat\/insleonardo\/wp-json\/wp\/v2\/pages\/874"}],"wp:attachment":[{"href":"https:\/\/agora.xtec.cat\/insleonardo\/wp-json\/wp\/v2\/media?parent=904"}],"curies":[{"name":"wp","href":"https:\/\/api.w.org\/{rel}","templated":true}]}}