{"id":827,"date":"2019-09-15T21:53:44","date_gmt":"2019-09-15T19:53:44","guid":{"rendered":"https:\/\/agora.xtec.cat\/insleonardo\/?page_id=827"},"modified":"2024-09-26T22:22:10","modified_gmt":"2024-09-26T20:22:10","slug":"qui-som","status":"publish","type":"page","link":"https:\/\/agora.xtec.cat\/insleonardo\/afa\/qui-som\/","title":{"rendered":"Qu\u00e8 fa l&#8217;AFA?"},"content":{"rendered":"<p>L&#8217;AFA \u00e9s l\u2019associaci\u00f3 que <strong>representa<\/strong>\u00a0a les fam\u00edlies dels alumnes de l\u2019institut. Aquesta tasca de representaci\u00f3 l\u2019exercim:<\/p>\n<ul>\n<li>Reunint-nos peri\u00f2dicament amb <em>l\u2019equip directiu de l\u2019institut<\/em><\/li>\n<li>Participant al<em> Consell Escolar de l\u2019institu<\/em>t<\/li>\n<li>Participant al\u00a0<em>Consell Escolar Municipa<\/em><a href=\"http:\/\/www.castelldefels.org\/ca\/doc_generica.asp?dogid=1321\">l<\/a><\/li>\n<li>Participant a la\u00a0<em>Coordinadora d\u2019AMPA <\/em><\/li>\n<li>Participant a la<em>\u00a0Federaci\u00f3 d\u2019Associacions de Pares i Mares d\u2019Alumnes de Catalunya (FaPaC)<\/em><\/li>\n<\/ul>\n<p style=\"font-weight: 400;\">Fent seguiment i suport a projectes educatius del centre<\/p>\n<ul>\n<li style=\"font-weight: 400;\">Reunions peri\u00f2diques amb direcci\u00f3 i consell escolar<\/li>\n<li style=\"font-weight: 400;\">Compra de material de laboratori i material d&#8217;\u00e0udio per treballs de m\u00fasica i festivals<\/li>\n<li style=\"font-weight: 400;\">Comissi\u00f3 coeducativa<\/li>\n<li style=\"font-weight: 400;\">Finan\u00e7ament del projecte de pressupost participatiu entre l\u2019alumnat<\/li>\n<\/ul>\n<p style=\"font-weight: 400;\">Gestionant el servei de menjador i de la cantina (a trav\u00e9s de Nostra cuina)<\/p>\n<p style=\"font-weight: 400;\">Organitzant les extraescolars (no esportives)<\/p>\n<p style=\"font-weight: 400;\">Gestionant de la compra i reutilitzaci\u00f3 de llibres (a trav\u00e9s d\u2019Iddink)<\/p>\n<p style=\"font-weight: 400;\">Millorant el pati<\/p>\n<ul>\n<li style=\"font-weight: 400;\">Taules de ping pong<\/li>\n<li style=\"font-weight: 400;\">Circuit de calest\u00e8nia<\/li>\n<li style=\"font-weight: 400;\">Aula a l\u2019exterior (taules de p\u00edcnic)<\/li>\n<li style=\"font-weight: 400;\">Plantant arbres<\/li>\n<\/ul>\n<p style=\"font-weight: 400;\">Participant a les festes del centre (final de promoci\u00f3)<\/p>\n<p style=\"font-weight: 400;\">Organitzant xerrades<\/p>\n<p>Ajudant a les fam\u00edlies m\u00e9s desafavorides a trav\u00e9s de l&#8217;AFA solid\u00e0ria<\/p>\n<p style=\"font-weight: 400;\"><u>Participeu-hi!<\/u><\/p>\n<p style=\"font-weight: 400;\">25 \u20ac\/fam\u00edlia. Pagament a trav\u00e9s de TPV escola<\/p>\n<p style=\"font-weight: 400;\">Veniu a les reunions i seguiu-nos al web<\/p>\n<p><a href=\"https:\/\/agora.xtec.cat\/insleonardo\/wp-content\/uploads\/usu34\/2024\/09\/PPT-AFA-Sept-2024.pdf\"><img loading=\"lazy\" decoding=\"async\" class=\"alignnone size-large wp-image-8398\" src=\"https:\/\/agora.xtec.cat\/insleonardo\/wp-content\/uploads\/usu34\/2024\/09\/Funcions1-1024x580.jpg\" alt=\"\" width=\"1024\" height=\"580\" srcset=\"https:\/\/agora.xtec.cat\/insleonardo\/wp-content\/uploads\/usu34\/2024\/09\/Funcions1-1024x580.jpg 1024w, https:\/\/agora.xtec.cat\/insleonardo\/wp-content\/uploads\/usu34\/2024\/09\/Funcions1-300x170.jpg 300w, https:\/\/agora.xtec.cat\/insleonardo\/wp-content\/uploads\/usu34\/2024\/09\/Funcions1-768x435.jpg 768w, https:\/\/agora.xtec.cat\/insleonardo\/wp-content\/uploads\/usu34\/2024\/09\/Funcions1.jpg 1503w\" sizes=\"auto, (max-width: 1024px) 100vw, 1024px\" \/><\/a> <a href=\"https:\/\/agora.xtec.cat\/insleonardo\/wp-content\/uploads\/usu34\/2024\/09\/PPT-AFA-Sept-2024.pdf\"><img loading=\"lazy\" decoding=\"async\" class=\"alignnone size-large wp-image-8399\" src=\"https:\/\/agora.xtec.cat\/insleonardo\/wp-content\/uploads\/usu34\/2024\/09\/Funcions2-1024x577.jpg\" alt=\"\" width=\"1024\" height=\"577\" srcset=\"https:\/\/agora.xtec.cat\/insleonardo\/wp-content\/uploads\/usu34\/2024\/09\/Funcions2-1024x577.jpg 1024w, https:\/\/agora.xtec.cat\/insleonardo\/wp-content\/uploads\/usu34\/2024\/09\/Funcions2-300x169.jpg 300w, https:\/\/agora.xtec.cat\/insleonardo\/wp-content\/uploads\/usu34\/2024\/09\/Funcions2-768x432.jpg 768w, https:\/\/agora.xtec.cat\/insleonardo\/wp-content\/uploads\/usu34\/2024\/09\/Funcions2.jpg 1506w\" sizes=\"auto, (max-width: 1024px) 100vw, 1024px\" \/><\/a><\/p>\n<hr \/>\n<p>&nbsp;<\/p>\n","protected":false},"excerpt":{"rendered":"<p>L&#8217;AFA \u00e9s l\u2019associaci\u00f3 que representa\u00a0a les fam\u00edlies dels alumnes de l\u2019institut. Aquesta tasca de representaci\u00f3 l\u2019exercim:<\/p>\n<ul>\n<li>Reunint-nos peri\u00f2dicament amb l\u2019equip directiu de l\u2019institut<\/li>\n<li>Participant al Consell Escolar de l\u2019institut<\/li>\n<li>Participant al\u00a0Consell Escolar Municipa<a href=\"http:\/\/www.castelldefels.org\/ca\/doc_generica.asp?dogid=1321\">l<\/a><\/li>\n<li>Participant a la\u00a0Coordinadora d\u2019AMPA <\/li>\n<li>Participant a la\u00a0Federaci\u00f3 d\u2019Associacions de Pares i Mares d\u2019Alumnes de Catalunya&hellip;  <a href=\"https:\/\/agora.xtec.cat\/insleonardo\/afa\/qui-som\/\" title=\"Read Qu\u00e8 fa l&#8217;AFA?\">Llegeix m\u00e9s\u00bb<\/a><br \/>\n","protected":false},"author":1,"featured_media":0,"parent":560,"menu_order":30,"comment_status":"closed","ping_status":"closed","template":"","meta":{"_bbp_topic_count":0,"_bbp_reply_count":0,"_bbp_total_topic_count":0,"_bbp_total_reply_count":0,"_bbp_voice_count":0,"_bbp_anonymous_reply_count":0,"_bbp_topic_count_hidden":0,"_bbp_reply_count_hidden":0,"_bbp_forum_subforum_count":0,"footnotes":""},"class_list":["post-827","page","type-page","status-publish","hentry"],"post_mailing_queue_ids":[],"_links":{"self":[{"href":"https:\/\/agora.xtec.cat\/insleonardo\/wp-json\/wp\/v2\/pages\/827","targetHints":{"allow":["GET"]}}],"collection":[{"href":"https:\/\/agora.xtec.cat\/insleonardo\/wp-json\/wp\/v2\/pages"}],"about":[{"href":"https:\/\/agora.xtec.cat\/insleonardo\/wp-json\/wp\/v2\/types\/page"}],"author":[{"embeddable":true,"href":"https:\/\/agora.xtec.cat\/insleonardo\/wp-json\/wp\/v2\/users\/1"}],"replies":[{"embeddable":true,"href":"https:\/\/agora.xtec.cat\/insleonardo\/wp-json\/wp\/v2\/comments?post=827"}],"version-history":[{"count":6,"href":"https:\/\/agora.xtec.cat\/insleonardo\/wp-json\/wp\/v2\/pages\/827\/revisions"}],"predecessor-version":[{"id":8400,"href":"https:\/\/agora.xtec.cat\/insleonardo\/wp-json\/wp\/v2\/pages\/827\/revisions\/8400"}],"up":[{"embeddable":true,"href":"https:\/\/agora.xtec.cat\/insleonardo\/wp-json\/wp\/v2\/pages\/560"}],"wp:attachment":[{"href":"https:\/\/agora.xtec.cat\/insleonardo\/wp-json\/wp\/v2\/media?parent=827"}],"curies":[{"name":"wp","href":"https:\/\/api.w.org\/{rel}","templated":true}]}}