{"id":5996,"date":"2022-11-30T11:10:56","date_gmt":"2022-11-30T10:10:56","guid":{"rendered":"https:\/\/agora.xtec.cat\/insleonardo\/?page_id=5996"},"modified":"2024-06-25T11:35:56","modified_gmt":"2024-06-25T09:35:56","slug":"mediacio","status":"publish","type":"page","link":"https:\/\/agora.xtec.cat\/insleonardo\/mediacio\/","title":{"rendered":"Mediaci\u00f3"},"content":{"rendered":"<hr \/>\n<p>El servei de mediaci\u00f3 est\u00e0 pensat per a resoldre els conflictes entre els alumnes i per a ser gestionat per ells mateixos.<\/p>\n<p>En aquesta presentaci\u00f3 animada realitzada pels alumnes mediadors del centre, podeu con\u00e8ixer quines s\u00f3n les normes i les fases del proc\u00e9s de mediaci\u00f3:<\/p>\n<p><a href=\"https:\/\/www.powtoon.com\/s\/cUMwcPypipp\/1\/m\/s\">Veure v\u00eddeo &#8220;Normes i fases de la mediaci\u00f3&#8221;<\/a><\/p>\n<p>Si tens un conflicte amb un company i necessites una mediaci\u00f3, posa&#8217;t en contacte amb la teva tutora.<\/p>\n","protected":false},"excerpt":{"rendered":"<p>El servei de mediaci\u00f3 est\u00e0 pensat per a resoldre els conflictes entre els alumnes i per a ser gestionat per ells mateixos.<br \/>\nEn aquesta presentaci\u00f3 animada realitzada pels alumnes mediadors del centre, podeu con\u00e8ixer quines s\u00f3n les normes i les fases del proc\u00e9s de mediaci\u00f3:<br \/>\n<a href=\"https:\/\/www.powtoon.com\/s\/cUMwcPypipp\/1\/m\/s\">Veure&hellip;  <a href=\"https:\/\/agora.xtec.cat\/insleonardo\/mediacio\/\" title=\"Read Mediaci\u00f3\">Llegeix m\u00e9s\u00bb<\/a><\/p>\n","protected":false},"author":1,"featured_media":0,"parent":0,"menu_order":0,"comment_status":"closed","ping_status":"closed","template":"","meta":{"_bbp_topic_count":0,"_bbp_reply_count":0,"_bbp_total_topic_count":0,"_bbp_total_reply_count":0,"_bbp_voice_count":0,"_bbp_anonymous_reply_count":0,"_bbp_topic_count_hidden":0,"_bbp_reply_count_hidden":0,"_bbp_forum_subforum_count":0,"footnotes":""},"class_list":["post-5996","page","type-page","status-publish","hentry"],"post_mailing_queue_ids":[],"_links":{"self":[{"href":"https:\/\/agora.xtec.cat\/insleonardo\/wp-json\/wp\/v2\/pages\/5996","targetHints":{"allow":["GET"]}}],"collection":[{"href":"https:\/\/agora.xtec.cat\/insleonardo\/wp-json\/wp\/v2\/pages"}],"about":[{"href":"https:\/\/agora.xtec.cat\/insleonardo\/wp-json\/wp\/v2\/types\/page"}],"author":[{"embeddable":true,"href":"https:\/\/agora.xtec.cat\/insleonardo\/wp-json\/wp\/v2\/users\/1"}],"replies":[{"embeddable":true,"href":"https:\/\/agora.xtec.cat\/insleonardo\/wp-json\/wp\/v2\/comments?post=5996"}],"version-history":[{"count":3,"href":"https:\/\/agora.xtec.cat\/insleonardo\/wp-json\/wp\/v2\/pages\/5996\/revisions"}],"predecessor-version":[{"id":6189,"href":"https:\/\/agora.xtec.cat\/insleonardo\/wp-json\/wp\/v2\/pages\/5996\/revisions\/6189"}],"wp:attachment":[{"href":"https:\/\/agora.xtec.cat\/insleonardo\/wp-json\/wp\/v2\/media?parent=5996"}],"curies":[{"name":"wp","href":"https:\/\/api.w.org\/{rel}","templated":true}]}}