{"id":5994,"date":"2022-11-29T13:25:20","date_gmt":"2022-11-29T12:25:20","guid":{"rendered":"https:\/\/agora.xtec.cat\/insleonardo\/?page_id=5994"},"modified":"2022-12-20T12:25:43","modified_gmt":"2022-12-20T11:25:43","slug":"punt-rainbow","status":"publish","type":"page","link":"https:\/\/agora.xtec.cat\/insleonardo\/punt-rainbow\/","title":{"rendered":"Punt Rainbow"},"content":{"rendered":"<hr \/>\n<p><img loading=\"lazy\" decoding=\"async\" class=\"aligncenter wp-image-5993\" src=\"https:\/\/agora.xtec.cat\/insleonardo\/wp-content\/uploads\/usu34\/2022\/11\/logo_punt_rainbow.jpg\" alt=\"\" width=\"185\" height=\"157\" srcset=\"https:\/\/agora.xtec.cat\/insleonardo\/wp-content\/uploads\/usu34\/2022\/11\/logo_punt_rainbow.jpg 518w, https:\/\/agora.xtec.cat\/insleonardo\/wp-content\/uploads\/usu34\/2022\/11\/logo_punt_rainbow-300x254.jpg 300w\" sizes=\"auto, (max-width: 185px) 100vw, 185px\" \/><\/p>\n<p style=\"text-align: justify;\">Al Punt Rainbow trobar\u00e0s:<\/p>\n<ul>\n<li style=\"text-align: justify;\"><strong>Espai de consultes.<\/strong> Sessi\u00f3 setmanal de trobada amb alumnes voluntaris per tal de donar resposta a les inquietuds, dubtes, problemes o dificultats de conviv\u00e8ncia que pugui tenir l\u2019alumnat quant a l\u2019afirmaci\u00f3 i manifestaci\u00f3 de la seva identitat de g\u00e8nere.<\/li>\n<li style=\"text-align: justify;\"><strong>Espai d\u2019atenci\u00f3 i acompanyament<\/strong>. En aquest espai tamb\u00e9 farem una atenci\u00f3 i un acompanyament especial a aquells alumnes que pateixin assetjament per causa de la seva orientaci\u00f3 sexual o identitat de g\u00e8nere.<\/li>\n<li style=\"text-align: justify;\"><strong>Espai de reuni\u00f3.<\/strong> S\u2019ofereix aquest espai a l\u2019alumnat per pensar accions i campanyes de prevenci\u00f3 d\u2019aquest tipus de discriminacions, fomentant els valors del respecte i la toler\u00e0ncia vers la diversitat.<\/li>\n<\/ul>\n<p style=\"text-align: justify;\">Els alumnes que desitgin fer alguna consulta es poden presentar directament i sense cita pr\u00e8via al Punt Rainbow i els alumnes voluntaris donen resposta a les demandes a partir de les seves experi\u00e8ncies personals i orientant als diferents serveis de la ciutat.<\/p>\n<p style=\"text-align: center;\"><strong>LLOC: local de l\u2019AFA<\/strong><br \/>\n<strong>HORARI: dimecres d\u201911 a 11:30<\/strong><\/p>\n<p style=\"text-align: center;\"><img loading=\"lazy\" decoding=\"async\" class=\"wp-image-6085 alignnone\" src=\"https:\/\/agora.xtec.cat\/insleonardo\/wp-content\/uploads\/usu34\/2022\/12\/PuntRainbow.jpg\" alt=\"\" width=\"231\" height=\"154\" srcset=\"https:\/\/agora.xtec.cat\/insleonardo\/wp-content\/uploads\/usu34\/2022\/12\/PuntRainbow.jpg 545w, https:\/\/agora.xtec.cat\/insleonardo\/wp-content\/uploads\/usu34\/2022\/12\/PuntRainbow-300x200.jpg 300w\" sizes=\"auto, (max-width: 231px) 100vw, 231px\" \/>\u00a0<img loading=\"lazy\" decoding=\"async\" class=\"alignnone wp-image-6087\" src=\"https:\/\/agora.xtec.cat\/insleonardo\/wp-content\/uploads\/usu34\/2022\/12\/PuntRainbow003.jpg\" alt=\"\" width=\"204\" height=\"152\" \/> <img loading=\"lazy\" decoding=\"async\" class=\"wp-image-6086 alignnone\" style=\"font-family: inherit; font-size: 1em;\" src=\"https:\/\/agora.xtec.cat\/insleonardo\/wp-content\/uploads\/usu34\/2022\/12\/PuntRainbow002.jpg\" alt=\"\" width=\"215\" height=\"153\" \/><span style=\"font-family: inherit; font-size: 1em;\">\u00a0<\/span><\/p>\n<hr \/>\n<p>&nbsp;<\/p>\n","protected":false},"excerpt":{"rendered":"<p>Al Punt Rainbow trobar\u00e0s:<\/p>\n<ul>\n<li style=\"text-align: justify;\">Espai de consultes. Sessi\u00f3 setmanal de trobada amb alumnes voluntaris per tal de donar resposta a les inquietuds, dubtes, problemes o dificultats de conviv\u00e8ncia que pugui tenir l\u2019alumnat quant a l\u2019afirmaci\u00f3 i manifestaci\u00f3 de la seva identitat de g\u00e8nere.<\/li>\n<li style=\"text-align:&hellip;  <a href=\"https:\/\/agora.xtec.cat\/insleonardo\/punt-rainbow\/\" title=\"Read Punt Rainbow\">Llegeix m\u00e9s\u00bb<\/a><br \/>\n","protected":false},"author":1,"featured_media":0,"parent":0,"menu_order":0,"comment_status":"closed","ping_status":"closed","template":"","meta":{"_bbp_topic_count":0,"_bbp_reply_count":0,"_bbp_total_topic_count":0,"_bbp_total_reply_count":0,"_bbp_voice_count":0,"_bbp_anonymous_reply_count":0,"_bbp_topic_count_hidden":0,"_bbp_reply_count_hidden":0,"_bbp_forum_subforum_count":0,"footnotes":""},"class_list":["post-5994","page","type-page","status-publish","hentry"],"post_mailing_queue_ids":[],"_links":{"self":[{"href":"https:\/\/agora.xtec.cat\/insleonardo\/wp-json\/wp\/v2\/pages\/5994","targetHints":{"allow":["GET"]}}],"collection":[{"href":"https:\/\/agora.xtec.cat\/insleonardo\/wp-json\/wp\/v2\/pages"}],"about":[{"href":"https:\/\/agora.xtec.cat\/insleonardo\/wp-json\/wp\/v2\/types\/page"}],"author":[{"embeddable":true,"href":"https:\/\/agora.xtec.cat\/insleonardo\/wp-json\/wp\/v2\/users\/1"}],"replies":[{"embeddable":true,"href":"https:\/\/agora.xtec.cat\/insleonardo\/wp-json\/wp\/v2\/comments?post=5994"}],"version-history":[{"count":3,"href":"https:\/\/agora.xtec.cat\/insleonardo\/wp-json\/wp\/v2\/pages\/5994\/revisions"}],"predecessor-version":[{"id":6094,"href":"https:\/\/agora.xtec.cat\/insleonardo\/wp-json\/wp\/v2\/pages\/5994\/revisions\/6094"}],"wp:attachment":[{"href":"https:\/\/agora.xtec.cat\/insleonardo\/wp-json\/wp\/v2\/media?parent=5994"}],"curies":[{"name":"wp","href":"https:\/\/api.w.org\/{rel}","templated":true}]}}