{"id":57,"date":"2014-09-17T17:01:07","date_gmt":"2014-09-17T17:01:07","guid":{"rendered":"http:\/\/agora.xtec.cat\/insleonardo\/?page_id=57"},"modified":"2020-07-15T09:35:06","modified_gmt":"2020-07-15T07:35:06","slug":"projecte-educatiu","status":"publish","type":"page","link":"https:\/\/agora.xtec.cat\/insleonardo\/projecte-educatiu\/","title":{"rendered":"Projecte educatiu"},"content":{"rendered":"<hr \/>\n<p dir=\"ltr\">El nostre projecte educatiu es basa en els principis humanistes d\u2019obertura al m\u00f3n; est\u00edmul de la creativitat i de l\u2019esperit cr\u00edtic, aix\u00ed com el foment de la curiositat i la descoberta de les inquietuds que fomenten l\u2019aprenentatge competencial. Proposem un sistema que combina la formaci\u00f3 acad\u00e8mica i el treball interdisciplinar de tipus pr\u00e0ctic basat en itineraris de treball globalitzat.<\/p>\n<p dir=\"ltr\">Tenim especial cura en la motivaci\u00f3, l\u2019adquisici\u00f3 de l\u2019h\u00e0bit d\u2019estudi i la capacitat de superaci\u00f3. Estem compromesos amb \u00a0 la cultura i la llengua catalanes. Fomentem la responsabilitat, la solidaritat, la igualtat de g\u00e8nere i la sostenibilitat a trav\u00e9s de propostes on s\u2019apliquen els principis democr\u00e0tics i c\u00edvics per a la formaci\u00f3 d\u2019una ciutadania compromesa. Promovem el di\u00e0leg i la mediaci\u00f3 davant de qualsevol dificultat o conflicte. Potenciem l\u2019autosuperaci\u00f3 i la cultura de l\u2019esfor\u00e7.<\/p>\n<hr \/>\n<p dir=\"ltr\">\n","protected":false},"excerpt":{"rendered":"<p>El nostre projecte educatiu es basa en els principis humanistes d\u2019obertura al m\u00f3n; est\u00edmul de la creativitat i de l\u2019esperit cr\u00edtic, aix\u00ed com el foment de la curiositat i la descoberta de les inquietuds que fomenten l\u2019aprenentatge competencial. Proposem un sistema que combina la formaci\u00f3&hellip;  <a href=\"https:\/\/agora.xtec.cat\/insleonardo\/projecte-educatiu\/\" title=\"Read Projecte educatiu\">Llegeix m\u00e9s\u00bb<\/a><\/p>\n","protected":false},"author":1,"featured_media":0,"parent":0,"menu_order":0,"comment_status":"closed","ping_status":"closed","template":"page-templates\/side-menu.php","meta":{"_bbp_topic_count":0,"_bbp_reply_count":0,"_bbp_total_topic_count":0,"_bbp_total_reply_count":0,"_bbp_voice_count":0,"_bbp_anonymous_reply_count":0,"_bbp_topic_count_hidden":0,"_bbp_reply_count_hidden":0,"_bbp_forum_subforum_count":0,"footnotes":""},"class_list":["post-57","page","type-page","status-publish","hentry"],"post_mailing_queue_ids":[],"_links":{"self":[{"href":"https:\/\/agora.xtec.cat\/insleonardo\/wp-json\/wp\/v2\/pages\/57","targetHints":{"allow":["GET"]}}],"collection":[{"href":"https:\/\/agora.xtec.cat\/insleonardo\/wp-json\/wp\/v2\/pages"}],"about":[{"href":"https:\/\/agora.xtec.cat\/insleonardo\/wp-json\/wp\/v2\/types\/page"}],"author":[{"embeddable":true,"href":"https:\/\/agora.xtec.cat\/insleonardo\/wp-json\/wp\/v2\/users\/1"}],"replies":[{"embeddable":true,"href":"https:\/\/agora.xtec.cat\/insleonardo\/wp-json\/wp\/v2\/comments?post=57"}],"version-history":[{"count":3,"href":"https:\/\/agora.xtec.cat\/insleonardo\/wp-json\/wp\/v2\/pages\/57\/revisions"}],"predecessor-version":[{"id":2899,"href":"https:\/\/agora.xtec.cat\/insleonardo\/wp-json\/wp\/v2\/pages\/57\/revisions\/2899"}],"wp:attachment":[{"href":"https:\/\/agora.xtec.cat\/insleonardo\/wp-json\/wp\/v2\/media?parent=57"}],"curies":[{"name":"wp","href":"https:\/\/api.w.org\/{rel}","templated":true}]}}