{"id":560,"date":"2019-07-09T18:43:17","date_gmt":"2019-07-09T16:43:17","guid":{"rendered":"https:\/\/agora.xtec.cat\/insleonardo\/?page_id=560"},"modified":"2025-07-03T18:01:43","modified_gmt":"2025-07-03T16:01:43","slug":"afa","status":"publish","type":"page","link":"https:\/\/agora.xtec.cat\/insleonardo\/afa\/","title":{"rendered":"Coneix l&#8217;AFA"},"content":{"rendered":"<p>Estimades fam\u00edlies de l&#8217;INS Leonardo da Vinci,<br \/>\nUs convidem a formar part de l&#8217;Associaci\u00f3 de Fam\u00edlies d&#8217;Alumnes (AFA) del nostre centre.<br \/>\nL&#8217;AFA \u00e9s l&#8217;associaci\u00f3 que representa a les fam\u00edlies dels alumnes i juga un paper clau a la vida<br \/>\ndel centre.<br \/>\nEls principals beneficis d&#8217;unir-se a l&#8217;Associaci\u00f3 de Fam\u00edlies d&#8217;Alumnes (AFA) de l&#8217;INS Leonardo<br \/>\nda Vinci s\u00f3n:<\/p>\n<ul>\n<li>Participar activament en la vida del centre i en les activitats i iniciatives que organitza<br \/>\nl&#8217;AFA per al benefici de tots els estudiants.<\/li>\n<li>Representar els interessos de les fam\u00edlies i tenir veu en les decisions que afecten<br \/>\nl&#8217;escola.<\/li>\n<li>Contribuir a la millora de l&#8217;educaci\u00f3 i l&#8217;entorn escolar mitjan\u00e7ant la implicaci\u00f3 de les<br \/>\nfam\u00edlies.<\/li>\n<li>Accedir a formacions i tallers organitzats per l&#8217;AFA per a les fam\u00edlies, com cursos<br \/>\nd&#8217;alfabetitzaci\u00f3 digital o d&#8217;acompanyament a l&#8217;estudi..<\/li>\n<li>Formar part d&#8217;una comunitat educativa activa i compromesa amb l&#8217;educaci\u00f3 p\u00fablica,<br \/>\nde qualitat i inclusiva.<\/li>\n<\/ul>\n<p>Ens reunim una vegada al mes en el punt lila del centre i hi ha diverses comissions:<br \/>\ncomunicaci\u00f3, millores del centre, llibres, menjador, extraescolar, coeducaci\u00f3 i xerrades, &#8230;<br \/>\nCom a membre de l&#8217;AFA, participar\u00e0s activament en les activitats i iniciatives que organitzem<br \/>\nper a benefici de tots els estudiants. La quota anual \u00e9s de nom\u00e9s 25\u20ac per fam\u00edlia, una<br \/>\naportaci\u00f3 modesta que permet dur a terme els nostres projectes.<br \/>\nPer formalitzar la inscripci\u00f3, podeu realitzar el pagament de manera senzilla a trav\u00e9s de la<br \/>\nplataforma TPV de l&#8217;escola. Per estar informat de les novetats de l\u2019AFA omple el formulari on<br \/>\nautoritzes el tractament de les dades.<br \/>\nEn cas que no pugueu utilitzar el TPV, tamb\u00e9 podeu realitzar una transfer\u00e8ncia banc\u00e0ria de 25\u20ac<br \/>\nal n\u00famero de compte ES47 3025 0014 0614 0008 0709, indicant el nom i cognoms de l&#8217;alumne<br \/>\ni el curs que comen\u00e7a.<br \/>\nUs animem a unir-vos a l&#8217;AFA i a participar en l&#8217;activaci\u00f3 de la comunitat educativa de l&#8217;INS<br \/>\nLeonardo da Vinci. Junts podem fer grans coses pels nostres fills i filles.<br \/>\nGr\u00e0cies per la vostra atenci\u00f3 i esperem comptar amb vosaltres!<\/p>\n<p><a href=\"https:\/\/agora.xtec.cat\/insleonardo\/wp-content\/uploads\/usu34\/2022\/11\/1ESO.jpg\"><img loading=\"lazy\" decoding=\"async\" class=\"alignnone wp-image-5914 size-large\" src=\"https:\/\/agora.xtec.cat\/insleonardo\/wp-content\/uploads\/usu34\/2022\/11\/1ESO-1024x491.jpg\" alt=\"\" width=\"1024\" height=\"491\" srcset=\"https:\/\/agora.xtec.cat\/insleonardo\/wp-content\/uploads\/usu34\/2022\/11\/1ESO-1024x491.jpg 1024w, https:\/\/agora.xtec.cat\/insleonardo\/wp-content\/uploads\/usu34\/2022\/11\/1ESO-300x144.jpg 300w, https:\/\/agora.xtec.cat\/insleonardo\/wp-content\/uploads\/usu34\/2022\/11\/1ESO-768x368.jpg 768w, https:\/\/agora.xtec.cat\/insleonardo\/wp-content\/uploads\/usu34\/2022\/11\/1ESO.jpg 1167w\" sizes=\"auto, (max-width: 1024px) 100vw, 1024px\" \/><\/a><\/p>\n<p><iframe loading=\"lazy\" title=\"V\u00eddeo AFA con email\" width=\"500\" height=\"281\" src=\"https:\/\/www.youtube.com\/embed\/J7w5yarOvuo?feature=oembed\" frameborder=\"0\" allow=\"accelerometer; autoplay; clipboard-write; encrypted-media; gyroscope; picture-in-picture; web-share\" referrerpolicy=\"strict-origin-when-cross-origin\" allowfullscreen><\/iframe><\/p>\n","protected":false},"excerpt":{"rendered":"<p>Estimades fam\u00edlies de l&#8217;INS Leonardo da Vinci,<br \/>\nUs convidem a formar part de l&#8217;Associaci\u00f3 de Fam\u00edlies d&#8217;Alumnes (AFA) del nostre centre.<br \/>\nL&#8217;AFA \u00e9s l&#8217;associaci\u00f3 que representa a les fam\u00edlies dels alumnes i juga un paper clau a la vida<br \/>\ndel centre.<br \/>\nEls principals beneficis d&#8217;unir-se a l&#8217;Associaci\u00f3 de Fam\u00edlies&hellip;  <a href=\"https:\/\/agora.xtec.cat\/insleonardo\/afa\/\" title=\"Read Coneix l&#8217;AFA\">Llegeix m\u00e9s\u00bb<\/a><\/p>\n","protected":false},"author":1,"featured_media":0,"parent":0,"menu_order":0,"comment_status":"closed","ping_status":"closed","template":"","meta":{"_bbp_topic_count":0,"_bbp_reply_count":0,"_bbp_total_topic_count":0,"_bbp_total_reply_count":0,"_bbp_voice_count":0,"_bbp_anonymous_reply_count":0,"_bbp_topic_count_hidden":0,"_bbp_reply_count_hidden":0,"_bbp_forum_subforum_count":0,"footnotes":""},"class_list":["post-560","page","type-page","status-publish","hentry"],"post_mailing_queue_ids":[],"_links":{"self":[{"href":"https:\/\/agora.xtec.cat\/insleonardo\/wp-json\/wp\/v2\/pages\/560","targetHints":{"allow":["GET"]}}],"collection":[{"href":"https:\/\/agora.xtec.cat\/insleonardo\/wp-json\/wp\/v2\/pages"}],"about":[{"href":"https:\/\/agora.xtec.cat\/insleonardo\/wp-json\/wp\/v2\/types\/page"}],"author":[{"embeddable":true,"href":"https:\/\/agora.xtec.cat\/insleonardo\/wp-json\/wp\/v2\/users\/1"}],"replies":[{"embeddable":true,"href":"https:\/\/agora.xtec.cat\/insleonardo\/wp-json\/wp\/v2\/comments?post=560"}],"version-history":[{"count":7,"href":"https:\/\/agora.xtec.cat\/insleonardo\/wp-json\/wp\/v2\/pages\/560\/revisions"}],"predecessor-version":[{"id":9415,"href":"https:\/\/agora.xtec.cat\/insleonardo\/wp-json\/wp\/v2\/pages\/560\/revisions\/9415"}],"wp:attachment":[{"href":"https:\/\/agora.xtec.cat\/insleonardo\/wp-json\/wp\/v2\/media?parent=560"}],"curies":[{"name":"wp","href":"https:\/\/api.w.org\/{rel}","templated":true}]}}