{"id":4171,"date":"2021-07-01T16:09:46","date_gmt":"2021-07-01T14:09:46","guid":{"rendered":"https:\/\/agora.xtec.cat\/insleonardo\/?page_id=4171"},"modified":"2024-11-10T11:39:07","modified_gmt":"2024-11-10T10:39:07","slug":"llibres-de-segona-ma","status":"publish","type":"page","link":"https:\/\/agora.xtec.cat\/insleonardo\/afa\/serveis-afa\/llibres-de-segona-ma\/","title":{"rendered":"Materials de segona m\u00e0. Reciclem i estalviem junts!"},"content":{"rendered":"<p><strong>Materials de segona m\u00e0: Reciclem i estalviem junts!<\/strong><\/p>\n<p>L&#8217;AFA de l&#8217;INS Leonardo impulsa una iniciativa sostenible i solid\u00e0ria per a tota la comunitat educativa. Hem creat un taulell virtual de compravenda de materials escolars de segona m\u00e0:<\/p>\n<p><strong>Qu\u00e8 hi trobareu?<\/strong><\/p>\n<ul>\n<li>Llibres de text per cursos<\/li>\n<li>Pianos<\/li>\n<li>Chromebooks i port\u00e0tils<\/li>\n<\/ul>\n<p><strong>Com funciona?<\/strong><\/p>\n<ol>\n<li>Accediu al full de c\u00e0lcul compartit amb aquest enlla\u00e7:<br \/>\n\/\/<a href=\"http:\/\/drive.google.com\/file\/d\/1oyo-wDgGxmd2DeF185KEeAKIIcl_AxFp\/view?usp=sharing\" data-saferedirecturl=\"https:\/\/www.google.com\/url?q=http:\/\/drive.google.com\/file\/d\/1oyo-wDgGxmd2DeF185KEeAKIIcl_AxFp\/view?usp%3Dsharing&amp;source=gmail&amp;ust=1731176468818000&amp;usg=AOvVaw3th6OqpQARgYoBoGt--iMw\">drive.google.com\/file\/d\/1oyo-wDgGxmd2DeF185KEeAKIIcl_AxFp\/view?usp=sharing<\/a><\/li>\n<li>Consulteu l&#8217;oferta disponible o afegiu els vostres propis articles seguint el format dels exemples.<\/li>\n<li>Les dades s&#8217;actualitzen autom\u00e0ticament. No cal desar res!<\/li>\n<li>Un cop venut, esborreu la vostra entrada.<\/li>\n<\/ol>\n<p><strong>Normes b\u00e0siques:<\/strong><\/p>\n<ul>\n<li>Preu m\u00e0xim: 15\u20ac<\/li>\n<li>Sigueu responsables i actualitzeu la informaci\u00f3<\/li>\n<li>Organitzeu la compravenda directament entre fam\u00edlies<\/li>\n<\/ul>\n<p><strong>Beneficis:<\/strong><\/p>\n<ul>\n<li>Estalvi econ\u00f2mic per a les fam\u00edlies<\/li>\n<li>Reutilitzaci\u00f3 de materials en bon estat<\/li>\n<li>Foment del consum responsable<\/li>\n<li>Creaci\u00f3 de xarxa comunit\u00e0ria<\/li>\n<\/ul>\n<p>Amb la vostra participaci\u00f3, aconseguirem que els materials tinguin una segona vida \u00fatil i que m\u00e9s alumnes puguin accedir-hi a preus assequibles. Gr\u00e0cies per col\u00b7laborar en aquesta iniciativa sostenible i solid\u00e0ria!<\/p>\n<p><strong>Junts fem un institut m\u00e9s verd i inclusiu!<\/strong><\/p>\n","protected":false},"excerpt":{"rendered":"<p>Materials de segona m\u00e0: Reciclem i estalviem junts!<br \/>\nL&#8217;AFA de l&#8217;INS Leonardo impulsa una iniciativa sostenible i solid\u00e0ria per a tota la comunitat educativa. Hem creat un taulell virtual de compravenda de materials escolars de segona m\u00e0:<br \/>\nQu\u00e8 hi trobareu?<\/p>\n<ul>\n<li>Llibres de text per cursos<\/li>\n<li>Pianos<\/li>\n<li>Chromebooks i port\u00e0tils<\/li>\n<\/ul>\n<p>Com funciona?<\/p>\n<ol>\n<li>Accediu&hellip;  <a href=\"https:\/\/agora.xtec.cat\/insleonardo\/afa\/serveis-afa\/llibres-de-segona-ma\/\" title=\"Read Materials de segona m\u00e0. Reciclem i estalviem junts!\">Llegeix m\u00e9s\u00bb<\/a><br \/>\n","protected":false},"author":1,"featured_media":0,"parent":63,"menu_order":1,"comment_status":"closed","ping_status":"closed","template":"","meta":{"_bbp_topic_count":0,"_bbp_reply_count":0,"_bbp_total_topic_count":0,"_bbp_total_reply_count":0,"_bbp_voice_count":0,"_bbp_anonymous_reply_count":0,"_bbp_topic_count_hidden":0,"_bbp_reply_count_hidden":0,"_bbp_forum_subforum_count":0,"footnotes":""},"class_list":["post-4171","page","type-page","status-publish","hentry"],"post_mailing_queue_ids":[],"_links":{"self":[{"href":"https:\/\/agora.xtec.cat\/insleonardo\/wp-json\/wp\/v2\/pages\/4171","targetHints":{"allow":["GET"]}}],"collection":[{"href":"https:\/\/agora.xtec.cat\/insleonardo\/wp-json\/wp\/v2\/pages"}],"about":[{"href":"https:\/\/agora.xtec.cat\/insleonardo\/wp-json\/wp\/v2\/types\/page"}],"author":[{"embeddable":true,"href":"https:\/\/agora.xtec.cat\/insleonardo\/wp-json\/wp\/v2\/users\/1"}],"replies":[{"embeddable":true,"href":"https:\/\/agora.xtec.cat\/insleonardo\/wp-json\/wp\/v2\/comments?post=4171"}],"version-history":[{"count":5,"href":"https:\/\/agora.xtec.cat\/insleonardo\/wp-json\/wp\/v2\/pages\/4171\/revisions"}],"predecessor-version":[{"id":8572,"href":"https:\/\/agora.xtec.cat\/insleonardo\/wp-json\/wp\/v2\/pages\/4171\/revisions\/8572"}],"up":[{"embeddable":true,"href":"https:\/\/agora.xtec.cat\/insleonardo\/wp-json\/wp\/v2\/pages\/63"}],"wp:attachment":[{"href":"https:\/\/agora.xtec.cat\/insleonardo\/wp-json\/wp\/v2\/media?parent=4171"}],"curies":[{"name":"wp","href":"https:\/\/api.w.org\/{rel}","templated":true}]}}