{"id":2802,"date":"2020-07-10T09:01:39","date_gmt":"2020-07-10T07:01:39","guid":{"rendered":"https:\/\/agora.xtec.cat\/insleonardo\/?page_id=2802"},"modified":"2024-11-12T19:18:57","modified_gmt":"2024-11-12T18:18:57","slug":"caracteristiques-del-servei","status":"publish","type":"page","link":"https:\/\/agora.xtec.cat\/insleonardo\/afa\/serveis-afa\/cantina-menjador\/caracteristiques-del-servei\/","title":{"rendered":"Informaci\u00f3 Servei Menjador"},"content":{"rendered":"<p>&nbsp;<\/p>\n<hr \/>\n<p>Si voleu comunicar-vos amb la comissi\u00f3 de menjador podeu fer-ho a l&#8217;adre\u00e7a electr\u00f2nica: <a href=\"mailto:menjador.ins.leonardo.afa@gmail.com\">menjador.ins.leonardo.afa@gmail.com<\/a><\/p>\n<div>Montse Serrano: Coordinadora Servei Menjador de l&#8217;Institut Leonardo Da Vinci<\/div>\n<div>Tel. 672425194<\/div>\n<div><a href=\"mailto:leonardo@vostracuina.com\" target=\"_blank\" rel=\"noopener noreferrer\">leonardo@vostracuina.com<\/a><\/div>\n<div><\/div>\n<div><\/div>\n<div>CATERING VOSTRA CUINA SL<\/div>\n<div><a href=\"https:\/\/www.google.com\/maps\/search\/Avda.Egara+50+(08192)+Sant+Quirze+del+Vall%C3%A8s?entry=gmail&amp;source=g\" target=\"_blank\" rel=\"noopener\" data-saferedirecturl=\"https:\/\/www.google.com\/url?q=https:\/\/www.google.com\/maps\/search\/Avda.Egara%2B50%2B(08192)%2BSant%2BQuirze%2Bdel%2BVall%25C3%25A8s?entry%3Dgmail%26source%3Dg&amp;source=gmail&amp;ust=1731070440118000&amp;usg=AOvVaw2WwRvJ5pUFj0AsfM7_uOad\">Avda.Egara 50 (08192) Sant Quirze del Vall\u00e8s<\/a><\/div>\n<div>Tel. 937212000<\/div>\n<div><a href=\"http:\/\/www.cateringlavostracuina.com\/\" target=\"_blank\" rel=\"noopener noreferrer\" data-saferedirecturl=\"https:\/\/www.google.com\/url?q=http:\/\/www.cateringlavostracuina.com\/&amp;source=gmail&amp;ust=1731070440118000&amp;usg=AOvVaw2oiU7hSpR4uGTah7mpocJk\">www.cateringlavostracuina.com<\/a><\/div>\n<p>&nbsp;<\/p>\n<p><a href=\"https:\/\/agora.xtec.cat\/insleonardo\/wp-content\/uploads\/usu34\/2024\/11\/NORMATIVA_MENJADOR_LEONARDO_24-25.docx_page-0001.jpg\"><img loading=\"lazy\" decoding=\"async\" class=\"aligncenter size-full wp-image-8574\" src=\"https:\/\/agora.xtec.cat\/insleonardo\/wp-content\/uploads\/usu34\/2024\/11\/NORMATIVA_MENJADOR_LEONARDO_24-25.docx_page-0001.jpg\" alt=\"\" width=\"1242\" height=\"1755\" srcset=\"https:\/\/agora.xtec.cat\/insleonardo\/wp-content\/uploads\/usu34\/2024\/11\/NORMATIVA_MENJADOR_LEONARDO_24-25.docx_page-0001.jpg 1242w, https:\/\/agora.xtec.cat\/insleonardo\/wp-content\/uploads\/usu34\/2024\/11\/NORMATIVA_MENJADOR_LEONARDO_24-25.docx_page-0001-212x300.jpg 212w, https:\/\/agora.xtec.cat\/insleonardo\/wp-content\/uploads\/usu34\/2024\/11\/NORMATIVA_MENJADOR_LEONARDO_24-25.docx_page-0001-725x1024.jpg 725w, https:\/\/agora.xtec.cat\/insleonardo\/wp-content\/uploads\/usu34\/2024\/11\/NORMATIVA_MENJADOR_LEONARDO_24-25.docx_page-0001-768x1085.jpg 768w, https:\/\/agora.xtec.cat\/insleonardo\/wp-content\/uploads\/usu34\/2024\/11\/NORMATIVA_MENJADOR_LEONARDO_24-25.docx_page-0001-1087x1536.jpg 1087w\" sizes=\"auto, (max-width: 1242px) 100vw, 1242px\" \/><\/a><\/p>\n<h3 style=\"text-align: center;\"><strong><a href=\"https:\/\/agora.xtec.cat\/insleonardo\/wp-content\/uploads\/usu34\/2023\/09\/NORMATIVA_MENJADOR_LEONARDO_23-24.pdf\">\u00a0 \u00a0 \u00a0 \u00a0 \u00a0 \u00a0<span style=\"text-decoration: underline;\">Normativa Menjador<\/span><\/a><\/strong><\/h3>\n","protected":false},"excerpt":{"rendered":"<p>&nbsp;<\/p>\n<p>Si voleu comunicar-vos amb la comissi\u00f3 de menjador podeu fer-ho a l&#8217;adre\u00e7a electr\u00f2nica: <a href=\"mailto:menjador.ins.leonardo.afa@gmail.com\">menjador.ins.leonardo.afa@gmail.com<\/a><br \/>\nMontse Serrano: Coordinadora Servei Menjador de l&#8217;Institut Leonardo Da Vinci<br \/>\nTel. 672425194<br \/>\n<a href=\"mailto:leonardo@vostracuina.com\" target=\"_blank\" rel=\"noopener noreferrer\">leonardo@vostracuina.com<\/a><\/p>\n<p>CATERING VOSTRA CUINA SL<br \/>\n<a href=\"https:\/\/www.google.com\/maps\/search\/Avda.Egara+50+(08192)+Sant+Quirze+del+Vall%C3%A8s?entry=gmail&amp;source=g\" target=\"_blank\" rel=\"noopener\" data-saferedirecturl=\"https:\/\/www.google.com\/url?q=https:\/\/www.google.com\/maps\/search\/Avda.Egara%2B50%2B(08192)%2BSant%2BQuirze%2Bdel%2BVall%25C3%25A8s?entry%3Dgmail%26source%3Dg&amp;source=gmail&amp;ust=1731070440118000&amp;usg=AOvVaw2WwRvJ5pUFj0AsfM7_uOad\">Avda.Egara 50 (08192) Sant Quirze del Vall\u00e8s<\/a><br \/>\nTel. 937212000<br \/>\n<a href=\"http:\/\/www.cateringlavostracuina.com\/\" target=\"_blank\"&hellip;  <a href=\"https:\/\/agora.xtec.cat\/insleonardo\/afa\/serveis-afa\/cantina-menjador\/caracteristiques-del-servei\/\" title=\"Read Informaci\u00f3 Servei Menjador\">Llegeix m\u00e9s\u00bb<\/a><\/p>\n","protected":false},"author":3,"featured_media":0,"parent":1648,"menu_order":10,"comment_status":"closed","ping_status":"closed","template":"","meta":{"_bbp_topic_count":0,"_bbp_reply_count":0,"_bbp_total_topic_count":0,"_bbp_total_reply_count":0,"_bbp_voice_count":0,"_bbp_anonymous_reply_count":0,"_bbp_topic_count_hidden":0,"_bbp_reply_count_hidden":0,"_bbp_forum_subforum_count":0,"footnotes":""},"class_list":["post-2802","page","type-page","status-publish","hentry"],"post_mailing_queue_ids":[],"_links":{"self":[{"href":"https:\/\/agora.xtec.cat\/insleonardo\/wp-json\/wp\/v2\/pages\/2802","targetHints":{"allow":["GET"]}}],"collection":[{"href":"https:\/\/agora.xtec.cat\/insleonardo\/wp-json\/wp\/v2\/pages"}],"about":[{"href":"https:\/\/agora.xtec.cat\/insleonardo\/wp-json\/wp\/v2\/types\/page"}],"author":[{"embeddable":true,"href":"https:\/\/agora.xtec.cat\/insleonardo\/wp-json\/wp\/v2\/users\/3"}],"replies":[{"embeddable":true,"href":"https:\/\/agora.xtec.cat\/insleonardo\/wp-json\/wp\/v2\/comments?post=2802"}],"version-history":[{"count":6,"href":"https:\/\/agora.xtec.cat\/insleonardo\/wp-json\/wp\/v2\/pages\/2802\/revisions"}],"predecessor-version":[{"id":8540,"href":"https:\/\/agora.xtec.cat\/insleonardo\/wp-json\/wp\/v2\/pages\/2802\/revisions\/8540"}],"up":[{"embeddable":true,"href":"https:\/\/agora.xtec.cat\/insleonardo\/wp-json\/wp\/v2\/pages\/1648"}],"wp:attachment":[{"href":"https:\/\/agora.xtec.cat\/insleonardo\/wp-json\/wp\/v2\/media?parent=2802"}],"curies":[{"name":"wp","href":"https:\/\/api.w.org\/{rel}","templated":true}]}}