{"id":27,"date":"2014-09-17T16:24:03","date_gmt":"2014-09-17T16:24:03","guid":{"rendered":"http:\/\/agora.xtec.cat\/insleonardo\/?page_id=27"},"modified":"2020-07-15T09:32:50","modified_gmt":"2020-07-15T07:32:50","slug":"historia","status":"publish","type":"page","link":"https:\/\/agora.xtec.cat\/insleonardo\/linstitut\/historia\/","title":{"rendered":"Hist\u00f2ria"},"content":{"rendered":"<hr \/>\n<p><span style=\"font-weight: 400;\">L\u2019Institut de Leonardo da Vinci fou creat l\u2019any 1981 com a Centre de Formaci\u00f3 Professional. L\u2019any 1993 es convert\u00ed en Centre d\u2019Educaci\u00f3 Secund\u00e0ria i Batxillerat amb tres l\u00ednies d\u2019ESO i dues de Batxillerat. L\u2019any 2006, commemor\u00e0 el seu 25\u00e8 aniversari amb el projecte d\u2019una remodelaci\u00f3 de l\u2019edifici hist\u00f2ric.\u00a0<a href=\"https:\/\/www.cugat.cat\/noticies\/societat\/22400\/%C8xit-de-participacio-al-25e-aniversari-de-l_institut-leonardo-da-vinci\" target=\"_blank\" rel=\"noopener noreferrer\">Not\u00edcia digital<\/a><\/span><\/p>\n<p><span style=\"font-weight: 400;\">L\u2019augment de demanda de places d\u2019ESO al municipi va fer que, finalment , l\u2019Ajuntament de Sant Cugat decid\u00eds construir un nou edifici \u00fanicament per a ESO i Batxillerat. Aquest fou inaugurat el curs 2018\/19 a la seu d\u2019Alfons d\u2019Arag\u00f3, davant l\u2019estaci\u00f3 dels FGC de Volpelleres. Aquest edifici t\u00e9 un total de 6 l\u00ednies d\u2019ESO i 3 de Batxillerat. Comencem aquesta nova etapa amb il\u00b7lusi\u00f3 renovada per un projecte educatiu que, malgrat el seu creixement, t\u00e9 el repte de mantenir l\u2019esperit Leonardo. \u00c9s a dir, continuar prioritzant l\u2019educaci\u00f3 en valors i l\u2019estima per l\u2019aprenentatge permanent i la curiositat en el sentit humanista del terme. Aprenem plegats i creixem com a centre i com a persones.<\/span><a style=\"font-family: inherit; font-size: 1em;\" href=\"https:\/\/agora.xtec.cat\/insleonardo\/wp-content\/uploads\/usu34\/2019\/09\/Screenshot-2019-09-24-at-16.19.50.png\">\u00a0<\/a><\/p>\n<p><a href=\"https:\/\/agora.xtec.cat\/insleonardo\/wp-content\/uploads\/usu34\/2019\/09\/Screenshot-2019-09-24-at-16.19.50.png\"><img loading=\"lazy\" decoding=\"async\" class=\"alignnone size-full wp-image-858\" src=\"https:\/\/agora.xtec.cat\/insleonardo\/wp-content\/uploads\/usu34\/2019\/09\/Screenshot-2019-09-24-at-16.19.50.png\" alt=\"\" width=\"632\" height=\"228\" srcset=\"https:\/\/agora.xtec.cat\/insleonardo\/wp-content\/uploads\/usu34\/2019\/09\/Screenshot-2019-09-24-at-16.19.50.png 632w, https:\/\/agora.xtec.cat\/insleonardo\/wp-content\/uploads\/usu34\/2019\/09\/Screenshot-2019-09-24-at-16.19.50-300x108.png 300w\" sizes=\"auto, (max-width: 632px) 100vw, 632px\" \/><\/a><\/p>\n<hr \/>\n<p>&nbsp;<\/p>\n","protected":false},"excerpt":{"rendered":"<p>L\u2019Institut de Leonardo da Vinci fou creat l\u2019any 1981 com a Centre de Formaci\u00f3 Professional. L\u2019any 1993 es convert\u00ed en Centre d\u2019Educaci\u00f3 Secund\u00e0ria i Batxillerat amb tres l\u00ednies d\u2019ESO i dues de Batxillerat. L\u2019any 2006, commemor\u00e0 el seu 25\u00e8 aniversari amb el projecte d\u2019una remodelaci\u00f3&hellip;  <a href=\"https:\/\/agora.xtec.cat\/insleonardo\/linstitut\/historia\/\" title=\"Read Hist\u00f2ria\">Llegeix m\u00e9s\u00bb<\/a><\/p>\n","protected":false},"author":1,"featured_media":0,"parent":19,"menu_order":20,"comment_status":"closed","ping_status":"closed","template":"page-templates\/side-menu.php","meta":{"_bbp_topic_count":0,"_bbp_reply_count":0,"_bbp_total_topic_count":0,"_bbp_total_reply_count":0,"_bbp_voice_count":0,"_bbp_anonymous_reply_count":0,"_bbp_topic_count_hidden":0,"_bbp_reply_count_hidden":0,"_bbp_forum_subforum_count":0,"footnotes":""},"class_list":["post-27","page","type-page","status-publish","hentry"],"post_mailing_queue_ids":[],"_links":{"self":[{"href":"https:\/\/agora.xtec.cat\/insleonardo\/wp-json\/wp\/v2\/pages\/27","targetHints":{"allow":["GET"]}}],"collection":[{"href":"https:\/\/agora.xtec.cat\/insleonardo\/wp-json\/wp\/v2\/pages"}],"about":[{"href":"https:\/\/agora.xtec.cat\/insleonardo\/wp-json\/wp\/v2\/types\/page"}],"author":[{"embeddable":true,"href":"https:\/\/agora.xtec.cat\/insleonardo\/wp-json\/wp\/v2\/users\/1"}],"replies":[{"embeddable":true,"href":"https:\/\/agora.xtec.cat\/insleonardo\/wp-json\/wp\/v2\/comments?post=27"}],"version-history":[{"count":3,"href":"https:\/\/agora.xtec.cat\/insleonardo\/wp-json\/wp\/v2\/pages\/27\/revisions"}],"predecessor-version":[{"id":2894,"href":"https:\/\/agora.xtec.cat\/insleonardo\/wp-json\/wp\/v2\/pages\/27\/revisions\/2894"}],"up":[{"embeddable":true,"href":"https:\/\/agora.xtec.cat\/insleonardo\/wp-json\/wp\/v2\/pages\/19"}],"wp:attachment":[{"href":"https:\/\/agora.xtec.cat\/insleonardo\/wp-json\/wp\/v2\/media?parent=27"}],"curies":[{"name":"wp","href":"https:\/\/api.w.org\/{rel}","templated":true}]}}