{"id":1673,"date":"2020-02-20T13:19:16","date_gmt":"2020-02-20T12:19:16","guid":{"rendered":"https:\/\/agora.xtec.cat\/insleonardo\/?page_id=1673"},"modified":"2025-09-03T08:41:33","modified_gmt":"2025-09-03T06:41:33","slug":"extraescolars","status":"publish","type":"page","link":"https:\/\/agora.xtec.cat\/insleonardo\/afa\/serveis-afa\/extraescolars\/","title":{"rendered":"Extraescolars"},"content":{"rendered":"<h4 style=\"text-align: left;\"><strong>EXTRAESCOLARS CURS 2025-2026<\/strong><\/h4>\n<p>Benvolgudes fam\u00edlies,<\/p>\n<p>A continuaci\u00f3 us adjuntem la relaci\u00f3 de les diferents extraescolars amb el dies i horaris per la informaci\u00f3 aix\u00ed com els mails de contacte de les empreses que les hi ofereixen a les quals us podeu dirigir per qualsevol dubte i\/o consulta. No obstant aix\u00f2, tamb\u00e9 podeu posar-vos en contacte amb nosaltres a <a href=\"mailto:extraescolars.ampaleonardo@gmail.com\">extraescolars.ampaleonardo@gmail.com<\/a>.<\/p>\n<p>Les inscripcions on line estaran disponibles a la web de l\u2019institut <a href=\"https:\/\/agora.xtec.cat\/insleonardo\/afa\/serveis-afa\/extraescolars\/\">https:\/\/agora.xtec.cat\/insleonardo\/afa\/serveis-afa\/extraescolars\/<\/a><\/p>\n<p>Les activitats tindran un aforament limitat i es duran a terme per ordre d\u2019inscripci\u00f3. Disculpeu les mol\u00e8sties que aix\u00f2 pugui ocasionar.<\/p>\n<p>Aprofitem l\u2019avinentesa per recordar-vos que les extraescolars s\u2019iniciaran a l\u2019octubre, i les inscripcions al setembre, i les teniu disponibles a la web.<\/p>\n<p style=\"text-align: center;\"><strong>Graella resum de les activitats extraescolars organitzades per<\/strong><\/p>\n<p style=\"text-align: center;\"><strong>l\u2019AFA DE L\u2019INS LEONARDO DA VINCI<\/strong><\/p>\n<p><a href=\"https:\/\/agora.xtec.cat\/insleonardo\/wp-content\/uploads\/usu34\/2025\/06\/GraellaExtraescolars2526.png\"><img loading=\"lazy\" decoding=\"async\" class=\"alignnone size-large wp-image-9334\" src=\"https:\/\/agora.xtec.cat\/insleonardo\/wp-content\/uploads\/usu34\/2025\/06\/GraellaExtraescolars2526-1024x368.png\" alt=\"\" width=\"1024\" height=\"368\" srcset=\"https:\/\/agora.xtec.cat\/insleonardo\/wp-content\/uploads\/usu34\/2025\/06\/GraellaExtraescolars2526-1024x368.png 1024w, https:\/\/agora.xtec.cat\/insleonardo\/wp-content\/uploads\/usu34\/2025\/06\/GraellaExtraescolars2526-300x108.png 300w, https:\/\/agora.xtec.cat\/insleonardo\/wp-content\/uploads\/usu34\/2025\/06\/GraellaExtraescolars2526-768x276.png 768w, https:\/\/agora.xtec.cat\/insleonardo\/wp-content\/uploads\/usu34\/2025\/06\/GraellaExtraescolars2526.png 1105w\" sizes=\"auto, (max-width: 1024px) 100vw, 1024px\" \/><\/a><\/p>\n<p>Recordar-vos tamb\u00e9 que amb el pagament de les quotes de l\u2019AFA, que es pot abonar enviant un correu electr\u00f2nic a <a href=\"mailto:junta.ampaleonardo@gmail.com\">junta.ampaleonardo@gmail.com<\/a>, o mitjan\u00e7ant \u201cIddink\u201c, es poden portar a terme projectes i\/o activitats que d\u2019una altra manera no es podrien<br \/>\nfer.<\/p>\n<p><span style=\"text-decoration: underline;\"><strong>Angl\u00e9s\u00a0<\/strong><\/span><br \/>\nSi esteu interessats en apuntar al vostre fill\/a a l<strong>\u2019activitat d\u2019angl\u00e8s extraescolar<\/strong> aquest curs 2025-26 a l\u2019Institut Leonardo Da Vinci, a continuaci\u00f3 trobareu la informaci\u00f3 i el full d\u2019inscripci\u00f3 que haureu d\u2019enviar a\u00a0<a href=\"mailto:info@learning-s-cool.com\">info@learning-s-cool.com<\/a><\/p>\n<p><a href=\"https:\/\/agora.xtec.cat\/insleonardo\/wp-content\/uploads\/usu34\/2025\/06\/info-angles-LEO-2025-26.pdf\">info angl\u00e8s LEO 2025-26<\/a><br \/>\n<a href=\"https:\/\/agora.xtec.cat\/insleonardo\/wp-content\/uploads\/usu34\/2025\/06\/inscripcio-angles-LEO-2025-26.pdf\">inscripci\u00f3 angl\u00e8s LEO 2025-26<\/a><\/p>\n<p>La <strong>prova de nivell<\/strong> pels nous alumnes ser\u00e0 el <strong>dimecres 17 de setembre<\/strong> al mateix institut.<\/p>\n<p><span style=\"text-decoration: underline;\"><strong>Programaci\u00f3 i rob\u00f2tica<\/strong><\/span><br \/>\nPlay Code Academy ofereix la possibilitat de portar a casa vostra una classe pr\u00e0ctica de l\u2019activitat de forma gratu\u00efta que podeu consultar amb vostres fills\/es. Aix\u00ed podreu con\u00e8ixer millor l\u2019activitat i decidir, amb m\u00e9s coneixement, la inscripci\u00f3 a la mateixa.<\/p>\n<p>LINK ACCES CLASSE DE DEMOSTRACI\u00d3 ACTIVITAT EXTRAESCOLAR DE PROGRAMACI\u00d3 I ROB\u00d2TICA DE PLAY CODE ACADEMY:<\/p>\n<p><a href=\"https:\/\/playcodeacademy.ewebinar.com\/webinar\/clase-de-demostracion-extraescolar-play-code-academy-17047\">https:\/\/play\u201d\u00a1codeacademy.ewebinar.com\/webinar\/clase-de-demostracion-extraescolar-play-code-academy-17047<\/a><\/p>\n<p>Nom\u00e9s heu de triar l\u2019horari de la classe que m\u00e9s us convingui al desplegable indicat i polsar en \u201c\u00a1Reg\u00edstrate!\u201d. Hi ha varies sessions i podeu triar qualsevol.<\/p>\n<p>Aqu\u00ed teniu un tr\u00edptic informatiu: <a href=\"https:\/\/agora.xtec.cat\/insleonardo\/wp-content\/uploads\/usu34\/2025\/06\/Triptico-CAT-1.pdf\">Tr\u00edptico-CAT<\/a><\/p>\n<p><strong>Per tal d\u2019efectuar la inscripci\u00f3 a l\u2019activitat de ROB\u00d2TICA I PROGRAMACI\u00d3<\/strong> heu d\u2019entrar a la p\u00e0gina web de <a href=\"https:\/\/playcodeacademy.com\/inscripcion-a-extraescolares\/\">Play Code Academy<\/a> i introduir el codi de l\u2019INS Leonardo da Vinci: <strong>1598<\/strong><\/p>\n<p>Un cop introdu\u00eft el codi veureu els dies i horaris disponibles, aix\u00ed com el detall de la quota i les instruccions per a completar la inscripci\u00f3.<\/p>\n<p><span style=\"text-decoration: underline;\"><strong>Aula d\u2019estudi assistit<\/strong><\/span><br \/>\nCom a resposta a una demanda que ens ha arribat de fam\u00edlies preocupades pel rendiment acad\u00e8mic dels seus fills\/es a l\u2019ESO, estem treballant, des de l\u2019AFA, la posada en marxa d\u2019un <strong>Aula d\u2019estudi assistit<\/strong> consistent en la creaci\u00f3 de grups d\u2019estudiants de 6 a 8 persones, conduits per un professor extern al centre, i diferenciats per nivells dels cursos de l\u2019ESO, que dimarts i- dijous, de 15,30 a 16,30, puguin fer un rep\u00e0s guiat de les mat\u00e8ries que cursen.<br \/>\nLa iniciativa encara no est\u00e0 tancada. Ho estem treballant, i la seva posada en marxa dependr\u00e0, b\u00e0sicament, de la resposta de les fam\u00edlies, ja que per a la formaci\u00f3 de grups s\u2019ha de garantir un m\u00ednim d\u2019estudiants que faci rendible la seva implantaci\u00f3 per a l\u2019empresa que es faria c\u00e0rrec.<br \/>\nUs informarem sobre l\u2019estat de la q\u00fcesti\u00f3 i, en cas que es faci, us donarem les dades necess\u00e0ries per a la realitzaci\u00f3 d\u2019inscripcions.<\/p>\n","protected":false},"excerpt":{"rendered":"<p>EXTRAESCOLARS CURS 2025-2026<br \/>\nBenvolgudes fam\u00edlies,<br \/>\nA continuaci\u00f3 us adjuntem la relaci\u00f3 de les diferents extraescolars amb el dies i horaris per la informaci\u00f3 aix\u00ed com els mails de contacte de les empreses que les hi ofereixen a les quals us podeu dirigir per qualsevol dubte i\/o consulta.&hellip;  <a href=\"https:\/\/agora.xtec.cat\/insleonardo\/afa\/serveis-afa\/extraescolars\/\" title=\"Read Extraescolars\">Llegeix m\u00e9s\u00bb<\/a><\/p>\n","protected":false},"author":1,"featured_media":0,"parent":63,"menu_order":10,"comment_status":"closed","ping_status":"closed","template":"","meta":{"_bbp_topic_count":0,"_bbp_reply_count":0,"_bbp_total_topic_count":0,"_bbp_total_reply_count":0,"_bbp_voice_count":0,"_bbp_anonymous_reply_count":0,"_bbp_topic_count_hidden":0,"_bbp_reply_count_hidden":0,"_bbp_forum_subforum_count":0,"footnotes":""},"class_list":["post-1673","page","type-page","status-publish","hentry"],"post_mailing_queue_ids":[],"_links":{"self":[{"href":"https:\/\/agora.xtec.cat\/insleonardo\/wp-json\/wp\/v2\/pages\/1673","targetHints":{"allow":["GET"]}}],"collection":[{"href":"https:\/\/agora.xtec.cat\/insleonardo\/wp-json\/wp\/v2\/pages"}],"about":[{"href":"https:\/\/agora.xtec.cat\/insleonardo\/wp-json\/wp\/v2\/types\/page"}],"author":[{"embeddable":true,"href":"https:\/\/agora.xtec.cat\/insleonardo\/wp-json\/wp\/v2\/users\/1"}],"replies":[{"embeddable":true,"href":"https:\/\/agora.xtec.cat\/insleonardo\/wp-json\/wp\/v2\/comments?post=1673"}],"version-history":[{"count":6,"href":"https:\/\/agora.xtec.cat\/insleonardo\/wp-json\/wp\/v2\/pages\/1673\/revisions"}],"predecessor-version":[{"id":9447,"href":"https:\/\/agora.xtec.cat\/insleonardo\/wp-json\/wp\/v2\/pages\/1673\/revisions\/9447"}],"up":[{"embeddable":true,"href":"https:\/\/agora.xtec.cat\/insleonardo\/wp-json\/wp\/v2\/pages\/63"}],"wp:attachment":[{"href":"https:\/\/agora.xtec.cat\/insleonardo\/wp-json\/wp\/v2\/media?parent=1673"}],"curies":[{"name":"wp","href":"https:\/\/api.w.org\/{rel}","templated":true}]}}