{"id":1635,"date":"2020-02-19T17:14:25","date_gmt":"2020-02-19T16:14:25","guid":{"rendered":"https:\/\/agora.xtec.cat\/insleonardo\/?page_id=1635"},"modified":"2023-09-27T18:46:20","modified_gmt":"2023-09-27T16:46:20","slug":"la-junta-directiva","status":"publish","type":"page","link":"https:\/\/agora.xtec.cat\/insleonardo\/afa\/la-junta-directiva\/","title":{"rendered":"La Junta Directiva"},"content":{"rendered":"<hr \/>\n<p><strong>Presidenta<\/strong>: Cl\u00e0udia Amat<br \/>\n<strong>Secret\u00e0ria<\/strong>: Marina de R\u00e9gil<br \/>\n<strong>Tresorer<\/strong>: Carlos Artero<\/p>\n<p>A m\u00e9s, comptem amb col\u00b7laboracions d\u2019altres membres de l\u2019AFA, que ho fan, b\u00e9 de forma continuada a trav\u00e9s de les comissions, o b\u00e9 en moments puntuals organitzant activitats, gestionant diferents actuacions o senzillament donant un cop de m\u00e0!<\/p>\n<p><a href=\"https:\/\/agora.xtec.cat\/insleonardo\/wp-content\/uploads\/usu34\/2023\/09\/junta.png\"><img loading=\"lazy\" decoding=\"async\" class=\"alignnone size-full wp-image-7007\" src=\"https:\/\/agora.xtec.cat\/insleonardo\/wp-content\/uploads\/usu34\/2023\/09\/junta.png\" alt=\"\" width=\"540\" height=\"480\" srcset=\"https:\/\/agora.xtec.cat\/insleonardo\/wp-content\/uploads\/usu34\/2023\/09\/junta.png 540w, https:\/\/agora.xtec.cat\/insleonardo\/wp-content\/uploads\/usu34\/2023\/09\/junta-300x267.png 300w\" sizes=\"auto, (max-width: 540px) 100vw, 540px\" \/><\/a><\/p>\n","protected":false},"excerpt":{"rendered":"<p>Presidenta: Cl\u00e0udia Amat<br \/>\nSecret\u00e0ria: Marina de R\u00e9gil<br \/>\nTresorer: Carlos Artero<br \/>\nA m\u00e9s, comptem amb col\u00b7laboracions d\u2019altres membres de l\u2019AFA, que ho fan, b\u00e9 de forma continuada a trav\u00e9s de les comissions, o b\u00e9 en moments puntuals organitzant activitats, gestionant diferents actuacions o senzillament donant un cop de m\u00e0!<br \/>\n<a&hellip;  <a href=\"https:\/\/agora.xtec.cat\/insleonardo\/afa\/la-junta-directiva\/\" title=\"Read La Junta Directiva\">Llegeix m\u00e9s\u00bb<\/a><\/p>\n","protected":false},"author":1,"featured_media":0,"parent":560,"menu_order":20,"comment_status":"closed","ping_status":"closed","template":"","meta":{"_bbp_topic_count":0,"_bbp_reply_count":0,"_bbp_total_topic_count":0,"_bbp_total_reply_count":0,"_bbp_voice_count":0,"_bbp_anonymous_reply_count":0,"_bbp_topic_count_hidden":0,"_bbp_reply_count_hidden":0,"_bbp_forum_subforum_count":0,"footnotes":""},"class_list":["post-1635","page","type-page","status-publish","hentry"],"post_mailing_queue_ids":[],"_links":{"self":[{"href":"https:\/\/agora.xtec.cat\/insleonardo\/wp-json\/wp\/v2\/pages\/1635","targetHints":{"allow":["GET"]}}],"collection":[{"href":"https:\/\/agora.xtec.cat\/insleonardo\/wp-json\/wp\/v2\/pages"}],"about":[{"href":"https:\/\/agora.xtec.cat\/insleonardo\/wp-json\/wp\/v2\/types\/page"}],"author":[{"embeddable":true,"href":"https:\/\/agora.xtec.cat\/insleonardo\/wp-json\/wp\/v2\/users\/1"}],"replies":[{"embeddable":true,"href":"https:\/\/agora.xtec.cat\/insleonardo\/wp-json\/wp\/v2\/comments?post=1635"}],"version-history":[{"count":4,"href":"https:\/\/agora.xtec.cat\/insleonardo\/wp-json\/wp\/v2\/pages\/1635\/revisions"}],"predecessor-version":[{"id":7009,"href":"https:\/\/agora.xtec.cat\/insleonardo\/wp-json\/wp\/v2\/pages\/1635\/revisions\/7009"}],"up":[{"embeddable":true,"href":"https:\/\/agora.xtec.cat\/insleonardo\/wp-json\/wp\/v2\/pages\/560"}],"wp:attachment":[{"href":"https:\/\/agora.xtec.cat\/insleonardo\/wp-json\/wp\/v2\/media?parent=1635"}],"curies":[{"name":"wp","href":"https:\/\/api.w.org\/{rel}","templated":true}]}}