{"id":1633,"date":"2020-02-19T17:12:16","date_gmt":"2020-02-19T16:12:16","guid":{"rendered":"https:\/\/agora.xtec.cat\/insleonardo\/?page_id=1633"},"modified":"2025-06-01T10:36:27","modified_gmt":"2025-06-01T08:36:27","slug":"lassamblea","status":"publish","type":"page","link":"https:\/\/agora.xtec.cat\/insleonardo\/afa\/lassamblea\/","title":{"rendered":"L&#8217;Assemblea"},"content":{"rendered":"<h2 style=\"text-align: center;\"><span style=\"text-decoration: underline;\"><strong>ASSEMBLEA\u00a0 AFA\u00a0<\/strong><\/span><\/h2>\n<p>&nbsp;<\/p>\n<p><a href=\"https:\/\/agora.xtec.cat\/insleonardo\/wp-content\/uploads\/usu34\/2024\/09\/Calendari-reunions.jpg\"><img loading=\"lazy\" decoding=\"async\" class=\"alignnone size-full wp-image-8394\" src=\"https:\/\/agora.xtec.cat\/insleonardo\/wp-content\/uploads\/usu34\/2024\/09\/Calendari-reunions.jpg\" alt=\"\" width=\"657\" height=\"767\" srcset=\"https:\/\/agora.xtec.cat\/insleonardo\/wp-content\/uploads\/usu34\/2024\/09\/Calendari-reunions.jpg 657w, https:\/\/agora.xtec.cat\/insleonardo\/wp-content\/uploads\/usu34\/2024\/09\/Calendari-reunions-257x300.jpg 257w\" sizes=\"auto, (max-width: 657px) 100vw, 657px\" \/><\/a><\/p>\n<hr \/>\n<p style=\"text-align: center;\"><strong>Curs 2024-2025<\/strong><br \/>\n<strong>CONVOCAT\u00d2RIA JUNTA AFA INS LEONARDO DA VINCI<\/strong><\/p>\n<p>Benvolgudes fam\u00edlies us convoquem a la propera junta el pr\u00f2xim dimecres, <strong>11 de juny de 2025 a les 19:00 h<\/strong> en format h\u00edbrid.<\/p>\n<p>DIA: DIMECRES, 11 de JUNY, 2025<br \/>\nHORA: 19.00h<br \/>\nLLOC: Punt Lila<br \/>\n1r ENLLA\u00c7: <a href=\"https:\/\/meet.google.com\/hrw-rrph-rpo\">https:\/\/meet.google.com\/hrw-rrph-rpo<\/a><br \/>\n2n ENLLA\u00c7: <a href=\"https:\/\/meet.google.com\/qmn-tpsq-nha\">https:\/\/meet.google.com\/qmn-tpsq-nha<\/a><\/p>\n<p><strong>ORDRE DEL DIA<\/strong><\/p>\n<p>1. Benvinguda<br \/>\n2. Graduaci\u00f3 de quart<br \/>\n3. Valoraci\u00f3 de la Jornada de Portes obertes d\u2019AFA 24 de maig<br \/>\n4.Preparar informaci\u00f3 pel dossier de l\u2019IES inici de curs: Continguts i procediments<br \/>\n5. Afegir aula d\u2019estudi o activitat extraescolars de t\u00e8cniques d\u2019estudi com a Extraescolars el curs vinent<br \/>\n6. Precs i preguntes<br \/>\nPer agilitzar l\u2019assemblea podeu fer arribar les preguntes o precs per correu electr\u00f2nic al <a href=\"mailto:junta.ampaleonardo@gmail.com\">junta.ampaleonardo@gmail.com<\/a>.<\/p>\n<p><em>Comptem amb la vostra assist\u00e8ncia i participaci\u00f3!!!<\/em><br \/>\n<em>L\u2019AMPA de l\u2019Institut Leonardo Da Vinci est\u00e0 oberta a la col\u00b7laboraci\u00f3 i participaci\u00f3 de totes les mares i pares que ho vulguin. A tots nosaltres ens agrada pensar que amb la nostra tasca estem col\u00b7laborant a millorar l\u2019educaci\u00f3 de les nostres filles i fills.<\/em><\/p>\n<hr \/>\n<p style=\"text-align: center;\"><strong>Curs 2024-2025<\/strong><br \/>\n<strong>CONVOCAT\u00d2RIA<\/strong><br \/>\n<strong>JUNTA AFA INS LEONARDO DA VINCI<\/strong><\/p>\n<p>Benvolgudes fam\u00edlies us convoquem a la propera junta el pr\u00f2xim <strong>dimarts, 13 de maig de 2025 a les 19:00 h <\/strong>en format h\u00edbrid.<\/p>\n<p>DIA: DIMARTS, 13 de MAIG, 2025<br \/>\nHORA: 19.00h<br \/>\nLLOC: Punt Lila<br \/>\n1r ENLLA\u00c7: <a href=\"https:\/\/meet.google.com\/vmp-bxcx-rce\">https:\/\/meet.google.com\/vmp-bxcx-rce<\/a><br \/>\n2n ENLLA\u00c7: <a href=\"https:\/\/meet.google.com\/kjb-mxqg-prc\">https:\/\/meet.google.com\/kjb-mxqg-prc<\/a><\/p>\n<p><strong>ORDRE DEL DIA<\/strong><br \/>\n1. Benvinguda<br \/>\n2. Jornada de Portes obertes d\u2019AFA 24 de maig<br \/>\n3. Graduacions<br \/>\n4. Llibres Iddink final de curs<br \/>\n5. Extraescolars curs vinent<br \/>\n6. Precs i preguntes<\/p>\n<p>Per agilitzar l\u2019assemblea podeu fer arribar les preguntes o precs per correu electr\u00f2nic al <a href=\"mailto:junta.ampaleonardo@gmail.com\">junta.ampaleonardo@gmail.com<\/a>.<\/p>\n<p><em>Comptem amb la vostra assist\u00e8ncia i participaci\u00f3!!!<\/em><br \/>\n<em>L\u2019AMPA de l\u2019Institut Leonardo Da Vinci est\u00e0 oberta a la col\u00b7laboraci\u00f3 i participaci\u00f3 de totes <\/em><em>les mares i pares que ho vulguin. A tots nosaltres ens agrada pensar que amb la nostra tasca <\/em><em>estem col\u00b7laborant a millorar l\u2019educaci\u00f3 de les nostres filles i fills.<\/em><\/p>\n<hr \/>\n<p style=\"text-align: center;\"><strong>Curs 2024-2025<\/strong><br \/>\n<strong>CONVOCAT\u00d2RIA<\/strong><br \/>\n<strong>JUNTA AFA INS LEONARDO DA VINCI<\/strong><\/p>\n<p style=\"text-align: left;\">Benvolgudes fam\u00edlies us convoquem a la propera junta el pr\u00f2xim <strong>dimecres, 9 d\u2019abril de 2025 a les 19:00 h <\/strong>en format h\u00edbrid.<\/p>\n<p style=\"text-align: left;\">DIA: DIMECRES, 9 D\u2019ABRIL 2025<\/p>\n<p style=\"text-align: left;\">HORA: 19.00h<\/p>\n<p style=\"text-align: left;\">LLOC: Can Temerari<\/p>\n<p style=\"text-align: left;\">1r ENLLA\u00c7: https:\/\/meet.google.com\/ido-emcn-fow<\/p>\n<p style=\"text-align: left;\">2n ENLLA\u00c7: https:\/\/meet.google.com\/oqc-rbfu-dtu<\/p>\n<p style=\"text-align: left;\"><strong>ORDRE DEL DIA<\/strong><\/p>\n<p style=\"text-align: left;\">1. Benvinguda<br \/>\n2. Graduacions<br \/>\n3. Portes obertes d\u2019AFA<br \/>\n4. Novetats de les comissions<br \/>\n5. Precs i preguntes<\/p>\n<p>Per agilitzar l\u2019assemblea podeu fer arribar les preguntes o precs per correu\u00a0electr\u00f2nic al <strong><a href=\"mailto:junta.ampaleonardo@gmail.com\">junta.ampaleonardo@gmail.com<\/a><\/strong>.<\/p>\n<p><em>Comptem amb la vostra assist\u00e8ncia i participaci\u00f3!!!\u00a0<\/em><\/p>\n<p><em>L&#8217;AFA de l\u2019Institut Leonardo Da Vinci est\u00e0 oberta a la col\u00b7laboraci\u00f3 i participaci\u00f3 de totes les mares i pares que ho vulguin. <\/em><\/p>\n<p><em>A tots nosaltres ens agrada pensar que amb la nostra tasca estem col\u00b7laborant a millorar l\u2019educaci\u00f3 de les nostres filles i fills.<\/em><\/p>\n<hr \/>\n<p style=\"text-align: center;\"><strong>Curs 2024-2025<\/strong><\/p>\n<p style=\"text-align: center;\"><strong>CONVOCAT\u00d2RIA<\/strong><\/p>\n<p style=\"text-align: center;\"><strong>JUNTA AFA INS LEONARDO DA VINCI<\/strong><\/p>\n<p>Benvolgudes fam\u00edlies us convoquem a la propera junta el pr\u00f2xim <strong>dimarts, 11 de mar\u00e7 de 2025 a les 19:00 h <\/strong>en format h\u00edbrid.<\/p>\n<p>DIA: DIMARTS, 11 DE MAR\u00c7 2025<\/p>\n<p>HORA: 19.00h<\/p>\n<p>LLOC: PUNT LILA<\/p>\n<p>PRIMER ENLLA\u00c7: <a href=\"https:\/\/url.us.m.mimecastprotect.com\/s\/AkPiCBBp5pu6EPgnAizfRU23jyW?domain=meet.google.com\">https:\/\/meet.google.com\/abp-fzej-txu<\/a><\/p>\n<p>SEGON ENLLA\u00c7: <a href=\"https:\/\/url.us.m.mimecastprotect.com\/s\/hPbVCDkr5rfvgjRxMH5hgUjYW_q?domain=meet.google.com\">https:\/\/meet.google.com\/apr-bjfg-twi<\/a><\/p>\n<p><strong>ORDRE DEL DIA<\/strong><\/p>\n<ol>\n<li>Benvinguda<\/li>\n<li>Acomiadament de l\u2019alumnat d\u2019intercanvi i graduacions<\/li>\n<li>Portes obertes d\u2019AFA<\/li>\n<li>Novetats de les comissions<\/li>\n<li>Precs i preguntes<\/li>\n<\/ol>\n<p>Per agilitzar l\u2019assemblea podeu fer arribar les preguntes o precs per correu\u00a0electr\u00f2nic al <strong><a href=\"mailto:junta.ampaleonardo@gmail.com\">junta.ampaleonardo@gmail.com<\/a><\/strong>.<\/p>\n<p><em>Comptem amb la vostra assist\u00e8ncia i participaci\u00f3!!!\u00a0<\/em><\/p>\n<p><em>L&#8217;AFA de l\u2019Institut Leonardo Da Vinci est\u00e0 oberta a la col\u00b7laboraci\u00f3 i participaci\u00f3 de totes les mares i pares que ho vulguin. <\/em><\/p>\n<p><em>A tots nosaltres ens agrada pensar que amb la nostra tasca estem col\u00b7laborant a millorar l\u2019educaci\u00f3 de les nostres filles i fills.<\/em><\/p>\n<hr \/>\n<p style=\"text-align: center;\"><strong><em>Curs 2024-2025<\/em><\/strong><\/p>\n<p style=\"text-align: center;\"><strong><em>CONVOCAT\u00d2RIA\u00a0<\/em><\/strong><\/p>\n<p style=\"text-align: center;\"><strong><em>JUNTA AFA INS LEONARDO DA VINCI<\/em><\/strong><\/p>\n<p>Benvolgudes fam\u00edlies us convoquem a la propera junta el pr\u00f2xim dimecres, <strong>12 de febrer de 2025 a les 19:00 h\u00a0<\/strong>en format h\u00edbrid.<\/p>\n<p>DIA:\u00a0 \u00a0 \u00a0 \u00a0DIMECRES, 12 DE FEBRER 2025<\/p>\n<p>HORA:\u00a0 \u00a019.00h<\/p>\n<p>LLOC:\u00a0 \u00a0 \u00a0PUNT LILA<\/p>\n<p>PRIMER ENLLA\u00c7: <strong><a href=\"https:\/\/url.us.m.mimecastprotect.com\/s\/ROUpCkRKmKs1Jk8g5h2fyTGNFTw?domain=meet.google.com\">https:\/\/meet.google.com\/jtv-gpzd-aqj<\/a><\/strong><\/p>\n<p>SEGON ENLLA\u00c7:\u00a0 <strong><a href=\"https:\/\/url.us.m.mimecastprotect.com\/s\/JIUmClYLnLipY10LXS9hVTzZhp6?domain=meet.google.com\">https:\/\/meet.google.com\/neg-hxta-uuv<\/a><\/strong><\/p>\n<p>ORDRE DEL DIA<\/p>\n<ol>\n<li>Benvinguda<\/li>\n<li>Actualitzaci\u00f3 de les comptes<\/li>\n<li>Acomiadament de l\u2019alumnat d\u2019intercanvi<\/li>\n<li>Jornada portes obertes 23 de febrer<\/li>\n<li>Novetats de les comissions<\/li>\n<li>Precs i preguntes<\/li>\n<\/ol>\n<p>Per agilitzar l\u2019assemblea podeu fer arribar les preguntes o precs per correu electr\u00f2nic a <em><strong><a href=\"mailto:junta.ampaleonardo@gmail.com\">junta.ampaleonardo@gmail.com<\/a><\/strong><\/em>.<\/p>\n<p><em>Comptem amb la vostra assist\u00e8ncia i participaci\u00f3!!!<\/em><\/p>\n<p><em>L\u2019AMPA de l\u2019Institut Leonardo Da Vinci est\u00e0 oberta a la col\u00b7laboraci\u00f3 i participaci\u00f3 de totes les mares i pares que ho vulguin. A tots nosaltres ens agrada pensar que amb la nostra tasca estem col\u00b7laborant a millorar l\u2019educaci\u00f3 de les nostres filles i fills.<\/em><\/p>\n<hr \/>\n<p><a href=\"https:\/\/agora.xtec.cat\/insleonardo\/wp-content\/uploads\/usu34\/2025\/01\/Convocatoria_gener_25.pdf\"><img loading=\"lazy\" decoding=\"async\" class=\"size-full wp-image-8865 aligncenter\" src=\"https:\/\/agora.xtec.cat\/insleonardo\/wp-content\/uploads\/usu34\/2025\/01\/assembleaGener.jpg\" alt=\"\" width=\"642\" height=\"881\" srcset=\"https:\/\/agora.xtec.cat\/insleonardo\/wp-content\/uploads\/usu34\/2025\/01\/assembleaGener.jpg 642w, https:\/\/agora.xtec.cat\/insleonardo\/wp-content\/uploads\/usu34\/2025\/01\/assembleaGener-219x300.jpg 219w\" sizes=\"auto, (max-width: 642px) 100vw, 642px\" \/><\/a><\/p>\n<p><a href=\"https:\/\/agora.xtec.cat\/insleonardo\/wp-content\/uploads\/usu34\/2024\/12\/Convocatoria-junta-desebre_24.pdf\"><img loading=\"lazy\" decoding=\"async\" class=\"size-full wp-image-8669 aligncenter\" src=\"https:\/\/agora.xtec.cat\/insleonardo\/wp-content\/uploads\/usu34\/2024\/12\/REunioDesembre24.jpg\" alt=\"\" width=\"538\" height=\"762\" srcset=\"https:\/\/agora.xtec.cat\/insleonardo\/wp-content\/uploads\/usu34\/2024\/12\/REunioDesembre24.jpg 538w, https:\/\/agora.xtec.cat\/insleonardo\/wp-content\/uploads\/usu34\/2024\/12\/REunioDesembre24-212x300.jpg 212w\" sizes=\"auto, (max-width: 538px) 100vw, 538px\" \/><\/a><a href=\"https:\/\/agora.xtec.cat\/insleonardo\/wp-content\/uploads\/usu34\/2024\/11\/Convocatoria-junta-novembre_24-2.pdf\"><img loading=\"lazy\" decoding=\"async\" class=\"size-full wp-image-8565 aligncenter\" src=\"https:\/\/agora.xtec.cat\/insleonardo\/wp-content\/uploads\/usu34\/2024\/11\/convocatorianovembre.jpg\" alt=\"\" width=\"645\" height=\"785\" srcset=\"https:\/\/agora.xtec.cat\/insleonardo\/wp-content\/uploads\/usu34\/2024\/11\/convocatorianovembre.jpg 645w, https:\/\/agora.xtec.cat\/insleonardo\/wp-content\/uploads\/usu34\/2024\/11\/convocatorianovembre-246x300.jpg 246w\" sizes=\"auto, (max-width: 645px) 100vw, 645px\" \/><\/a><a href=\"https:\/\/agora.xtec.cat\/insleonardo\/wp-content\/uploads\/usu34\/2024\/10\/Convocatoria-junta-octubre-24.pdf\"><img loading=\"lazy\" decoding=\"async\" class=\"size-full wp-image-8437 aligncenter\" src=\"https:\/\/agora.xtec.cat\/insleonardo\/wp-content\/uploads\/usu34\/2024\/10\/convocatoriaOctubre24.jpg\" alt=\"\" width=\"548\" height=\"843\" srcset=\"https:\/\/agora.xtec.cat\/insleonardo\/wp-content\/uploads\/usu34\/2024\/10\/convocatoriaOctubre24.jpg 548w, https:\/\/agora.xtec.cat\/insleonardo\/wp-content\/uploads\/usu34\/2024\/10\/convocatoriaOctubre24-195x300.jpg 195w\" sizes=\"auto, (max-width: 548px) 100vw, 548px\" \/><\/a><a href=\"https:\/\/agora.xtec.cat\/insleonardo\/wp-content\/uploads\/usu34\/2024\/09\/Convocatoria-assemblea-setembre-24.docx\"><img loading=\"lazy\" decoding=\"async\" class=\"size-full wp-image-8353 aligncenter\" src=\"https:\/\/agora.xtec.cat\/insleonardo\/wp-content\/uploads\/usu34\/2024\/09\/Captura-de-pantalla-2024-09-09-180142.jpg\" alt=\"\" width=\"582\" height=\"867\" srcset=\"https:\/\/agora.xtec.cat\/insleonardo\/wp-content\/uploads\/usu34\/2024\/09\/Captura-de-pantalla-2024-09-09-180142.jpg 582w, https:\/\/agora.xtec.cat\/insleonardo\/wp-content\/uploads\/usu34\/2024\/09\/Captura-de-pantalla-2024-09-09-180142-201x300.jpg 201w\" sizes=\"auto, (max-width: 582px) 100vw, 582px\" \/><\/a><\/p>\n<p>&nbsp;<\/p>\n<p>&nbsp;<\/p>\n<p>&nbsp;<\/p>\n<p>&nbsp;<\/p>\n<p>&nbsp;<\/p>\n<p>&nbsp;<\/p>\n<p>&nbsp;<\/p>\n","protected":false},"excerpt":{"rendered":"<p>ASSEMBLEA\u00a0 AFA\u00a0<br \/>\n&nbsp;<br \/>\n<a href=\"https:\/\/agora.xtec.cat\/insleonardo\/wp-content\/uploads\/usu34\/2024\/09\/Calendari-reunions.jpg\"><\/a><\/p>\n<p>Curs 2024-2025<br \/>\nCONVOCAT\u00d2RIA JUNTA AFA INS LEONARDO DA VINCI<br \/>\nBenvolgudes fam\u00edlies us convoquem a la propera junta el pr\u00f2xim dimecres, 11 de juny de 2025 a les 19:00 h en format h\u00edbrid.<br \/>\nDIA: DIMECRES, 11 de JUNY, 2025<br \/>\nHORA: 19.00h<br \/>\nLLOC: Punt Lila<br \/>\n1r ENLLA\u00c7: <a href=\"https:\/\/meet.google.com\/hrw-rrph-rpo\">https:\/\/meet.google.com\/hrw-rrph-rpo<\/a><br \/>\n2n ENLLA\u00c7: <a&hellip;  <a href=\"https:\/\/agora.xtec.cat\/insleonardo\/afa\/lassamblea\/\" title=\"Read L&#8217;Assemblea\">Llegeix m\u00e9s\u00bb<\/a><\/p>\n","protected":false},"author":1,"featured_media":0,"parent":560,"menu_order":10,"comment_status":"closed","ping_status":"closed","template":"","meta":{"_bbp_topic_count":0,"_bbp_reply_count":0,"_bbp_total_topic_count":0,"_bbp_total_reply_count":0,"_bbp_voice_count":0,"_bbp_anonymous_reply_count":0,"_bbp_topic_count_hidden":0,"_bbp_reply_count_hidden":0,"_bbp_forum_subforum_count":0,"footnotes":""},"class_list":["post-1633","page","type-page","status-publish","hentry"],"post_mailing_queue_ids":[],"_links":{"self":[{"href":"https:\/\/agora.xtec.cat\/insleonardo\/wp-json\/wp\/v2\/pages\/1633","targetHints":{"allow":["GET"]}}],"collection":[{"href":"https:\/\/agora.xtec.cat\/insleonardo\/wp-json\/wp\/v2\/pages"}],"about":[{"href":"https:\/\/agora.xtec.cat\/insleonardo\/wp-json\/wp\/v2\/types\/page"}],"author":[{"embeddable":true,"href":"https:\/\/agora.xtec.cat\/insleonardo\/wp-json\/wp\/v2\/users\/1"}],"replies":[{"embeddable":true,"href":"https:\/\/agora.xtec.cat\/insleonardo\/wp-json\/wp\/v2\/comments?post=1633"}],"version-history":[{"count":8,"href":"https:\/\/agora.xtec.cat\/insleonardo\/wp-json\/wp\/v2\/pages\/1633\/revisions"}],"predecessor-version":[{"id":9266,"href":"https:\/\/agora.xtec.cat\/insleonardo\/wp-json\/wp\/v2\/pages\/1633\/revisions\/9266"}],"up":[{"embeddable":true,"href":"https:\/\/agora.xtec.cat\/insleonardo\/wp-json\/wp\/v2\/pages\/560"}],"wp:attachment":[{"href":"https:\/\/agora.xtec.cat\/insleonardo\/wp-json\/wp\/v2\/media?parent=1633"}],"curies":[{"name":"wp","href":"https:\/\/api.w.org\/{rel}","templated":true}]}}