{"id":943,"date":"2015-10-25T09:54:47","date_gmt":"2015-10-25T08:54:47","guid":{"rendered":"http:\/\/agora.xtec.cat\/inslavall\/?page_id=943"},"modified":"2024-03-01T19:22:41","modified_gmt":"2024-03-01T18:22:41","slug":"les-tic-al-servei-de-leducacio","status":"publish","type":"page","link":"https:\/\/agora.xtec.cat\/inslavall\/projectes\/les-tic-al-servei-de-leducacio\/","title":{"rendered":"La tecnologia digital al centre"},"content":{"rendered":"<p><strong>LA TECNOLOGIA DIGITAL AL SERVEI DE L\u2019EDUCACI\u00d3: L\u2019iPad a l\u2019aula<\/strong><\/p>\n<p>Cada un dels alumnes de l&#8217;Institut Vall de Ll\u00e9mena disposa d\u2019un iPad propi que li permet accedir en tot moment a una gran quantitat de continguts educatius, buscar informaci\u00f3 a Internet, fer servir eines que potenci\u00efn les seves capacitats , coneixements i creativitat i desplegar les seves compet\u00e8ncies.<\/p>\n<p>Els estudiants amb acc\u00e9s a aquestes eines preparen millor els treballs de classe, saben analitzar i resoldre problemes amb major facilitat, realitzen m\u00e9s i millor treball col\u00b7laboraci\u00f3 i comparteixen \u00e0mpliament el coneixement amb els companys. Amb l\u2019iPad, els alumnes s\u00f3n capa\u00e7os d\u2019explorar un m\u00f3n d\u2019idees i continguts i de trencar els l\u00edmits f\u00edsics de l\u2019aula.<\/p>\n<p>El sistema 1:1 (1 aparell, 1 alumne) possibilita la personalitzaci\u00f3 i individualitzaci\u00f3 dels processos d\u2019ensenyament-aprenentage i paral\u00b7lelament facilita i impulsa el treball en equip.<\/p>\n<p>Aquesta eina es combina amb les pissarres digitals, els projectors de cada aula i la tecnologia Air Play\u00a0 que permet projectar el contingut de cada un dels iPads i mostrar d\u2019aquesta manera el treball realitzat per un alumne a tot el grup.<\/p>\n<p>D&#8217;altra banda, tamb\u00e9 disposem de chromebooks i PC per fomentar el coneixement d&#8217;altres sistemes operatius i dispositius,\u00a0 fornint l&#8217;alumnat amb eines per seguir aprenent. A partir del curs 20-21 amb el Pla Digital de Catalunya, els alumnes\u00a0 tamb\u00e9 disposen de Chromebook cedit pel centre, que passar\u00e0 a altres cursos un cop marxin del centre.<\/p>\n<p><a href=\"http:\/\/agora.xtec.cat\/inslavall\/wp-content\/uploads\/usu65\/2015\/10\/les-tauletes-digitals-a-laula.pdf\"><span style=\"color: blue;\"><u>les tauletes digitals a l&#8217;aula<\/u><\/span><\/a><\/p>\n<div id=\"gtx-trans\" style=\"position: absolute; left: 241px; top: 469.406px;\">\n<div class=\"gtx-trans-icon\"><\/div>\n<\/div>\n","protected":false},"excerpt":{"rendered":"<p>LA TECNOLOGIA DIGITAL AL SERVEI DE L\u2019EDUCACI\u00d3: L\u2019iPad a l\u2019aula Cada un dels alumnes de l&#8217;Institut Vall de Ll\u00e9mena disposa d\u2019un iPad propi que li permet accedir en tot moment a una gran quantitat de continguts educatius, buscar informaci\u00f3 a Internet, fer servir eines que potenci\u00efn les seves capacitats , coneixements i creativitat i desplegar [&hellip;]<\/p>\n","protected":false},"author":1,"featured_media":0,"parent":584,"menu_order":50,"comment_status":"closed","ping_status":"closed","template":"page-templates\/side-menu.php","meta":{"_bbp_topic_count":0,"_bbp_reply_count":0,"_bbp_total_topic_count":0,"_bbp_total_reply_count":0,"_bbp_voice_count":0,"_bbp_anonymous_reply_count":0,"_bbp_topic_count_hidden":0,"_bbp_reply_count_hidden":0,"_bbp_forum_subforum_count":0,"site-sidebar-layout":"default","site-content-layout":"","ast-site-content-layout":"","site-content-style":"default","site-sidebar-style":"default","ast-global-header-display":"","ast-banner-title-visibility":"","ast-main-header-display":"","ast-hfb-above-header-display":"","ast-hfb-below-header-display":"","ast-hfb-mobile-header-display":"","site-post-title":"","ast-breadcrumbs-content":"","ast-featured-img":"","footer-sml-layout":"","theme-transparent-header-meta":"","adv-header-id-meta":"","stick-header-meta":"","header-above-stick-meta":"","header-main-stick-meta":"","header-below-stick-meta":"","astra-migrate-meta-layouts":"default","ast-page-background-enabled":"default","ast-page-background-meta":{"desktop":{"background-color":"var(--ast-global-color-4)","background-image":"","background-repeat":"repeat","background-position":"center center","background-size":"auto","background-attachment":"scroll","background-type":"","background-media":"","overlay-type":"","overlay-color":"","overlay-opacity":"","overlay-gradient":""},"tablet":{"background-color":"","background-image":"","background-repeat":"repeat","background-position":"center center","background-size":"auto","background-attachment":"scroll","background-type":"","background-media":"","overlay-type":"","overlay-color":"","overlay-opacity":"","overlay-gradient":""},"mobile":{"background-color":"","background-image":"","background-repeat":"repeat","background-position":"center center","background-size":"auto","background-attachment":"scroll","background-type":"","background-media":"","overlay-type":"","overlay-color":"","overlay-opacity":"","overlay-gradient":""}},"ast-content-background-meta":{"desktop":{"background-color":"var(--ast-global-color-5)","background-image":"","background-repeat":"repeat","background-position":"center center","background-size":"auto","background-attachment":"scroll","background-type":"","background-media":"","overlay-type":"","overlay-color":"","overlay-opacity":"","overlay-gradient":""},"tablet":{"background-color":"var(--ast-global-color-5)","background-image":"","background-repeat":"repeat","background-position":"center center","background-size":"auto","background-attachment":"scroll","background-type":"","background-media":"","overlay-type":"","overlay-color":"","overlay-opacity":"","overlay-gradient":""},"mobile":{"background-color":"var(--ast-global-color-5)","background-image":"","background-repeat":"repeat","background-position":"center center","background-size":"auto","background-attachment":"scroll","background-type":"","background-media":"","overlay-type":"","overlay-color":"","overlay-opacity":"","overlay-gradient":""}},"footnotes":""},"class_list":["post-943","page","type-page","status-publish","hentry"],"post_mailing_queue_ids":[],"_links":{"self":[{"href":"https:\/\/agora.xtec.cat\/inslavall\/wp-json\/wp\/v2\/pages\/943","targetHints":{"allow":["GET"]}}],"collection":[{"href":"https:\/\/agora.xtec.cat\/inslavall\/wp-json\/wp\/v2\/pages"}],"about":[{"href":"https:\/\/agora.xtec.cat\/inslavall\/wp-json\/wp\/v2\/types\/page"}],"author":[{"embeddable":true,"href":"https:\/\/agora.xtec.cat\/inslavall\/wp-json\/wp\/v2\/users\/1"}],"replies":[{"embeddable":true,"href":"https:\/\/agora.xtec.cat\/inslavall\/wp-json\/wp\/v2\/comments?post=943"}],"version-history":[{"count":4,"href":"https:\/\/agora.xtec.cat\/inslavall\/wp-json\/wp\/v2\/pages\/943\/revisions"}],"predecessor-version":[{"id":6891,"href":"https:\/\/agora.xtec.cat\/inslavall\/wp-json\/wp\/v2\/pages\/943\/revisions\/6891"}],"up":[{"embeddable":true,"href":"https:\/\/agora.xtec.cat\/inslavall\/wp-json\/wp\/v2\/pages\/584"}],"wp:attachment":[{"href":"https:\/\/agora.xtec.cat\/inslavall\/wp-json\/wp\/v2\/media?parent=943"}],"curies":[{"name":"wp","href":"https:\/\/api.w.org\/{rel}","templated":true}]}}