{"id":8390,"date":"2026-03-02T10:15:43","date_gmt":"2026-03-02T09:15:43","guid":{"rendered":"https:\/\/agora.xtec.cat\/inslavall\/?page_id=8390"},"modified":"2026-04-15T13:37:11","modified_gmt":"2026-04-15T11:37:11","slug":"preinscripcio","status":"publish","type":"page","link":"https:\/\/agora.xtec.cat\/inslavall\/preinscripcio\/","title":{"rendered":"Preinscripci\u00f3"},"content":{"rendered":"\n<div class=\"wp-block-columns is-layout-flex wp-container-core-columns-is-layout-1 wp-block-columns-is-layout-flex\">\n<div class=\"wp-block-column is-layout-flow wp-block-column-is-layout-flow\">\n<figure class=\"wp-block-image size-full\" style=\"margin-top:var(--wp--preset--spacing--70);margin-bottom:var(--wp--preset--spacing--70)\"><a href=\"https:\/\/agora.xtec.cat\/inslavall\/wp-content\/uploads\/usu65\/2026\/03\/Screenshot_1.jpg\"><img loading=\"lazy\" decoding=\"async\" width=\"568\" height=\"446\" src=\"https:\/\/agora.xtec.cat\/inslavall\/wp-content\/uploads\/usu65\/2026\/03\/Screenshot_1.jpg\" alt=\"\" class=\"wp-image-8392\" srcset=\"https:\/\/agora.xtec.cat\/inslavall\/wp-content\/uploads\/usu65\/2026\/03\/Screenshot_1.jpg 568w, https:\/\/agora.xtec.cat\/inslavall\/wp-content\/uploads\/usu65\/2026\/03\/Screenshot_1-300x236.jpg 300w\" sizes=\"auto, (max-width: 568px) 100vw, 568px\" \/><\/a><\/figure>\n<\/div>\n\n\n\n<div class=\"wp-block-column is-layout-flow wp-block-column-is-layout-flow\">\n<p>Sol\u00b7licituds a la <a href=\"https:\/\/preinscripcio.gencat.cat\/ca\/inici\/index.html\">web de la preinscripci\u00f3<\/a><\/p>\n\n\n\n<p><strong>CALENDARI<\/strong><\/p>\n\n\n\n<p><strong>3 de mar\u00e7<\/strong>: publicaci\u00f3 de l\u2019<a href=\"https:\/\/drive.google.com\/file\/d\/17SMqOTc_66-p1OALKQo8GNfSb1FEWbjq\/view\">oferta inicial.<\/a><\/p>\n\n\n\n<p><strong>15 d\u2019abril<\/strong>: publicaci\u00f3 de la <a href=\"https:\/\/agora.xtec.cat\/inslavall\/wp-content\/uploads\/usu65\/2026\/04\/INFORME_BAREM_PROVISIONAL_BAREM.pdf\">llista de sol\u00b7licituds amb la puntuaci\u00f3 provisional<\/a>.<\/p>\n\n\n\n<p><strong>Del 15 al 20 d\u2019abril<\/strong>: presentaci\u00f3 de reclamacions a la llista amb la puntuaci\u00f3 provisional.<\/p>\n\n\n\n<p><strong>23 d\u2019abril<\/strong>: publicaci\u00f3 de la llista amb la puntuaci\u00f3, resoltes les reclamacions.<br><strong>29 d\u2019abril:<\/strong> publicaci\u00f3 de la llista ordenada.<br><\/p>\n<\/div>\n<\/div>\n","protected":false},"excerpt":{"rendered":"<p>Sol\u00b7licituds a la web de la preinscripci\u00f3 CALENDARI 3 de mar\u00e7: publicaci\u00f3 de l\u2019oferta inicial. 15 d\u2019abril: publicaci\u00f3 de la llista de sol\u00b7licituds amb la puntuaci\u00f3 provisional. Del 15 al 20 d\u2019abril: presentaci\u00f3 de reclamacions a la llista amb la puntuaci\u00f3 provisional. 23 d\u2019abril: publicaci\u00f3 de la llista amb la puntuaci\u00f3, resoltes les reclamacions.29 d\u2019abril: [&hellip;]<\/p>\n","protected":false},"author":1,"featured_media":0,"parent":0,"menu_order":0,"comment_status":"closed","ping_status":"close","template":"","meta":{"_bbp_topic_count":0,"_bbp_reply_count":0,"_bbp_total_topic_count":0,"_bbp_total_reply_count":0,"_bbp_voice_count":0,"_bbp_anonymous_reply_count":0,"_bbp_topic_count_hidden":0,"_bbp_reply_count_hidden":0,"_bbp_forum_subforum_count":0,"site-sidebar-layout":"default","site-content-layout":"","ast-site-content-layout":"default","site-content-style":"default","site-sidebar-style":"default","ast-global-header-display":"","ast-banner-title-visibility":"","ast-main-header-display":"","ast-hfb-above-header-display":"","ast-hfb-below-header-display":"","ast-hfb-mobile-header-display":"","site-post-title":"","ast-breadcrumbs-content":"","ast-featured-img":"","footer-sml-layout":"","theme-transparent-header-meta":"","adv-header-id-meta":"","stick-header-meta":"","header-above-stick-meta":"","header-main-stick-meta":"","header-below-stick-meta":"","astra-migrate-meta-layouts":"set","ast-page-background-enabled":"default","ast-page-background-meta":{"desktop":{"background-color":"var(--ast-global-color-4)","background-image":"","background-repeat":"repeat","background-position":"center center","background-size":"auto","background-attachment":"scroll","background-type":"","background-media":"","overlay-type":"","overlay-color":"","overlay-opacity":"","overlay-gradient":""},"tablet":{"background-color":"","background-image":"","background-repeat":"repeat","background-position":"center center","background-size":"auto","background-attachment":"scroll","background-type":"","background-media":"","overlay-type":"","overlay-color":"","overlay-opacity":"","overlay-gradient":""},"mobile":{"background-color":"","background-image":"","background-repeat":"repeat","background-position":"center center","background-size":"auto","background-attachment":"scroll","background-type":"","background-media":"","overlay-type":"","overlay-color":"","overlay-opacity":"","overlay-gradient":""}},"ast-content-background-meta":{"desktop":{"background-color":"var(--ast-global-color-5)","background-image":"","background-repeat":"repeat","background-position":"center center","background-size":"auto","background-attachment":"scroll","background-type":"","background-media":"","overlay-type":"","overlay-color":"","overlay-opacity":"","overlay-gradient":""},"tablet":{"background-color":"var(--ast-global-color-5)","background-image":"","background-repeat":"repeat","background-position":"center center","background-size":"auto","background-attachment":"scroll","background-type":"","background-media":"","overlay-type":"","overlay-color":"","overlay-opacity":"","overlay-gradient":""},"mobile":{"background-color":"var(--ast-global-color-5)","background-image":"","background-repeat":"repeat","background-position":"center center","background-size":"auto","background-attachment":"scroll","background-type":"","background-media":"","overlay-type":"","overlay-color":"","overlay-opacity":"","overlay-gradient":""}},"footnotes":""},"class_list":["post-8390","page","type-page","status-publish","hentry"],"post_mailing_queue_ids":[],"_links":{"self":[{"href":"https:\/\/agora.xtec.cat\/inslavall\/wp-json\/wp\/v2\/pages\/8390","targetHints":{"allow":["GET"]}}],"collection":[{"href":"https:\/\/agora.xtec.cat\/inslavall\/wp-json\/wp\/v2\/pages"}],"about":[{"href":"https:\/\/agora.xtec.cat\/inslavall\/wp-json\/wp\/v2\/types\/page"}],"author":[{"embeddable":true,"href":"https:\/\/agora.xtec.cat\/inslavall\/wp-json\/wp\/v2\/users\/1"}],"replies":[{"embeddable":true,"href":"https:\/\/agora.xtec.cat\/inslavall\/wp-json\/wp\/v2\/comments?post=8390"}],"version-history":[{"count":4,"href":"https:\/\/agora.xtec.cat\/inslavall\/wp-json\/wp\/v2\/pages\/8390\/revisions"}],"predecessor-version":[{"id":8458,"href":"https:\/\/agora.xtec.cat\/inslavall\/wp-json\/wp\/v2\/pages\/8390\/revisions\/8458"}],"wp:attachment":[{"href":"https:\/\/agora.xtec.cat\/inslavall\/wp-json\/wp\/v2\/media?parent=8390"}],"curies":[{"name":"wp","href":"https:\/\/api.w.org\/{rel}","templated":true}]}}