{"id":8337,"date":"2026-02-09T12:24:36","date_gmt":"2026-02-09T11:24:36","guid":{"rendered":"https:\/\/agora.xtec.cat\/inslavall\/?page_id=8337"},"modified":"2026-02-09T13:57:18","modified_gmt":"2026-02-09T12:57:18","slug":"acords-de-consell-escolar","status":"publish","type":"page","link":"https:\/\/agora.xtec.cat\/inslavall\/acords-de-consell-escolar\/","title":{"rendered":"Acords de consell escolar"},"content":{"rendered":"\n<p><strong>Reuni\u00f3 consell escolar 16 d&#8217;octubre de 2026<\/strong><\/p>\n\n\n\n<ul id=\"m_-3760528839576418355m_2900623695189556932gmail-docs-internal-guid-d8dce964-7fff-c948-01e7-79949eff2c2a\" class=\"wp-block-list\">\n<li>Consultar la possibilitat d\u2019afegir excepcionalitat a l&#8217;\u00fas del m\u00f2bil durant els intercanvis a l&#8217;estranger.&nbsp;<\/li>\n\n\n\n<li>Consultar la possibilitat de tenir suplents per a titulars electes com a membres del consell escolar.<\/li>\n\n\n\n<li>Constituir el nou consell escolar en la propera reuni\u00f3 del 17 de desembre de 2025.<\/li>\n<\/ul>\n\n\n\n<p><strong>Reuni\u00f3 comissi\u00f3 permanent del consell escolar 13 de novembre de 2026<\/strong><\/p>\n\n\n\n<ul class=\"wp-block-list\">\n<li>Aprovar nova normativa de m\u00f2bils en sortides amb pernoctaci\u00f3 i intercanvis.<\/li>\n\n\n\n<li>Aprovar Mem\u00f2ria Anual de Centre 2024-25 i Programaci\u00f3 General Anual 2025-26.<\/li>\n<\/ul>\n\n\n\n<p><strong>Reuni\u00f3 consell escolar 15 de desembre de 2026<\/strong><\/p>\n\n\n\n<ul id=\"m_-3760528839576418355m_2900623695189556932gmail-docs-internal-guid-cf127628-7fff-d0de-5fbb-bdd38ac8613e\" class=\"wp-block-list\">\n<li>Constituir les comissions permanent, econ\u00f2mica i de diversitat en la propera reuni\u00f3 del consell escolar.<\/li>\n\n\n\n<li>Demanar informaci\u00f3 sobre la normativa de l\u2019\u00fas dels m\u00f2bils al transport escolar.<\/li>\n\n\n\n<li>Aprovar la liquidaci\u00f3 econ\u00f2mica de l\u2019exercici 2025 i el pressupost del 2026 en la propera reuni\u00f3 del 19 de gener de 2026.<\/li>\n<\/ul>\n","protected":false},"excerpt":{"rendered":"<p>Reuni\u00f3 consell escolar 16 d&#8217;octubre de 2026 Reuni\u00f3 comissi\u00f3 permanent del consell escolar 13 de novembre de 2026 Reuni\u00f3 consell escolar 15 de desembre de 2026<\/p>\n","protected":false},"author":1,"featured_media":0,"parent":0,"menu_order":0,"comment_status":"closed","ping_status":"close","template":"","meta":{"_bbp_topic_count":0,"_bbp_reply_count":0,"_bbp_total_topic_count":0,"_bbp_total_reply_count":0,"_bbp_voice_count":0,"_bbp_anonymous_reply_count":0,"_bbp_topic_count_hidden":0,"_bbp_reply_count_hidden":0,"_bbp_forum_subforum_count":0,"site-sidebar-layout":"default","site-content-layout":"","ast-site-content-layout":"default","site-content-style":"default","site-sidebar-style":"default","ast-global-header-display":"","ast-banner-title-visibility":"","ast-main-header-display":"","ast-hfb-above-header-display":"","ast-hfb-below-header-display":"","ast-hfb-mobile-header-display":"","site-post-title":"","ast-breadcrumbs-content":"","ast-featured-img":"","footer-sml-layout":"","theme-transparent-header-meta":"","adv-header-id-meta":"","stick-header-meta":"","header-above-stick-meta":"","header-main-stick-meta":"","header-below-stick-meta":"","astra-migrate-meta-layouts":"set","ast-page-background-enabled":"default","ast-page-background-meta":{"desktop":{"background-color":"var(--ast-global-color-4)","background-image":"","background-repeat":"repeat","background-position":"center center","background-size":"auto","background-attachment":"scroll","background-type":"","background-media":"","overlay-type":"","overlay-color":"","overlay-opacity":"","overlay-gradient":""},"tablet":{"background-color":"","background-image":"","background-repeat":"repeat","background-position":"center center","background-size":"auto","background-attachment":"scroll","background-type":"","background-media":"","overlay-type":"","overlay-color":"","overlay-opacity":"","overlay-gradient":""},"mobile":{"background-color":"","background-image":"","background-repeat":"repeat","background-position":"center center","background-size":"auto","background-attachment":"scroll","background-type":"","background-media":"","overlay-type":"","overlay-color":"","overlay-opacity":"","overlay-gradient":""}},"ast-content-background-meta":{"desktop":{"background-color":"var(--ast-global-color-5)","background-image":"","background-repeat":"repeat","background-position":"center center","background-size":"auto","background-attachment":"scroll","background-type":"","background-media":"","overlay-type":"","overlay-color":"","overlay-opacity":"","overlay-gradient":""},"tablet":{"background-color":"var(--ast-global-color-5)","background-image":"","background-repeat":"repeat","background-position":"center center","background-size":"auto","background-attachment":"scroll","background-type":"","background-media":"","overlay-type":"","overlay-color":"","overlay-opacity":"","overlay-gradient":""},"mobile":{"background-color":"var(--ast-global-color-5)","background-image":"","background-repeat":"repeat","background-position":"center center","background-size":"auto","background-attachment":"scroll","background-type":"","background-media":"","overlay-type":"","overlay-color":"","overlay-opacity":"","overlay-gradient":""}},"footnotes":""},"class_list":["post-8337","page","type-page","status-publish","hentry"],"post_mailing_queue_ids":[],"_links":{"self":[{"href":"https:\/\/agora.xtec.cat\/inslavall\/wp-json\/wp\/v2\/pages\/8337","targetHints":{"allow":["GET"]}}],"collection":[{"href":"https:\/\/agora.xtec.cat\/inslavall\/wp-json\/wp\/v2\/pages"}],"about":[{"href":"https:\/\/agora.xtec.cat\/inslavall\/wp-json\/wp\/v2\/types\/page"}],"author":[{"embeddable":true,"href":"https:\/\/agora.xtec.cat\/inslavall\/wp-json\/wp\/v2\/users\/1"}],"replies":[{"embeddable":true,"href":"https:\/\/agora.xtec.cat\/inslavall\/wp-json\/wp\/v2\/comments?post=8337"}],"version-history":[{"count":3,"href":"https:\/\/agora.xtec.cat\/inslavall\/wp-json\/wp\/v2\/pages\/8337\/revisions"}],"predecessor-version":[{"id":8348,"href":"https:\/\/agora.xtec.cat\/inslavall\/wp-json\/wp\/v2\/pages\/8337\/revisions\/8348"}],"wp:attachment":[{"href":"https:\/\/agora.xtec.cat\/inslavall\/wp-json\/wp\/v2\/media?parent=8337"}],"curies":[{"name":"wp","href":"https:\/\/api.w.org\/{rel}","templated":true}]}}