{"id":7214,"date":"2024-07-08T10:57:15","date_gmt":"2024-07-08T08:57:15","guid":{"rendered":"https:\/\/agora.xtec.cat\/inslavall\/?page_id=7214"},"modified":"2024-09-02T10:59:07","modified_gmt":"2024-09-02T08:59:07","slug":"llibres-de-text-i-material-curs-24-25","status":"publish","type":"page","link":"https:\/\/agora.xtec.cat\/inslavall\/llibres-de-text-i-material-curs-24-25\/","title":{"rendered":"Llibres de text i material curs 24-25"},"content":{"rendered":"<h3><span style=\"color: #993366;\">Llibres de text curs 24-25<\/span><\/h3>\n<p>Ja podeu fer la comanda a Llibres Text del 4 al 20 de juliol.<\/p>\n<h4><span style=\"color: #000000;\"><strong>EXTENSI\u00d3 TERMINI COMANDA LLIBRES: <\/strong><\/span><\/h4>\n<h4><span style=\"color: #000000;\"><strong>S&#8217;obre un nou per\u00edode de comanda a Llibres Text del 2 al 4 de setembre<\/strong><\/span><\/h4>\n<p>Seguiu les instruccions del document seg\u00fcent per fer la comanda online<\/p>\n<p><strong><a href=\"https:\/\/docs.google.com\/document\/d\/1ye4_P5lyUYcDnBUlEl49lPNj5SHBeELn\/edit#heading=h.gjdgxs\">DOCUMENT PER COMANDA LLIBRES ALUMNES<\/a><a href=\"https:\/\/docs.google.com\/document\/d\/1ye4_P5lyUYcDnBUlEl49lPNj5SHBeELn\/edit#heading=h.gjdgxs\"> CENTR<\/a><a href=\"https:\/\/docs.google.com\/document\/d\/1ye4_P5lyUYcDnBUlEl49lPNj5SHBeELn\/edit#heading=h.gjdgxs\">E<\/a><a href=\"https:\/\/docs.google.com\/document\/d\/1ye4_P5lyUYcDnBUlEl49lPNj5SHBeELn\/edit#heading=h.gjdgxs\"> INS VALL DE LL\u00c9MENA 2024<\/a><\/strong><\/p>\n<p>Aquesta \u00e9s la llista de Llibres Text de l\u2019ESO pel curs 24-25<\/p>\n<p><a href=\"https:\/\/agora.xtec.cat\/inslavall\/wp-content\/uploads\/usu65\/2024\/07\/WEB-LLIBRES-CURS-24-25.pdf\"><strong>LLISTA LLIBRES DE TEXT INS VALL DE LL\u00c9MENA 2024-25<\/strong><\/a><\/p>\n<p>Com a <strong>novetat per aquest curs,<\/strong> us adjuntem la presentaci\u00f3 de l&#8217;AFA sobre com activar i utilitzar el Val Escolar en la compra de llibres a la plataforma Llibres text.<\/p>\n<p><strong><a href=\"https:\/\/drive.google.com\/file\/d\/1UDSD_u6e4YKd89tNtSFWxPidGvlGoubh\/view\">INFORMACI\u00d3 VAL ESCOLAR 24-25<\/a><\/strong><\/p>\n<hr \/>\n<h3><span style=\"color: #993366;\"><strong>Material curs 24-25<\/strong><\/span><\/h3>\n<p>Cliqueu l\u2019enlla\u00e7 corresponent al curs del vostre fill\/filla.<\/p>\n<p><a href=\"https:\/\/docs.google.com\/document\/d\/1YgBpHOsJaN1NEldFAuTDrKuqh-sJ8D1bPYVvpBWGupA\/edit?usp=sharing\">MATERIAL 1 ESO<\/a><\/p>\n<p><a href=\"https:\/\/docs.google.com\/document\/d\/13s_9oJtnydoSB9GdeTvhTq1OEwg-Tgr_QjTCtaJUIgI\/edit?usp=sharing\">MATERIAL 2 ESO<\/a><\/p>\n<p><a href=\"https:\/\/docs.google.com\/document\/d\/1YodkDp-IPcKMbLtR1KBCNsWcpQDkr0NwCO2a52vpzA0\/edit?usp=sharing\">MATERIAL 3 ESO<\/a><\/p>\n<p><a href=\"https:\/\/docs.google.com\/document\/d\/1sfFHqkqAN4F-CQLDZtl4z_Cye24AEGiziOsZvuluIfI\/edit?usp=sharing\">MATERIAL 4 ESO<\/a><\/p>\n<p><a href=\"https:\/\/agora.xtec.cat\/inslavall\/wp-content\/uploads\/usu65\/2024\/07\/LL.jpeg\"><img loading=\"lazy\" decoding=\"async\" class=\"alignleft size-full wp-image-7219\" src=\"https:\/\/agora.xtec.cat\/inslavall\/wp-content\/uploads\/usu65\/2024\/07\/LL.jpeg\" alt=\"\" width=\"1584\" height=\"1582\" srcset=\"https:\/\/agora.xtec.cat\/inslavall\/wp-content\/uploads\/usu65\/2024\/07\/LL.jpeg 1584w, https:\/\/agora.xtec.cat\/inslavall\/wp-content\/uploads\/usu65\/2024\/07\/LL-300x300.jpeg 300w, https:\/\/agora.xtec.cat\/inslavall\/wp-content\/uploads\/usu65\/2024\/07\/LL-1024x1024.jpeg 1024w, https:\/\/agora.xtec.cat\/inslavall\/wp-content\/uploads\/usu65\/2024\/07\/LL-150x150.jpeg 150w, https:\/\/agora.xtec.cat\/inslavall\/wp-content\/uploads\/usu65\/2024\/07\/LL-768x767.jpeg 768w, https:\/\/agora.xtec.cat\/inslavall\/wp-content\/uploads\/usu65\/2024\/07\/LL-1536x1534.jpeg 1536w\" sizes=\"auto, (max-width: 1584px) 100vw, 1584px\" \/><\/a><\/p>\n","protected":false},"excerpt":{"rendered":"<p>Llibres de text curs 24-25 Ja podeu fer la comanda a Llibres Text del 4 al 20 de juliol. EXTENSI\u00d3 TERMINI COMANDA LLIBRES: S&#8217;obre un nou per\u00edode de comanda a Llibres Text del 2 al 4 de setembre Seguiu les instruccions del document seg\u00fcent per fer la comanda online DOCUMENT PER COMANDA LLIBRES ALUMNES CENTRE [&hellip;]<\/p>\n","protected":false},"author":1,"featured_media":0,"parent":0,"menu_order":0,"comment_status":"closed","ping_status":"closed","template":"","meta":{"_bbp_topic_count":0,"_bbp_reply_count":0,"_bbp_total_topic_count":0,"_bbp_total_reply_count":0,"_bbp_voice_count":0,"_bbp_anonymous_reply_count":0,"_bbp_topic_count_hidden":0,"_bbp_reply_count_hidden":0,"_bbp_forum_subforum_count":0,"site-sidebar-layout":"default","site-content-layout":"","ast-site-content-layout":"","site-content-style":"default","site-sidebar-style":"default","ast-global-header-display":"","ast-banner-title-visibility":"","ast-main-header-display":"","ast-hfb-above-header-display":"","ast-hfb-below-header-display":"","ast-hfb-mobile-header-display":"","site-post-title":"","ast-breadcrumbs-content":"","ast-featured-img":"","footer-sml-layout":"","theme-transparent-header-meta":"","adv-header-id-meta":"","stick-header-meta":"","header-above-stick-meta":"","header-main-stick-meta":"","header-below-stick-meta":"","astra-migrate-meta-layouts":"default","ast-page-background-enabled":"default","ast-page-background-meta":{"desktop":{"background-color":"var(--ast-global-color-4)","background-image":"","background-repeat":"repeat","background-position":"center center","background-size":"auto","background-attachment":"scroll","background-type":"","background-media":"","overlay-type":"","overlay-color":"","overlay-opacity":"","overlay-gradient":""},"tablet":{"background-color":"","background-image":"","background-repeat":"repeat","background-position":"center center","background-size":"auto","background-attachment":"scroll","background-type":"","background-media":"","overlay-type":"","overlay-color":"","overlay-opacity":"","overlay-gradient":""},"mobile":{"background-color":"","background-image":"","background-repeat":"repeat","background-position":"center center","background-size":"auto","background-attachment":"scroll","background-type":"","background-media":"","overlay-type":"","overlay-color":"","overlay-opacity":"","overlay-gradient":""}},"ast-content-background-meta":{"desktop":{"background-color":"var(--ast-global-color-5)","background-image":"","background-repeat":"repeat","background-position":"center center","background-size":"auto","background-attachment":"scroll","background-type":"","background-media":"","overlay-type":"","overlay-color":"","overlay-opacity":"","overlay-gradient":""},"tablet":{"background-color":"var(--ast-global-color-5)","background-image":"","background-repeat":"repeat","background-position":"center center","background-size":"auto","background-attachment":"scroll","background-type":"","background-media":"","overlay-type":"","overlay-color":"","overlay-opacity":"","overlay-gradient":""},"mobile":{"background-color":"var(--ast-global-color-5)","background-image":"","background-repeat":"repeat","background-position":"center center","background-size":"auto","background-attachment":"scroll","background-type":"","background-media":"","overlay-type":"","overlay-color":"","overlay-opacity":"","overlay-gradient":""}},"footnotes":""},"class_list":["post-7214","page","type-page","status-publish","hentry"],"post_mailing_queue_ids":[],"_links":{"self":[{"href":"https:\/\/agora.xtec.cat\/inslavall\/wp-json\/wp\/v2\/pages\/7214","targetHints":{"allow":["GET"]}}],"collection":[{"href":"https:\/\/agora.xtec.cat\/inslavall\/wp-json\/wp\/v2\/pages"}],"about":[{"href":"https:\/\/agora.xtec.cat\/inslavall\/wp-json\/wp\/v2\/types\/page"}],"author":[{"embeddable":true,"href":"https:\/\/agora.xtec.cat\/inslavall\/wp-json\/wp\/v2\/users\/1"}],"replies":[{"embeddable":true,"href":"https:\/\/agora.xtec.cat\/inslavall\/wp-json\/wp\/v2\/comments?post=7214"}],"version-history":[{"count":6,"href":"https:\/\/agora.xtec.cat\/inslavall\/wp-json\/wp\/v2\/pages\/7214\/revisions"}],"predecessor-version":[{"id":7263,"href":"https:\/\/agora.xtec.cat\/inslavall\/wp-json\/wp\/v2\/pages\/7214\/revisions\/7263"}],"wp:attachment":[{"href":"https:\/\/agora.xtec.cat\/inslavall\/wp-json\/wp\/v2\/media?parent=7214"}],"curies":[{"name":"wp","href":"https:\/\/api.w.org\/{rel}","templated":true}]}}