{"id":7081,"date":"2024-05-14T19:47:59","date_gmt":"2024-05-14T17:47:59","guid":{"rendered":"https:\/\/agora.xtec.cat\/inslavall\/?page_id=7081"},"modified":"2024-05-14T20:07:38","modified_gmt":"2024-05-14T18:07:38","slug":"som-centre-formador","status":"publish","type":"page","link":"https:\/\/agora.xtec.cat\/inslavall\/som-centre-formador\/","title":{"rendered":"Som Centre Formador"},"content":{"rendered":"<p>El nostre institut \u00e9s <a href=\"https:\/\/projectes.xtec.cat\/centresformadors\/\">Centre Formador <\/a>des del curs 2019-2020<\/p>\n<p><a href=\"https:\/\/projectes.xtec.cat\/centresformadors\/\"><img loading=\"lazy\" decoding=\"async\" class=\"wp-image-7083 alignleft\" src=\"https:\/\/agora.xtec.cat\/inslavall\/wp-content\/uploads\/usu65\/2024\/05\/LOGO-centres-formadors-scaled.jpg\" alt=\"\" width=\"295\" height=\"299\" srcset=\"https:\/\/agora.xtec.cat\/inslavall\/wp-content\/uploads\/usu65\/2024\/05\/LOGO-centres-formadors-scaled.jpg 2528w, https:\/\/agora.xtec.cat\/inslavall\/wp-content\/uploads\/usu65\/2024\/05\/LOGO-centres-formadors-296x300.jpg 296w, https:\/\/agora.xtec.cat\/inslavall\/wp-content\/uploads\/usu65\/2024\/05\/LOGO-centres-formadors-1011x1024.jpg 1011w, https:\/\/agora.xtec.cat\/inslavall\/wp-content\/uploads\/usu65\/2024\/05\/LOGO-centres-formadors-768x778.jpg 768w, https:\/\/agora.xtec.cat\/inslavall\/wp-content\/uploads\/usu65\/2024\/05\/LOGO-centres-formadors-1517x1536.jpg 1517w, https:\/\/agora.xtec.cat\/inslavall\/wp-content\/uploads\/usu65\/2024\/05\/LOGO-centres-formadors-2022x2048.jpg 2022w\" sizes=\"auto, (max-width: 295px) 100vw, 295px\" \/><\/a>Formem part de la xarxa de centres que formem els futurs docents de Secund\u00e0ria en la vessant de pr\u00e0ctica educativa.<\/p>\n<p style=\"text-align: justify;\">Tal com diu el programa de Centres Formadors, &#8220;esdevenir centre formador \u00e9s la manifestaci\u00f3 d\u2019una voluntat per contribuir a la professionalitzaci\u00f3 de la doc\u00e8ncia des de l\u2019experi\u00e8ncia, en una reflexi\u00f3 dirigida a la millora i la innovaci\u00f3.<\/p>\n<p style=\"text-align: justify;\">El centre formador es defineix com a model i referent en la pr\u00e0ctica pedag\u00f2gica en l\u2019educaci\u00f3 de tots els infants i joves. La l\u00ednia pedag\u00f2gica d\u2019aquest model atorga rellev\u00e0ncia al centre com a una organitzaci\u00f3 saludable que apr\u00e8n (Senge, P. 2005), amb el comprom\u00eds en el desenvolupament personal i professional de tots els docents, aix\u00ed com en la formaci\u00f3 de futurs docents, acollint-los i fent-los part\u00edcips de l\u2019activitat educativa i la vida escolar. En definitiva, el centre formador es presenta com a un tot que en la seva pr\u00e0ctica educativa promou entorns d\u2019aprenentatge professionalitzadors.&#8221;<\/p>\n<p>Aqu\u00ed us deixem m\u00e9s informaci\u00f3 sobre els objectius del programa.<\/p>\n<p><a href=\"https:\/\/agora.xtec.cat\/inslavall\/wp-content\/uploads\/usu65\/2024\/05\/Document-PINN-MUFPS.pdf\"><img loading=\"lazy\" decoding=\"async\" class=\"alignleft size-full wp-image-7086\" src=\"https:\/\/agora.xtec.cat\/inslavall\/wp-content\/uploads\/usu65\/2024\/05\/Captura-de-pantalla-2024-05-14-a-les-19.54.01.png\" alt=\"\" width=\"1602\" height=\"884\" srcset=\"https:\/\/agora.xtec.cat\/inslavall\/wp-content\/uploads\/usu65\/2024\/05\/Captura-de-pantalla-2024-05-14-a-les-19.54.01.png 1602w, https:\/\/agora.xtec.cat\/inslavall\/wp-content\/uploads\/usu65\/2024\/05\/Captura-de-pantalla-2024-05-14-a-les-19.54.01-300x166.png 300w, https:\/\/agora.xtec.cat\/inslavall\/wp-content\/uploads\/usu65\/2024\/05\/Captura-de-pantalla-2024-05-14-a-les-19.54.01-1024x565.png 1024w, https:\/\/agora.xtec.cat\/inslavall\/wp-content\/uploads\/usu65\/2024\/05\/Captura-de-pantalla-2024-05-14-a-les-19.54.01-768x424.png 768w, https:\/\/agora.xtec.cat\/inslavall\/wp-content\/uploads\/usu65\/2024\/05\/Captura-de-pantalla-2024-05-14-a-les-19.54.01-1536x848.png 1536w\" sizes=\"auto, (max-width: 1602px) 100vw, 1602px\" \/><\/a><\/p>\n<p>&nbsp;<\/p>\n<p>&nbsp;<\/p>\n<h6><strong>M\u00e9s informaci\u00f3 sobre la\u00a0<a href=\"https:\/\/sites.google.com\/inslavall.cat\/centre-formador\/inici\"> Formaci\u00f3 en Pr\u00e0ctiques del M\u00e0ster de Professorat a l&#8217;Institut Vall de LL\u00e9mena<\/a><\/strong><\/h6>\n","protected":false},"excerpt":{"rendered":"<p>El nostre institut \u00e9s Centre Formador des del curs 2019-2020 Formem part de la xarxa de centres que formem els futurs docents de Secund\u00e0ria en la vessant de pr\u00e0ctica educativa. Tal com diu el programa de Centres Formadors, &#8220;esdevenir centre formador \u00e9s la manifestaci\u00f3 d\u2019una voluntat per contribuir a la professionalitzaci\u00f3 de la doc\u00e8ncia des [&hellip;]<\/p>\n","protected":false},"author":1,"featured_media":0,"parent":0,"menu_order":0,"comment_status":"closed","ping_status":"closed","template":"","meta":{"_bbp_topic_count":0,"_bbp_reply_count":0,"_bbp_total_topic_count":0,"_bbp_total_reply_count":0,"_bbp_voice_count":0,"_bbp_anonymous_reply_count":0,"_bbp_topic_count_hidden":0,"_bbp_reply_count_hidden":0,"_bbp_forum_subforum_count":0,"site-sidebar-layout":"default","site-content-layout":"","ast-site-content-layout":"","site-content-style":"default","site-sidebar-style":"default","ast-global-header-display":"","ast-banner-title-visibility":"","ast-main-header-display":"","ast-hfb-above-header-display":"","ast-hfb-below-header-display":"","ast-hfb-mobile-header-display":"","site-post-title":"","ast-breadcrumbs-content":"","ast-featured-img":"","footer-sml-layout":"","theme-transparent-header-meta":"","adv-header-id-meta":"","stick-header-meta":"","header-above-stick-meta":"","header-main-stick-meta":"","header-below-stick-meta":"","astra-migrate-meta-layouts":"default","ast-page-background-enabled":"default","ast-page-background-meta":{"desktop":{"background-color":"var(--ast-global-color-4)","background-image":"","background-repeat":"repeat","background-position":"center center","background-size":"auto","background-attachment":"scroll","background-type":"","background-media":"","overlay-type":"","overlay-color":"","overlay-opacity":"","overlay-gradient":""},"tablet":{"background-color":"","background-image":"","background-repeat":"repeat","background-position":"center center","background-size":"auto","background-attachment":"scroll","background-type":"","background-media":"","overlay-type":"","overlay-color":"","overlay-opacity":"","overlay-gradient":""},"mobile":{"background-color":"","background-image":"","background-repeat":"repeat","background-position":"center center","background-size":"auto","background-attachment":"scroll","background-type":"","background-media":"","overlay-type":"","overlay-color":"","overlay-opacity":"","overlay-gradient":""}},"ast-content-background-meta":{"desktop":{"background-color":"var(--ast-global-color-5)","background-image":"","background-repeat":"repeat","background-position":"center center","background-size":"auto","background-attachment":"scroll","background-type":"","background-media":"","overlay-type":"","overlay-color":"","overlay-opacity":"","overlay-gradient":""},"tablet":{"background-color":"var(--ast-global-color-5)","background-image":"","background-repeat":"repeat","background-position":"center center","background-size":"auto","background-attachment":"scroll","background-type":"","background-media":"","overlay-type":"","overlay-color":"","overlay-opacity":"","overlay-gradient":""},"mobile":{"background-color":"var(--ast-global-color-5)","background-image":"","background-repeat":"repeat","background-position":"center center","background-size":"auto","background-attachment":"scroll","background-type":"","background-media":"","overlay-type":"","overlay-color":"","overlay-opacity":"","overlay-gradient":""}},"footnotes":""},"class_list":["post-7081","page","type-page","status-publish","hentry"],"post_mailing_queue_ids":[],"_links":{"self":[{"href":"https:\/\/agora.xtec.cat\/inslavall\/wp-json\/wp\/v2\/pages\/7081","targetHints":{"allow":["GET"]}}],"collection":[{"href":"https:\/\/agora.xtec.cat\/inslavall\/wp-json\/wp\/v2\/pages"}],"about":[{"href":"https:\/\/agora.xtec.cat\/inslavall\/wp-json\/wp\/v2\/types\/page"}],"author":[{"embeddable":true,"href":"https:\/\/agora.xtec.cat\/inslavall\/wp-json\/wp\/v2\/users\/1"}],"replies":[{"embeddable":true,"href":"https:\/\/agora.xtec.cat\/inslavall\/wp-json\/wp\/v2\/comments?post=7081"}],"version-history":[{"count":5,"href":"https:\/\/agora.xtec.cat\/inslavall\/wp-json\/wp\/v2\/pages\/7081\/revisions"}],"predecessor-version":[{"id":7090,"href":"https:\/\/agora.xtec.cat\/inslavall\/wp-json\/wp\/v2\/pages\/7081\/revisions\/7090"}],"wp:attachment":[{"href":"https:\/\/agora.xtec.cat\/inslavall\/wp-json\/wp\/v2\/media?parent=7081"}],"curies":[{"name":"wp","href":"https:\/\/api.w.org\/{rel}","templated":true}]}}