{"id":597,"date":"2015-09-22T19:42:20","date_gmt":"2015-09-22T18:42:20","guid":{"rendered":"http:\/\/agora.xtec.cat\/inslavall\/?page_id=597"},"modified":"2016-10-08T14:26:44","modified_gmt":"2016-10-08T13:26:44","slug":"escola-verda","status":"publish","type":"page","link":"https:\/\/agora.xtec.cat\/inslavall\/projectes\/escola-verda\/","title":{"rendered":"Escola Verda"},"content":{"rendered":"<p>A l&#8217;hora de mirar de capgirar les tend\u00e8ncies ambientalment insostenibles presents en la nostra societat, els centres docents hi tenim un paper molt important\u00a0 i una responsabilitat directa. L\u2019educaci\u00f3 per a la sostenibilitat dels futurs ciutadans durant el seu per\u00edode de formaci\u00f3 escolar \u00e9s clau: una educaci\u00f3 consistent en un proc\u00e9s permanent i participatiu d&#8217;aprenentatge, que propugna valors i accions que contribueixen a estimular la formaci\u00f3 de societats socialment justes i ecol\u00f2gicament equilibrades.<\/p>\n<p>El nostre institut assumeix plenament aquesta responsabilitat i es marca com a objectius incorporar els principis i els valors de la sostenibilitat en tots els \u00e0mbits de la vida del nostre centre i aconseguir que aquests h\u00e0bits s&#8217;incorporin a la vida familiar. En aquesta l\u00ednia promovem de forma directa entre els nostres alumnes,\u00a0 actuacions\u00a0 encaminades a la consecuci\u00f3 de tres\u00a0 fites principals: la reducci\u00f3 del consum i dels residus, el reciclatge de deixalles i l\u2019\u00fas racional de recursos energ\u00e8tics. Les principals actuacions que es duen a terme s\u00f3n:<\/p>\n<ul>\n<li>\u00das d\u2019embolcalls reutilitzables<\/li>\n<li>\u00das de la font enlloc del\u00a0 consum de begudes envasades<\/li>\n<li>Estalvi de paper: utilitzaci\u00f3 de mitjans electr\u00f2nics<\/li>\n<li>Papereres per al paper a totes les classes, passadissos, secretaria&#8230;<\/li>\n<li>Papereres de reciclatge al pati<\/li>\n<li>Reutilitzaci\u00f3 de material escolar i llibres<\/li>\n<li>Sensibilitzaci\u00f3 pel respecte als espais naturals<\/li>\n<li>Activitats relacionades amb el materialisme i el consum sostenible<\/li>\n<li>Participaci\u00f3 en el projecte &#8220;Euronet 50\/50&#8221;\u00a0 en col\u00b7laboraci\u00f3 amb l&#8217;Ajuntament de Sant Gregori, l&#8217;Escola Agust\u00ed Gifre i la Diputaci\u00f3.<\/li>\n<\/ul>\n","protected":false},"excerpt":{"rendered":"<p>A l&#8217;hora de mirar de capgirar les tend\u00e8ncies ambientalment insostenibles presents en la nostra societat, els centres docents hi tenim un paper molt important\u00a0 i una responsabilitat directa. L\u2019educaci\u00f3 per a la sostenibilitat dels futurs ciutadans durant el seu per\u00edode de formaci\u00f3 escolar \u00e9s clau: una educaci\u00f3 consistent en un proc\u00e9s permanent i participatiu d&#8217;aprenentatge, [&hellip;]<\/p>\n","protected":false},"author":1,"featured_media":0,"parent":584,"menu_order":60,"comment_status":"closed","ping_status":"closed","template":"page-templates\/side-menu.php","meta":{"_bbp_topic_count":0,"_bbp_reply_count":0,"_bbp_total_topic_count":0,"_bbp_total_reply_count":0,"_bbp_voice_count":0,"_bbp_anonymous_reply_count":0,"_bbp_topic_count_hidden":0,"_bbp_reply_count_hidden":0,"_bbp_forum_subforum_count":0,"site-sidebar-layout":"default","site-content-layout":"","ast-site-content-layout":"","site-content-style":"default","site-sidebar-style":"default","ast-global-header-display":"","ast-banner-title-visibility":"","ast-main-header-display":"","ast-hfb-above-header-display":"","ast-hfb-below-header-display":"","ast-hfb-mobile-header-display":"","site-post-title":"","ast-breadcrumbs-content":"","ast-featured-img":"","footer-sml-layout":"","theme-transparent-header-meta":"","adv-header-id-meta":"","stick-header-meta":"","header-above-stick-meta":"","header-main-stick-meta":"","header-below-stick-meta":"","astra-migrate-meta-layouts":"default","ast-page-background-enabled":"default","ast-page-background-meta":{"desktop":{"background-color":"var(--ast-global-color-4)","background-image":"","background-repeat":"repeat","background-position":"center center","background-size":"auto","background-attachment":"scroll","background-type":"","background-media":"","overlay-type":"","overlay-color":"","overlay-opacity":"","overlay-gradient":""},"tablet":{"background-color":"","background-image":"","background-repeat":"repeat","background-position":"center center","background-size":"auto","background-attachment":"scroll","background-type":"","background-media":"","overlay-type":"","overlay-color":"","overlay-opacity":"","overlay-gradient":""},"mobile":{"background-color":"","background-image":"","background-repeat":"repeat","background-position":"center center","background-size":"auto","background-attachment":"scroll","background-type":"","background-media":"","overlay-type":"","overlay-color":"","overlay-opacity":"","overlay-gradient":""}},"ast-content-background-meta":{"desktop":{"background-color":"var(--ast-global-color-5)","background-image":"","background-repeat":"repeat","background-position":"center center","background-size":"auto","background-attachment":"scroll","background-type":"","background-media":"","overlay-type":"","overlay-color":"","overlay-opacity":"","overlay-gradient":""},"tablet":{"background-color":"var(--ast-global-color-5)","background-image":"","background-repeat":"repeat","background-position":"center center","background-size":"auto","background-attachment":"scroll","background-type":"","background-media":"","overlay-type":"","overlay-color":"","overlay-opacity":"","overlay-gradient":""},"mobile":{"background-color":"var(--ast-global-color-5)","background-image":"","background-repeat":"repeat","background-position":"center center","background-size":"auto","background-attachment":"scroll","background-type":"","background-media":"","overlay-type":"","overlay-color":"","overlay-opacity":"","overlay-gradient":""}},"footnotes":""},"class_list":["post-597","page","type-page","status-publish","hentry"],"post_mailing_queue_ids":[],"_links":{"self":[{"href":"https:\/\/agora.xtec.cat\/inslavall\/wp-json\/wp\/v2\/pages\/597","targetHints":{"allow":["GET"]}}],"collection":[{"href":"https:\/\/agora.xtec.cat\/inslavall\/wp-json\/wp\/v2\/pages"}],"about":[{"href":"https:\/\/agora.xtec.cat\/inslavall\/wp-json\/wp\/v2\/types\/page"}],"author":[{"embeddable":true,"href":"https:\/\/agora.xtec.cat\/inslavall\/wp-json\/wp\/v2\/users\/1"}],"replies":[{"embeddable":true,"href":"https:\/\/agora.xtec.cat\/inslavall\/wp-json\/wp\/v2\/comments?post=597"}],"version-history":[{"count":2,"href":"https:\/\/agora.xtec.cat\/inslavall\/wp-json\/wp\/v2\/pages\/597\/revisions"}],"predecessor-version":[{"id":1542,"href":"https:\/\/agora.xtec.cat\/inslavall\/wp-json\/wp\/v2\/pages\/597\/revisions\/1542"}],"up":[{"embeddable":true,"href":"https:\/\/agora.xtec.cat\/inslavall\/wp-json\/wp\/v2\/pages\/584"}],"wp:attachment":[{"href":"https:\/\/agora.xtec.cat\/inslavall\/wp-json\/wp\/v2\/media?parent=597"}],"curies":[{"name":"wp","href":"https:\/\/api.w.org\/{rel}","templated":true}]}}