{"id":595,"date":"2015-09-22T19:41:48","date_gmt":"2015-09-22T18:41:48","guid":{"rendered":"http:\/\/agora.xtec.cat\/inslavall\/?page_id=595"},"modified":"2024-03-01T19:12:02","modified_gmt":"2024-03-01T18:12:02","slug":"innovacio-educativa-i-recerca","status":"publish","type":"page","link":"https:\/\/agora.xtec.cat\/inslavall\/projectes\/innovacio-educativa-i-recerca\/","title":{"rendered":"Innovaci\u00f3 educativa i recerca"},"content":{"rendered":"<p>La innovaci\u00f3 educativa \u00e9s un element que ha exerceix de motor del nostre centre. Cal con\u00e8ixer els nous plantejaments pedag\u00f2gics i les noves estrat\u00e8gies d\u2019ensenyament-aprenentatge per tal de poder valorar si \u00e9s oport\u00fa aplica-les al nostre centre.<\/p>\n<p>Per\u00f2 la innovaci\u00f3 en si mateixa no aporta beneficis. Per aix\u00f2 nosaltres l\u2019associem a la recerca amb la participaci\u00f3 i supervisi\u00f3 de les universitats. No podem perdre de vista que ham d\u2019assolir els objectius educatius i els nostres alumnes han de poder desenvolupar al m\u00e0xim les seves potencialitats, per tant cal aplicar les diferents metodologies de forma sistem\u00e0tica, analitzant els resultats i fent revisions cont\u00ednues sota la mirada dels experts per tal de corregir qualsevol desviaci\u00f3 a temps i incentivar tot all\u00f2 que ens acosta a l\u2019\u00e8xit i l\u2019excel.l\u00e8ncia.<\/p>\n<p>Per altra banda volem que l\u2019institut tingui elements diferenciadors que el defineixin, que li confegeixin personalitat pr\u00f2pia i valor afegit i que li proporcionin projecci\u00f3 exterior.<\/p>\n<p>En aquesta l\u00ednia mantenim el nostre inter\u00e8s en participar en projectes d\u2019innovaci\u00f3 educativa i recerca liderats per les universitats catalanes o b\u00e9 institucions oficials. Aquest inter\u00e8s es concreta en la participaci\u00f3 en diferents propostes al llarg d&#8217;aquests anys. Actualment<\/p>\n<ul>\n<li><a href=\"https:\/\/sites.google.com\/inslavall.cat\/centre-formador\/inici\">Som Centre Formador<\/a>. El nostre centre forma futurs docents i els acollim en la fase de pr\u00e0ctiques del M\u00c0ster de Professorat de Secund\u00e0ria, dins del Marc de l&#8217;Acord del Departament d&#8217;Educaci\u00f3 i les Universitats Catalanes.<\/li>\n<li>Fomentem la formaci\u00f3 dels nostres docents en CLIL i \u00e0rees del coneixement a trav\u00e9s del programa de <a href=\"https:\/\/erasmus-plus.ec.europa.eu\/\">Erasmus+<\/a> amb job-shadowing a altres pa\u00efsos, per con\u00e8ixer altres visions i realitats educatives que ens ajudin a millorar la nostra acci\u00f3 educativa.<\/li>\n<li><a href=\"https:\/\/www.globalcities.org\/\">Global Scholars<\/a>. Som part de la Xarxa Global Scholars, alumnes de 1ESO que treballen per buscar solucions a temes globals que afecten les nostres societats.<\/li>\n<\/ul>\n","protected":false},"excerpt":{"rendered":"<p>La innovaci\u00f3 educativa \u00e9s un element que ha exerceix de motor del nostre centre. Cal con\u00e8ixer els nous plantejaments pedag\u00f2gics i les noves estrat\u00e8gies d\u2019ensenyament-aprenentatge per tal de poder valorar si \u00e9s oport\u00fa aplica-les al nostre centre. Per\u00f2 la innovaci\u00f3 en si mateixa no aporta beneficis. Per aix\u00f2 nosaltres l\u2019associem a la recerca amb la [&hellip;]<\/p>\n","protected":false},"author":1,"featured_media":0,"parent":584,"menu_order":50,"comment_status":"closed","ping_status":"closed","template":"page-templates\/side-menu.php","meta":{"_bbp_topic_count":0,"_bbp_reply_count":0,"_bbp_total_topic_count":0,"_bbp_total_reply_count":0,"_bbp_voice_count":0,"_bbp_anonymous_reply_count":0,"_bbp_topic_count_hidden":0,"_bbp_reply_count_hidden":0,"_bbp_forum_subforum_count":0,"site-sidebar-layout":"default","site-content-layout":"","ast-site-content-layout":"","site-content-style":"default","site-sidebar-style":"default","ast-global-header-display":"","ast-banner-title-visibility":"","ast-main-header-display":"","ast-hfb-above-header-display":"","ast-hfb-below-header-display":"","ast-hfb-mobile-header-display":"","site-post-title":"","ast-breadcrumbs-content":"","ast-featured-img":"","footer-sml-layout":"","theme-transparent-header-meta":"","adv-header-id-meta":"","stick-header-meta":"","header-above-stick-meta":"","header-main-stick-meta":"","header-below-stick-meta":"","astra-migrate-meta-layouts":"default","ast-page-background-enabled":"default","ast-page-background-meta":{"desktop":{"background-color":"var(--ast-global-color-4)","background-image":"","background-repeat":"repeat","background-position":"center center","background-size":"auto","background-attachment":"scroll","background-type":"","background-media":"","overlay-type":"","overlay-color":"","overlay-opacity":"","overlay-gradient":""},"tablet":{"background-color":"","background-image":"","background-repeat":"repeat","background-position":"center center","background-size":"auto","background-attachment":"scroll","background-type":"","background-media":"","overlay-type":"","overlay-color":"","overlay-opacity":"","overlay-gradient":""},"mobile":{"background-color":"","background-image":"","background-repeat":"repeat","background-position":"center center","background-size":"auto","background-attachment":"scroll","background-type":"","background-media":"","overlay-type":"","overlay-color":"","overlay-opacity":"","overlay-gradient":""}},"ast-content-background-meta":{"desktop":{"background-color":"var(--ast-global-color-5)","background-image":"","background-repeat":"repeat","background-position":"center center","background-size":"auto","background-attachment":"scroll","background-type":"","background-media":"","overlay-type":"","overlay-color":"","overlay-opacity":"","overlay-gradient":""},"tablet":{"background-color":"var(--ast-global-color-5)","background-image":"","background-repeat":"repeat","background-position":"center center","background-size":"auto","background-attachment":"scroll","background-type":"","background-media":"","overlay-type":"","overlay-color":"","overlay-opacity":"","overlay-gradient":""},"mobile":{"background-color":"var(--ast-global-color-5)","background-image":"","background-repeat":"repeat","background-position":"center center","background-size":"auto","background-attachment":"scroll","background-type":"","background-media":"","overlay-type":"","overlay-color":"","overlay-opacity":"","overlay-gradient":""}},"footnotes":""},"class_list":["post-595","page","type-page","status-publish","hentry"],"post_mailing_queue_ids":[],"_links":{"self":[{"href":"https:\/\/agora.xtec.cat\/inslavall\/wp-json\/wp\/v2\/pages\/595","targetHints":{"allow":["GET"]}}],"collection":[{"href":"https:\/\/agora.xtec.cat\/inslavall\/wp-json\/wp\/v2\/pages"}],"about":[{"href":"https:\/\/agora.xtec.cat\/inslavall\/wp-json\/wp\/v2\/types\/page"}],"author":[{"embeddable":true,"href":"https:\/\/agora.xtec.cat\/inslavall\/wp-json\/wp\/v2\/users\/1"}],"replies":[{"embeddable":true,"href":"https:\/\/agora.xtec.cat\/inslavall\/wp-json\/wp\/v2\/comments?post=595"}],"version-history":[{"count":5,"href":"https:\/\/agora.xtec.cat\/inslavall\/wp-json\/wp\/v2\/pages\/595\/revisions"}],"predecessor-version":[{"id":6888,"href":"https:\/\/agora.xtec.cat\/inslavall\/wp-json\/wp\/v2\/pages\/595\/revisions\/6888"}],"up":[{"embeddable":true,"href":"https:\/\/agora.xtec.cat\/inslavall\/wp-json\/wp\/v2\/pages\/584"}],"wp:attachment":[{"href":"https:\/\/agora.xtec.cat\/inslavall\/wp-json\/wp\/v2\/media?parent=595"}],"curies":[{"name":"wp","href":"https:\/\/api.w.org\/{rel}","templated":true}]}}