{"id":576,"date":"2015-09-22T19:28:44","date_gmt":"2015-09-22T18:28:44","guid":{"rendered":"http:\/\/agora.xtec.cat\/inslavall\/?page_id=576"},"modified":"2019-06-16T01:33:23","modified_gmt":"2019-06-15T23:33:23","slug":"comissions","status":"publish","type":"page","link":"https:\/\/agora.xtec.cat\/inslavall\/linstitut\/organigrama\/comissions\/","title":{"rendered":"Comissions"},"content":{"rendered":"<p>Les comissions s\u00f3n grups de treball que es constitueixen per dur a terme una s\u00e8rie de tasques centrades en un tema determinat que t\u00e9 un car\u00e0cter rellevant dins la l\u00ednia pedag\u00f2gica del centre.<\/p>\n<p>L&#8217;organitzaci\u00f3 en grups de treball especialitzats amb un nombre redu\u00eft de persones facilita la feina i la fa m\u00e9s operativa i efica\u00e7.<\/p>\n<p><strong>COMISSI\u00d3 D&#8217;ATENCI\u00d3 A LA DIVERSITAT (CAD)<\/strong><\/p>\n<p>La Comissi\u00f3 d\u2019Atenci\u00f3 a la Diversitat (CAD) t\u00e9 com a objectiu planificar i fer el seguiment de les actuacions que es duguin a terme per atendre la diversitat de necessitats educatives de l\u2019alumnat.<\/p>\n<p>Est\u00e0 integrada pel\/per la cap d\u2019estudis que la presideix i convoca, la coordinaci\u00f3 d\u2019ESO, la coordinaci\u00f3 de diversitat, el\/la coordinador\/a TIC, els\/les caps d\u2019\u00e0mbit ling\u00fc\u00edstic i cinet\u00edfic-tecnol\u00f2gic i altre professorat que el centre consideri convenient, com pot ser el tutor\/a o docents que atenguin de manera espec\u00edfica alumnat amb especials dificultats d\u2019aprenentatge o conducta o sobre-dotaci\u00f3, aix\u00ed com el o la professional de l\u2019equip d\u2019assessorament psicopedag\u00f2gic (EAP) que interv\u00e9 en el centre.<\/p>\n<p><strong>Composici\u00f3 de la CAD del centre<\/strong><\/p>\n<table style=\"height: 279px;\" border=\"1\">\n<tbody>\n<tr style=\"height: 31px;\">\n<td style=\"height: 31px; width: 213px;\">Coordinadora Pedag\u00f2gica<\/td>\n<td style=\"height: 31px; width: 20px;\"><\/td>\n<\/tr>\n<tr style=\"height: 31px;\">\n<td style=\"height: 31px; width: 213px;\">Coordinaci\u00f3 d&#8217;ESO<\/td>\n<td style=\"height: 31px; width: 20px;\"><\/td>\n<\/tr>\n<tr style=\"height: 31px;\">\n<td style=\"height: 31px; width: 213px;\">Orientador\/a educativa<\/td>\n<td style=\"height: 31px; width: 20px;\"><\/td>\n<\/tr>\n<tr style=\"height: 31px;\">\n<td style=\"height: 31px; width: 213px;\">Coordinaci\u00f3 TIC-TAC<\/td>\n<td style=\"height: 31px; width: 20px;\"><\/td>\n<\/tr>\n<tr style=\"height: 31px;\">\n<td style=\"height: 31px; width: 213px;\">Cap d&#8217;\u00e0mbit ling\u00fc\u00edstic<\/td>\n<td style=\"height: 31px; width: 20px;\"><\/td>\n<\/tr>\n<tr style=\"height: 31px;\">\n<td style=\"height: 31px; width: 213px;\">Cap d&#8217;\u00e0mbit matem\u00e0tic<\/td>\n<td style=\"height: 31px; width: 20px;\"><\/td>\n<\/tr>\n<tr style=\"height: 31px;\">\n<td style=\"height: 31px; width: 213px;\">EAP<\/td>\n<td style=\"height: 31px; width: 20px;\"><\/td>\n<\/tr>\n<\/tbody>\n<\/table>\n<p>&nbsp;<\/p>\n<p><strong>COMISSI\u00d3 TAC, MULTIM\u00c8DIA I AUDIOVISUAL<\/strong><\/p>\n<p>A fi de potenciar l\u2019\u00fas educatiu de les TIC i assessorar l\u2019equip directiu, el claustre i la comunitat educativa en la seva optimaci\u00f3, es compta amb la comissi\u00f3 TAC, multim\u00e8dia i audiovisual formada per un membre de l\u2019equip directiu, el coordinador\/a de TIC- TAC del centre i un professor de cada \u00e0mbit.<\/p>\n<p>Aquesta comissi\u00f3 es reunir\u00e0 com a m\u00ednim un cop per trimestre i analitzar\u00e0 el desplegament i desenvolupament estrat\u00e8gic de les noves tecnologies i els mitjans audiovisuals en el centre.<\/p>\n<p><strong>Composici\u00f3 de la CTMA del centre<\/strong><\/p>\n<table style=\"height: 155px;\" border=\"1\">\n<tbody>\n<tr style=\"height: 31px;\">\n<td style=\"vertical-align: middle; height: 31px; width: 188px;\">Direcci\u00f3<\/td>\n<td style=\"vertical-align: middle; height: 31px; width: 20px;\"><\/td>\n<\/tr>\n<tr style=\"height: 31px;\">\n<td style=\"vertical-align: middle; height: 31px; width: 188px;\">Coordinaci\u00f3 Pedag\u00f2gica<\/td>\n<td style=\"vertical-align: middle; height: 31px; width: 20px;\"><\/td>\n<\/tr>\n<tr style=\"height: 31px;\">\n<td style=\"vertical-align: middle; height: 31px; width: 188px;\">Coordinaci\u00f3 TIC-TAC<\/td>\n<td style=\"vertical-align: middle; height: 31px; width: 20px;\"><\/td>\n<\/tr>\n<tr style=\"height: 31px;\">\n<td style=\"vertical-align: middle; height: 31px; width: 188px;\">Coordinaci\u00f3 d&#8217;Audiovisuals<\/td>\n<td style=\"vertical-align: middle; height: 31px; width: 20px;\"><\/td>\n<\/tr>\n<\/tbody>\n<\/table>\n<p>&nbsp;<\/p>\n<p><strong>COMISSI\u00d3 IMPULSORA DEL PLURILING\u00dcISME AL CENTRE (CIPC)<\/strong><\/p>\n<p>Amb l\u2019objectiu de millorar les compet\u00e8ncies comunicatives en llengua estrangera de l\u2019alumnat, el centre ha creat aquesta comissi\u00f3 i participa del programa GEP per al pluriling\u00fcisme que impulsa el Departament d\u2019Ensenyament a trav\u00e9s de la subdirecci\u00f3 General de Llengua i Pluriling\u00fcisme.<\/p>\n<p>La funci\u00f3\u00a0 d&#8217;aquesta comissi\u00f3 b\u00e0sicament la de compartir objectius, actuacions i metodologies amb tot el claustre i vetllar per l\u2019expansi\u00f3 i consolidaci\u00f3 de les accions per al pluriling\u00fcisme al centre i impulsar l\u2019actuaci\u00f3 coordinada del professorat per al disseny i aplicaci\u00f3 de projectes pluriling\u00fces transcurriculars, el foment de l\u2019aprenentatge entre iguals i la transfer\u00e8ncia de bones pr\u00e0ctiques.<\/p>\n<p><strong>Composici\u00f3 de la CIP\u00a0del centre<\/strong><\/p>\n<table style=\"width: 424px;\" border=\"1\">\n<tbody>\n<tr>\n<td style=\"width: 418px;\">Representant de la Direcci\u00f3 (Coordinaci\u00f3 Pedag\u00f2gica)<\/td>\n<\/tr>\n<tr>\n<td style=\"width: 418px;\">Cap d&#8217;\u00e0mbit ling\u00fc\u00edstic<\/td>\n<\/tr>\n<tr>\n<td style=\"width: 418px;\" rowspan=\"3\">Professors que imparteixen doc\u00e8ncia en llengua estrangera<\/td>\n<\/tr>\n<\/tbody>\n<\/table>\n<p>&nbsp;<\/p>\n","protected":false},"excerpt":{"rendered":"<p>Les comissions s\u00f3n grups de treball que es constitueixen per dur a terme una s\u00e8rie de tasques centrades en un tema determinat que t\u00e9 un car\u00e0cter rellevant dins la l\u00ednia pedag\u00f2gica del centre. L&#8217;organitzaci\u00f3 en grups de treball especialitzats amb un nombre redu\u00eft de persones facilita la feina i la fa m\u00e9s operativa i efica\u00e7. [&hellip;]<\/p>\n","protected":false},"author":1,"featured_media":0,"parent":46,"menu_order":600,"comment_status":"closed","ping_status":"closed","template":"page-templates\/side-menu.php","meta":{"_bbp_topic_count":0,"_bbp_reply_count":0,"_bbp_total_topic_count":0,"_bbp_total_reply_count":0,"_bbp_voice_count":0,"_bbp_anonymous_reply_count":0,"_bbp_topic_count_hidden":0,"_bbp_reply_count_hidden":0,"_bbp_forum_subforum_count":0,"site-sidebar-layout":"default","site-content-layout":"","ast-site-content-layout":"","site-content-style":"default","site-sidebar-style":"default","ast-global-header-display":"","ast-banner-title-visibility":"","ast-main-header-display":"","ast-hfb-above-header-display":"","ast-hfb-below-header-display":"","ast-hfb-mobile-header-display":"","site-post-title":"","ast-breadcrumbs-content":"","ast-featured-img":"","footer-sml-layout":"","theme-transparent-header-meta":"","adv-header-id-meta":"","stick-header-meta":"","header-above-stick-meta":"","header-main-stick-meta":"","header-below-stick-meta":"","astra-migrate-meta-layouts":"default","ast-page-background-enabled":"default","ast-page-background-meta":{"desktop":{"background-color":"var(--ast-global-color-4)","background-image":"","background-repeat":"repeat","background-position":"center center","background-size":"auto","background-attachment":"scroll","background-type":"","background-media":"","overlay-type":"","overlay-color":"","overlay-opacity":"","overlay-gradient":""},"tablet":{"background-color":"","background-image":"","background-repeat":"repeat","background-position":"center center","background-size":"auto","background-attachment":"scroll","background-type":"","background-media":"","overlay-type":"","overlay-color":"","overlay-opacity":"","overlay-gradient":""},"mobile":{"background-color":"","background-image":"","background-repeat":"repeat","background-position":"center center","background-size":"auto","background-attachment":"scroll","background-type":"","background-media":"","overlay-type":"","overlay-color":"","overlay-opacity":"","overlay-gradient":""}},"ast-content-background-meta":{"desktop":{"background-color":"var(--ast-global-color-5)","background-image":"","background-repeat":"repeat","background-position":"center center","background-size":"auto","background-attachment":"scroll","background-type":"","background-media":"","overlay-type":"","overlay-color":"","overlay-opacity":"","overlay-gradient":""},"tablet":{"background-color":"var(--ast-global-color-5)","background-image":"","background-repeat":"repeat","background-position":"center center","background-size":"auto","background-attachment":"scroll","background-type":"","background-media":"","overlay-type":"","overlay-color":"","overlay-opacity":"","overlay-gradient":""},"mobile":{"background-color":"var(--ast-global-color-5)","background-image":"","background-repeat":"repeat","background-position":"center center","background-size":"auto","background-attachment":"scroll","background-type":"","background-media":"","overlay-type":"","overlay-color":"","overlay-opacity":"","overlay-gradient":""}},"footnotes":""},"class_list":["post-576","page","type-page","status-publish","hentry"],"post_mailing_queue_ids":[],"_links":{"self":[{"href":"https:\/\/agora.xtec.cat\/inslavall\/wp-json\/wp\/v2\/pages\/576","targetHints":{"allow":["GET"]}}],"collection":[{"href":"https:\/\/agora.xtec.cat\/inslavall\/wp-json\/wp\/v2\/pages"}],"about":[{"href":"https:\/\/agora.xtec.cat\/inslavall\/wp-json\/wp\/v2\/types\/page"}],"author":[{"embeddable":true,"href":"https:\/\/agora.xtec.cat\/inslavall\/wp-json\/wp\/v2\/users\/1"}],"replies":[{"embeddable":true,"href":"https:\/\/agora.xtec.cat\/inslavall\/wp-json\/wp\/v2\/comments?post=576"}],"version-history":[{"count":3,"href":"https:\/\/agora.xtec.cat\/inslavall\/wp-json\/wp\/v2\/pages\/576\/revisions"}],"predecessor-version":[{"id":3476,"href":"https:\/\/agora.xtec.cat\/inslavall\/wp-json\/wp\/v2\/pages\/576\/revisions\/3476"}],"up":[{"embeddable":true,"href":"https:\/\/agora.xtec.cat\/inslavall\/wp-json\/wp\/v2\/pages\/46"}],"wp:attachment":[{"href":"https:\/\/agora.xtec.cat\/inslavall\/wp-json\/wp\/v2\/media?parent=576"}],"curies":[{"name":"wp","href":"https:\/\/api.w.org\/{rel}","templated":true}]}}