{"id":559,"date":"2015-09-22T19:12:41","date_gmt":"2015-09-22T18:12:41","guid":{"rendered":"http:\/\/agora.xtec.cat\/inslavall\/?page_id=559"},"modified":"2020-11-02T17:12:59","modified_gmt":"2020-11-02T16:12:59","slug":"pla-demergencia","status":"publish","type":"page","link":"https:\/\/agora.xtec.cat\/inslavall\/documents-de-centre\/pla-demergencia\/","title":{"rendered":"Pla d&#8217;Emerg\u00e8ncia"},"content":{"rendered":"<p>El pla d&#8217;emerg\u00e8ncia de centre \u00e9s una eina destinada\u00a0 vetllar per la seguretat i la protecci\u00f3 de totes les persones que conviuen en el centre.<\/p>\n<p>Consultar els documents:<\/p>\n<p><a href=\"https:\/\/drive.google.com\/file\/d\/16ddZY_0CS_PDqc0TxKIync4qBbdFehaS\/view?usp=sharing\" target=\"_blank\" rel=\"noopener noreferrer\"><span style=\"color: blue;\"><u>Pla d&#8217;emerg\u00e8ncia<\/u><\/span><\/a><\/p>\n<p><a href=\"https:\/\/docs.google.com\/presentation\/d\/1kw97I63OlIfULY9WP-FqB3hnXGDpMI3iMYfJMiRwD1s\/edit?usp=sharing\" target=\"_blank\" rel=\"noopener noreferrer\"><span style=\"color: blue;\"><u>Presentaci\u00f3 per a l&#8217;alumnat<\/u><\/span><\/a><\/p>\n<p><a href=\"https:\/\/docs.google.com\/presentation\/d\/1JWtelmwWYifmCx_DjGHQR_OR3U7FsApkrV_QZya2a7Q\/edit?usp=sharing\" target=\"_blank\" rel=\"noopener noreferrer\"><span style=\"color: blue;\"><u>Presentaci\u00f3 per al professorat<\/u><\/span><\/a><\/p>\n<p><a href=\"http:\/\/agora.xtec.cat\/inslavall\/wp-content\/uploads\/usu65\/2015\/09\/Planol-EVACUACI\u00d3-INS-NOU-ST-GREGORI.pdf\" target=\"_blank\" rel=\"noopener noreferrer\"><span style=\"color: blue;\"><u>Pl\u00e0nol EVACUACI\u00d3<\/u><\/span><\/a><\/p>\n","protected":false},"excerpt":{"rendered":"<p>El pla d&#8217;emerg\u00e8ncia de centre \u00e9s una eina destinada\u00a0 vetllar per la seguretat i la protecci\u00f3 de totes les persones que conviuen en el centre. Consultar els documents: Pla d&#8217;emerg\u00e8ncia Presentaci\u00f3 per a l&#8217;alumnat Presentaci\u00f3 per al professorat Pl\u00e0nol EVACUACI\u00d3<\/p>\n","protected":false},"author":1,"featured_media":0,"parent":538,"menu_order":50,"comment_status":"closed","ping_status":"closed","template":"page-templates\/side-menu.php","meta":{"_bbp_topic_count":0,"_bbp_reply_count":0,"_bbp_total_topic_count":0,"_bbp_total_reply_count":0,"_bbp_voice_count":0,"_bbp_anonymous_reply_count":0,"_bbp_topic_count_hidden":0,"_bbp_reply_count_hidden":0,"_bbp_forum_subforum_count":0,"site-sidebar-layout":"default","site-content-layout":"","ast-site-content-layout":"","site-content-style":"default","site-sidebar-style":"default","ast-global-header-display":"","ast-banner-title-visibility":"","ast-main-header-display":"","ast-hfb-above-header-display":"","ast-hfb-below-header-display":"","ast-hfb-mobile-header-display":"","site-post-title":"","ast-breadcrumbs-content":"","ast-featured-img":"","footer-sml-layout":"","theme-transparent-header-meta":"","adv-header-id-meta":"","stick-header-meta":"","header-above-stick-meta":"","header-main-stick-meta":"","header-below-stick-meta":"","astra-migrate-meta-layouts":"default","ast-page-background-enabled":"default","ast-page-background-meta":{"desktop":{"background-color":"var(--ast-global-color-4)","background-image":"","background-repeat":"repeat","background-position":"center center","background-size":"auto","background-attachment":"scroll","background-type":"","background-media":"","overlay-type":"","overlay-color":"","overlay-opacity":"","overlay-gradient":""},"tablet":{"background-color":"","background-image":"","background-repeat":"repeat","background-position":"center center","background-size":"auto","background-attachment":"scroll","background-type":"","background-media":"","overlay-type":"","overlay-color":"","overlay-opacity":"","overlay-gradient":""},"mobile":{"background-color":"","background-image":"","background-repeat":"repeat","background-position":"center center","background-size":"auto","background-attachment":"scroll","background-type":"","background-media":"","overlay-type":"","overlay-color":"","overlay-opacity":"","overlay-gradient":""}},"ast-content-background-meta":{"desktop":{"background-color":"var(--ast-global-color-5)","background-image":"","background-repeat":"repeat","background-position":"center center","background-size":"auto","background-attachment":"scroll","background-type":"","background-media":"","overlay-type":"","overlay-color":"","overlay-opacity":"","overlay-gradient":""},"tablet":{"background-color":"var(--ast-global-color-5)","background-image":"","background-repeat":"repeat","background-position":"center center","background-size":"auto","background-attachment":"scroll","background-type":"","background-media":"","overlay-type":"","overlay-color":"","overlay-opacity":"","overlay-gradient":""},"mobile":{"background-color":"var(--ast-global-color-5)","background-image":"","background-repeat":"repeat","background-position":"center center","background-size":"auto","background-attachment":"scroll","background-type":"","background-media":"","overlay-type":"","overlay-color":"","overlay-opacity":"","overlay-gradient":""}},"footnotes":""},"class_list":["post-559","page","type-page","status-publish","hentry"],"post_mailing_queue_ids":[],"_links":{"self":[{"href":"https:\/\/agora.xtec.cat\/inslavall\/wp-json\/wp\/v2\/pages\/559","targetHints":{"allow":["GET"]}}],"collection":[{"href":"https:\/\/agora.xtec.cat\/inslavall\/wp-json\/wp\/v2\/pages"}],"about":[{"href":"https:\/\/agora.xtec.cat\/inslavall\/wp-json\/wp\/v2\/types\/page"}],"author":[{"embeddable":true,"href":"https:\/\/agora.xtec.cat\/inslavall\/wp-json\/wp\/v2\/users\/1"}],"replies":[{"embeddable":true,"href":"https:\/\/agora.xtec.cat\/inslavall\/wp-json\/wp\/v2\/comments?post=559"}],"version-history":[{"count":4,"href":"https:\/\/agora.xtec.cat\/inslavall\/wp-json\/wp\/v2\/pages\/559\/revisions"}],"predecessor-version":[{"id":4743,"href":"https:\/\/agora.xtec.cat\/inslavall\/wp-json\/wp\/v2\/pages\/559\/revisions\/4743"}],"up":[{"embeddable":true,"href":"https:\/\/agora.xtec.cat\/inslavall\/wp-json\/wp\/v2\/pages\/538"}],"wp:attachment":[{"href":"https:\/\/agora.xtec.cat\/inslavall\/wp-json\/wp\/v2\/media?parent=559"}],"curies":[{"name":"wp","href":"https:\/\/api.w.org\/{rel}","templated":true}]}}