{"id":550,"date":"2015-09-22T19:05:01","date_gmt":"2015-09-22T18:05:01","guid":{"rendered":"http:\/\/agora.xtec.cat\/inslavall\/?page_id=550"},"modified":"2026-01-14T10:56:25","modified_gmt":"2026-01-14T09:56:25","slug":"projecte-educatiu-de-centre-pec","status":"publish","type":"page","link":"https:\/\/agora.xtec.cat\/inslavall\/documents-de-centre\/projecte-educatiu-de-centre-pec\/","title":{"rendered":"Projecte Educatiu de Centre (PEC)"},"content":{"rendered":"<div>\n<p>Podr\u00edem definir el <strong>PEC<\/strong> com el document que recull les decisions de la comunitat educativa sobre la identitat, els principis b\u00e0sics i les opcions educatives del centre. T\u00e9 la finalitat d\u2019orientar l\u2019activitat de cada centre, donar-hi sentit i respondre a les seves necessitats particulars. En el PEC el centre imprimeix la seva personalitat.<\/p>\n<p>La LEC atorga al projecte educatiu de centre una import\u00e0ncia cabdal com a document inspirador de l\u2019activitat educativa d\u2019un centre escolar. Es tracta del primer document, que constitueix el punt de partida de la planificaci\u00f3 d\u2019un centre i concreta el principi d\u2019autonomia que les lleis reconeixen als centres educatius.<\/p>\n<p><a href=\"https:\/\/docs.google.com\/document\/d\/1rbtwJTJJj881Q2RdUrKMFBPkaKYDd1XdD8Ns6_NkxOE\/edit?usp=sharing\"><b>ENLLA\u00c7 AL PEC<\/b><\/a><\/p>\n<\/div>\n<div style=\"display: none;\"><a href=\"https:\/\/agora.xtec.cat\/inslavall\/wp-content\/uploads\/usu65\/2024\/12\/PEC_Vall-de-Llemena_EN-REVISIO.pdf\">PEC_Vall de Lle\u0301mena_EN REVISIO<\/a><\/div>\n<div style=\"display: none;\"><\/div>\n<div style=\"display: none;\"><\/div>\n<div style=\"display: none;\"><\/div>\n<p><!----comment node----><\/p>\n<div id=\"gtx-trans\" style=\"position: absolute; left: -9px; top: 179.422px;\">\n<div class=\"gtx-trans-icon\"><\/div>\n<\/div>\n<p><!--a=1--><\/p>\n","protected":false},"excerpt":{"rendered":"<p>Podr\u00edem definir el PEC com el document que recull les decisions de la comunitat educativa sobre la identitat, els principis b\u00e0sics i les opcions educatives del centre. T\u00e9 la finalitat d\u2019orientar l\u2019activitat de cada centre, donar-hi sentit i respondre a les seves necessitats particulars. En el PEC el centre imprimeix la seva personalitat. La LEC [&hellip;]<\/p>\n","protected":false},"author":1,"featured_media":0,"parent":538,"menu_order":10,"comment_status":"closed","ping_status":"closed","template":"page-templates\/side-menu.php","meta":{"_bbp_topic_count":0,"_bbp_reply_count":0,"_bbp_total_topic_count":0,"_bbp_total_reply_count":0,"_bbp_voice_count":0,"_bbp_anonymous_reply_count":0,"_bbp_topic_count_hidden":0,"_bbp_reply_count_hidden":0,"_bbp_forum_subforum_count":0,"site-sidebar-layout":"default","site-content-layout":"","ast-site-content-layout":"","site-content-style":"default","site-sidebar-style":"default","ast-global-header-display":"","ast-banner-title-visibility":"","ast-main-header-display":"","ast-hfb-above-header-display":"","ast-hfb-below-header-display":"","ast-hfb-mobile-header-display":"","site-post-title":"","ast-breadcrumbs-content":"","ast-featured-img":"","footer-sml-layout":"","theme-transparent-header-meta":"","adv-header-id-meta":"","stick-header-meta":"","header-above-stick-meta":"","header-main-stick-meta":"","header-below-stick-meta":"","astra-migrate-meta-layouts":"default","ast-page-background-enabled":"default","ast-page-background-meta":{"desktop":{"background-color":"var(--ast-global-color-4)","background-image":"","background-repeat":"repeat","background-position":"center center","background-size":"auto","background-attachment":"scroll","background-type":"","background-media":"","overlay-type":"","overlay-color":"","overlay-opacity":"","overlay-gradient":""},"tablet":{"background-color":"","background-image":"","background-repeat":"repeat","background-position":"center center","background-size":"auto","background-attachment":"scroll","background-type":"","background-media":"","overlay-type":"","overlay-color":"","overlay-opacity":"","overlay-gradient":""},"mobile":{"background-color":"","background-image":"","background-repeat":"repeat","background-position":"center center","background-size":"auto","background-attachment":"scroll","background-type":"","background-media":"","overlay-type":"","overlay-color":"","overlay-opacity":"","overlay-gradient":""}},"ast-content-background-meta":{"desktop":{"background-color":"var(--ast-global-color-5)","background-image":"","background-repeat":"repeat","background-position":"center center","background-size":"auto","background-attachment":"scroll","background-type":"","background-media":"","overlay-type":"","overlay-color":"","overlay-opacity":"","overlay-gradient":""},"tablet":{"background-color":"var(--ast-global-color-5)","background-image":"","background-repeat":"repeat","background-position":"center center","background-size":"auto","background-attachment":"scroll","background-type":"","background-media":"","overlay-type":"","overlay-color":"","overlay-opacity":"","overlay-gradient":""},"mobile":{"background-color":"var(--ast-global-color-5)","background-image":"","background-repeat":"repeat","background-position":"center center","background-size":"auto","background-attachment":"scroll","background-type":"","background-media":"","overlay-type":"","overlay-color":"","overlay-opacity":"","overlay-gradient":""}},"footnotes":""},"class_list":["post-550","page","type-page","status-publish","hentry"],"post_mailing_queue_ids":[],"_links":{"self":[{"href":"https:\/\/agora.xtec.cat\/inslavall\/wp-json\/wp\/v2\/pages\/550","targetHints":{"allow":["GET"]}}],"collection":[{"href":"https:\/\/agora.xtec.cat\/inslavall\/wp-json\/wp\/v2\/pages"}],"about":[{"href":"https:\/\/agora.xtec.cat\/inslavall\/wp-json\/wp\/v2\/types\/page"}],"author":[{"embeddable":true,"href":"https:\/\/agora.xtec.cat\/inslavall\/wp-json\/wp\/v2\/users\/1"}],"replies":[{"embeddable":true,"href":"https:\/\/agora.xtec.cat\/inslavall\/wp-json\/wp\/v2\/comments?post=550"}],"version-history":[{"count":6,"href":"https:\/\/agora.xtec.cat\/inslavall\/wp-json\/wp\/v2\/pages\/550\/revisions"}],"predecessor-version":[{"id":8219,"href":"https:\/\/agora.xtec.cat\/inslavall\/wp-json\/wp\/v2\/pages\/550\/revisions\/8219"}],"up":[{"embeddable":true,"href":"https:\/\/agora.xtec.cat\/inslavall\/wp-json\/wp\/v2\/pages\/538"}],"wp:attachment":[{"href":"https:\/\/agora.xtec.cat\/inslavall\/wp-json\/wp\/v2\/media?parent=550"}],"curies":[{"name":"wp","href":"https:\/\/api.w.org\/{rel}","templated":true}]}}