{"id":538,"date":"2015-09-18T19:56:30","date_gmt":"2015-09-18T18:56:30","guid":{"rendered":"http:\/\/agora.xtec.cat\/inslavall\/?page_id=538"},"modified":"2024-12-16T11:34:29","modified_gmt":"2024-12-16T10:34:29","slug":"documents-de-centre","status":"publish","type":"page","link":"https:\/\/agora.xtec.cat\/inslavall\/documents-de-centre\/","title":{"rendered":"Documents de centre"},"content":{"rendered":"<p data-canvas-width=\"511.36\">La legislaci\u00f3 vigent preveu que tots els centres elaborin els seus documents de gesti\u00f3 com a eines eficaces que els han de permetre un exercici responsable de l&#8217;autonomia reconeguda.<\/p>\n<p data-canvas-width=\"511.36\">Un dels pilars fonamentals del centre \u00e9s la comunicaci\u00f3 amb la comunitat educativa i, per aix\u00f2, considerem una acci\u00f3 estrat\u00e8gica tenir publicada tota la documentaci\u00f3 que regeix la nostra actuaci\u00f3.<\/p>\n<p data-canvas-width=\"511.36\"><strong>PLA DOCUMENTAL DEL CENTRE<\/strong><\/p>\n<p data-canvas-width=\"511.36\"><em>DOCUMENTS OFICIALS<\/em><\/p>\n<ul>\n<li data-canvas-width=\"511.36\"><a href=\"https:\/\/agora.xtec.cat\/inslavall\/documents-de-centre\/projecte-educatiu-de-centre-pec\/\">Projecte Educatiu de Centre (PEC)<\/a><\/li>\n<li data-canvas-width=\"511.36\">Projecte de Direcci\u00f3 (PdD)<\/li>\n<li data-canvas-width=\"511.36\">Programaci\u00f3 General Anual (PGA)<\/li>\n<li data-canvas-width=\"511.36\">Mem\u00f2ria Anual<\/li>\n<li data-canvas-width=\"511.36\">Normes d&#8217;Organitzaci\u00f3 i Funcionament del Centre (NOFC)<\/li>\n<li data-canvas-width=\"511.36\">Project Curricular de Centre (PCC)<\/li>\n<li data-canvas-width=\"511.36\">Pla d&#8217;Acci\u00f3 Tutorial (PAT)<\/li>\n<li data-canvas-width=\"511.36\">Projecte Ling\u00fc\u00edstic<\/li>\n<li data-canvas-width=\"511.36\">Pla d&#8217;Emerg\u00e8ncia<\/li>\n<\/ul>\n<p><em>ALTRES DOCUMENTS<\/em><\/p>\n<ul>\n<li>Pla Lector<\/li>\n<li>R\u00fabriques<\/li>\n<\/ul>\n<div style=\"display: none;\"><\/div>\n<div style=\"display: none;\"><\/div>\n","protected":false},"excerpt":{"rendered":"<p>La legislaci\u00f3 vigent preveu que tots els centres elaborin els seus documents de gesti\u00f3 com a eines eficaces que els han de permetre un exercici responsable de l&#8217;autonomia reconeguda. Un dels pilars fonamentals del centre \u00e9s la comunicaci\u00f3 amb la comunitat educativa i, per aix\u00f2, considerem una acci\u00f3 estrat\u00e8gica tenir publicada tota la documentaci\u00f3 que [&hellip;]<\/p>\n","protected":false},"author":1,"featured_media":0,"parent":0,"menu_order":0,"comment_status":"closed","ping_status":"closed","template":"page-templates\/side-menu.php","meta":{"_bbp_topic_count":0,"_bbp_reply_count":0,"_bbp_total_topic_count":0,"_bbp_total_reply_count":0,"_bbp_voice_count":0,"_bbp_anonymous_reply_count":0,"_bbp_topic_count_hidden":0,"_bbp_reply_count_hidden":0,"_bbp_forum_subforum_count":0,"site-sidebar-layout":"default","site-content-layout":"","ast-site-content-layout":"","site-content-style":"default","site-sidebar-style":"default","ast-global-header-display":"","ast-banner-title-visibility":"","ast-main-header-display":"","ast-hfb-above-header-display":"","ast-hfb-below-header-display":"","ast-hfb-mobile-header-display":"","site-post-title":"","ast-breadcrumbs-content":"","ast-featured-img":"","footer-sml-layout":"","theme-transparent-header-meta":"","adv-header-id-meta":"","stick-header-meta":"","header-above-stick-meta":"","header-main-stick-meta":"","header-below-stick-meta":"","astra-migrate-meta-layouts":"default","ast-page-background-enabled":"default","ast-page-background-meta":{"desktop":{"background-color":"var(--ast-global-color-4)","background-image":"","background-repeat":"repeat","background-position":"center center","background-size":"auto","background-attachment":"scroll","background-type":"","background-media":"","overlay-type":"","overlay-color":"","overlay-opacity":"","overlay-gradient":""},"tablet":{"background-color":"","background-image":"","background-repeat":"repeat","background-position":"center center","background-size":"auto","background-attachment":"scroll","background-type":"","background-media":"","overlay-type":"","overlay-color":"","overlay-opacity":"","overlay-gradient":""},"mobile":{"background-color":"","background-image":"","background-repeat":"repeat","background-position":"center center","background-size":"auto","background-attachment":"scroll","background-type":"","background-media":"","overlay-type":"","overlay-color":"","overlay-opacity":"","overlay-gradient":""}},"ast-content-background-meta":{"desktop":{"background-color":"var(--ast-global-color-5)","background-image":"","background-repeat":"repeat","background-position":"center center","background-size":"auto","background-attachment":"scroll","background-type":"","background-media":"","overlay-type":"","overlay-color":"","overlay-opacity":"","overlay-gradient":""},"tablet":{"background-color":"var(--ast-global-color-5)","background-image":"","background-repeat":"repeat","background-position":"center center","background-size":"auto","background-attachment":"scroll","background-type":"","background-media":"","overlay-type":"","overlay-color":"","overlay-opacity":"","overlay-gradient":""},"mobile":{"background-color":"var(--ast-global-color-5)","background-image":"","background-repeat":"repeat","background-position":"center center","background-size":"auto","background-attachment":"scroll","background-type":"","background-media":"","overlay-type":"","overlay-color":"","overlay-opacity":"","overlay-gradient":""}},"footnotes":""},"class_list":["post-538","page","type-page","status-publish","hentry"],"post_mailing_queue_ids":[],"_links":{"self":[{"href":"https:\/\/agora.xtec.cat\/inslavall\/wp-json\/wp\/v2\/pages\/538","targetHints":{"allow":["GET"]}}],"collection":[{"href":"https:\/\/agora.xtec.cat\/inslavall\/wp-json\/wp\/v2\/pages"}],"about":[{"href":"https:\/\/agora.xtec.cat\/inslavall\/wp-json\/wp\/v2\/types\/page"}],"author":[{"embeddable":true,"href":"https:\/\/agora.xtec.cat\/inslavall\/wp-json\/wp\/v2\/users\/1"}],"replies":[{"embeddable":true,"href":"https:\/\/agora.xtec.cat\/inslavall\/wp-json\/wp\/v2\/comments?post=538"}],"version-history":[{"count":6,"href":"https:\/\/agora.xtec.cat\/inslavall\/wp-json\/wp\/v2\/pages\/538\/revisions"}],"predecessor-version":[{"id":7414,"href":"https:\/\/agora.xtec.cat\/inslavall\/wp-json\/wp\/v2\/pages\/538\/revisions\/7414"}],"wp:attachment":[{"href":"https:\/\/agora.xtec.cat\/inslavall\/wp-json\/wp\/v2\/media?parent=538"}],"curies":[{"name":"wp","href":"https:\/\/api.w.org\/{rel}","templated":true}]}}