{"id":5083,"date":"2021-04-24T18:56:53","date_gmt":"2021-04-24T16:56:53","guid":{"rendered":"https:\/\/agora.xtec.cat\/inslavall\/?page_id=5083"},"modified":"2026-03-02T12:47:56","modified_gmt":"2026-03-02T11:47:56","slug":"cicles","status":"publish","type":"page","link":"https:\/\/agora.xtec.cat\/inslavall\/cicles\/","title":{"rendered":"BENVINGUTS AL CFGM DE V\u00cdDEO DISCJ\u00d2QUEI I SO"},"content":{"rendered":"\n<div class=\"wp-block-getwid-media-text-slider wp-block-getwid-media-text-slider--current-slide-1 has-arrows-outside has-dots-outside\" data-labels=\"[&quot;Slide 1&quot;]\" data-animation=\"fadeIn\" data-duration=\"1500ms\" data-delay=\"0ms\"><div class=\"wp-block-getwid-media-text-slider__slides-wrapper\"><div class=\"wp-block-getwid-media-text-slider__content\" data-slide-autoplay=\"false\" data-slide-pause-on-hover=\"true\" data-slide-autoplay-speed=\"5000\" data-slide-speed=\"1000\" data-infinite=\"true\">\n<div style=\"min-height:350px\" class=\"wp-block-getwid-media-text-slider-slide wp-block-getwid-media-text-slider-slide__content-wrapper slide-1\"><div style=\"min-height:350px\" class=\"wp-block-getwid-media-text-slider-slide__content\">\n<div style=\"max-width:730px\" class=\"wp-block-getwid-media-text-slider-slide-content\"><figure class=\"wp-block-getwid-media-text-slider-slide-content__media\"><img loading=\"lazy\" decoding=\"async\" width=\"800\" height=\"1000\" src=\"https:\/\/agora.xtec.cat\/inslavall\/wp-content\/uploads\/usu65\/2026\/03\/WhatsApp-Image-2026-03-02-at-11.39.38.jpeg\" alt=\"\" class=\"wp-block-getwid-media-text-slider-slide-content__image wp-image-8400\" srcset=\"https:\/\/agora.xtec.cat\/inslavall\/wp-content\/uploads\/usu65\/2026\/03\/WhatsApp-Image-2026-03-02-at-11.39.38.jpeg 800w, https:\/\/agora.xtec.cat\/inslavall\/wp-content\/uploads\/usu65\/2026\/03\/WhatsApp-Image-2026-03-02-at-11.39.38-240x300.jpeg 240w, https:\/\/agora.xtec.cat\/inslavall\/wp-content\/uploads\/usu65\/2026\/03\/WhatsApp-Image-2026-03-02-at-11.39.38-768x960.jpeg 768w\" sizes=\"auto, (max-width: 800px) 100vw, 800px\" \/><div class=\"wp-block-getwid-media-text-slider-slide-content__media-overlay\" style=\"background-color:var(--ast-global-color-0);opacity:0.3\"><\/div><\/figure><div class=\"wp-block-getwid-media-text-slider-slide-content__content\"><div class=\"wp-block-getwid-media-text-slider-slide-content__content-wrapper\">\n<h2 class=\"wp-block-heading\">Jornada de portes Obertes<\/h2>\n\n\n\n<p>18 de mar\u00e7 a les 18h. Carrer de Baix 3, Sant Gregori<\/p>\n<\/div><\/div><\/div>\n<\/div><\/div>\n<\/div><\/div><\/div>\n\n\n\n<div class=\"wp-block-columns is-layout-flex wp-container-core-columns-is-layout-1 wp-block-columns-is-layout-flex\">\n<div class=\"wp-block-column is-layout-flow wp-block-column-is-layout-flow\" style=\"flex-basis:66.66%\">\n<h4 class=\"wp-block-heading\"><strong> Cicles Formatius de l&#8217;Institut Vall de Ll\u00e9mena<\/strong><\/h4>\n\n\n<div class=\"ast-oembed-container \" style=\"height: 100%;\"><iframe loading=\"lazy\" title=\"CFGM Vi\u0301deo, discjo\u0300quei i so a Institut Vall de Ll\u00e9mena\" width=\"500\" height=\"281\" src=\"https:\/\/www.youtube.com\/embed\/bbu7_JzgMR0?feature=oembed\" frameborder=\"0\" allow=\"accelerometer; autoplay; clipboard-write; encrypted-media; gyroscope; picture-in-picture; web-share\" referrerpolicy=\"strict-origin-when-cross-origin\" allowfullscreen><\/iframe><\/div>\n<\/div>\n\n\n\n<div class=\"wp-block-column is-layout-flow wp-block-column-is-layout-flow\" style=\"flex-basis:33.33%\">\n<h4 class=\"wp-block-heading\">Mem\u00f2ria de projectes<\/h4>\n\n\n\n<div data-wp-interactive=\"core\/file\" class=\"wp-block-file\" style=\"border-style:none;border-width:0px;margin-top:var(--wp--preset--spacing--50);margin-bottom:var(--wp--preset--spacing--50)\"><object data-wp-bind--hidden=\"!state.hasPdfPreview\" hidden class=\"wp-block-file__embed\" data=\"https:\/\/agora.xtec.cat\/inslavall\/wp-content\/uploads\/usu65\/2026\/02\/MEMORIA-PROJECTES-24-25-1-comprimido.pdf\" type=\"application\/pdf\" style=\"width:100%;height:300px\" aria-label=\"Incrustaci\u00f3 del fitxer MEMO\u0300RIA PROJECTES 24-25 (1)-comprimido.\"><\/object><a id=\"wp-block-file--media-8d22a2b8-ce03-4bd5-b5e6-63c58743456a\" href=\"https:\/\/agora.xtec.cat\/inslavall\/wp-content\/uploads\/usu65\/2026\/02\/MEMORIA-PROJECTES-24-25-1-comprimido.pdf\">MEMO\u0300RIA PROJECTES 24-25 (1)-comprimido<\/a><a href=\"https:\/\/agora.xtec.cat\/inslavall\/wp-content\/uploads\/usu65\/2026\/02\/MEMORIA-PROJECTES-24-25-1-comprimido.pdf\" class=\"wp-block-file__button wp-element-button\" download aria-describedby=\"wp-block-file--media-8d22a2b8-ce03-4bd5-b5e6-63c58743456a\">Baixa<\/a><\/div>\n\n\n\n<p>Domina el so i la imatge en directe a trav\u00e9s de projectes reals: des de sessions DJ\/VJ i producci\u00f3 sonora fins a mapping interactiu. <strong>Transform\u00e0s la teva creativitat en el motor de l&#8217;espectacle.<\/strong><\/p>\n<\/div>\n\n\n\n<div class=\"wp-block-column is-layout-flow wp-block-column-is-layout-flow\"><\/div>\n<\/div>\n\n\n\n<div class=\"wp-block-columns is-layout-flex wp-container-core-columns-is-layout-2 wp-block-columns-is-layout-flex\">\n<div class=\"wp-block-column is-layout-flow wp-block-column-is-layout-flow\" style=\"flex-basis:66.67%\">\n<h3 class=\"wp-block-heading\">Presentaci\u00f3 del nostre cicle<\/h3>\n\n\n\n<div style=\"width: 100%;\"><div style=\"position: relative; padding-bottom: 56.25%; padding-top: 0; height: 0;\"><iframe loading=\"lazy\" title=\"V\u00eddeo, discj\u00f2quei i so\" frameborder=\"0\" width=\"1200px\" height=\"675px\" style=\"position: absolute; top: 0; left: 0; width: 100%; height: 100%;\" src=\"https:\/\/view.genially.com\/696e94573ee6311da6a435aa\" type=\"text\/html\" allowscriptaccess=\"always\" allowfullscreen=\"true\" scrolling=\"yes\" allownetworking=\"all\"><\/iframe> <\/div> <\/div>\n\n\n\n<hr class=\"wp-block-separator has-alpha-channel-opacity\"\/>\n<\/div>\n\n\n\n<div class=\"wp-block-column is-layout-flow wp-block-column-is-layout-flow\" style=\"flex-basis:33.33%\">\n<h3 class=\"wp-block-heading\">Segueix-nos a Insta!<\/h3>\n\n\n<div class=\"wp-block-getwid-instagram\">\n            <div class=\"wp-block-getwid-instagram__wrapper has-3-columns\">\n                <div class=\"wp-block-getwid-instagram__item\">\n\t<div class=\"wp-block-getwid-instagram__media-wrapper\">\n\t\t<a class=\"wp-block-getwid-instagram__media-link\" target=\"_blank\" href=\"https:\/\/www.instagram.com\/reel\/DWToq_3iEX0\/\">\n\t\t\t\t\t\t\t<img decoding=\"async\" class=\"wp-block-getwid-instagram__media\" src=\"https:\/\/scontent-lhr6-1.cdninstagram.com\/v\/t51.82787-15\/655432381_17912459028352280_2673533614565141896_n.jpg?stp=dst-jpg_e35_tt6&#038;_nc_cat=109&#038;ccb=7-5&#038;_nc_sid=18de74&#038;efg=eyJlZmdfdGFnIjoiQ0xJUFMuYmVzdF9pbWFnZV91cmxnZW4uQzMifQ%3D%3D&#038;_nc_ohc=8IEPxgNF5AwQ7kNvwGuO728&#038;_nc_oc=AdrThqLuyU1JhaOyo94-qlJXfb0TrG2w1snJ1TCwL8D4DtgJISYolooVOK7YORTmEOw&#038;_nc_zt=23&#038;_nc_ht=scontent-lhr6-1.cdninstagram.com&#038;edm=ANo9K5cEAAAA&#038;_nc_gid=CR9Zd2G7Rt1dGiSDHTcTIw&#038;_nc_tpa=Q5bMBQHfGpsygM-oLceSfjSVfzAh3sklpKasq9ZD_ghFh8X4BPOZEbrPDt8nDTzzSE8a8XE_Jgp-RUBqkA&#038;oh=00_Af2dcIODA3oRCAEfPzyFi_gWiqez02acMzbO9bGMjgGnuw&#038;oe=69E7DD38\" alt=\"Al projecte \u201cHigway to hell\u201d l\u2019alumnat col\u2022loca els micr\u00f2fons als m\u00fasics, grava el concert, tant a nivell sonor com visual i fa realitzaci\u00f3 multic\u00e0mera.\"\/>\n\t\t\t\t\t<\/a>\n\t<\/div>\n<\/div><div class=\"wp-block-getwid-instagram__item\">\n\t<div class=\"wp-block-getwid-instagram__media-wrapper\">\n\t\t<a class=\"wp-block-getwid-instagram__media-link\" target=\"_blank\" href=\"https:\/\/www.instagram.com\/reel\/DVigEVDCMrD\/\">\n\t\t\t\t\t\t\t<img decoding=\"async\" class=\"wp-block-getwid-instagram__media\" src=\"https:\/\/scontent-lhr8-2.cdninstagram.com\/v\/t51.82787-15\/642422112_17909062389352280_8866924175494452450_n.jpg?stp=dst-jpg_e35_tt6&#038;_nc_cat=106&#038;ccb=7-5&#038;_nc_sid=18de74&#038;efg=eyJlZmdfdGFnIjoiQ0xJUFMuYmVzdF9pbWFnZV91cmxnZW4uQzMifQ%3D%3D&#038;_nc_ohc=feoKQRickF4Q7kNvwHmNTjw&#038;_nc_oc=Adqx-jGr7HUdS6SuWPlikyVkMJte7M5rlQZR1BvXbh2j_3ZYjJBbWxTnRk4JKqSyfAg&#038;_nc_zt=23&#038;_nc_ht=scontent-lhr8-2.cdninstagram.com&#038;edm=ANo9K5cEAAAA&#038;_nc_gid=CR9Zd2G7Rt1dGiSDHTcTIw&#038;_nc_tpa=Q5bMBQH9MI2_IOcVzm0Q9oeU_vo1Skf_Wvl0A-rgF33HiNDztbEr3s-vrTJPOjHEGa73j7iDVSW3tipISg&#038;oh=00_Af0GPnsRAVjhOFkrU61hwhxgbmZ_VLMRae0mG7NevbPqwg&#038;oe=69E7E8FB\" alt=\"Spinning Around \u00e9s projecte de fer unes sessions d\u2019spinning amb la seva gr\u00e0fica, edici\u00f3 musical i creaci\u00f3 de visuals. A partir d\u2019una sessi\u00f3 d\u2019spinning amb diferents canvis de ritmes esportius, els i les alumnes, s\u2019encarreguen de pensar i fer una sessi\u00f3 musical, projectar visuals amb programes de vdj i fer el disseny i execuci\u00f3 de&hellip;\"\/>\n\t\t\t\t\t<\/a>\n\t<\/div>\n<\/div><div class=\"wp-block-getwid-instagram__item\">\n\t<div class=\"wp-block-getwid-instagram__media-wrapper\">\n\t\t<a class=\"wp-block-getwid-instagram__media-link\" target=\"_blank\" href=\"https:\/\/www.instagram.com\/p\/DVYQHpNiL6v\/\">\n\t\t\t\t\t\t\t<img decoding=\"async\" class=\"wp-block-getwid-instagram__media\" src=\"https:\/\/scontent-lhr8-1.cdninstagram.com\/v\/t51.82787-15\/641833049_17908410381352280_8315191444398055435_n.jpg?stp=dst-jpg_e35_tt6&#038;_nc_cat=111&#038;ccb=7-5&#038;_nc_sid=18de74&#038;efg=eyJlZmdfdGFnIjoiRkVFRC5iZXN0X2ltYWdlX3VybGdlbi5DMyJ9&#038;_nc_ohc=1arxLWXhnWkQ7kNvwEETDaQ&#038;_nc_oc=AdrxSIa33LBiLN0JyeKy5r2nGCsrpUk0Zu8rH2A858XkrrBb9iUntfsEFnycBrD7iK0&#038;_nc_zt=23&#038;_nc_ht=scontent-lhr8-1.cdninstagram.com&#038;edm=ANo9K5cEAAAA&#038;_nc_gid=CR9Zd2G7Rt1dGiSDHTcTIw&#038;_nc_tpa=Q5bMBQFiF67kS_-lgpKn4x6hJOuieX0___ub97BGl1fR_YhAoFHsPvBTrurRD8wrEYqXSUi41751woJ1Ng&#038;oh=00_Af1_QeDUKpy0MXV7yfYBeuIyS99no0Ml2NGBu0nMkwWyLQ&#038;oe=69E80378\" alt=\"Us esperem el dia 18 de mar\u00e7 a les 18h a la Jornada de Portes Obertes!\"\/>\n\t\t\t\t\t<\/a>\n\t<\/div>\n<\/div><div class=\"wp-block-getwid-instagram__item\">\n\t<div class=\"wp-block-getwid-instagram__media-wrapper\">\n\t\t<a class=\"wp-block-getwid-instagram__media-link\" target=\"_blank\" href=\"https:\/\/www.instagram.com\/reel\/DUWGeR4iIMu\/\">\n\t\t\t\t\t\t\t<img decoding=\"async\" class=\"wp-block-getwid-instagram__media\" src=\"https:\/\/scontent-lhr6-2.cdninstagram.com\/v\/t51.82787-15\/625259799_17904786813352280_8267149670256263269_n.jpg?stp=dst-jpg_e35_tt6&#038;_nc_cat=104&#038;ccb=7-5&#038;_nc_sid=18de74&#038;efg=eyJlZmdfdGFnIjoiQ0xJUFMuYmVzdF9pbWFnZV91cmxnZW4uQzMifQ%3D%3D&#038;_nc_ohc=nXZxtKJbt0oQ7kNvwGeWgef&#038;_nc_oc=AdpVad7LIO8BSt_zRBAPezwkzA3uz017KZKLAMKjsjBCuV4YlbkoLX0MwoLIx1rSQTI&#038;_nc_zt=23&#038;_nc_ht=scontent-lhr6-2.cdninstagram.com&#038;edm=ANo9K5cEAAAA&#038;_nc_gid=CR9Zd2G7Rt1dGiSDHTcTIw&#038;_nc_tpa=Q5bMBQHtXzLWuEi3z8CjgUSDZ4aH1z5c_8Z5Mcoyqcv2BvwG6FhmNJjKnsIJbWdMEJphV5Avlb7R1s82sg&#038;oh=00_Af3h8mvRf4HbjR__FKuLTExRMiGKQlUDgn9I__Jqo2wYZw&#038;oe=69E7FE4B\" alt=\"\ud83d\udcfb Els alumnes de 2n s\u2019han posat davant dels micr\u00f2fons! Han creat un programa de r\u00e0dio amb temes que els interessen, explorant el g\u00e8nere dram\u00e0tic, l\u2019entrevista, la falca publicit\u00e0ria i l\u2019informatiu. Gr\u00e0cies @ajuntamentdesantgregori per deixar-nos les instal.lacions!\"\/>\n\t\t\t\t\t<\/a>\n\t<\/div>\n<\/div><div class=\"wp-block-getwid-instagram__item\">\n\t<div class=\"wp-block-getwid-instagram__media-wrapper\">\n\t\t<a class=\"wp-block-getwid-instagram__media-link\" target=\"_blank\" href=\"https:\/\/www.instagram.com\/reel\/DUVdLemCCM3\/\">\n\t\t\t\t\t\t\t<img decoding=\"async\" class=\"wp-block-getwid-instagram__media\" src=\"https:\/\/scontent-lhr6-2.cdninstagram.com\/v\/t51.82787-15\/625521317_17904679290352280_5382197274788394997_n.jpg?stp=dst-jpg_e35_tt6&#038;_nc_cat=105&#038;ccb=7-5&#038;_nc_sid=18de74&#038;efg=eyJlZmdfdGFnIjoiQ0xJUFMuYmVzdF9pbWFnZV91cmxnZW4uQzMifQ%3D%3D&#038;_nc_ohc=iqAtH_Ma05UQ7kNvwHUCOep&#038;_nc_oc=AdpiGpVdsOuwFmkctjLf4EhmR1fIp_7NSxFA7nsVEqusBCdKdcjFBNl232xvtPLPbsw&#038;_nc_zt=23&#038;_nc_ht=scontent-lhr6-2.cdninstagram.com&#038;edm=ANo9K5cEAAAA&#038;_nc_gid=CR9Zd2G7Rt1dGiSDHTcTIw&#038;_nc_tpa=Q5bMBQE1dnAc4Qo5v1qrXEQtv18fAn1IqgsEc2SLECUGaCjQfirsAcTvJMSy5pACDNsHmcMs8J9WXfIKeQ&#038;oh=00_Af3WZ1jLiVZ4U6FCYKCllHEV3kppOnujZjOs1QG3zM2IQA&#038;oe=69E7E3AD\" alt=\"\ud83c\udfa5\ud83d\udd25Vam fer el rodatge dels videoclips de Hip Hop per la Pau!! \ud83d\udc84\ud83d\udc57 En col\u00b7laboraci\u00f3 amb l\u2019Institut Narc\u00eds Xifra (estilisme, maquillatge i perruqueria) @xifrafp_imatgepersonal Talent jove, treball en equip i molta passi\u00f3! \ud83d\udcab\"\/>\n\t\t\t\t\t<\/a>\n\t<\/div>\n<\/div><div class=\"wp-block-getwid-instagram__item\">\n\t<div class=\"wp-block-getwid-instagram__media-wrapper\">\n\t\t<a class=\"wp-block-getwid-instagram__media-link\" target=\"_blank\" href=\"https:\/\/www.instagram.com\/reel\/DTgD3i6iHhE\/\">\n\t\t\t\t\t\t\t<img decoding=\"async\" class=\"wp-block-getwid-instagram__media\" src=\"https:\/\/scontent-lhr6-2.cdninstagram.com\/v\/t51.71878-15\/616142488_845105251695152_2754678081868338120_n.jpg?stp=dst-jpg_e35_tt6&#038;_nc_cat=105&#038;ccb=7-5&#038;_nc_sid=18de74&#038;efg=eyJlZmdfdGFnIjoiQ0xJUFMuYmVzdF9pbWFnZV91cmxnZW4uQzMifQ%3D%3D&#038;_nc_ohc=0PGk0SYuFlcQ7kNvwF_1yLB&#038;_nc_oc=AdqiQZ0UkuDc9i-WPWXYRH6XekYIU5TWyffgdhHCwM2_9_zIo6oW7DeX6sUIGqzw-7Y&#038;_nc_zt=23&#038;_nc_ht=scontent-lhr6-2.cdninstagram.com&#038;edm=ANo9K5cEAAAA&#038;_nc_gid=CR9Zd2G7Rt1dGiSDHTcTIw&#038;_nc_tpa=Q5bMBQH3gRkA6IOcrraqPKBVo8ILy1geYWVE42QFrrX7_U_urtGU5jE3THBq9qQzSqC7gaQ-55WALCu0yw&#038;oh=00_Af0WzbS9oG0PsKR0yduIOb72NgjPwa1MPxNJpJnEMUWzRA&#038;oe=69E7E7CC\" alt=\"Estem preparant els rodatges del videoclip de HIP HOP PER LA PAU amb les alumnes d\u2019imatge personal del Institut Narc\u00eds Xifra! Elles ens ajudaran a fer uns estilismes professionals pel nostre rodatge! \ud83d\udc87\ud83c\udffb\u200d\u2640\ufe0f\ud83d\udc87\u200d\u2642\ufe0f\"\/>\n\t\t\t\t\t<\/a>\n\t<\/div>\n<\/div><\/div>\n        <\/div><\/div>\n<\/div>\n\n\n\n<hr class=\"wp-block-separator has-alpha-channel-opacity\"\/>\n\n\n\n<ul class=\"wp-block-list\">\n<li><span style=\"color: #3366ff;\"><b>MATRICULACI\u00d3 DE L\u2019ALUMNAT QUE NO HA FINALITZAT EL CFGM <\/b><b><i>V\u00eddeo, disj\u00f2quei i so<\/i><\/b><b> DURANT EL CURS 2024-2025<\/b><\/span><\/li>\n<\/ul>\n\n\n\n<ul class=\"wp-block-social-links is-layout-flex wp-block-social-links-is-layout-flex\"><li class=\"wp-social-link wp-social-link-youtube  wp-block-social-link\"><a href=\"https:\/\/www.youtube.com\/playlist?list=PLIuji49RoZosmQb5aahRVRJO44UetyD3H\" class=\"wp-block-social-link-anchor\"><svg width=\"24\" height=\"24\" viewBox=\"0 0 24 24\" version=\"1.1\" xmlns=\"http:\/\/www.w3.org\/2000\/svg\" aria-hidden=\"true\" focusable=\"false\"><path d=\"M21.8,8.001c0,0-0.195-1.378-0.795-1.985c-0.76-0.797-1.613-0.801-2.004-0.847c-2.799-0.202-6.997-0.202-6.997-0.202 h-0.009c0,0-4.198,0-6.997,0.202C4.608,5.216,3.756,5.22,2.995,6.016C2.395,6.623,2.2,8.001,2.2,8.001S2,9.62,2,11.238v1.517 c0,1.618,0.2,3.237,0.2,3.237s0.195,1.378,0.795,1.985c0.761,0.797,1.76,0.771,2.205,0.855c1.6,0.153,6.8,0.201,6.8,0.201 s4.203-0.006,7.001-0.209c0.391-0.047,1.243-0.051,2.004-0.847c0.6-0.607,0.795-1.985,0.795-1.985s0.2-1.618,0.2-3.237v-1.517 C22,9.62,21.8,8.001,21.8,8.001z M9.935,14.594l-0.001-5.62l5.404,2.82L9.935,14.594z\"><\/path><\/svg><span class=\"wp-block-social-link-label screen-reader-text\">YouTube<\/span><\/a><\/li><\/ul>\n\n\n\n<p><a href=\"https:\/\/docs.google.com\/document\/d\/15llsEDrXas3X2lpDzDHCWEaYtu7VZG5BTJs17NRcMas\/edit?tab=t.0#heading=h.m14syyo8j82q\">Consulteu: compleci\u00f3 d&#8217;Estudis de FP que s&#8217;extingeixen<\/a><\/p>\n\n\n\n<hr class=\"wp-block-separator has-alpha-channel-opacity\"\/>\n\n\n\n<p><span style=\"font-weight: 400;\">L\u2019alumnat que heu finalitzat el cicle, haureu d&#8217;anar la setmana del<\/span><b> 1 al 4 de juliol <\/b><span style=\"font-weight: 400;\">en horari de<\/span><b> 8:00 a 14:00h al despatx d\u2019administraci\u00f3<\/b><span style=\"font-weight: 400;\">, situat a la primera planta de l&#8217;edifici de l&#8217;institut, per<\/span><b> tramitar el t\u00edtol<\/b><span style=\"font-weight: 400;\">. \u00c9s MOLT IMPORTANT que porteu el <\/span><b>DNI actualitzat i vigent<\/b><span style=\"font-weight: 400;\">.<\/span><\/p>\n\n\n\n<h2 class=\"wp-block-heading\"><\/h2>\n\n\n\n<hr class=\"wp-block-separator has-alpha-channel-opacity\"\/>\n\n\n\n<p><span style=\"font-weight: 400;\">La <\/span><b>taxa<\/b><span style=\"font-weight: 400;\"> per la tramitaci\u00f3 del t\u00edtol \u00e9s de <\/span><b>69,65\u20ac<\/b><span style=\"font-weight: 400;\">, per\u00f2 hi ha <\/span><a href=\"https:\/\/educacio.gencat.cat\/ca\/departament\/normativa\/taxes-preus-publics\/exempcions-bonificacions\/\"><span style=\"font-weight: 400;\">bonificacions i exempcions generals<\/span><\/a><span style=\"font-weight: 400;\"> per aquells que tingueu certificat de discapacitat, sigueu fam\u00edlia monoparental o nombrosa, o persones en acollida, entre d\u2019altres. Per tant, \u00e9s MOLT IMPORTANT que qui compleixi amb aquest requisit porti la documentaci\u00f3 pertinent perqu\u00e8 se li apliqui aquesta reducci\u00f3 o no pagui la taxa.<\/span><\/p>\n\n\n\n<p><span style=\"font-weight: 400;\">El dia que vingueu a tramitar el t\u00edtol us donaran el certificat de finalitzaci\u00f3 de cicle, l\u2019historial acad\u00e8mic i un document per anar a pagar al banc la taxa del t\u00edtol, si \u00e9s el cas. Aquest document, un cop pagat i segellat pel centre, us servir\u00e0 com a resguard del t\u00edtol fins que us arribi el definitiu.<\/span><\/p>\n\n\n\n<p><span style=\"font-weight: 400;\">Per qualsevol dubte o consulta, poseu-vos en contacte amb <\/span><a href=\"mailto:administracio@inslavall.ca\"><span style=\"font-weight: 400;\">administracio@inslavall.cat<\/span><\/a><\/p>\n\n\n\n<hr class=\"wp-block-separator has-alpha-channel-opacity\"\/>\n\n\n\n<ul class=\"wp-block-list\">\n<li><br><h5><span style=\"color: #3366ff;\">MATR\u00cdCULA DE CONTINU\u00cfTAT al CFGM <i>V\u00eddeo, discj\u00f2quei i so&nbsp; <\/i><span style=\"font-weight: 400;\">(<\/span><span style=\"font-weight: 400;\">curs 2025-2026)<\/span><\/span><\/h5><br><\/li>\n<\/ul>\n\n\n\n<hr class=\"wp-block-separator has-alpha-channel-opacity\"\/>\n\n\n\n<p><span style=\"font-weight: 400;\">L\u2019alumnat de CFGM que el proper curs 2025-2026 continuen els seus estudis en el centre, s\u2019han de matricular <\/span><b>del 19 al 26 de juny<\/b><span style=\"font-weight: 400;\">.<\/span><\/p>\n\n\n\n<p><span style=\"font-weight: 400;\">Per matricular-se, <\/span><span style=\"font-weight: 400;\">cal haver abonat l\u2019aportaci\u00f3 econ\u00f2mica anual de <\/span><b>125\u20ac<\/b><span style=\"font-weight: 400;\">, <\/span><span style=\"font-weight: 400;\">corresponent a les despeses de material, sortides i aplicacions inform\u00e0tiques de comunicaci\u00f3 amb el centre i de control de dispositius. <\/span><span style=\"font-weight: 400;\">Cal fer el pagament fent una <\/span><b>transfer\u00e8ncia<\/b><span style=\"font-weight: 400;\"> al compte&nbsp;<\/span><\/p>\n\n\n\n<p><b>ES83 2100 8168 4102 0007 3900<\/b><\/p>\n\n\n\n<p><span style=\"font-weight: 400;\">Recordeu indicar el <\/span><b>NOM i COGNOMS<\/b><span style=\"font-weight: 400;\"> de l\u2019<\/span><b>alumne <\/b><span style=\"font-weight: 400;\">en el <\/span><b>concepte<\/b><span style=\"font-weight: 400;\"> i<\/span><span style=\"font-weight: 400;\"> enviar el resguard de pagament a <\/span><a href=\"mailto:administracio@inslavall.cat\"><span style=\"font-weight: 400;\">administracio@inslavall.cat<\/span><\/a><\/p>\n\n\n\n<p>&nbsp;<\/p>\n\n\n\n<p><span style=\"font-weight: 400;\">En cas que hi hagi hagut un canvi de dades personals, cal adjuntar tamb\u00e9 una c\u00f2pia del DNI per comprovar la documentaci\u00f3 i la informaci\u00f3 necess\u00e0ria,<\/span><\/p>\n\n\n\n<p><span style=\"font-weight: 400;\">L\u2019administraci\u00f3 disposa de la informaci\u00f3 dels m\u00f2duls que no s\u2019han superat durant el curs 2024-2025 i dels quals seran matriculats l\u2019alumnat que els tinguin pendents.<\/span><\/p>\n\n\n\n<h2 class=\"wp-block-heading\">PREINSCRIPCI\u00d3 25-26<\/h2>\n\n\n\n<p><a href=\"https:\/\/agora.xtec.cat\/inslavall\/wp-content\/uploads\/usu65\/2025\/05\/INFORME_OFERTA_OME_INFORME_OFERTA-1.pdf\">INFORME OFERTA PREINSCRIPCI\u00d3 22\/05\/2025<\/a><\/p>\n\n\n\n<hr class=\"wp-block-separator has-alpha-channel-opacity\"\/>\n\n\n\n<p>&nbsp;<\/p>\n\n\n\n<p><\/p>\n\n\n\n<p>Per qualsevol dubte, adreceu-vos a&nbsp;<a href=\"mailto:info@inslavall.cat\">info@inslavall.cat<\/a><\/p>\n\n\n\n<p>&nbsp;<\/p>\n\n\n\n<p>&nbsp;<\/p>\n\n\n\n<p><\/p>\n\n\n\n<hr class=\"wp-block-separator has-alpha-channel-opacity\"\/>\n\n\n\n<h1 class=\"wp-block-heading\"><span style=\"color: #ffcc00;\">Documentaci\u00f3<\/span><\/h1>\n\n\n\n<p><strong><a href=\"https:\/\/docs.google.com\/forms\/d\/e\/1FAIpQLScgfyzexcUJycbLwIUs6V2AlPvZihRdg5O378ZNDpcKITeAOg\/viewform\">SOL\u00b7LICITUD DE BAIXA DEL CICLE FORMATIU<\/a><\/strong><\/p>\n\n\n\n<p><strong><a href=\"https:\/\/agora.xtec.cat\/inslavall\/wp-content\/uploads\/usu65\/2025\/07\/IS10-Material-ALUMNES-Full-1.pdf\">IS10 Material ALUMNES CICLE FORMATIU CURS 25-26 <\/a><\/strong><\/p>\n\n\n\n<hr class=\"wp-block-separator has-alpha-channel-opacity\"\/>\n\n\n\n<h1 class=\"wp-block-heading\"><span style=\"color: #ffcc00;\">Hist\u00f2ria<\/span><\/h1>\n\n\n\n<p><strong>&nbsp;CICLE FORMATIU D&#8217;IMATGE, DJ I SO DE L&#8217;INSTITUT VALL DE LL\u00c9MENA!<\/strong><\/p>\n\n\n\n<p>Vam comen\u00e7ar el curs 2021-22 i estem treballant amb tot l&#8217;equip perqu\u00e8 sigui un \u00e8xit SONOR!<\/p>\n\n\n<div class=\"ast-oembed-container \" style=\"height: 100%;\"><iframe loading=\"lazy\" title=\"CFGM V\u00eddeo, Discj\u00f2quei, i So - Institut Vall de Ll\u00e9mena\" width=\"500\" height=\"281\" src=\"https:\/\/www.youtube.com\/embed\/6fy8dC4bp2A?feature=oembed\" frameborder=\"0\" allow=\"accelerometer; autoplay; clipboard-write; encrypted-media; gyroscope; picture-in-picture; web-share\" referrerpolicy=\"strict-origin-when-cross-origin\" allowfullscreen><\/iframe><\/div>\n\n\n<div class=\"ast-oembed-container \" style=\"height: 100%;\"><iframe loading=\"lazy\" title=\"presentaci\u00f3 CFGM VDS\" width=\"500\" height=\"281\" src=\"https:\/\/www.youtube.com\/embed\/PDG7izkuvo4?feature=oembed\" frameborder=\"0\" allow=\"accelerometer; autoplay; clipboard-write; encrypted-media; gyroscope; picture-in-picture; web-share\" referrerpolicy=\"strict-origin-when-cross-origin\" allowfullscreen><\/iframe><\/div>\n\n\n","protected":false},"excerpt":{"rendered":"<p>Cicles Formatius de l&#8217;Institut Vall de Ll\u00e9mena Mem\u00f2ria de projectes Domina el so i la imatge en directe a trav\u00e9s de projectes reals: des de sessions DJ\/VJ i producci\u00f3 sonora fins a mapping interactiu. Transform\u00e0s la teva creativitat en el motor de l&#8217;espectacle. Presentaci\u00f3 del nostre cicle Segueix-nos a Insta! Consulteu: compleci\u00f3 d&#8217;Estudis de FP [&hellip;]<\/p>\n","protected":false},"author":1,"featured_media":0,"parent":0,"menu_order":0,"comment_status":"closed","ping_status":"closed","template":"","meta":{"_bbp_topic_count":0,"_bbp_reply_count":0,"_bbp_total_topic_count":0,"_bbp_total_reply_count":0,"_bbp_voice_count":0,"_bbp_anonymous_reply_count":0,"_bbp_topic_count_hidden":0,"_bbp_reply_count_hidden":0,"_bbp_forum_subforum_count":0,"site-sidebar-layout":"no-sidebar","site-content-layout":"","ast-site-content-layout":"full-width-container","site-content-style":"unboxed","site-sidebar-style":"default","ast-global-header-display":"","ast-banner-title-visibility":"","ast-main-header-display":"","ast-hfb-above-header-display":"","ast-hfb-below-header-display":"","ast-hfb-mobile-header-display":"","site-post-title":"","ast-breadcrumbs-content":"","ast-featured-img":"","footer-sml-layout":"","theme-transparent-header-meta":"default","adv-header-id-meta":"","stick-header-meta":"","header-above-stick-meta":"","header-main-stick-meta":"","header-below-stick-meta":"","astra-migrate-meta-layouts":"set","ast-page-background-enabled":"default","ast-page-background-meta":{"desktop":{"background-color":"var(--ast-global-color-4)","background-image":"","background-repeat":"repeat","background-position":"center center","background-size":"auto","background-attachment":"scroll","background-type":"","background-media":"","overlay-type":"","overlay-color":"","overlay-opacity":"","overlay-gradient":""},"tablet":{"background-color":"","background-image":"","background-repeat":"repeat","background-position":"center center","background-size":"auto","background-attachment":"scroll","background-type":"","background-media":"","overlay-type":"","overlay-color":"","overlay-opacity":"","overlay-gradient":""},"mobile":{"background-color":"","background-image":"","background-repeat":"repeat","background-position":"center center","background-size":"auto","background-attachment":"scroll","background-type":"","background-media":"","overlay-type":"","overlay-color":"","overlay-opacity":"","overlay-gradient":""}},"ast-content-background-meta":{"desktop":{"background-color":"var(--ast-global-color-5)","background-image":"","background-repeat":"repeat","background-position":"center center","background-size":"auto","background-attachment":"scroll","background-type":"","background-media":"","overlay-type":"","overlay-color":"","overlay-opacity":"","overlay-gradient":""},"tablet":{"background-color":"var(--ast-global-color-5)","background-image":"","background-repeat":"repeat","background-position":"center center","background-size":"auto","background-attachment":"scroll","background-type":"","background-media":"","overlay-type":"","overlay-color":"","overlay-opacity":"","overlay-gradient":""},"mobile":{"background-color":"var(--ast-global-color-5)","background-image":"","background-repeat":"repeat","background-position":"center center","background-size":"auto","background-attachment":"scroll","background-type":"","background-media":"","overlay-type":"","overlay-color":"","overlay-opacity":"","overlay-gradient":""}},"footnotes":""},"class_list":["post-5083","page","type-page","status-publish","hentry"],"post_mailing_queue_ids":[],"_links":{"self":[{"href":"https:\/\/agora.xtec.cat\/inslavall\/wp-json\/wp\/v2\/pages\/5083","targetHints":{"allow":["GET"]}}],"collection":[{"href":"https:\/\/agora.xtec.cat\/inslavall\/wp-json\/wp\/v2\/pages"}],"about":[{"href":"https:\/\/agora.xtec.cat\/inslavall\/wp-json\/wp\/v2\/types\/page"}],"author":[{"embeddable":true,"href":"https:\/\/agora.xtec.cat\/inslavall\/wp-json\/wp\/v2\/users\/1"}],"replies":[{"embeddable":true,"href":"https:\/\/agora.xtec.cat\/inslavall\/wp-json\/wp\/v2\/comments?post=5083"}],"version-history":[{"count":6,"href":"https:\/\/agora.xtec.cat\/inslavall\/wp-json\/wp\/v2\/pages\/5083\/revisions"}],"predecessor-version":[{"id":8406,"href":"https:\/\/agora.xtec.cat\/inslavall\/wp-json\/wp\/v2\/pages\/5083\/revisions\/8406"}],"wp:attachment":[{"href":"https:\/\/agora.xtec.cat\/inslavall\/wp-json\/wp\/v2\/media?parent=5083"}],"curies":[{"name":"wp","href":"https:\/\/api.w.org\/{rel}","templated":true}]}}