{"id":39,"date":"2014-09-17T16:36:44","date_gmt":"2014-09-17T16:36:44","guid":{"rendered":"http:\/\/agora.xtec.cat\/inslavall\/?page_id=39"},"modified":"2026-01-20T15:23:24","modified_gmt":"2026-01-20T14:23:24","slug":"instal%c2%b7lacions","status":"publish","type":"page","link":"https:\/\/agora.xtec.cat\/inslavall\/linstitut\/instal%c2%b7lacions\/","title":{"rendered":"Instal\u00b7lacions"},"content":{"rendered":"\n<div class=\"wp-block-columns is-layout-flex wp-container-core-columns-is-layout-1 wp-block-columns-is-layout-flex\">\n<div class=\"wp-block-column is-layout-flow wp-block-column-is-layout-flow\">\n<p>El nostre centre est\u00e0 ubicat sobre la Biblioteca Miquel Mart\u00ed i Pol. Disposa d&#8217;aules molt clares i assolellades, equipades amb projector i pissarra digital, laboratori, aula taller i espais destinats al treball en petit grup. En aquest espai hi treballa l&#8217;alumnat d&#8217;ESO.<\/p>\n\n\n\n<p>Pel que fa als Cicles Formatius de V\u00eddeo, DJ i So, les aules es troben al Carrer de Baix, 3, a la planta superior de l&#8217;edifici de la Parr\u00f2quia de Sant Gregori. Tamb\u00e9 s&#8217;utilitzen els Espais de la Pineda, el Teatre, R\u00e0dio Sant Gregori etc.<\/p>\n\n\n\n<p>D&#8217;altra banda, la biblioteca municipal est\u00e0 a la nostra disposici\u00f3 durant l&#8217;horari de l&#8217;Institut. A m\u00e9s, la pista de b\u00e0squet i el pavell\u00f3 municipal tamb\u00e9 s\u00f3n espais d&#8217;\u00fas per a les classes d&#8217;Educaci\u00f3 F\u00edsica.<\/p>\n\n\n\n<p>Per a les estones d&#8217;esbarjo, a m\u00e9s a m\u00e9s de la pista de b\u00e0squet, disposem de la Pla\u00e7a Rafel Mas\u00f3.<\/p>\n\n\n\n<p>I finalment, el centre t\u00e9 una aula al bosc de davant de l&#8217;Institut, &#8220;El Bosquet&#8221; on podem treballar a l&#8217;aire lliure quan el temps ho permet. Hi fem activitats de tutoria, de lectura i treball de grup.<\/p>\n<\/div>\n<\/div>\n","protected":false},"excerpt":{"rendered":"<p>El nostre centre est\u00e0 ubicat sobre la Biblioteca Miquel Mart\u00ed i Pol. Disposa d&#8217;aules molt clares i assolellades, equipades amb projector i pissarra digital, laboratori, aula taller i espais destinats al treball en petit grup. En aquest espai hi treballa l&#8217;alumnat d&#8217;ESO. Pel que fa als Cicles Formatius de V\u00eddeo, DJ i So, les aules [&hellip;]<\/p>\n","protected":false},"author":1,"featured_media":0,"parent":19,"menu_order":50,"comment_status":"closed","ping_status":"closed","template":"","meta":{"_bbp_topic_count":0,"_bbp_reply_count":0,"_bbp_total_topic_count":0,"_bbp_total_reply_count":0,"_bbp_voice_count":0,"_bbp_anonymous_reply_count":0,"_bbp_topic_count_hidden":0,"_bbp_reply_count_hidden":0,"_bbp_forum_subforum_count":0,"site-sidebar-layout":"default","site-content-layout":"","ast-site-content-layout":"default","site-content-style":"default","site-sidebar-style":"default","ast-global-header-display":"","ast-banner-title-visibility":"","ast-main-header-display":"","ast-hfb-above-header-display":"","ast-hfb-below-header-display":"","ast-hfb-mobile-header-display":"","site-post-title":"","ast-breadcrumbs-content":"","ast-featured-img":"","footer-sml-layout":"","theme-transparent-header-meta":"","adv-header-id-meta":"","stick-header-meta":"","header-above-stick-meta":"","header-main-stick-meta":"","header-below-stick-meta":"","astra-migrate-meta-layouts":"set","ast-page-background-enabled":"default","ast-page-background-meta":{"desktop":{"background-color":"var(--ast-global-color-4)","background-image":"","background-repeat":"repeat","background-position":"center center","background-size":"auto","background-attachment":"scroll","background-type":"","background-media":"","overlay-type":"","overlay-color":"","overlay-opacity":"","overlay-gradient":""},"tablet":{"background-color":"","background-image":"","background-repeat":"repeat","background-position":"center center","background-size":"auto","background-attachment":"scroll","background-type":"","background-media":"","overlay-type":"","overlay-color":"","overlay-opacity":"","overlay-gradient":""},"mobile":{"background-color":"","background-image":"","background-repeat":"repeat","background-position":"center center","background-size":"auto","background-attachment":"scroll","background-type":"","background-media":"","overlay-type":"","overlay-color":"","overlay-opacity":"","overlay-gradient":""}},"ast-content-background-meta":{"desktop":{"background-color":"var(--ast-global-color-5)","background-image":"","background-repeat":"repeat","background-position":"center center","background-size":"auto","background-attachment":"scroll","background-type":"","background-media":"","overlay-type":"","overlay-color":"","overlay-opacity":"","overlay-gradient":""},"tablet":{"background-color":"var(--ast-global-color-5)","background-image":"","background-repeat":"repeat","background-position":"center center","background-size":"auto","background-attachment":"scroll","background-type":"","background-media":"","overlay-type":"","overlay-color":"","overlay-opacity":"","overlay-gradient":""},"mobile":{"background-color":"var(--ast-global-color-5)","background-image":"","background-repeat":"repeat","background-position":"center center","background-size":"auto","background-attachment":"scroll","background-type":"","background-media":"","overlay-type":"","overlay-color":"","overlay-opacity":"","overlay-gradient":""}},"footnotes":""},"class_list":["post-39","page","type-page","status-publish","hentry"],"post_mailing_queue_ids":[],"_links":{"self":[{"href":"https:\/\/agora.xtec.cat\/inslavall\/wp-json\/wp\/v2\/pages\/39","targetHints":{"allow":["GET"]}}],"collection":[{"href":"https:\/\/agora.xtec.cat\/inslavall\/wp-json\/wp\/v2\/pages"}],"about":[{"href":"https:\/\/agora.xtec.cat\/inslavall\/wp-json\/wp\/v2\/types\/page"}],"author":[{"embeddable":true,"href":"https:\/\/agora.xtec.cat\/inslavall\/wp-json\/wp\/v2\/users\/1"}],"replies":[{"embeddable":true,"href":"https:\/\/agora.xtec.cat\/inslavall\/wp-json\/wp\/v2\/comments?post=39"}],"version-history":[{"count":6,"href":"https:\/\/agora.xtec.cat\/inslavall\/wp-json\/wp\/v2\/pages\/39\/revisions"}],"predecessor-version":[{"id":8309,"href":"https:\/\/agora.xtec.cat\/inslavall\/wp-json\/wp\/v2\/pages\/39\/revisions\/8309"}],"up":[{"embeddable":true,"href":"https:\/\/agora.xtec.cat\/inslavall\/wp-json\/wp\/v2\/pages\/19"}],"wp:attachment":[{"href":"https:\/\/agora.xtec.cat\/inslavall\/wp-json\/wp\/v2\/media?parent=39"}],"curies":[{"name":"wp","href":"https:\/\/api.w.org\/{rel}","templated":true}]}}