{"id":3141,"date":"2018-11-29T12:12:39","date_gmt":"2018-11-29T11:12:39","guid":{"rendered":"http:\/\/agora.xtec.cat\/inslavall\/?page_id=3141"},"modified":"2018-11-30T09:13:30","modified_gmt":"2018-11-30T08:13:30","slug":"projecte-curricular-de-centre-pcc","status":"publish","type":"page","link":"https:\/\/agora.xtec.cat\/inslavall\/documents-de-centre\/projecte-curricular-de-centre-pcc\/","title":{"rendered":"Projecte curricular de centre (PCC)"},"content":{"rendered":"<p>El Projecte curricular de centre (PCC) \u00e9s el document que expressa com es desenvolupa el\u00a0projecte educatiu de centre\u00a0i el\u00a0curr\u00edculum\u00a0normatiu a trav\u00e9s de les mat\u00e8ries o assignatures del centre. Inclou el desplegament horari de cada mat\u00e8ria, els continguts que s&#8217;han d&#8217;impartir per curs i orientacions generals per a la programaci\u00f3 did\u00e0ctica per part dels docents.<\/p>\n<p><a href=\"https:\/\/agora.xtec.cat\/inslavall\/wp-content\/uploads\/usu65\/2015\/09\/icona_pdf-e1445618700445.png\"><br \/>\n<img loading=\"lazy\" decoding=\"async\" class=\"size-full wp-image-893 alignleft\" src=\"https:\/\/agora.xtec.cat\/inslavall\/wp-content\/uploads\/usu65\/2015\/09\/icona_pdf-e1445618700445.png\" alt=\"\" width=\"54\" height=\"54\" \/><\/a><a href=\"https:\/\/agora.xtec.cat\/inslavall\/wp-content\/uploads\/usu65\/2018\/11\/Projecte-Curricular.pdf\" target=\"_blank\" rel=\"noopener\">\u00a0PROJECTE CURRICULAR DE CENTRE [V0]<\/a><\/p>\n","protected":false},"excerpt":{"rendered":"<p>El Projecte curricular de centre (PCC) \u00e9s el document que expressa com es desenvolupa el\u00a0projecte educatiu de centre\u00a0i el\u00a0curr\u00edculum\u00a0normatiu a trav\u00e9s de les mat\u00e8ries o assignatures del centre. Inclou el desplegament horari de cada mat\u00e8ria, els continguts que s&#8217;han d&#8217;impartir per curs i orientacions generals per a la programaci\u00f3 did\u00e0ctica per part dels docents. \u00a0PROJECTE [&hellip;]<\/p>\n","protected":false},"author":1,"featured_media":0,"parent":538,"menu_order":40,"comment_status":"closed","ping_status":"closed","template":"","meta":{"_bbp_topic_count":0,"_bbp_reply_count":0,"_bbp_total_topic_count":0,"_bbp_total_reply_count":0,"_bbp_voice_count":0,"_bbp_anonymous_reply_count":0,"_bbp_topic_count_hidden":0,"_bbp_reply_count_hidden":0,"_bbp_forum_subforum_count":0,"site-sidebar-layout":"default","site-content-layout":"","ast-site-content-layout":"","site-content-style":"default","site-sidebar-style":"default","ast-global-header-display":"","ast-banner-title-visibility":"","ast-main-header-display":"","ast-hfb-above-header-display":"","ast-hfb-below-header-display":"","ast-hfb-mobile-header-display":"","site-post-title":"","ast-breadcrumbs-content":"","ast-featured-img":"","footer-sml-layout":"","theme-transparent-header-meta":"","adv-header-id-meta":"","stick-header-meta":"","header-above-stick-meta":"","header-main-stick-meta":"","header-below-stick-meta":"","astra-migrate-meta-layouts":"default","ast-page-background-enabled":"default","ast-page-background-meta":{"desktop":{"background-color":"var(--ast-global-color-4)","background-image":"","background-repeat":"repeat","background-position":"center center","background-size":"auto","background-attachment":"scroll","background-type":"","background-media":"","overlay-type":"","overlay-color":"","overlay-opacity":"","overlay-gradient":""},"tablet":{"background-color":"","background-image":"","background-repeat":"repeat","background-position":"center center","background-size":"auto","background-attachment":"scroll","background-type":"","background-media":"","overlay-type":"","overlay-color":"","overlay-opacity":"","overlay-gradient":""},"mobile":{"background-color":"","background-image":"","background-repeat":"repeat","background-position":"center center","background-size":"auto","background-attachment":"scroll","background-type":"","background-media":"","overlay-type":"","overlay-color":"","overlay-opacity":"","overlay-gradient":""}},"ast-content-background-meta":{"desktop":{"background-color":"var(--ast-global-color-5)","background-image":"","background-repeat":"repeat","background-position":"center center","background-size":"auto","background-attachment":"scroll","background-type":"","background-media":"","overlay-type":"","overlay-color":"","overlay-opacity":"","overlay-gradient":""},"tablet":{"background-color":"var(--ast-global-color-5)","background-image":"","background-repeat":"repeat","background-position":"center center","background-size":"auto","background-attachment":"scroll","background-type":"","background-media":"","overlay-type":"","overlay-color":"","overlay-opacity":"","overlay-gradient":""},"mobile":{"background-color":"var(--ast-global-color-5)","background-image":"","background-repeat":"repeat","background-position":"center center","background-size":"auto","background-attachment":"scroll","background-type":"","background-media":"","overlay-type":"","overlay-color":"","overlay-opacity":"","overlay-gradient":""}},"footnotes":""},"class_list":["post-3141","page","type-page","status-publish","hentry"],"post_mailing_queue_ids":[],"_links":{"self":[{"href":"https:\/\/agora.xtec.cat\/inslavall\/wp-json\/wp\/v2\/pages\/3141","targetHints":{"allow":["GET"]}}],"collection":[{"href":"https:\/\/agora.xtec.cat\/inslavall\/wp-json\/wp\/v2\/pages"}],"about":[{"href":"https:\/\/agora.xtec.cat\/inslavall\/wp-json\/wp\/v2\/types\/page"}],"author":[{"embeddable":true,"href":"https:\/\/agora.xtec.cat\/inslavall\/wp-json\/wp\/v2\/users\/1"}],"replies":[{"embeddable":true,"href":"https:\/\/agora.xtec.cat\/inslavall\/wp-json\/wp\/v2\/comments?post=3141"}],"version-history":[{"count":2,"href":"https:\/\/agora.xtec.cat\/inslavall\/wp-json\/wp\/v2\/pages\/3141\/revisions"}],"predecessor-version":[{"id":3149,"href":"https:\/\/agora.xtec.cat\/inslavall\/wp-json\/wp\/v2\/pages\/3141\/revisions\/3149"}],"up":[{"embeddable":true,"href":"https:\/\/agora.xtec.cat\/inslavall\/wp-json\/wp\/v2\/pages\/538"}],"wp:attachment":[{"href":"https:\/\/agora.xtec.cat\/inslavall\/wp-json\/wp\/v2\/media?parent=3141"}],"curies":[{"name":"wp","href":"https:\/\/api.w.org\/{rel}","templated":true}]}}