{"id":27,"date":"2014-09-17T16:24:03","date_gmt":"2014-09-17T16:24:03","guid":{"rendered":"http:\/\/agora.xtec.cat\/inslavall\/?page_id=27"},"modified":"2026-01-20T13:40:26","modified_gmt":"2026-01-20T12:40:26","slug":"historia","status":"publish","type":"page","link":"https:\/\/agora.xtec.cat\/inslavall\/linstitut\/historia\/","title":{"rendered":"Hist\u00f2ria"},"content":{"rendered":"\n<div class=\"wp-block-columns is-layout-flex wp-container-core-columns-is-layout-1 wp-block-columns-is-layout-flex\">\n<div class=\"wp-block-column is-layout-flow wp-block-column-is-layout-flow\">\n<p>Durant molts anys, la comunitat educativa de la Vall de Ll\u00e9mena va reivindicar poder disposar d&#8217;un centre de secund\u00e0ria per acollir els alumnes de l&#8217;Escola Agust\u00ed Gifre que en aquell moment havien d&#8217;anar a estudiar a Girona, concretament als instituts p\u00fablics Carles Rahola i Narc\u00eds Xifra.<\/p>\n\n\n\n<p>Tot i que el nombre d&#8217;alumnes ho permetia i que la saturaci\u00f3 dels centres docents de secund\u00e0ria de Girona, la profunda crisi econ\u00f2mica va provocar una reducci\u00f3 de les inversions i com a conseq\u00fc\u00e8ncia, la impossibilitat de construir el tan demanat Institut a Sant Gregori.<\/p>\n\n\n\n<p>Durant la segona meitat del 2013, despr\u00e9s de fer una previsi\u00f3 del nombre de l\u00ednies necess\u00e0ries a la ciutat de Girona per encabir els alumnes provinents de 6\u00e8 de prim\u00e0ria, es va fer imprescindible la creaci\u00f3 de dos centres educatius nous.<\/p>\n\n\n\n<p>L&#8217;Ajuntament de Sant Gregori i posa a disposici\u00f3 del Departament d&#8217;Educaci\u00f3 les dues plantes de sobre la biblioteca Miquel Mart\u00ed i Pol, que tenen dimensi\u00f3 suficient per acollir un nou institut de dues l\u00ednies.<\/p>\n<\/div>\n<\/div>\n\n\n\n<div class=\"wp-block-columns is-layout-flex wp-container-core-columns-is-layout-2 wp-block-columns-is-layout-flex\">\n<div class=\"wp-block-column is-layout-flow wp-block-column-is-layout-flow\" style=\"flex-basis:33.33%\">\n<figure class=\"wp-block-image alignleft\"><a href=\"http:\/\/agora.xtec.cat\/inslavall\/wp-content\/uploads\/usu65\/2014\/09\/IMG_0034.jpg\"><img loading=\"lazy\" decoding=\"async\" width=\"300\" height=\"224\" src=\"http:\/\/agora.xtec.cat\/inslavall\/wp-content\/uploads\/usu65\/2014\/09\/IMG_0034-300x224.jpg\" alt=\"IMG_0034\" class=\"wp-image-690\" style=\"aspect-ratio:1;object-fit:cover\" srcset=\"https:\/\/agora.xtec.cat\/inslavall\/wp-content\/uploads\/usu65\/2014\/09\/IMG_0034-300x224.jpg 300w, https:\/\/agora.xtec.cat\/inslavall\/wp-content\/uploads\/usu65\/2014\/09\/IMG_0034-1024x765.jpg 1024w, https:\/\/agora.xtec.cat\/inslavall\/wp-content\/uploads\/usu65\/2014\/09\/IMG_0034-200x150.jpg 200w\" sizes=\"auto, (max-width: 300px) 100vw, 300px\" \/><\/a><\/figure>\n<\/div>\n\n\n\n<div class=\"wp-block-column is-layout-flow wp-block-column-is-layout-flow\" style=\"flex-basis:66.66%\">\n<p>La insistent demanda de les fam\u00edlies, la col.laboraci\u00f3 de la Mancomunitat de la Vall de Ll\u00e9mena i la gran disponibilitat de l&#8217;Ajuntament de Sant Gregori juntament amb les aportacions econ\u00f2miques del mateix ajuntament,&nbsp;&nbsp; la Diputaci\u00f3 i el Departament d&#8217;Ensenyament, fan possible el naixement del centre.<\/p>\n\n\n\n<p>A mitjans de febrer es nomena una direcci\u00f3 que desplegar\u00e0 el projecte pedag\u00f2gic i gestionar\u00e0 la matr\u00edcula dels alumnes i durant l&#8217;estiu es realitzen les obres per poder disposar de tres aules i un parell de sales que permetin iniciar les classes en les millors condicions.<\/p>\n<\/div>\n<\/div>\n\n\n\n<div class=\"wp-block-columns is-layout-flex wp-container-core-columns-is-layout-3 wp-block-columns-is-layout-flex\">\n<div class=\"wp-block-column is-layout-flow wp-block-column-is-layout-flow\" style=\"flex-basis:66.66%\">\n<p>El 15 de setembre de 2014, l&#8217;institut obre les seves portes amb 46 alumnes de 1r d&#8217;ESO distribuits en dos grups i 6 professors amb el nom d&#8217;Institut Nou de Sant Gregori.<\/p>\n\n\n\n<p>Durant aquest primer curs es van crear les estructures del centre i el Consell Escolar i es van dedicar tots els esfor\u00e7os en implementar un projecte que va ser escollit pel Departament d&#8217;Ensenyament i en donar visibilitat a l&#8217;Institut. Tamb\u00e9, a trav\u00e9s d&#8217;un proc\u00e9s participatiu obert, es va escollir un nom que fos representatiu per a tota la comunitat educativa. Aquest nom va ser<strong>&nbsp;Institut Vall de Ll\u00e9mena.<\/strong><\/p>\n\n\n\n<p>I amb la primera promoci\u00f3 vam anar creixent de cursos i vam tancar el cicle d&#8217;ESO amb la graduaci\u00f3 de la primera promoci\u00f3: 2014-2018.<\/p>\n\n\n\n<p>L&#8217;any 2021-22 vam iniciar els estudis de Cicle Formatiu de Grau Mitj\u00e0 de V\u00eddeo, DJ i So. L&#8217;Ajuntament de Sant Gregori ha facilitat la renovaci\u00f3 de la seu de Carrerr Baix, 3, on hi ha l&#8217;esgl\u00e8sia, per poder-hi cursar aquest cicle tan demanat. Tamb\u00e9 podem disposar de les instal\u00b7lacions de la Pineda i R\u00e0dio Sant Gregori, per oferir una formaci\u00f3 de gran qualitat per formar els professionals de l&#8217;\u00e0udiovisual.<\/p>\n\n\n\n<p>El&nbsp; curs 2023-2024 celebrem el <strong>10\u00e8 aniversari<\/strong> i el centre segueix creixent de nombre d&#8217;alumnes d&#8217;ESO. Actualment, la majoria de cursos tenen 3 l\u00ednees i per aquest motiu ampliem el centre amb aules prefabricades a l&#8217;extensi\u00f3 de terreny que ha adquirit l&#8217;Ajuntament al costat del menjador, darrera la pista esportiva.<\/p>\n<\/div>\n\n\n\n<div class=\"wp-block-column is-layout-flow wp-block-column-is-layout-flow\" style=\"flex-basis:33.33%\">\n<figure class=\"wp-block-image alignright\"><a href=\"http:\/\/agora.xtec.cat\/inslavall\/wp-content\/uploads\/usu65\/2014\/09\/IMG_2003.jpg\"><img loading=\"lazy\" decoding=\"async\" width=\"300\" height=\"224\" src=\"http:\/\/agora.xtec.cat\/inslavall\/wp-content\/uploads\/usu65\/2014\/09\/IMG_2003-300x224.jpg\" alt=\"IMG_2003\" class=\"wp-image-691\" srcset=\"https:\/\/agora.xtec.cat\/inslavall\/wp-content\/uploads\/usu65\/2014\/09\/IMG_2003-300x224.jpg 300w, https:\/\/agora.xtec.cat\/inslavall\/wp-content\/uploads\/usu65\/2014\/09\/IMG_2003-1024x765.jpg 1024w, https:\/\/agora.xtec.cat\/inslavall\/wp-content\/uploads\/usu65\/2014\/09\/IMG_2003-200x150.jpg 200w\" sizes=\"auto, (max-width: 300px) 100vw, 300px\" \/><\/a><\/figure>\n<\/div>\n<\/div>\n","protected":false},"excerpt":{"rendered":"<p>Durant molts anys, la comunitat educativa de la Vall de Ll\u00e9mena va reivindicar poder disposar d&#8217;un centre de secund\u00e0ria per acollir els alumnes de l&#8217;Escola Agust\u00ed Gifre que en aquell moment havien d&#8217;anar a estudiar a Girona, concretament als instituts p\u00fablics Carles Rahola i Narc\u00eds Xifra. Tot i que el nombre d&#8217;alumnes ho permetia i [&hellip;]<\/p>\n","protected":false},"author":1,"featured_media":0,"parent":19,"menu_order":20,"comment_status":"closed","ping_status":"closed","template":"","meta":{"_bbp_topic_count":0,"_bbp_reply_count":0,"_bbp_total_topic_count":0,"_bbp_total_reply_count":0,"_bbp_voice_count":0,"_bbp_anonymous_reply_count":0,"_bbp_topic_count_hidden":0,"_bbp_reply_count_hidden":0,"_bbp_forum_subforum_count":0,"site-sidebar-layout":"default","site-content-layout":"","ast-site-content-layout":"default","site-content-style":"default","site-sidebar-style":"default","ast-global-header-display":"","ast-banner-title-visibility":"","ast-main-header-display":"","ast-hfb-above-header-display":"","ast-hfb-below-header-display":"","ast-hfb-mobile-header-display":"","site-post-title":"","ast-breadcrumbs-content":"","ast-featured-img":"","footer-sml-layout":"","theme-transparent-header-meta":"","adv-header-id-meta":"","stick-header-meta":"","header-above-stick-meta":"","header-main-stick-meta":"","header-below-stick-meta":"","astra-migrate-meta-layouts":"set","ast-page-background-enabled":"default","ast-page-background-meta":{"desktop":{"background-color":"var(--ast-global-color-4)","background-image":"","background-repeat":"repeat","background-position":"center center","background-size":"auto","background-attachment":"scroll","background-type":"","background-media":"","overlay-type":"","overlay-color":"","overlay-opacity":"","overlay-gradient":""},"tablet":{"background-color":"","background-image":"","background-repeat":"repeat","background-position":"center center","background-size":"auto","background-attachment":"scroll","background-type":"","background-media":"","overlay-type":"","overlay-color":"","overlay-opacity":"","overlay-gradient":""},"mobile":{"background-color":"","background-image":"","background-repeat":"repeat","background-position":"center center","background-size":"auto","background-attachment":"scroll","background-type":"","background-media":"","overlay-type":"","overlay-color":"","overlay-opacity":"","overlay-gradient":""}},"ast-content-background-meta":{"desktop":{"background-color":"var(--ast-global-color-5)","background-image":"","background-repeat":"repeat","background-position":"center center","background-size":"auto","background-attachment":"scroll","background-type":"","background-media":"","overlay-type":"","overlay-color":"","overlay-opacity":"","overlay-gradient":""},"tablet":{"background-color":"var(--ast-global-color-5)","background-image":"","background-repeat":"repeat","background-position":"center center","background-size":"auto","background-attachment":"scroll","background-type":"","background-media":"","overlay-type":"","overlay-color":"","overlay-opacity":"","overlay-gradient":""},"mobile":{"background-color":"var(--ast-global-color-5)","background-image":"","background-repeat":"repeat","background-position":"center center","background-size":"auto","background-attachment":"scroll","background-type":"","background-media":"","overlay-type":"","overlay-color":"","overlay-opacity":"","overlay-gradient":""}},"footnotes":""},"class_list":["post-27","page","type-page","status-publish","hentry"],"post_mailing_queue_ids":[],"_links":{"self":[{"href":"https:\/\/agora.xtec.cat\/inslavall\/wp-json\/wp\/v2\/pages\/27","targetHints":{"allow":["GET"]}}],"collection":[{"href":"https:\/\/agora.xtec.cat\/inslavall\/wp-json\/wp\/v2\/pages"}],"about":[{"href":"https:\/\/agora.xtec.cat\/inslavall\/wp-json\/wp\/v2\/types\/page"}],"author":[{"embeddable":true,"href":"https:\/\/agora.xtec.cat\/inslavall\/wp-json\/wp\/v2\/users\/1"}],"replies":[{"embeddable":true,"href":"https:\/\/agora.xtec.cat\/inslavall\/wp-json\/wp\/v2\/comments?post=27"}],"version-history":[{"count":4,"href":"https:\/\/agora.xtec.cat\/inslavall\/wp-json\/wp\/v2\/pages\/27\/revisions"}],"predecessor-version":[{"id":8308,"href":"https:\/\/agora.xtec.cat\/inslavall\/wp-json\/wp\/v2\/pages\/27\/revisions\/8308"}],"up":[{"embeddable":true,"href":"https:\/\/agora.xtec.cat\/inslavall\/wp-json\/wp\/v2\/pages\/19"}],"wp:attachment":[{"href":"https:\/\/agora.xtec.cat\/inslavall\/wp-json\/wp\/v2\/media?parent=27"}],"curies":[{"name":"wp","href":"https:\/\/api.w.org\/{rel}","templated":true}]}}