{"id":21,"date":"2014-09-17T16:14:14","date_gmt":"2014-09-17T16:14:14","guid":{"rendered":"http:\/\/agora.xtec.cat\/inslavall\/?page_id=21"},"modified":"2026-01-21T18:46:46","modified_gmt":"2026-01-21T17:46:46","slug":"on-som","status":"publish","type":"page","link":"https:\/\/agora.xtec.cat\/inslavall\/linstitut\/on-som\/","title":{"rendered":"On som"},"content":{"rendered":"\n<div class=\"wp-block-columns is-layout-flex wp-container-core-columns-is-layout-1 wp-block-columns-is-layout-flex\">\n<div class=\"wp-block-column is-layout-flow wp-block-column-is-layout-flow\" style=\"flex-basis:66.66%\">\n<p><iframe loading=\"lazy\" style=\"border: 0;\" src=\"https:\/\/www.google.com\/maps\/embed?pb=!1m14!1m12!1m3!1d839.0429252547087!2d2.759233987978094!3d41.991078462059235!2m3!1f0!2f0!3f0!3m2!1i1024!2i768!4f13.1!5e1!3m2!1sca!2sus!4v1436956698192\" width=\"600\" height=\"450\" frameborder=\"0\" allowfullscreen=\"allowfullscreen\"><\/iframe><\/p>\n<\/div>\n\n\n\n<div class=\"wp-block-column is-layout-flow wp-block-column-is-layout-flow\" style=\"flex-basis:33.33%\">\n<p><strong style=\"font-family: inherit; line-height: 1.6;\">Centre<\/strong><\/p>\n\n\n\n<p><strong>Institut&nbsp;Vall de Ll\u00e9mena<\/strong><br>Pla\u00e7a Rafel Mas\u00f3<br>17150 Sant Gregori<\/p>\n\n\n\n<p>tel 972 65 66 91<\/p>\n\n\n\n<p><strong>Com arribar-hi<br><\/strong><\/p>\n\n\n\n<p>Cotxe: Des de Girona per la\u00a0GI-531. Arribant per l&#8217;AP-7, sortida 6B.<\/p>\n\n\n\n<p>Bus: <strong>Teisa L\u00ednia 301<\/strong><\/p>\n<\/div>\n<\/div>\n\n\n\n<div class=\"wp-block-columns is-layout-flex wp-container-core-columns-is-layout-2 wp-block-columns-is-layout-flex\">\n<div class=\"wp-block-column is-layout-flow wp-block-column-is-layout-flow\">\n<p><strong>Escoles adscrites a l&#8217;institut:<br><\/strong>Escola&nbsp;Agust\u00ed Gifre<\/p>\n\n\n\n<p><strong>Emails de contacte<\/strong><\/p>\n\n\n\n<ul class=\"wp-block-list\">\n<li><h6><span>B\u00fastia General: <a href=\"mailto:info@inslavall.cat\">info@inslavall.cat<\/a><\/span><\/h6><\/li>\n\n\n\n<li><h6><span>Directora: <a href=\"mailto:mmartin@inslavall.cat\"><span class=\"\">mmartin@inslavall.cat<\/span><\/a><\/span><\/h6><\/li>\n\n\n\n<li><h6>Cap d&#8217;Estudis: <a href=\"mailto:destany@inslavall.cat\">destany@inslavall.cat<\/a><\/h6><\/li>\n\n\n\n<li><h6>Secret\u00e0ria: <a href=\"mailto:mmolina@inslavall.cat\">mmolina@inslavall.cat<\/a><\/h6><\/li>\n\n\n\n<li><h6>Coordinadora Pedag\u00f2gica: <a href=\"mailto:aquesada@inslavall.cat\">aquesada@inslavall.cat<\/a><\/h6><\/li>\n<\/ul>\n\n\n\n<p><strong>Altres contactes:<\/strong><\/p>\n\n\n\n<ul class=\"wp-block-list\">\n<li><span style=\"font-size: medium;\">Riscos laborals: <a href=\"mailto:pcarreras@inslavall.cat\">pcarreras@inslavall.cat<\/a><\/span><\/li>\n\n\n\n<li><span style=\"font-size: medium;\">Coordinaci\u00f3 inform\u00e0tica: <a href=\"mailto:jcoll@inslavall.cat\">jcoll@inslavall.cat<\/a><\/span><\/li>\n<\/ul>\n<\/div>\n<\/div>\n","protected":false},"excerpt":{"rendered":"<p>Centre Institut&nbsp;Vall de Ll\u00e9menaPla\u00e7a Rafel Mas\u00f317150 Sant Gregori tel 972 65 66 91 Com arribar-hi Cotxe: Des de Girona per la\u00a0GI-531. Arribant per l&#8217;AP-7, sortida 6B. Bus: Teisa L\u00ednia 301 Escoles adscrites a l&#8217;institut:Escola&nbsp;Agust\u00ed Gifre Emails de contacte Altres contactes:<\/p>\n","protected":false},"author":1,"featured_media":0,"parent":19,"menu_order":10,"comment_status":"closed","ping_status":"closed","template":"","meta":{"_bbp_topic_count":0,"_bbp_reply_count":0,"_bbp_total_topic_count":0,"_bbp_total_reply_count":0,"_bbp_voice_count":0,"_bbp_anonymous_reply_count":0,"_bbp_topic_count_hidden":0,"_bbp_reply_count_hidden":0,"_bbp_forum_subforum_count":0,"site-sidebar-layout":"default","site-content-layout":"","ast-site-content-layout":"default","site-content-style":"default","site-sidebar-style":"default","ast-global-header-display":"","ast-banner-title-visibility":"","ast-main-header-display":"","ast-hfb-above-header-display":"","ast-hfb-below-header-display":"","ast-hfb-mobile-header-display":"","site-post-title":"","ast-breadcrumbs-content":"","ast-featured-img":"","footer-sml-layout":"","theme-transparent-header-meta":"","adv-header-id-meta":"","stick-header-meta":"","header-above-stick-meta":"","header-main-stick-meta":"","header-below-stick-meta":"","astra-migrate-meta-layouts":"set","ast-page-background-enabled":"default","ast-page-background-meta":{"desktop":{"background-color":"var(--ast-global-color-4)","background-image":"","background-repeat":"repeat","background-position":"center center","background-size":"auto","background-attachment":"scroll","background-type":"","background-media":"","overlay-type":"","overlay-color":"","overlay-opacity":"","overlay-gradient":""},"tablet":{"background-color":"","background-image":"","background-repeat":"repeat","background-position":"center center","background-size":"auto","background-attachment":"scroll","background-type":"","background-media":"","overlay-type":"","overlay-color":"","overlay-opacity":"","overlay-gradient":""},"mobile":{"background-color":"","background-image":"","background-repeat":"repeat","background-position":"center center","background-size":"auto","background-attachment":"scroll","background-type":"","background-media":"","overlay-type":"","overlay-color":"","overlay-opacity":"","overlay-gradient":""}},"ast-content-background-meta":{"desktop":{"background-color":"var(--ast-global-color-5)","background-image":"","background-repeat":"repeat","background-position":"center center","background-size":"auto","background-attachment":"scroll","background-type":"","background-media":"","overlay-type":"","overlay-color":"","overlay-opacity":"","overlay-gradient":""},"tablet":{"background-color":"var(--ast-global-color-5)","background-image":"","background-repeat":"repeat","background-position":"center center","background-size":"auto","background-attachment":"scroll","background-type":"","background-media":"","overlay-type":"","overlay-color":"","overlay-opacity":"","overlay-gradient":""},"mobile":{"background-color":"var(--ast-global-color-5)","background-image":"","background-repeat":"repeat","background-position":"center center","background-size":"auto","background-attachment":"scroll","background-type":"","background-media":"","overlay-type":"","overlay-color":"","overlay-opacity":"","overlay-gradient":""}},"footnotes":""},"class_list":["post-21","page","type-page","status-publish","hentry"],"post_mailing_queue_ids":[],"_links":{"self":[{"href":"https:\/\/agora.xtec.cat\/inslavall\/wp-json\/wp\/v2\/pages\/21","targetHints":{"allow":["GET"]}}],"collection":[{"href":"https:\/\/agora.xtec.cat\/inslavall\/wp-json\/wp\/v2\/pages"}],"about":[{"href":"https:\/\/agora.xtec.cat\/inslavall\/wp-json\/wp\/v2\/types\/page"}],"author":[{"embeddable":true,"href":"https:\/\/agora.xtec.cat\/inslavall\/wp-json\/wp\/v2\/users\/1"}],"replies":[{"embeddable":true,"href":"https:\/\/agora.xtec.cat\/inslavall\/wp-json\/wp\/v2\/comments?post=21"}],"version-history":[{"count":6,"href":"https:\/\/agora.xtec.cat\/inslavall\/wp-json\/wp\/v2\/pages\/21\/revisions"}],"predecessor-version":[{"id":8326,"href":"https:\/\/agora.xtec.cat\/inslavall\/wp-json\/wp\/v2\/pages\/21\/revisions\/8326"}],"up":[{"embeddable":true,"href":"https:\/\/agora.xtec.cat\/inslavall\/wp-json\/wp\/v2\/pages\/19"}],"wp:attachment":[{"href":"https:\/\/agora.xtec.cat\/inslavall\/wp-json\/wp\/v2\/media?parent=21"}],"curies":[{"name":"wp","href":"https:\/\/api.w.org\/{rel}","templated":true}]}}