{"id":57,"date":"2014-09-17T17:01:07","date_gmt":"2014-09-17T17:01:07","guid":{"rendered":"http:\/\/agora.xtec.cat\/inslavalira\/?page_id=57"},"modified":"2015-06-03T07:53:01","modified_gmt":"2015-06-03T06:53:01","slug":"projecte-educatiu","status":"publish","type":"page","link":"https:\/\/agora.xtec.cat\/inslavalira\/projecte-educatiu\/","title":{"rendered":"Projecte educatiu"},"content":{"rendered":"<p><strong>PROJECTE EDUCATIU DE CENTRE INS LA VALIRA<\/strong><\/p>\n<p><strong>L\u00cdNIES GENERALS D\u2019ACTUACI\u00d3<\/strong><\/p>\n<ol>\n<li>Desenvolupar el model competencial del curr\u00edculum per a l\u2019educaci\u00f3 secund\u00e0ria obligat\u00f2ria del Departament d\u2019Ensenyament.<\/li>\n<li>Seguir una l\u00ednia de continu\u00eftat i de treball conjunt amb l\u2019Escola la Valira.<\/li>\n<li>Crear un centre participatiu, obert a les fam\u00edlies i a l\u2019entorn.<\/li>\n<li>Treballar per projectes i per \u00e0mbits.<\/li>\n<li>Donar una gran import\u00e0ncia de l\u2019atenci\u00f3 individual de l\u2019alumnat. Hi haur\u00e0 un tutor\/a per cada grup classe i tutors\/es individuals que ajudaran el tutor de grup en aquesta tasca. Tot el professorat del centre ser\u00e0 tutor individual d\u2019un grup d\u2019alumnes, inclosos els membres de l\u2019equip directiu. Hi haur\u00e0 un espai setmanal on el tutor\/a personal pugui parlar amb el seu alumnat.<\/li>\n<li>Impulsar l\u2019ensenyament de l\u2019angl\u00e8s i d\u2019una segona llengua estrangera. S\u2019impartir\u00e0 en angl\u00e8s una\/es de les mat\u00e8ries no ling\u00fc\u00edstiques i oferirem el franc\u00e8s dins la franja de les mat\u00e8ries espec\u00edfiques d\u2019oferta obligat\u00f2ria.<\/li>\n<li>Impulsar la lectura, com a font de plaer i tamb\u00e9 com a mitj\u00e0 b\u00e0sic per a trobar informaci\u00f3. S\u2019impulsar\u00e0 la creaci\u00f3 d\u2019una biblioteca escolar amb lectures diverses adaptades a tots els nivells.<\/li>\n<li>Treballar per grups heterogenis, tenint present l\u2019alumnat amb dificultats d\u2019aprenentatge o l\u2019alumnat d\u2019altes capacitats. Si s\u2019escau, es faran adaptacions curriculars o metodol\u00f2giques per tal que tot l\u2019alumnat pugui seguir els seus ritmes d\u2019aprenentatge.<\/li>\n<li>Participar en els projectes o activitats de l\u2019Escola o del municipi: Pla d\u2019Entorn, Pla Catal\u00e0 d\u2019Esport a l\u2019Escola, Escoles Verdes, Projecte Biblioteca, etc.<\/li>\n<\/ol>\n","protected":false},"excerpt":{"rendered":"<p>PROJECTE EDUCATIU DE CENTRE INS LA VALIRA<br \/>\nL\u00cdNIES GENERALS D\u2019ACTUACI\u00d3<\/p>\n<ol>\n<li>Desenvolupar el model competencial del curr\u00edculum per a l\u2019educaci\u00f3 secund\u00e0ria obligat\u00f2ria del Departament d\u2019Ensenyament.<\/li>\n<li>Seguir una l\u00ednia de continu\u00eftat i de treball conjunt amb l\u2019Escola la Valira.<\/li>\n<li>Crear un centre participatiu, obert a les fam\u00edlies i a l\u2019entorn.<\/li>\n<li>Treballar per&hellip;  <a href=\"https:\/\/agora.xtec.cat\/inslavalira\/projecte-educatiu\/\" title=\"Read Projecte educatiu\">Llegeix m\u00e9s\u00bb<\/a><br \/>\n","protected":false},"author":1,"featured_media":0,"parent":0,"menu_order":0,"comment_status":"closed","ping_status":"closed","template":"page-templates\/side-menu.php","meta":{"_bbp_topic_count":0,"_bbp_reply_count":0,"_bbp_total_topic_count":0,"_bbp_total_reply_count":0,"_bbp_voice_count":0,"_bbp_anonymous_reply_count":0,"_bbp_topic_count_hidden":0,"_bbp_reply_count_hidden":0,"_bbp_forum_subforum_count":0,"footnotes":""},"class_list":["post-57","page","type-page","status-publish","hentry"],"post_mailing_queue_ids":[],"_links":{"self":[{"href":"https:\/\/agora.xtec.cat\/inslavalira\/wp-json\/wp\/v2\/pages\/57","targetHints":{"allow":["GET"]}}],"collection":[{"href":"https:\/\/agora.xtec.cat\/inslavalira\/wp-json\/wp\/v2\/pages"}],"about":[{"href":"https:\/\/agora.xtec.cat\/inslavalira\/wp-json\/wp\/v2\/types\/page"}],"author":[{"embeddable":true,"href":"https:\/\/agora.xtec.cat\/inslavalira\/wp-json\/wp\/v2\/users\/1"}],"replies":[{"embeddable":true,"href":"https:\/\/agora.xtec.cat\/inslavalira\/wp-json\/wp\/v2\/comments?post=57"}],"version-history":[{"count":3,"href":"https:\/\/agora.xtec.cat\/inslavalira\/wp-json\/wp\/v2\/pages\/57\/revisions"}],"predecessor-version":[{"id":304,"href":"https:\/\/agora.xtec.cat\/inslavalira\/wp-json\/wp\/v2\/pages\/57\/revisions\/304"}],"wp:attachment":[{"href":"https:\/\/agora.xtec.cat\/inslavalira\/wp-json\/wp\/v2\/media?parent=57"}],"curies":[{"name":"wp","href":"https:\/\/api.w.org\/{rel}","templated":true}]}}