{"id":2912,"date":"2020-12-01T09:47:28","date_gmt":"2020-12-01T08:47:28","guid":{"rendered":"http:\/\/agora.xtec.cat\/inslavalira\/?page_id=2912"},"modified":"2024-12-23T12:37:49","modified_gmt":"2024-12-23T11:37:49","slug":"perfil-del-contractant","status":"publish","type":"page","link":"https:\/\/agora.xtec.cat\/inslavalira\/perfil-del-contractant\/","title":{"rendered":"Perfil del contractant"},"content":{"rendered":"<h2><strong>LICITACI\u00d3 NETEJA 2024<\/strong><\/h2>\n<p>Tota la informaci\u00f3 sobre la licitaci\u00f3 al portal web PLATAFORMA DE SERVEIS DE CONTRACTACI\u00d3 P\u00daBLICA<\/p>\n<p><a href=\"https:\/\/contractaciopublica.cat\/ca\/detall-publicacio\/aa144994-6699-46e5-b68d-54ee0b4460de\/300287945\">https:\/\/contractaciopublica.cat\/ca\/detall-publicacio\/aa144994-6699-46e5-b68d-54ee0b4460de\/300287945<\/a><\/p>\n<h2><\/h2>\n<h2><strong>LICITACI\u00d3 NETEJA 2023<\/strong><\/h2>\n<div><span style=\"font-size: large;\"><b>CONTRACTACI\u00d3<\/b><\/span><\/div>\n<div><\/div>\n<div><\/div>\n<div><\/div>\n<div>L&#8217;article 53 del\u00a0<a href=\"http:\/\/www.boe.es\/boe_catalan\/dias\/2011\/11\/16\/pdfs\/BOE-A-2011-17887-C.pdf\" target=\"_blank\" rel=\"noopener noreferrer\">Reial Decret Legislatiu 3\/2011, de 14 de novembre, pel qual s&#8217;aprova el text ref\u00f3s de la Llei de Contractes del Sector P\u00fablic<\/a>, crea el perfil del contractant, com un espai de difusi\u00f3 a trav\u00e9s d\u2019Internet de l&#8217;activitat contractual del sector p\u00fablic i amb la finalitat d\u2019assegurar la transpar\u00e8ncia i l&#8217;acc\u00e9s p\u00fablic a aquesta informaci\u00f3.<\/div>\n<div>Adjunto els documents que s&#8217;han de penjar.<\/div>\n<div><\/div>\n<div><\/div>\n<div><\/div>\n<div><span style=\"color: #000000; font-size: large;\"><b>DADES DE L&#8217;INSTITUT<\/b><\/span><\/div>\n<div><\/div>\n<div>\n<ul>\n<li style=\"list-style-type: none;\">\n<ul>\n<li>c\/ de l&#8217;Orri, 66<\/li>\n<li>25700 \u2013 la Seu d\u2019Urgell<\/li>\n<li><strong>Tel\u00e8fon:<\/strong>\u00a0(+34) 973 35 31 10<\/li>\n<li><strong>Correu electr\u00f2nic:<\/strong>\u00a0<a href=\"mailto:inslavalira@xtec.cat\" target=\"_blank\" rel=\"noopener\">inslavalira@xtec.cat<\/a><\/li>\n<li><strong>Adre\u00e7a web:<\/strong>\u00a0<a href=\"https:\/\/agora.xtec.cat\/inslavalira\/\" target=\"_blank\" rel=\"noopener\">https:\/\/agora.xtec.cat\/inslavalira\/<\/a><\/li>\n<li><strong>Horari de centre:<\/strong>\u00a0de dilluns a divendres de 8:45 a 14:00 i de 15:10 a 17:00; dilluns i dimarts<\/li>\n<\/ul>\n<\/li>\n<\/ul>\n<\/div>\n<div><b><span style=\"font-size: large;\">\u00a0<\/span><\/b><\/div>\n<div><b><span style=\"font-size: large;\">LICITACIONS NETEJA\u00a0<\/span><\/b><b><span style=\"font-size: large;\">2023\u00a0<\/span><\/b><\/div>\n<div><\/div>\n<div><\/div>\n<div>Plec de cl\u00e0usules administratives <a href=\"https:\/\/agora.xtec.cat\/inslavalira\/wp-content\/uploads\/usu393\/2022\/12\/Plec-de-clausules-administratives_2023_signat.pdf\">Plec de cl\u00e0usules administratives_2023_signat<\/a><\/div>\n<div><\/div>\n<div><a href=\"https:\/\/agora.xtec.cat\/inslavalira\/wp-content\/uploads\/usu393\/2022\/11\/Anunci-licitacio-neteja-Institut-la-Valira.pdf\">Anunci licitaci\u00f3 neteja Institut la Valira<\/a><\/div>\n<div><\/div>\n<div>Plec de prescripcions t\u00e8cniques <a href=\"https:\/\/agora.xtec.cat\/inslavalira\/wp-content\/uploads\/usu393\/2022\/12\/Plec-de-prescripcions-tecniques_2023_signat.pdf\">Plec de prescripcions t\u00e8cniques_2023_signat<\/a><\/div>\n<div><\/div>\n<div><a href=\"https:\/\/agora.xtec.cat\/inslavalira\/wp-content\/uploads\/usu393\/2022\/11\/Resolucio-Inici-Licitacio-Institut-la-Valira.pdf\">Resoluci\u00f3 Inici Licitaci\u00f3 Institut la Valira<\/a><\/div>\n<div><\/div>\n<div>Publicacio_anunci_licitaci\u00f3 <a href=\"https:\/\/agora.xtec.cat\/inslavalira\/wp-content\/uploads\/usu393\/2022\/12\/Publicacio_anunci_esmenes_2_12_22.pdf\">Publicacio_anunci_esmenes_2_12_22<\/a><\/div>\n<div><\/div>\n<div><strong>\u00daLTIM DIA D&#8217;ENTREGA DOCUMENTACI\u00d3: 13 DE DESEMBRE A LA CONSERGERIA DEL CENTRE.<\/strong><\/div>\n<div><\/div>\n<div><strong>OBERTURA SOBRE B:. 19 DE DESEMBRE 10:00H<\/strong><\/div>\n<div><\/div>\n<div><a href=\"https:\/\/agora.xtec.cat\/inslavalira\/wp-content\/uploads\/usu393\/2022\/12\/Pubicacio_anunci_obertura_sobre_B.pdf\">Pubicacio_anunci_obertura_sobre_B<\/a><\/div>\n<div><\/div>\n<div><\/div>\n<div><\/div>\n<div><\/div>\n<div><\/div>\n<div><\/div>\n<div><\/div>\n<hr \/>\n<p>&nbsp;<\/p>\n<p>&nbsp;<\/p>\n","protected":false},"excerpt":{"rendered":"<p>LICITACI\u00d3 NETEJA 2024<br \/>\nTota la informaci\u00f3 sobre la licitaci\u00f3 al portal web PLATAFORMA DE SERVEIS DE CONTRACTACI\u00d3 P\u00daBLICA<br \/>\n<a href=\"https:\/\/contractaciopublica.cat\/ca\/detall-publicacio\/aa144994-6699-46e5-b68d-54ee0b4460de\/300287945\">https:\/\/contractaciopublica.cat\/ca\/detall-publicacio\/aa144994-6699-46e5-b68d-54ee0b4460de\/300287945<\/a><\/p>\n<p>LICITACI\u00d3 NETEJA 2023<br \/>\nCONTRACTACI\u00d3<\/p>\n<p>L&#8217;article 53 del\u00a0<a href=\"http:\/\/www.boe.es\/boe_catalan\/dias\/2011\/11\/16\/pdfs\/BOE-A-2011-17887-C.pdf\" target=\"_blank\" rel=\"noopener noreferrer\">Reial Decret Legislatiu 3\/2011, de 14 de novembre, pel qual s&#8217;aprova el text ref\u00f3s de la Llei de Contractes del&hellip;  <a href=\"https:\/\/agora.xtec.cat\/inslavalira\/perfil-del-contractant\/\" title=\"Read Perfil del contractant\">Llegeix m\u00e9s\u00bb<\/a><\/p>\n","protected":false},"author":1,"featured_media":0,"parent":0,"menu_order":0,"comment_status":"closed","ping_status":"closed","template":"","meta":{"_bbp_topic_count":0,"_bbp_reply_count":0,"_bbp_total_topic_count":0,"_bbp_total_reply_count":0,"_bbp_voice_count":0,"_bbp_anonymous_reply_count":0,"_bbp_topic_count_hidden":0,"_bbp_reply_count_hidden":0,"_bbp_forum_subforum_count":0,"footnotes":""},"class_list":["post-2912","page","type-page","status-publish","hentry"],"post_mailing_queue_ids":[],"_links":{"self":[{"href":"https:\/\/agora.xtec.cat\/inslavalira\/wp-json\/wp\/v2\/pages\/2912","targetHints":{"allow":["GET"]}}],"collection":[{"href":"https:\/\/agora.xtec.cat\/inslavalira\/wp-json\/wp\/v2\/pages"}],"about":[{"href":"https:\/\/agora.xtec.cat\/inslavalira\/wp-json\/wp\/v2\/types\/page"}],"author":[{"embeddable":true,"href":"https:\/\/agora.xtec.cat\/inslavalira\/wp-json\/wp\/v2\/users\/1"}],"replies":[{"embeddable":true,"href":"https:\/\/agora.xtec.cat\/inslavalira\/wp-json\/wp\/v2\/comments?post=2912"}],"version-history":[{"count":5,"href":"https:\/\/agora.xtec.cat\/inslavalira\/wp-json\/wp\/v2\/pages\/2912\/revisions"}],"predecessor-version":[{"id":3852,"href":"https:\/\/agora.xtec.cat\/inslavalira\/wp-json\/wp\/v2\/pages\/2912\/revisions\/3852"}],"wp:attachment":[{"href":"https:\/\/agora.xtec.cat\/inslavalira\/wp-json\/wp\/v2\/media?parent=2912"}],"curies":[{"name":"wp","href":"https:\/\/api.w.org\/{rel}","templated":true}]}}