{"id":19,"date":"2014-09-17T14:56:56","date_gmt":"2014-09-17T14:56:56","guid":{"rendered":"http:\/\/agora.xtec.cat\/inslavalira\/?page_id=19"},"modified":"2016-12-12T16:33:45","modified_gmt":"2016-12-12T15:33:45","slug":"linstitut","status":"publish","type":"page","link":"https:\/\/agora.xtec.cat\/inslavalira\/linstitut\/","title":{"rendered":"L&#8217;institut"},"content":{"rendered":"<p>L\u2019INS La Valira \u00e9s un centre de nova creaci\u00f3 que es posa en funcionament el curs 2015-2016 amb dos grups de 1r d\u2019ESO. El curs actual compta amb dos grups de 2n d\u2019ESO i un grup de 1r d\u2019ESO.<\/p>\n<p>L\u2019institut comparteix espai amb l\u2019Escola La Valira, tot i que l\u2019alumnat de secund\u00e0ria ocupa la 2a planta de l\u2019edifici i els horaris de l\u2019esbarjo i d\u2019entrades i sortides s\u00f3n diferents.<\/p>\n<p>El nostre centre compta amb aules totalment equipades, laboratori, taller de tecnologia, aula de m\u00fasica, despatxos, sala de professorat, biblioteca, \u00a0i un pati molt gran amb porteries de futbol i cistelles de b\u00e0squet. A m\u00e9s a m\u00e9s, el nostre alumnat comparteix el menjador i el gimn\u00e0s amb l\u2019alumnat de prim\u00e0ria, tot i que no hi coincideixen en cap moment.<\/p>\n","protected":false},"excerpt":{"rendered":"<p>L\u2019INS La Valira \u00e9s un centre de nova creaci\u00f3 que es posa en funcionament el curs 2015-2016 amb dos grups de 1r d\u2019ESO. El curs actual compta amb dos grups de 2n d\u2019ESO i un grup de 1r d\u2019ESO.<br \/>\nL\u2019institut comparteix espai amb l\u2019Escola La Valira,&hellip;  <a href=\"https:\/\/agora.xtec.cat\/inslavalira\/linstitut\/\" title=\"Read L&#8217;institut\">Llegeix m\u00e9s\u00bb<\/a><\/p>\n","protected":false},"author":1,"featured_media":0,"parent":0,"menu_order":0,"comment_status":"closed","ping_status":"closed","template":"page-templates\/side-menu.php","meta":{"_bbp_topic_count":0,"_bbp_reply_count":0,"_bbp_total_topic_count":0,"_bbp_total_reply_count":0,"_bbp_voice_count":0,"_bbp_anonymous_reply_count":0,"_bbp_topic_count_hidden":0,"_bbp_reply_count_hidden":0,"_bbp_forum_subforum_count":0,"footnotes":""},"class_list":["post-19","page","type-page","status-publish","hentry"],"post_mailing_queue_ids":[],"_links":{"self":[{"href":"https:\/\/agora.xtec.cat\/inslavalira\/wp-json\/wp\/v2\/pages\/19","targetHints":{"allow":["GET"]}}],"collection":[{"href":"https:\/\/agora.xtec.cat\/inslavalira\/wp-json\/wp\/v2\/pages"}],"about":[{"href":"https:\/\/agora.xtec.cat\/inslavalira\/wp-json\/wp\/v2\/types\/page"}],"author":[{"embeddable":true,"href":"https:\/\/agora.xtec.cat\/inslavalira\/wp-json\/wp\/v2\/users\/1"}],"replies":[{"embeddable":true,"href":"https:\/\/agora.xtec.cat\/inslavalira\/wp-json\/wp\/v2\/comments?post=19"}],"version-history":[{"count":4,"href":"https:\/\/agora.xtec.cat\/inslavalira\/wp-json\/wp\/v2\/pages\/19\/revisions"}],"predecessor-version":[{"id":693,"href":"https:\/\/agora.xtec.cat\/inslavalira\/wp-json\/wp\/v2\/pages\/19\/revisions\/693"}],"wp:attachment":[{"href":"https:\/\/agora.xtec.cat\/inslavalira\/wp-json\/wp\/v2\/media?parent=19"}],"curies":[{"name":"wp","href":"https:\/\/api.w.org\/{rel}","templated":true}]}}