{"id":5335,"date":"2022-05-31T20:40:06","date_gmt":"2022-05-31T18:40:06","guid":{"rendered":"https:\/\/agora.xtec.cat\/inslasinia\/?page_id=5335"},"modified":"2022-06-20T16:19:40","modified_gmt":"2022-06-20T14:19:40","slug":"2122-colonies-3r-eso","status":"publish","type":"page","link":"https:\/\/agora.xtec.cat\/inslasinia\/2122-colonies-3r-eso\/","title":{"rendered":"2122 Col\u00f2nies 3r ESO"},"content":{"rendered":"<p>En aquesta p\u00e0gina hi trobareu la informaci\u00f3 actualitzada.<\/p>\n<p><a href=\"https:\/\/drive.google.com\/file\/d\/1BDe0Q5MtWzFkv4j5L2c85y6U26-mjSDy\/view?usp=sharing\" target=\"_blank\" rel=\"noopener\">Reuni\u00f3 informativa 31 de maig.<\/a><\/p>\n<p><em><strong>RECORDATORIS:<\/strong><\/em><\/p>\n<p>Sortida\u00a0<strong>Dilluns 20 de juny a les 8<\/strong><strong>:15<\/strong>\u00a0des de l\u2019institut.\u00a0<strong>Important: Mascareta obligat\u00f2ria a l\u2019autocar.<\/strong><\/p>\n<p>Arribada\u00a0<strong>Dimecres 22 de juny a les 18:00<\/strong>.<\/p>\n<h4>DILLUNS 20 DE JUNY<\/h4>\n<p>Les col\u00f2nies dels alumnes de 3r s&#8217;estan produint amb tota normalitat.<\/p>\n\r\n\t<div class=\"slideshow_container slideshow_container_style-light\" style=\"height: 500px; \" data-slideshow-id=\"5462\" data-style-name=\"style-light\" data-style-version=\"2.3.1\" >\r\n\r\n\t\t\t\t\t<div class=\"slideshow_loading_icon\"><\/div>\r\n\t\t\r\n\t\t<div class=\"slideshow_content\" style=\"display: none;\">\r\n\r\n\t\t\t<div class=\"slideshow_view\">\r\n\t\t\t\t<div class=\"slideshow_slide slideshow_slide_image\">\r\n\t\t\t\t\t\t\t\t\t\t\t<img src=\"https:\/\/agora.xtec.cat\/inslasinia\/wp-content\/uploads\/usu512\/2022\/06\/f0dd6d92-ab09-4b6b-ae28-6a9628b82b97.jpg\" alt=\"f0dd6d92-ab09-4b6b-ae28-6a9628b82b97\" width=\"1600\" height=\"1200\" \/>\r\n\t\t\t\t\t\t\t\t\t\t<div class=\"slideshow_description_box slideshow_transparent\">\r\n\t\t\t\t\t\t<div class=\"slideshow_title\">f0dd6d92-ab09-4b6b-ae28-6a9628b82b97<\/div>\t\t\t\t\t\t\t\t\t\t\t<\/div>\r\n\t\t\t\t<\/div>\r\n\r\n\t\t\t\t\t\t<div style=\"clear: both;\"><\/div><\/div><div class=\"slideshow_view\">\r\n\t\t\t\t<div class=\"slideshow_slide slideshow_slide_image\">\r\n\t\t\t\t\t\t\t\t\t\t\t<img src=\"https:\/\/agora.xtec.cat\/inslasinia\/wp-content\/uploads\/usu512\/2022\/06\/da2de55e-5480-4a90-b679-610a116a8d63.jpg\" alt=\"da2de55e-5480-4a90-b679-610a116a8d63\" width=\"1600\" height=\"1200\" \/>\r\n\t\t\t\t\t\t\t\t\t\t<div class=\"slideshow_description_box slideshow_transparent\">\r\n\t\t\t\t\t\t<div class=\"slideshow_title\">da2de55e-5480-4a90-b679-610a116a8d63<\/div>\t\t\t\t\t\t\t\t\t\t\t<\/div>\r\n\t\t\t\t<\/div>\r\n\r\n\t\t\t\t\t\t<div style=\"clear: both;\"><\/div><\/div><div class=\"slideshow_view\">\r\n\t\t\t\t<div class=\"slideshow_slide slideshow_slide_image\">\r\n\t\t\t\t\t\t\t\t\t\t\t<img src=\"https:\/\/agora.xtec.cat\/inslasinia\/wp-content\/uploads\/usu512\/2022\/06\/cacf0e70-df63-4a31-9db9-42cd4fbb7b73.jpg\" alt=\"cacf0e70-df63-4a31-9db9-42cd4fbb7b73\" width=\"1296\" height=\"970\" \/>\r\n\t\t\t\t\t\t\t\t\t\t<div class=\"slideshow_description_box slideshow_transparent\">\r\n\t\t\t\t\t\t<div class=\"slideshow_title\">cacf0e70-df63-4a31-9db9-42cd4fbb7b73<\/div>\t\t\t\t\t\t\t\t\t\t\t<\/div>\r\n\t\t\t\t<\/div>\r\n\r\n\t\t\t\t\t\t<div style=\"clear: both;\"><\/div><\/div><div class=\"slideshow_view\">\r\n\t\t\t\t<div class=\"slideshow_slide slideshow_slide_image\">\r\n\t\t\t\t\t\t\t\t\t\t\t<img src=\"https:\/\/agora.xtec.cat\/inslasinia\/wp-content\/uploads\/usu512\/2022\/06\/ca2e4dfc-de2d-4573-85f4-39521002ad87.jpg\" alt=\"ca2e4dfc-de2d-4573-85f4-39521002ad87\" width=\"1500\" height=\"2000\" \/>\r\n\t\t\t\t\t\t\t\t\t\t<div class=\"slideshow_description_box slideshow_transparent\">\r\n\t\t\t\t\t\t<div class=\"slideshow_title\">ca2e4dfc-de2d-4573-85f4-39521002ad87<\/div>\t\t\t\t\t\t\t\t\t\t\t<\/div>\r\n\t\t\t\t<\/div>\r\n\r\n\t\t\t\t\t\t<div style=\"clear: both;\"><\/div><\/div><div class=\"slideshow_view\">\r\n\t\t\t\t<div class=\"slideshow_slide slideshow_slide_image\">\r\n\t\t\t\t\t\t\t\t\t\t\t<img src=\"https:\/\/agora.xtec.cat\/inslasinia\/wp-content\/uploads\/usu512\/2022\/06\/0770426b-9021-43a6-8f87-0650494360fa.jpg\" alt=\"0770426b-9021-43a6-8f87-0650494360fa\" width=\"1600\" height=\"1200\" \/>\r\n\t\t\t\t\t\t\t\t\t\t<div class=\"slideshow_description_box slideshow_transparent\">\r\n\t\t\t\t\t\t<div class=\"slideshow_title\">0770426b-9021-43a6-8f87-0650494360fa<\/div>\t\t\t\t\t\t\t\t\t\t\t<\/div>\r\n\t\t\t\t<\/div>\r\n\r\n\t\t\t\t\t\t<div style=\"clear: both;\"><\/div><\/div><div class=\"slideshow_view\">\r\n\t\t\t\t<div class=\"slideshow_slide slideshow_slide_image\">\r\n\t\t\t\t\t\t\t\t\t\t\t<img src=\"https:\/\/agora.xtec.cat\/inslasinia\/wp-content\/uploads\/usu512\/2022\/06\/9c43dc6d-8651-4f01-a8c2-6fd38ee1ab92.jpg\" alt=\"9c43dc6d-8651-4f01-a8c2-6fd38ee1ab92\" width=\"1600\" height=\"1200\" \/>\r\n\t\t\t\t\t\t\t\t\t\t<div class=\"slideshow_description_box slideshow_transparent\">\r\n\t\t\t\t\t\t<div class=\"slideshow_title\">9c43dc6d-8651-4f01-a8c2-6fd38ee1ab92<\/div>\t\t\t\t\t\t\t\t\t\t\t<\/div>\r\n\t\t\t\t<\/div>\r\n\r\n\t\t\t\t\t\t<div style=\"clear: both;\"><\/div><\/div><div class=\"slideshow_view\">\r\n\t\t\t\t<div class=\"slideshow_slide slideshow_slide_image\">\r\n\t\t\t\t\t\t\t\t\t\t\t<img src=\"https:\/\/agora.xtec.cat\/inslasinia\/wp-content\/uploads\/usu512\/2022\/06\/8e5a7c3a-d9c0-4b3a-8a2a-fca7e8817e4f.jpg\" alt=\"8e5a7c3a-d9c0-4b3a-8a2a-fca7e8817e4f\" width=\"2000\" height=\"1500\" \/>\r\n\t\t\t\t\t\t\t\t\t\t<div class=\"slideshow_description_box slideshow_transparent\">\r\n\t\t\t\t\t\t<div class=\"slideshow_title\">8e5a7c3a-d9c0-4b3a-8a2a-fca7e8817e4f<\/div>\t\t\t\t\t\t\t\t\t\t\t<\/div>\r\n\t\t\t\t<\/div>\r\n\r\n\t\t\t\t\t\t<div style=\"clear: both;\"><\/div><\/div><div class=\"slideshow_view\">\r\n\t\t\t\t<div class=\"slideshow_slide slideshow_slide_image\">\r\n\t\t\t\t\t\t\t\t\t\t\t<img src=\"https:\/\/agora.xtec.cat\/inslasinia\/wp-content\/uploads\/usu512\/2022\/06\/6cb837ab-4735-4b6e-9ee1-53316937e3b8.jpg\" alt=\"6cb837ab-4735-4b6e-9ee1-53316937e3b8\" width=\"2000\" height=\"1500\" \/>\r\n\t\t\t\t\t\t\t\t\t\t<div class=\"slideshow_description_box slideshow_transparent\">\r\n\t\t\t\t\t\t<div class=\"slideshow_title\">6cb837ab-4735-4b6e-9ee1-53316937e3b8<\/div>\t\t\t\t\t\t\t\t\t\t\t<\/div>\r\n\t\t\t\t<\/div>\r\n\r\n\t\t\t\t\t\t<div style=\"clear: both;\"><\/div><\/div>\r\n\t\t<\/div>\r\n\r\n\t\t<div class=\"slideshow_controlPanel slideshow_transparent\" style=\"display: none;\"><ul><li class=\"slideshow_togglePlay\" data-play-text=\"Visualitza\" data-pause-text=\"Pausa\"><\/li><\/ul><\/div>\r\n\r\n\t\t<div class=\"slideshow_button slideshow_previous slideshow_transparent\" role=\"button\" data-previous-text=\"Anterior\" style=\"display: none;\"><\/div>\r\n\t\t<div class=\"slideshow_button slideshow_next slideshow_transparent\" role=\"button\" data-next-text=\"Seg\u00fcent\" style=\"display: none;\"><\/div>\r\n\r\n\t\t<div class=\"slideshow_pagination\" style=\"display: none;\" data-go-to-text=\"V\u00e9s a la diapositiva\"><div class=\"slideshow_pagination_center\"><\/div><\/div>\r\n\r\n\t\t<!-- WordPress Slideshow Version 2.3.1 -->\r\n\r\n\t\t\t<\/div>\r\n\r\n\n","protected":false},"excerpt":{"rendered":"<p>En aquesta p\u00e0gina hi trobareu la informaci\u00f3 actualitzada.<br \/>\n<a href=\"https:\/\/drive.google.com\/file\/d\/1BDe0Q5MtWzFkv4j5L2c85y6U26-mjSDy\/view?usp=sharing\" target=\"_blank\" rel=\"noopener\">Reuni\u00f3 informativa 31 de maig.<\/a><br \/>\nRECORDATORIS:<br \/>\nSortida\u00a0Dilluns 20 de juny a les 8:15\u00a0des de l\u2019institut.\u00a0Important: Mascareta obligat\u00f2ria a l\u2019autocar.<br \/>\nArribada\u00a0Dimecres 22 de juny a les 18:00.<br \/>\nDILLUNS 20 DE JUNY<br \/>\nLes col\u00f2nies dels alumnes de 3r s&#8217;estan produint amb tota&hellip;  <a href=\"https:\/\/agora.xtec.cat\/inslasinia\/2122-colonies-3r-eso\/\" title=\"Read 2122 Col\u00f2nies 3r ESO\">Llegeix m\u00e9s\u00bb<\/a><\/p>\n","protected":false},"author":10,"featured_media":0,"parent":0,"menu_order":0,"comment_status":"closed","ping_status":"closed","template":"","meta":{"_bbp_topic_count":0,"_bbp_reply_count":0,"_bbp_total_topic_count":0,"_bbp_total_reply_count":0,"_bbp_voice_count":0,"_bbp_anonymous_reply_count":0,"_bbp_topic_count_hidden":0,"_bbp_reply_count_hidden":0,"_bbp_forum_subforum_count":0,"footnotes":""},"class_list":["post-5335","page","type-page","status-publish","hentry"],"post_mailing_queue_ids":[],"_links":{"self":[{"href":"https:\/\/agora.xtec.cat\/inslasinia\/wp-json\/wp\/v2\/pages\/5335","targetHints":{"allow":["GET"]}}],"collection":[{"href":"https:\/\/agora.xtec.cat\/inslasinia\/wp-json\/wp\/v2\/pages"}],"about":[{"href":"https:\/\/agora.xtec.cat\/inslasinia\/wp-json\/wp\/v2\/types\/page"}],"author":[{"embeddable":true,"href":"https:\/\/agora.xtec.cat\/inslasinia\/wp-json\/wp\/v2\/users\/10"}],"replies":[{"embeddable":true,"href":"https:\/\/agora.xtec.cat\/inslasinia\/wp-json\/wp\/v2\/comments?post=5335"}],"version-history":[{"count":3,"href":"https:\/\/agora.xtec.cat\/inslasinia\/wp-json\/wp\/v2\/pages\/5335\/revisions"}],"predecessor-version":[{"id":5471,"href":"https:\/\/agora.xtec.cat\/inslasinia\/wp-json\/wp\/v2\/pages\/5335\/revisions\/5471"}],"wp:attachment":[{"href":"https:\/\/agora.xtec.cat\/inslasinia\/wp-json\/wp\/v2\/media?parent=5335"}],"curies":[{"name":"wp","href":"https:\/\/api.w.org\/{rel}","templated":true}]}}