{"id":2985,"date":"2020-01-17T18:54:51","date_gmt":"2020-01-17T17:54:51","guid":{"rendered":"http:\/\/agora.xtec.cat\/inslasinia\/?page_id=2985"},"modified":"2024-12-12T13:29:36","modified_gmt":"2024-12-12T12:29:36","slug":"programa-de-practiques-com-a-centre-formador","status":"publish","type":"page","link":"https:\/\/agora.xtec.cat\/inslasinia\/pla-de-formacio-de-zona\/programa-de-practiques-com-a-centre-formador\/","title":{"rendered":"Programa MUFPS com a centre formador de refer\u00e8ncia"},"content":{"rendered":"<p><a href=\"https:\/\/agora.xtec.cat\/inslasinia\/wp-content\/uploads\/usu512\/2023\/11\/mufps.png\"><img loading=\"lazy\" decoding=\"async\" class=\"alignnone size-large wp-image-6406\" src=\"https:\/\/agora.xtec.cat\/inslasinia\/wp-content\/uploads\/usu512\/2023\/11\/mufps-1024x249.png\" alt=\"\" width=\"1024\" height=\"249\" srcset=\"https:\/\/agora.xtec.cat\/inslasinia\/wp-content\/uploads\/usu512\/2023\/11\/mufps-1024x249.png 1024w, https:\/\/agora.xtec.cat\/inslasinia\/wp-content\/uploads\/usu512\/2023\/11\/mufps-300x73.png 300w, https:\/\/agora.xtec.cat\/inslasinia\/wp-content\/uploads\/usu512\/2023\/11\/mufps-768x186.png 768w, https:\/\/agora.xtec.cat\/inslasinia\/wp-content\/uploads\/usu512\/2023\/11\/mufps.png 1145w\" sizes=\"auto, (max-width: 1024px) 100vw, 1024px\" \/><\/a><\/p>\n<p>Amb la voluntat de participar activament en la formaci\u00f3 dels futurs docents i tamb\u00e9 amb la intenci\u00f3 d\u2019oferir als estudiants universitaris (pr\u00e0cticums) la possibilitat de con\u00e8ixer, experimentar, reflexionar i criticar un projecte educatiu innovador i orientat cap a la transformaci\u00f3 educativa, el curs 2016\/2017 l\u2019Institut La S\u00ednia es va incorporar al Programa de Pr\u00e0ctiques com a centre formador.<\/p>\n<p>El curs 2019-2020 ens afegim com a tutors d\u2019alumnes del M\u00e0ster Universitari de Formaci\u00f3 del Professorat d\u2019Educaci\u00f3 Secund\u00e0ria Obligat\u00f2ria en pr\u00e0ctiques de les universitats <span style=\"font-weight: 400;\">UAB, UB, URL, UdG, VIU. I \u00e9s en el curs 2022-2023 que ens adherim al Programa MUFPS\u00a0<\/span><span style=\"font-weight: 400;\">com un centre de pr\u00e0ctiques de refer\u00e8ncia. Aix\u00f2 suposa que un grup de professors ha fet una formaci\u00f3 com a mentor-tutor de pr\u00e0ctiques que traspassa al claustre, se\u2019ns proporciona una ajuda econ\u00f2mica i en aquest curs 23-24 rebem la dotaci\u00f3 de mig professor m\u00e9s a la plantilla.\u00a0 En aquests moments, tenim assignats pel curs 23-24 onze alumnes de pr\u00e0ctiques<\/span><span style=\"font-weight: 400;\"> provinents de diferents universitats.<\/span><\/p>\n<p><span style=\"font-weight: 400;\">Des dels 2016 fins a l&#8217;actualitat han fet les seves pr\u00e0ctiques al centre una quinzena d\u2019estudiants, provinents de diferents universitats, amb un grau de satisfacci\u00f3 m\u00fatua molt alta.<\/span><\/p>\n<p><a href=\"https:\/\/docs.google.com\/document\/d\/11T7XCMo2j2gt0KGrFBwespa79KEGXOHezN7nD1kOaaA\/edit?tab=t.0\" target=\"_blank\" rel=\"noopener\">2425 Pla d&#8217;Acollida<\/a><\/p>\n<p><a href=\"https:\/\/drive.google.com\/file\/d\/1K_3-_gbrkHDn46Yjl5F1xD0myerYndwN\/view\" target=\"_blank\" rel=\"noopener\">2324 Pla d&#8217;Acci\u00f3 MUFPS<\/a><\/p>\n<p><a href=\"https:\/\/drive.google.com\/a\/siparets2.cat\/file\/d\/1LNdcopbYo6MSuh6sWADYQKhMEaGDDqct\/view?usp=drivesdk\">Pla d\u2019Acollida Pr\u00e0cticums<\/a><\/p>\n","protected":false},"excerpt":{"rendered":"<p><a href=\"https:\/\/agora.xtec.cat\/inslasinia\/wp-content\/uploads\/usu512\/2023\/11\/mufps.png\"><\/a><br \/>\nAmb la voluntat de participar activament en la formaci\u00f3 dels futurs docents i tamb\u00e9 amb la intenci\u00f3 d\u2019oferir als estudiants universitaris (pr\u00e0cticums) la possibilitat de con\u00e8ixer, experimentar, reflexionar i criticar un projecte educatiu innovador i orientat cap a la transformaci\u00f3 educativa, el curs 2016\/2017&hellip;  <a href=\"https:\/\/agora.xtec.cat\/inslasinia\/pla-de-formacio-de-zona\/programa-de-practiques-com-a-centre-formador\/\" title=\"Read Programa MUFPS com a centre formador de refer\u00e8ncia\">Llegeix m\u00e9s\u00bb<\/a><\/p>\n","protected":false},"author":10,"featured_media":0,"parent":2965,"menu_order":0,"comment_status":"closed","ping_status":"closed","template":"","meta":{"_bbp_topic_count":0,"_bbp_reply_count":0,"_bbp_total_topic_count":0,"_bbp_total_reply_count":0,"_bbp_voice_count":0,"_bbp_anonymous_reply_count":0,"_bbp_topic_count_hidden":0,"_bbp_reply_count_hidden":0,"_bbp_forum_subforum_count":0,"footnotes":""},"class_list":["post-2985","page","type-page","status-publish","hentry"],"post_mailing_queue_ids":[],"_links":{"self":[{"href":"https:\/\/agora.xtec.cat\/inslasinia\/wp-json\/wp\/v2\/pages\/2985","targetHints":{"allow":["GET"]}}],"collection":[{"href":"https:\/\/agora.xtec.cat\/inslasinia\/wp-json\/wp\/v2\/pages"}],"about":[{"href":"https:\/\/agora.xtec.cat\/inslasinia\/wp-json\/wp\/v2\/types\/page"}],"author":[{"embeddable":true,"href":"https:\/\/agora.xtec.cat\/inslasinia\/wp-json\/wp\/v2\/users\/10"}],"replies":[{"embeddable":true,"href":"https:\/\/agora.xtec.cat\/inslasinia\/wp-json\/wp\/v2\/comments?post=2985"}],"version-history":[{"count":6,"href":"https:\/\/agora.xtec.cat\/inslasinia\/wp-json\/wp\/v2\/pages\/2985\/revisions"}],"predecessor-version":[{"id":6679,"href":"https:\/\/agora.xtec.cat\/inslasinia\/wp-json\/wp\/v2\/pages\/2985\/revisions\/6679"}],"up":[{"embeddable":true,"href":"https:\/\/agora.xtec.cat\/inslasinia\/wp-json\/wp\/v2\/pages\/2965"}],"wp:attachment":[{"href":"https:\/\/agora.xtec.cat\/inslasinia\/wp-json\/wp\/v2\/media?parent=2985"}],"curies":[{"name":"wp","href":"https:\/\/api.w.org\/{rel}","templated":true}]}}