{"id":2965,"date":"2020-01-17T12:30:48","date_gmt":"2020-01-17T11:30:48","guid":{"rendered":"http:\/\/agora.xtec.cat\/inslasinia\/?page_id=2965"},"modified":"2020-01-17T12:30:48","modified_gmt":"2020-01-17T11:30:48","slug":"pla-de-formacio-de-zona","status":"publish","type":"page","link":"https:\/\/agora.xtec.cat\/inslasinia\/pla-de-formacio-de-zona\/","title":{"rendered":"Pla de Formaci\u00f3 de Zona"},"content":{"rendered":"<p>Els\u00a0Plans de Formaci\u00f3 de Zona\u00a0(<strong>PFZ<\/strong>) s\u00f3n un recurs de formaci\u00f3 al servei de la millora dels centres i el professorat d\u2019una zona educativa.\u00a0Els PFZ pretenen donar resposta a les necessitats de formaci\u00f3 dels ensenyants i dels centres per assolir uns objectius, de millora i de canvi de les pr\u00e0ctiques docents o de l\u2019organitzaci\u00f3 i el funcionament dels centres educatius.<\/p>\n<p>Les activitats de formaci\u00f3 s\u00f3n organitzades pels Serveis Educatius de Zona, per les diferents unitats del Departament d\u2019Ensenyament i les institucions col\u00b7laboradores, especialment els Instituts de Ci\u00e8ncies de l\u2019Educaci\u00f3 de les universitats catalanes. Els centres de recursos pedag\u00f2gics\u00a0organitzen i coordinen l\u2019execuci\u00f3 i el seguiment de les activitats del PFZ.<\/p>\n<p><strong>El Pla de Formaci\u00f3 de Zona Vall\u00e8s del\u00a0 Oriental II<\/strong> \u00e9s la planificaci\u00f3 a nivell comarcal de la formaci\u00f3 permanent del professorat, la qual incorpora les activitats de formaci\u00f3 en centre i altres activitats adre\u00e7ades a tot el professorat de la comarca.<\/p>\n<p><a href=\"https:\/\/serveiseducatius.xtec.cat\/vallesoriental2\/formacio\/activitats\/\">https:\/\/serveiseducatius.xtec.cat\/vallesoriental2\/formacio\/activitats\/<\/a><\/p>\n","protected":false},"excerpt":{"rendered":"<p>Els\u00a0Plans de Formaci\u00f3 de Zona\u00a0(PFZ) s\u00f3n un recurs de formaci\u00f3 al servei de la millora dels centres i el professorat d\u2019una zona educativa.\u00a0Els PFZ pretenen donar resposta a les necessitats de formaci\u00f3 dels ensenyants i dels centres per assolir uns objectius, de millora i de&hellip;  <a href=\"https:\/\/agora.xtec.cat\/inslasinia\/pla-de-formacio-de-zona\/\" title=\"Read Pla de Formaci\u00f3 de Zona\">Llegeix m\u00e9s\u00bb<\/a><\/p>\n","protected":false},"author":10,"featured_media":0,"parent":0,"menu_order":0,"comment_status":"closed","ping_status":"closed","template":"","meta":{"_bbp_topic_count":0,"_bbp_reply_count":0,"_bbp_total_topic_count":0,"_bbp_total_reply_count":0,"_bbp_voice_count":0,"_bbp_anonymous_reply_count":0,"_bbp_topic_count_hidden":0,"_bbp_reply_count_hidden":0,"_bbp_forum_subforum_count":0,"footnotes":""},"class_list":["post-2965","page","type-page","status-publish","hentry"],"post_mailing_queue_ids":[],"_links":{"self":[{"href":"https:\/\/agora.xtec.cat\/inslasinia\/wp-json\/wp\/v2\/pages\/2965","targetHints":{"allow":["GET"]}}],"collection":[{"href":"https:\/\/agora.xtec.cat\/inslasinia\/wp-json\/wp\/v2\/pages"}],"about":[{"href":"https:\/\/agora.xtec.cat\/inslasinia\/wp-json\/wp\/v2\/types\/page"}],"author":[{"embeddable":true,"href":"https:\/\/agora.xtec.cat\/inslasinia\/wp-json\/wp\/v2\/users\/10"}],"replies":[{"embeddable":true,"href":"https:\/\/agora.xtec.cat\/inslasinia\/wp-json\/wp\/v2\/comments?post=2965"}],"version-history":[{"count":1,"href":"https:\/\/agora.xtec.cat\/inslasinia\/wp-json\/wp\/v2\/pages\/2965\/revisions"}],"predecessor-version":[{"id":2966,"href":"https:\/\/agora.xtec.cat\/inslasinia\/wp-json\/wp\/v2\/pages\/2965\/revisions\/2966"}],"wp:attachment":[{"href":"https:\/\/agora.xtec.cat\/inslasinia\/wp-json\/wp\/v2\/media?parent=2965"}],"curies":[{"name":"wp","href":"https:\/\/api.w.org\/{rel}","templated":true}]}}