{"id":2921,"date":"2020-01-15T12:49:48","date_gmt":"2020-01-15T11:49:48","guid":{"rendered":"http:\/\/agora.xtec.cat\/inslasinia\/?page_id=2921"},"modified":"2023-11-16T16:17:39","modified_gmt":"2023-11-16T15:17:39","slug":"documents-de-centre","status":"publish","type":"page","link":"https:\/\/agora.xtec.cat\/inslasinia\/projecte-educatiu\/documents-de-centre\/","title":{"rendered":"Documents de centre"},"content":{"rendered":"<p>La Llei de transpar\u00e8ncia, acc\u00e9s a la informaci\u00f3 p\u00fablica i bon govern regula les obligacions de publicitat activa de les administracions p\u00fabliques i estableix el dret d\u2019acc\u00e9s a la informaci\u00f3 p\u00fablica per part de la ciutadania.<\/p>\n<p>En aquest \u00e0mbit, el Departament d\u2019Educaci\u00f3 ha aprovat la seva pol\u00edtica de transpar\u00e8ncia per al compliment de les obligacions de publicitat activa, obertura de dades p\u00fabliques, bon govern i participaci\u00f3 ciutadana.<\/p>\n<p>Podeu consultar a continuaci\u00f3 els seg\u00fcents documents de centre:<\/p>\n<ul>\n<li>Equip directiu<\/li>\n<li><a href=\"https:\/\/drive.google.com\/file\/d\/1XEgjdRsO2ZpM1CtlZeEO8wMmz2hL00xI\/view?usp=sharing\">Carta de comprom\u00eds educatiu<\/a><\/li>\n<li>NOFC (En revisi\u00f3)<\/li>\n<li><a href=\"https:\/\/drive.google.com\/file\/d\/1zANPRHe_RcvkCQD12lkxQ6RBAt02lP8R\/view?usp=sharing\">Pla d&#8217;acollida<\/a><\/li>\n<li><a href=\"https:\/\/drive.google.com\/file\/d\/1KPAsTySPknFTJyfOFi8hHLyXXGytPZCf\/view?usp=drive_link\" target=\"_blank\" rel=\"noopener\">Protocol \u00fas d&#8217;auriculars i m\u00f2bil<\/a><\/li>\n<li><a href=\"https:\/\/drive.google.com\/file\/d\/1O9HlUAeOnd1ZRj6rEyci5uLoFi7J0pJM\/view?usp=drive_link\" target=\"_blank\" rel=\"noopener\">PGAC 2324<\/a><\/li>\n<li><a href=\"https:\/\/drive.google.com\/file\/d\/1Y0cOzrq64iwwM6yFxMmx3qOsrJvqjAK7\/view?usp=drive_link\" target=\"_blank\" rel=\"noopener\">Mem\u00f2ria 2223<\/a><\/li>\n<\/ul>\n<p><strong>Hist\u00f2rics<\/strong><\/p>\n<ul>\n<li><a href=\"https:\/\/drive.google.com\/file\/d\/1yV_SCEfjEubDWKKKPZ87UWY3rLAB2Z3q\/view?usp=sharing\">Pla TAC<\/a><\/li>\n<li><a href=\"https:\/\/drive.google.com\/file\/d\/1okj0Bmfx8n0Q6jI2te0N88wKogagIU6b\/view?usp=sharing\" target=\"_blank\" rel=\"noopener\">PGAC 2223<\/a><\/li>\n<li><a href=\"https:\/\/drive.google.com\/file\/d\/1cSM5Pbitf58_kLrLwsIYEUoG0BOJdw8I\/view?usp=sharing\" target=\"_blank\" rel=\"noopener\">Mem\u00f2ria 2122<\/a><\/li>\n<li><a href=\"https:\/\/drive.google.com\/file\/d\/10qN9h-r63tGxyAJMYENV0UyV8V2fw1gY\/view?usp=sharing\" target=\"_blank\" rel=\"noopener\">PGAC 2122<\/a><\/li>\n<li><a href=\"https:\/\/drive.google.com\/file\/d\/1wfhR4R-UI_ASIeJW0WhAFvQWlXeoc-yu\/view?usp=sharing\" target=\"_blank\" rel=\"noopener\">Mem\u00f2ria 2021<\/a><\/li>\n<li><a href=\"https:\/\/drive.google.com\/file\/d\/1fPMzyP_2Rra2zErojalmxtd6OSjp78Ow\/view?usp=sharing\">PGAC 2021<\/a><\/li>\n<li><a href=\"https:\/\/drive.google.com\/file\/d\/1pSEgTBLG4j_YuerOne59In8l2lFCn7RJ\/view?usp=sharing\">Mem\u00f2ria 1920<\/a><\/li>\n<li><a href=\"https:\/\/drive.google.com\/file\/d\/16nlTbBZIGyDCjCFCdOtiW7KQpL48evYC\/view?usp=sharing\">PGAC 1920<\/a><\/li>\n<li><a href=\"https:\/\/drive.google.com\/file\/d\/1Ld0pN-5zLUblt43h8xASzhuNxp_aIpSS\/view?usp=sharing\">Mem\u00f2ria 1819<\/a><\/li>\n<li><a href=\"https:\/\/drive.google.com\/file\/d\/1126jFrcjy6_JxbPHeZWnJdgtMPoZVHhS\/view?usp=sharing\">PGAC 1819<\/a><\/li>\n<\/ul>\n","protected":false},"excerpt":{"rendered":"<p>La Llei de transpar\u00e8ncia, acc\u00e9s a la informaci\u00f3 p\u00fablica i bon govern regula les obligacions de publicitat activa de les administracions p\u00fabliques i estableix el dret d\u2019acc\u00e9s a la informaci\u00f3 p\u00fablica per part de la ciutadania.<br \/>\nEn aquest \u00e0mbit, el Departament d\u2019Educaci\u00f3 ha aprovat la seva&hellip;  <a href=\"https:\/\/agora.xtec.cat\/inslasinia\/projecte-educatiu\/documents-de-centre\/\" title=\"Read Documents de centre\">Llegeix m\u00e9s\u00bb<\/a><\/p>\n","protected":false},"author":10,"featured_media":0,"parent":57,"menu_order":0,"comment_status":"closed","ping_status":"closed","template":"","meta":{"_bbp_topic_count":0,"_bbp_reply_count":0,"_bbp_total_topic_count":0,"_bbp_total_reply_count":0,"_bbp_voice_count":0,"_bbp_anonymous_reply_count":0,"_bbp_topic_count_hidden":0,"_bbp_reply_count_hidden":0,"_bbp_forum_subforum_count":0,"footnotes":""},"class_list":["post-2921","page","type-page","status-publish","hentry"],"post_mailing_queue_ids":[],"_links":{"self":[{"href":"https:\/\/agora.xtec.cat\/inslasinia\/wp-json\/wp\/v2\/pages\/2921","targetHints":{"allow":["GET"]}}],"collection":[{"href":"https:\/\/agora.xtec.cat\/inslasinia\/wp-json\/wp\/v2\/pages"}],"about":[{"href":"https:\/\/agora.xtec.cat\/inslasinia\/wp-json\/wp\/v2\/types\/page"}],"author":[{"embeddable":true,"href":"https:\/\/agora.xtec.cat\/inslasinia\/wp-json\/wp\/v2\/users\/10"}],"replies":[{"embeddable":true,"href":"https:\/\/agora.xtec.cat\/inslasinia\/wp-json\/wp\/v2\/comments?post=2921"}],"version-history":[{"count":4,"href":"https:\/\/agora.xtec.cat\/inslasinia\/wp-json\/wp\/v2\/pages\/2921\/revisions"}],"predecessor-version":[{"id":6413,"href":"https:\/\/agora.xtec.cat\/inslasinia\/wp-json\/wp\/v2\/pages\/2921\/revisions\/6413"}],"up":[{"embeddable":true,"href":"https:\/\/agora.xtec.cat\/inslasinia\/wp-json\/wp\/v2\/pages\/57"}],"wp:attachment":[{"href":"https:\/\/agora.xtec.cat\/inslasinia\/wp-json\/wp\/v2\/media?parent=2921"}],"curies":[{"name":"wp","href":"https:\/\/api.w.org\/{rel}","templated":true}]}}