{"id":2115,"date":"2018-10-02T17:53:05","date_gmt":"2018-10-02T15:53:05","guid":{"rendered":"http:\/\/agora.xtec.cat\/inslasinia\/?page_id=2115"},"modified":"2022-01-10T21:16:26","modified_gmt":"2022-01-10T20:16:26","slug":"stem","status":"publish","type":"page","link":"https:\/\/agora.xtec.cat\/inslasinia\/projecte-educatiu\/stem\/","title":{"rendered":"STEM"},"content":{"rendered":"<p>L&#8217;institut La S\u00ednia ha nascut amb la vocaci\u00f3 de treballar una part del curr\u00edculum amb metodologies ABP i similars. Portem 9 anys implementant projectes transversals i interdisciplinars, treballant en xarxa amb altres instituts i associacions educatives.<br \/>\nFruit de la nostra traject\u00f2ria hem arribat al punt en qu\u00e8 tenim diferenciats:<br \/>\n\u00b7 <strong>Projectes d&#8217;\u00e0mbit ling\u00fc\u00edstic<\/strong> (PLG) impartits per especialistes de llengua on es treballen les lleng\u00fces curriculars de forma transversal i en context, incorporant altres \u00e0mbits acad\u00e8mics, la comunicaci\u00f3 i l&#8217;educaci\u00f3 medi\u00e0tica.<br \/>\n\u00b7 <strong>Projectes STEAM<\/strong> impartits majorit\u00e0riament per especialistes i on tamb\u00e9 incorporem altres \u00e0mbits.<\/p>\n<p>Els <strong>projectes STEAM<\/strong> s\u00f3n projectes d&#8217;\u00e0mbits curriculars transversals en qu\u00e8 es treballa un determinat bloc tem\u00e0tic o centre d\u2019inter\u00e8s, incorporant i\/o aplicant continguts provinents de les \u00e0rees de ci\u00e8ncies, tecnologia i matem\u00e0tiques (majorit\u00e0riament), amb aportacions art\u00edstiques, de ci\u00e8ncies socials, geografia i hist\u00f2ria, de forma integrada i contextualitzada. Els projectes STEM tenen un clar enfocament competencial, uns objectius d&#8217;aprenentage espec\u00edfics i uns productes finals a lliurar.<\/p>\n<p>des del curs 17\/18 s\u2019hi dediquen 4,5 hores setmanals i els alumnes treballen en equips col\u00b7laboratius o individualment. L\u2019\u00fas de les eines TAC \u00e9s una altra caracter\u00edstica d\u2019aquest \u00e0mbit. Cada projecte abasta un mes i mig, de manera que al llarg d\u2019un curs escolar se\u2019n desenvolupen sis (dos per trimestre). A m\u00e9s, cada projecte inclou, com a m\u00ednim, una sortida i\/o una activitat complement\u00e0ria fora del centre, una exposici\u00f3 oral i sovint una pel\u00b7l\u00edcula (en VOS en angl\u00e8s).<\/p>\n<p>El professorat del centre ha participat en la formaci\u00f3 duta a terme pel <strong>Programa d&#8217;innovaci\u00f3 pedag\u00f2gica STEAMCat<\/strong> que t\u00e9 la finalitat de generar i potenciar l&#8217;inter\u00e8s de l&#8217;alumnat vers les ci\u00e8ncies, la tecnologia, l&#8217;enginyeria, les matem\u00e0tiques i la creativitat en aquests \u00e0mbits a trav\u00e9s del disseny i l&#8217;art i incrementar la pres\u00e8ncia de les dones i de l&#8217;alumnat socialment desafavorit en els estudis i professions STEM.<\/p>\n","protected":false},"excerpt":{"rendered":"<p>L&#8217;institut La S\u00ednia ha nascut amb la vocaci\u00f3 de treballar una part del curr\u00edculum amb metodologies ABP i similars. Portem 9 anys implementant projectes transversals i interdisciplinars, treballant en xarxa amb altres instituts i associacions educatives.<br \/>\nFruit de la nostra traject\u00f2ria hem arribat al punt en&hellip;  <a href=\"https:\/\/agora.xtec.cat\/inslasinia\/projecte-educatiu\/stem\/\" title=\"Read STEM\">Llegeix m\u00e9s\u00bb<\/a><\/p>\n","protected":false},"author":10,"featured_media":0,"parent":57,"menu_order":0,"comment_status":"closed","ping_status":"closed","template":"","meta":{"_bbp_topic_count":0,"_bbp_reply_count":0,"_bbp_total_topic_count":0,"_bbp_total_reply_count":0,"_bbp_voice_count":0,"_bbp_anonymous_reply_count":0,"_bbp_topic_count_hidden":0,"_bbp_reply_count_hidden":0,"_bbp_forum_subforum_count":0,"footnotes":""},"class_list":["post-2115","page","type-page","status-publish","hentry"],"post_mailing_queue_ids":[],"_links":{"self":[{"href":"https:\/\/agora.xtec.cat\/inslasinia\/wp-json\/wp\/v2\/pages\/2115","targetHints":{"allow":["GET"]}}],"collection":[{"href":"https:\/\/agora.xtec.cat\/inslasinia\/wp-json\/wp\/v2\/pages"}],"about":[{"href":"https:\/\/agora.xtec.cat\/inslasinia\/wp-json\/wp\/v2\/types\/page"}],"author":[{"embeddable":true,"href":"https:\/\/agora.xtec.cat\/inslasinia\/wp-json\/wp\/v2\/users\/10"}],"replies":[{"embeddable":true,"href":"https:\/\/agora.xtec.cat\/inslasinia\/wp-json\/wp\/v2\/comments?post=2115"}],"version-history":[{"count":3,"href":"https:\/\/agora.xtec.cat\/inslasinia\/wp-json\/wp\/v2\/pages\/2115\/revisions"}],"predecessor-version":[{"id":4647,"href":"https:\/\/agora.xtec.cat\/inslasinia\/wp-json\/wp\/v2\/pages\/2115\/revisions\/4647"}],"up":[{"embeddable":true,"href":"https:\/\/agora.xtec.cat\/inslasinia\/wp-json\/wp\/v2\/pages\/57"}],"wp:attachment":[{"href":"https:\/\/agora.xtec.cat\/inslasinia\/wp-json\/wp\/v2\/media?parent=2115"}],"curies":[{"name":"wp","href":"https:\/\/api.w.org\/{rel}","templated":true}]}}