{"id":1912,"date":"2018-06-13T10:40:42","date_gmt":"2018-06-13T08:40:42","guid":{"rendered":"http:\/\/agora.xtec.cat\/inslasinia\/?page_id=1912"},"modified":"2026-02-02T20:29:48","modified_gmt":"2026-02-02T19:29:48","slug":"matriculacio-2021-2022","status":"publish","type":"page","link":"https:\/\/agora.xtec.cat\/inslasinia\/secretaria\/matriculacio-2021-2022\/","title":{"rendered":"Matriculaci\u00f3 2026-2027"},"content":{"rendered":"<p><strong>INFORMACI\u00d3 IMPORTANT PER A LA MATRICULACI\u00d3 (Dates pendents de publicaci\u00f3)<\/strong><\/p>\n<p><strong>a) HORARI D\u2019ATENCI\u00d3:<\/strong><br \/>\n\u00c9s molt important demanar <strong><em>CITA PR\u00c8VIA<\/em><\/strong> al seg\u00fcent enlla\u00e7.<\/p>\n<p><strong>b) DOCUMENTS QUE CAL ADJUNTAR PER FER LA MATR\u00cdCULA:<\/strong><br \/>\n<a href=\"https:\/\/docs.google.com\/document\/d\/1ltuKMzJGg2cpLHiwEVdq184Gddo_eKzT\/edit?usp=sharing&amp;ouid=107133413030667294047&amp;rtpof=true&amp;sd=true\" target=\"_blank\" rel=\"noopener\">Impr\u00e8s de matr\u00edcula<\/a><\/p>\n<p><a href=\"https:\/\/drive.google.com\/file\/d\/1BG4US7-hyg26GN9b7A25DclkmOQ_t_kd\/view?usp=sharing\" target=\"_blank\" rel=\"noopener\">Full d\u2019autoritzaci\u00f3 d\u2019\u00fas d\u2019imatge de l\u2019alumne\/a (Menor 14 anys)<\/a><\/p>\n<p><a href=\"https:\/\/drive.google.com\/file\/d\/1iyJa08ex1HbewB6o5itjZimnD9VSrjwl\/view?usp=sharing\" target=\"_blank\" rel=\"noopener\">Full d\u2019autoritzaci\u00f3 d\u2019\u00fas d\u2019imatge de l\u2019alumne\/a (Major 14 anys)<\/a><\/p>\n<p><a href=\"https:\/\/drive.google.com\/file\/d\/1BtMgWakBWQMLk0GmrqpWvRktEGD2Csjq\/view?usp=sharing\" target=\"_blank\" rel=\"noopener\">Full d\u2019autoritzaci\u00f3 de Recursos Digitals (Menor 14 anys)<\/a><\/p>\n<p><a href=\"https:\/\/drive.google.com\/file\/d\/14wFiiFbfmRYd28l04vOrx2jTZIz4lLRo\/view?usp=sharing\" target=\"_blank\" rel=\"noopener\">Full d\u2019autoritzaci\u00f3 de Recursos Digitals (Major 14 anys)<\/a><\/p>\n<p><a href=\"https:\/\/docs.google.com\/document\/d\/1DWQe2drU32t4tjI1n7QFoS1cbU-ZWB8k\/edit?usp=sharing&amp;ouid=107133413030667294047&amp;rtpof=true&amp;sd=true\" target=\"_blank\" rel=\"noopener\">Full d\u2019autoritzaci\u00f3 de sortides dins el municipi<\/a><\/p>\n<p><a href=\"https:\/\/docs.google.com\/document\/d\/1qFa0nA57soGa5YOcrdfoRYPRAdNNs-FePwz5GS3yv_Y\/edit\" target=\"_blank\" rel=\"noopener\">Full d&#8217;autoritzaci\u00f3 de despla\u00e7aments al pavell\u00f3<\/a><\/p>\n<p><a href=\"https:\/\/docs.google.com\/document\/d\/157IgCOc0k3GWgimjQl6L7J7wv-9giciw\/edit?usp=sharing&amp;ouid=107133413030667294047&amp;rtpof=true&amp;sd=true\" target=\"_blank\" rel=\"noopener\">Full d&#8217;autoritzaci\u00f3 de sortides gen\u00e8rica<\/a><\/p>\n<p><a href=\"https:\/\/docs.google.com\/document\/d\/1OnytG6HkUG02NUJgulxYpl61i8ZIIRO4\/edit?usp=sharing&amp;ouid=107133413030667294047&amp;rtpof=true&amp;sd=true\" target=\"_blank\" rel=\"noopener\">Fitxa m\u00e8dica<\/a><\/p>\n<p><a href=\"https:\/\/docs.google.com\/document\/d\/1GEmlMq8rk-pGQfmPXSuw0iM_O-VYHfH2\/edit?usp=sharing&amp;ouid=107133413030667294047&amp;rtpof=true&amp;sd=true\" target=\"_blank\" rel=\"noopener\">Carta de comprom\u00eds educatiu<\/a><\/p>\n<p>No cal adjuntar fotos, perqu\u00e8 les farem digitals el primer dia de classe.<\/p>\n<p>Fotoc\u00f2pia del carnet de vacunacions<\/p>\n<p>Fotoc\u00f2pia del DNI de l&#8217;alumne i tutors<\/p>\n<p>Fotoc\u00f2pia de la targeta sanit\u00e0ria de l&#8217;alumne<\/p>\n<p><strong>c) LLIBRES, MATERIAL I SORTIDES<\/strong><br \/>\nA finals de juny principis de juliol farem una reuni\u00f3 amb tots els pares\/mares per tal d\u2019informar-vos del projecte pedag\u00f2gic, de l\u2019organitzaci\u00f3 del nou centre, del calendari del curs i de l\u2019horari dels alumnes.<br \/>\nTamb\u00e9 explicarem el tipus de material que utilitzarem a classe i les sortides previstes, amb el cost total corresponent (la quantitat encara no la podem concretar). El pagament per aquests conceptes s\u2019haur\u00e0 de fer m\u00e9s endavant.<br \/>\nCordialment.<\/p>\n","protected":false},"excerpt":{"rendered":"<p>INFORMACI\u00d3 IMPORTANT PER A LA MATRICULACI\u00d3 (Dates pendents de publicaci\u00f3)<br \/>\na) HORARI D\u2019ATENCI\u00d3:<br \/>\n\u00c9s molt important demanar CITA PR\u00c8VIA al seg\u00fcent enlla\u00e7.<br \/>\nb) DOCUMENTS QUE CAL ADJUNTAR PER FER LA MATR\u00cdCULA:<br \/>\n<a href=\"https:\/\/docs.google.com\/document\/d\/1ltuKMzJGg2cpLHiwEVdq184Gddo_eKzT\/edit?usp=sharing&amp;ouid=107133413030667294047&amp;rtpof=true&amp;sd=true\" target=\"_blank\" rel=\"noopener\">Impr\u00e8s de matr\u00edcula<\/a><br \/>\n<a href=\"https:\/\/drive.google.com\/file\/d\/1BG4US7-hyg26GN9b7A25DclkmOQ_t_kd\/view?usp=sharing\" target=\"_blank\" rel=\"noopener\">Full d\u2019autoritzaci\u00f3 d\u2019\u00fas d\u2019imatge de l\u2019alumne\/a (Menor 14 anys)<\/a><br \/>\n<a href=\"https:\/\/drive.google.com\/file\/d\/1iyJa08ex1HbewB6o5itjZimnD9VSrjwl\/view?usp=sharing\"&hellip;  <a href=\"https:\/\/agora.xtec.cat\/inslasinia\/secretaria\/matriculacio-2021-2022\/\" title=\"Read Matriculaci\u00f3 2026-2027\">Llegeix m\u00e9s\u00bb<\/a><\/p>\n","protected":false},"author":10,"featured_media":0,"parent":81,"menu_order":0,"comment_status":"closed","ping_status":"closed","template":"","meta":{"_bbp_topic_count":0,"_bbp_reply_count":0,"_bbp_total_topic_count":0,"_bbp_total_reply_count":0,"_bbp_voice_count":0,"_bbp_anonymous_reply_count":0,"_bbp_topic_count_hidden":0,"_bbp_reply_count_hidden":0,"_bbp_forum_subforum_count":0,"footnotes":""},"class_list":["post-1912","page","type-page","status-publish","hentry"],"post_mailing_queue_ids":[],"_links":{"self":[{"href":"https:\/\/agora.xtec.cat\/inslasinia\/wp-json\/wp\/v2\/pages\/1912","targetHints":{"allow":["GET"]}}],"collection":[{"href":"https:\/\/agora.xtec.cat\/inslasinia\/wp-json\/wp\/v2\/pages"}],"about":[{"href":"https:\/\/agora.xtec.cat\/inslasinia\/wp-json\/wp\/v2\/types\/page"}],"author":[{"embeddable":true,"href":"https:\/\/agora.xtec.cat\/inslasinia\/wp-json\/wp\/v2\/users\/10"}],"replies":[{"embeddable":true,"href":"https:\/\/agora.xtec.cat\/inslasinia\/wp-json\/wp\/v2\/comments?post=1912"}],"version-history":[{"count":6,"href":"https:\/\/agora.xtec.cat\/inslasinia\/wp-json\/wp\/v2\/pages\/1912\/revisions"}],"predecessor-version":[{"id":7030,"href":"https:\/\/agora.xtec.cat\/inslasinia\/wp-json\/wp\/v2\/pages\/1912\/revisions\/7030"}],"up":[{"embeddable":true,"href":"https:\/\/agora.xtec.cat\/inslasinia\/wp-json\/wp\/v2\/pages\/81"}],"wp:attachment":[{"href":"https:\/\/agora.xtec.cat\/inslasinia\/wp-json\/wp\/v2\/media?parent=1912"}],"curies":[{"name":"wp","href":"https:\/\/api.w.org\/{rel}","templated":true}]}}