{"id":81,"date":"2014-09-18T10:38:05","date_gmt":"2014-09-18T10:38:05","guid":{"rendered":"http:\/\/agora.xtec.cat\/inslaserrasabadell\/?page_id=81"},"modified":"2025-12-02T09:06:12","modified_gmt":"2025-12-02T08:06:12","slug":"secretaria","status":"publish","type":"page","link":"https:\/\/agora.xtec.cat\/inslaserrasabadell\/secretaria\/","title":{"rendered":"Secretaria"},"content":{"rendered":"<ul>\n<li>Horari d&#8217;atenci\u00f3:\n<ul>\n<li>de 08:30 a 14:00 h<\/li>\n<\/ul>\n<\/li>\n<li>Tr\u00e0mits:\n<ul>\n<li>Petici\u00f3 de certificats i documents acad\u00e8mics.<\/li>\n<li>Atenci\u00f3 a l&#8217;alumnat i les fam\u00edlies.<\/li>\n<li>Preinscripci\u00f3 i Matr\u00edcula<\/li>\n<li><a href=\"http:\/\/agora.xtec.cat\/inslaserrasabadell\/docs\/?bpd_tag=secretaria\">Documents<\/a> (autoritzaci\u00f3 de sortides, \u00fas de serveis digitals, etc.)<\/li>\n<li>Beques i ajuts<\/li>\n<\/ul>\n<\/li>\n<\/ul>\n<h1 style=\"text-align: center;\"><strong><span style=\"color: #339966;\">PREINSCRIPCI\u00d3 I MATR\u00cdCULA PER AL CURS 2025-26<\/span><\/strong><\/h1>\n<hr \/>\n<h2 style=\"text-align: center;\">ESO<\/h2>\n<h6 style=\"padding-left: 40px;\"><a href=\"https:\/\/drive.google.com\/file\/d\/103HTVOpN0LiCI0FdtXTscR3CfITsXk4s\/view?usp=sharing\" target=\"_blank\" rel=\"noopener\">OFERTA INICIAL<\/a><\/h6>\n<h6 style=\"padding-left: 40px;\"><a href=\"https:\/\/drive.google.com\/file\/d\/1gAGrTKhfJ19uEYQQVeFjkwUhno9o9JI_\/view?usp=sharing\" target=\"_blank\" rel=\"noopener\">LLISTAT BAREMAT (24 D&#8217;ABRIL)<\/a><\/h6>\n<h6 style=\"padding-left: 40px;\">LLISTAT D&#8217;ADMESOS (16 DE JUNY)<\/h6>\n<h6 style=\"padding-left: 40px;\"><span style=\"color: #333333;\"><strong>PER\u00cdODE DE RECLAMACIONS A L&#8217;OME: PENDENT<\/strong><\/span><\/h6>\n<p style=\"padding-left: 80px;\">PROCEDIMENT DE RECLAMACI\u00d3 AMB CERTIFICAT DIGITAL O DNI-e<\/p>\n<p style=\"padding-left: 80px;\">PROCEDIMENT DE RECLAMACI\u00d3 SENSE CERTIFICAT DIGITAL.<\/p>\n<h6 style=\"padding-left: 40px;\"><span style=\"color: #333333;\"><strong>PER\u00cdODE DE MATR\u00cdCULA:\u00a0<\/strong><\/span><\/h6>\n<p style=\"padding-left: 80px;\"><a href=\"https:\/\/preinscripcio.gencat.cat\/ca\/estudis\/eso\/inici\/\" target=\"_blank\" rel=\"noopener\">Consulta la Normativa.<\/a><\/p>\n<p style=\"padding-left: 80px;\"><a href=\"https:\/\/agora.xtec.cat\/inslaserrasabadell\/wp-content\/uploads\/usu1513\/2025\/03\/preinscripcio-dates-1.png\"><img loading=\"lazy\" decoding=\"async\" class=\"size-medium wp-image-5250 aligncenter\" src=\"https:\/\/agora.xtec.cat\/inslaserrasabadell\/wp-content\/uploads\/usu1513\/2025\/03\/preinscripcio-dates-1-300x166.png\" alt=\"\" width=\"300\" height=\"166\" srcset=\"https:\/\/agora.xtec.cat\/inslaserrasabadell\/wp-content\/uploads\/usu1513\/2025\/03\/preinscripcio-dates-1-300x166.png 300w, https:\/\/agora.xtec.cat\/inslaserrasabadell\/wp-content\/uploads\/usu1513\/2025\/03\/preinscripcio-dates-1-768x424.png 768w, https:\/\/agora.xtec.cat\/inslaserrasabadell\/wp-content\/uploads\/usu1513\/2025\/03\/preinscripcio-dates-1.png 839w\" sizes=\"auto, (max-width: 300px) 100vw, 300px\" \/><br \/>\n<\/a><a href=\"https:\/\/drive.google.com\/file\/d\/103HTVOpN0LiCI0FdtXTscR3CfITsXk4s\/view?usp=sharing\" target=\"_blank\" rel=\"noopener\">OFERTA INICIAL DE PLACES D&#8217;ESO PER AL CURS 25-26<\/a><\/p>\n<p style=\"text-align: center;\"><a href=\"https:\/\/drive.google.com\/file\/d\/1uOlrzP5Qu2K5_ZgKho72A0JYkFkRzLxz\/view?usp=sharing\" target=\"_blank\" rel=\"noopener\">LLISTAT ORDENAT AMB PUNTUACI\u00d3 (BAREM) DEFINITIVA (09\/05\/2025)<\/a><\/p>\n<p style=\"text-align: center;\"><a href=\"https:\/\/drive.google.com\/file\/d\/13BL3jq2dC7mYV1Wv7JlssdW4l0KVBLpY\/view?usp=drive_link\">LLISTAT D&#8217;ALUMNES ASSIGNATS\/DES I LLISTAT D&#8217;ESPERA (16\/06\/2025)<\/a><\/p>\n<h3 style=\"text-align: center;\"><strong><span style=\"color: #000080;\">DATES DE MATR\u00cdCULA PER A L&#8217;ESO: <\/span><\/strong><span style=\"color: #ff0000;\">DEL 25 DE JUNY AL 03 DE JULIOL<\/span><\/h3>\n<h1><a href=\"https:\/\/agora.xtec.cat\/inslaserrasabadell\/wp-content\/uploads\/usu1513\/2025\/06\/val-escolar.jpg_1014106207.jpg\"><img loading=\"lazy\" decoding=\"async\" class=\"size-medium wp-image-5457 aligncenter\" src=\"https:\/\/agora.xtec.cat\/inslaserrasabadell\/wp-content\/uploads\/usu1513\/2025\/06\/val-escolar.jpg_1014106207-300x80.jpg\" alt=\"\" width=\"300\" height=\"80\" srcset=\"https:\/\/agora.xtec.cat\/inslaserrasabadell\/wp-content\/uploads\/usu1513\/2025\/06\/val-escolar.jpg_1014106207-300x80.jpg 300w, https:\/\/agora.xtec.cat\/inslaserrasabadell\/wp-content\/uploads\/usu1513\/2025\/06\/val-escolar.jpg_1014106207-768x204.jpg 768w, https:\/\/agora.xtec.cat\/inslaserrasabadell\/wp-content\/uploads\/usu1513\/2025\/06\/val-escolar.jpg_1014106207.jpg 847w\" sizes=\"auto, (max-width: 300px) 100vw, 300px\" \/><\/a><\/h1>\n<h3>ADRE\u00c7AT A FAM\u00cdLIES AMB ALUMNAT A L&#8217;ESO<\/h3>\n<ul>\n<li>La quantia de l&#8217;ajut \u00e9s de 60 euros per alumne\/a: dos vals de 30 euros cadascun per a la compra de material escolar<\/li>\n<li>Els vals s\u00f3n personals i intransferibles. <strong>US DEMANEM QUE NO CEDIU ELS VALS A L&#8217;INSTITUT.<\/strong><\/li>\n<\/ul>\n<ul>\n<li>Els vals s&#8217;hauran d&#8217;activar a trav\u00e9s de la web<strong><a href=\"https:\/\/valescolar.cat\/\" data-saferedirecturl=\"https:\/\/www.google.com\/url?q=https:\/\/valescolar.cat\/&amp;source=gmail&amp;ust=1750336683428000&amp;usg=AOvVaw1prRi0N-L7SzRJFeAbzj7b\">\u00a0valescolar.cat<\/a>.<\/strong><\/li>\n<\/ul>\n<ul>\n<li>Inici de la\u00a0campanya:\u00a0<strong>16 de juny. <\/strong>Data l\u00edmit per realitzar les compres:\u00a0<strong>30 de novembre.<\/strong><\/li>\n<\/ul>\n<p style=\"text-align: center;\">MATERIAL QUE CAL COMPRAR:<\/p>\n<p style=\"text-align: center;\"><a href=\"https:\/\/drive.google.com\/file\/d\/1twpnlkS7fKFryEZBhuA4EKQ_EhI0wcpN\/view?usp=drive_link\">1r ESO 25\/26<\/a><\/p>\n<p style=\"text-align: center;\"><a href=\"https:\/\/drive.google.com\/file\/d\/1puiCdBlW290FHwLz_ywzn3A2GW7g_sxA\/view?usp=drive_link\">2n ESO 25\/26<\/a><\/p>\n<p style=\"text-align: center;\"><a href=\"https:\/\/drive.google.com\/file\/d\/1kahUc-J8dQKa0Tlcd-P1iVRmQ7BmgvaF\/view?usp=drive_link\">3r ESO 25\/26<\/a><\/p>\n<p style=\"text-align: center;\"><a href=\"https:\/\/drive.google.com\/file\/d\/1VL5dbxPyXO13ma60CIrCyRMkzntZmqnQ\/view?usp=drive_link\">4t ESO 25\/26<\/a><\/p>\n<hr \/>\n<h2 style=\"text-align: center;\"><span style=\"color: #000080;\"><strong>CICLE FORMATIU DE GRAU MIG EN ACTIVITATS COMERCIALS<\/strong><\/span><\/h2>\n<p><a href=\"https:\/\/agora.xtec.cat\/inslaserrasabadell\/wp-content\/uploads\/usu1513\/2025\/05\/CFGM-ACOM.png\"><img loading=\"lazy\" decoding=\"async\" class=\" wp-image-5393 aligncenter\" src=\"https:\/\/agora.xtec.cat\/inslaserrasabadell\/wp-content\/uploads\/usu1513\/2025\/05\/CFGM-ACOM-300x300.png\" alt=\"\" width=\"282\" height=\"282\" srcset=\"https:\/\/agora.xtec.cat\/inslaserrasabadell\/wp-content\/uploads\/usu1513\/2025\/05\/CFGM-ACOM-300x300.png 300w, https:\/\/agora.xtec.cat\/inslaserrasabadell\/wp-content\/uploads\/usu1513\/2025\/05\/CFGM-ACOM-150x150.png 150w, https:\/\/agora.xtec.cat\/inslaserrasabadell\/wp-content\/uploads\/usu1513\/2025\/05\/CFGM-ACOM-768x768.png 768w, https:\/\/agora.xtec.cat\/inslaserrasabadell\/wp-content\/uploads\/usu1513\/2025\/05\/CFGM-ACOM.png 1024w\" sizes=\"auto, (max-width: 282px) 100vw, 282px\" \/><\/a><\/p>\n<h3 style=\"text-align: center;\">DATES DE PREINSCRIPCI\u00d3 CFGM:<\/h3>\n<ul>\n<li>DEL 23 AL 29 DE MAIG: <a href=\"https:\/\/preinscripcio.gencat.cat\/ca\/estudis\/fp-grau-mitja\/preinscriute\/sollicitud\/\" target=\"_blank\" rel=\"noopener\">FES LA PREINSCRIPCI\u00d3<\/a><\/li>\n<li><a href=\"https:\/\/drive.google.com\/file\/d\/12JmnkazrhSyr5g3PvUw0yF2qzWwVEhmW\/view?usp=sharing\" target=\"_blank\" rel=\"noopener\">Oferta de places inicials per 1r curs<\/a><\/li>\n<li><a href=\"https:\/\/drive.google.com\/file\/d\/1TNQ0XRrcgImsvzhhLITopGZx4INFr9d6\/view?usp=sharing\" target=\"_blank\" rel=\"noopener\">Sol\u00b7licituds de preinscripci\u00f3 amb puntuaci\u00f3 provisional.<\/a><\/li>\n<\/ul>\n<p>MATR\u00cdCULA DEL 1r TORN: DE L&#8217;11 AL 23 DE JULIOL<\/p>\n<ul>\n<li style=\"list-style-type: none;\">\n<ul>\n<li><a href=\"https:\/\/drive.google.com\/file\/d\/1ujoU-4YsvfA5NM9ORsLfOYhLwK_9T6vU\/view?usp=sharing\" target=\"_blank\" rel=\"noopener\">LLISTAT D&#8217;ADMESOS\/ES tanda 1<\/a><\/li>\n<\/ul>\n<\/li>\n<\/ul>\n<ul>\n<li>MATR\u00cdCULA DEL 2n TORN: FINS EL 23 DE JULIOL (si heu confirmat pla\u00e7a)<\/li>\n<\/ul>\n<ul>\n<li style=\"list-style-type: none;\">\n<ul>\n<li><a href=\"https:\/\/drive.google.com\/file\/d\/1BYlATQzF2aJMRKV7JSoMPsziDmtp-u-E\/view?usp=sharing\" target=\"_blank\" rel=\"noopener\">Alumnat preinscrit i ordre de petici\u00f3 en 2a tanda<\/a><\/li>\n<li><a href=\"https:\/\/drive.google.com\/file\/d\/17bx291q917sbUU1m72iaxmqSDxKJb07c\/view?usp=sharing\" target=\"_blank\" rel=\"noopener\">LLISTAT D&#8217;ADMESOS\/ES tanda 2 (18\/07\/2025)<\/a><\/li>\n<\/ul>\n<\/li>\n<\/ul>\n<ul>\n<li>MATR\u00cdCULA DEL 3r TORN: FINS EL 04 DE SETEMBRE\n<ul>\n<li><a href=\"https:\/\/drive.google.com\/file\/d\/1jYgapwJpPdVnywR8jtrvZMiDyZhes-n5\/view?usp=drive_link\" target=\"_blank\" rel=\"noopener\">Alumnat preinscrit i ordre de petici\u00f3 en 3a tanda<\/a><\/li>\n<li><a href=\"https:\/\/drive.google.com\/file\/d\/1jrKNF9k3ha9CI3Qq8HcjgmMxvQpbhcNE\/view?usp=drive_link\" target=\"_blank\" rel=\"noopener\">LLISTAT D&#8217;ADMESOS\/ES tanda 3 (29\/07\/2025)<\/a><\/li>\n<\/ul>\n<\/li>\n<li>\n<h5><a href=\"https:\/\/drive.google.com\/file\/d\/1M93Nie9kTtUt2AiuFb75G_834Xs-pbM2\/view?usp=drive_link\" target=\"_blank\" rel=\"noopener\">Instruccions i Full de matr\u00edcula<\/a><\/h5>\n<\/li>\n<\/ul>\n<p style=\"text-align: center;\">PER INFORMACI\u00d3 O CITA AL CENTRE: 631 88 64 04 (whatsapp fins el 31\/07\/2025)<\/p>\n<hr \/>\n<h2 style=\"text-align: center;\"><strong><span style=\"color: #000080;\">PROGRAMA DE FORMACI\u00d3 I INSERCI\u00d3 (PFI).<\/span><\/strong><\/h2>\n<h3 style=\"text-align: center;\"><a href=\"https:\/\/www.gencat.cat\/ensenyament\/eac\/pdf\/PFI_____CM02_CA.pdf\">AUXILIAR DE COMER\u00c7 I ATENCI\u00d3 AL P\u00daBLIC<\/a><a href=\"https:\/\/www.gencat.cat\/ensenyament\/eac\/pdf\/PFI_____CM02_CA.pdf\" target=\"_blank\" rel=\"noopener\"><br \/>\n<\/a><\/h3>\n<h3><a href=\"https:\/\/agora.xtec.cat\/inslaserrasabadell\/wp-content\/uploads\/usu1513\/2025\/05\/pfi-4.png\"><img loading=\"lazy\" decoding=\"async\" class=\"size-medium wp-image-5372 aligncenter\" src=\"https:\/\/agora.xtec.cat\/inslaserrasabadell\/wp-content\/uploads\/usu1513\/2025\/05\/pfi-4-300x300.png\" alt=\"\" width=\"300\" height=\"300\" srcset=\"https:\/\/agora.xtec.cat\/inslaserrasabadell\/wp-content\/uploads\/usu1513\/2025\/05\/pfi-4-300x300.png 300w, https:\/\/agora.xtec.cat\/inslaserrasabadell\/wp-content\/uploads\/usu1513\/2025\/05\/pfi-4-150x150.png 150w, https:\/\/agora.xtec.cat\/inslaserrasabadell\/wp-content\/uploads\/usu1513\/2025\/05\/pfi-4-768x768.png 768w, https:\/\/agora.xtec.cat\/inslaserrasabadell\/wp-content\/uploads\/usu1513\/2025\/05\/pfi-4.png 1024w\" sizes=\"auto, (max-width: 300px) 100vw, 300px\" \/><\/a><\/h3>\n<h3 style=\"text-align: center;\">CALENDARI DE PREINSCRIPCI\u00d3 I MATR\u00cdCULA PFI:<\/h3>\n<ul>\n<li style=\"text-align: left;\">DEL 06 AL 13 DE MAIG: <a href=\"https:\/\/preinscripcio.gencat.cat\/ca\/estudis\/pfi\/preinscriute\/sollicitud\/\" target=\"_blank\" rel=\"noopener\">FES LA PREINSCRIPCI\u00d3<\/a><\/li>\n<li style=\"text-align: left;\">DEL 06 AL 27 DE MAIG: ENTREVISTES.<\/li>\n<li style=\"text-align: left;\">28\/05\/2025 <a href=\"https:\/\/drive.google.com\/file\/d\/1bti1ScKEb96EqPLCFp2j344doBm-5ehC\/view?usp=sharing\" target=\"_blank\" rel=\"noopener\">LLISTAT AMB PUNTUACI\u00d3 PROVISIONAL<\/a><\/li>\n<li style=\"text-align: left;\">04\/07\/2025:\n<ul>\n<li><a href=\"https:\/\/drive.google.com\/file\/d\/1S_AXchnLoSZwBb0v1mWqXIX4bYb6DT0s\/view?usp=sharing\" target=\"_blank\" rel=\"noopener\">LLISTAT PREINSCRIPCI\u00d3<\/a><\/li>\n<li><a href=\"https:\/\/drive.google.com\/file\/d\/1oNHgkMz_9q0d71OFhDsWsBFjleCyFbrG\/view?usp=sharing\" target=\"_blank\" rel=\"noopener\">LLISTAT D&#8217;ADMESOS\/ES<\/a><\/li>\n<\/ul>\n<\/li>\n<li style=\"text-align: left;\">MATR\u00cdCULA DEL 07 A L&#8217;11 DE JULIOL\n<ul>\n<li style=\"text-align: left;\"><a href=\"https:\/\/drive.google.com\/file\/d\/1579X2uDf7DyZg9tCxuvWPVVrAfDgWqYc\/view?usp=sharing\" target=\"_blank\" rel=\"noopener\">Instruccions i Full de matr\u00edcula PFI<\/a><\/li>\n<\/ul>\n<\/li>\n<\/ul>\n<p style=\"text-align: center;\">PER INFORMACI\u00d3 O CITA AL CENTRE: 631 88 64 04<\/p>\n<p>&nbsp;<\/p>\n","protected":false},"excerpt":{"rendered":"<p>Horari d&#8217;atenci\u00f3: de 08:30 a 14:00 h Tr\u00e0mits: Petici\u00f3 de certificats i documents acad\u00e8mics. Atenci\u00f3 a l&#8217;alumnat i les fam\u00edlies. Preinscripci\u00f3 i Matr\u00edcula Documents (autoritzaci\u00f3 de sortides, \u00fas de serveis digitals, etc.) Beques i ajuts PREINSCRIPCI\u00d3 I MATR\u00cdCULA PER AL CURS 2025-26 ESO OFERTA INICIAL LLISTAT BAREMAT (24 D&#8217;ABRIL) LLISTAT D&#8217;ADMESOS (16 DE JUNY) PER\u00cdODE [&hellip;]<\/p>\n","protected":false},"author":1,"featured_media":0,"parent":0,"menu_order":0,"comment_status":"closed","ping_status":"closed","template":"","meta":{"_bbp_topic_count":0,"_bbp_reply_count":0,"_bbp_total_topic_count":0,"_bbp_total_reply_count":0,"_bbp_voice_count":0,"_bbp_anonymous_reply_count":0,"_bbp_topic_count_hidden":0,"_bbp_reply_count_hidden":0,"_bbp_forum_subforum_count":0,"site-sidebar-layout":"default","site-content-layout":"","ast-site-content-layout":"","site-content-style":"default","site-sidebar-style":"default","ast-global-header-display":"","ast-banner-title-visibility":"","ast-main-header-display":"","ast-hfb-above-header-display":"","ast-hfb-below-header-display":"","ast-hfb-mobile-header-display":"","site-post-title":"","ast-breadcrumbs-content":"","ast-featured-img":"","footer-sml-layout":"","theme-transparent-header-meta":"","adv-header-id-meta":"","stick-header-meta":"","header-above-stick-meta":"","header-main-stick-meta":"","header-below-stick-meta":"","astra-migrate-meta-layouts":"default","ast-page-background-enabled":"default","ast-page-background-meta":{"desktop":{"background-color":"var(--ast-global-color-4)","background-image":"","background-repeat":"repeat","background-position":"center center","background-size":"auto","background-attachment":"scroll","background-type":"","background-media":"","overlay-type":"","overlay-color":"","overlay-opacity":"","overlay-gradient":""},"tablet":{"background-color":"","background-image":"","background-repeat":"repeat","background-position":"center center","background-size":"auto","background-attachment":"scroll","background-type":"","background-media":"","overlay-type":"","overlay-color":"","overlay-opacity":"","overlay-gradient":""},"mobile":{"background-color":"","background-image":"","background-repeat":"repeat","background-position":"center center","background-size":"auto","background-attachment":"scroll","background-type":"","background-media":"","overlay-type":"","overlay-color":"","overlay-opacity":"","overlay-gradient":""}},"ast-content-background-meta":{"desktop":{"background-color":"var(--ast-global-color-5)","background-image":"","background-repeat":"repeat","background-position":"center center","background-size":"auto","background-attachment":"scroll","background-type":"","background-media":"","overlay-type":"","overlay-color":"","overlay-opacity":"","overlay-gradient":""},"tablet":{"background-color":"var(--ast-global-color-5)","background-image":"","background-repeat":"repeat","background-position":"center center","background-size":"auto","background-attachment":"scroll","background-type":"","background-media":"","overlay-type":"","overlay-color":"","overlay-opacity":"","overlay-gradient":""},"mobile":{"background-color":"var(--ast-global-color-5)","background-image":"","background-repeat":"repeat","background-position":"center center","background-size":"auto","background-attachment":"scroll","background-type":"","background-media":"","overlay-type":"","overlay-color":"","overlay-opacity":"","overlay-gradient":""}},"footnotes":""},"class_list":["post-81","page","type-page","status-publish","hentry"],"post_mailing_queue_ids":[],"_links":{"self":[{"href":"https:\/\/agora.xtec.cat\/inslaserrasabadell\/wp-json\/wp\/v2\/pages\/81","targetHints":{"allow":["GET"]}}],"collection":[{"href":"https:\/\/agora.xtec.cat\/inslaserrasabadell\/wp-json\/wp\/v2\/pages"}],"about":[{"href":"https:\/\/agora.xtec.cat\/inslaserrasabadell\/wp-json\/wp\/v2\/types\/page"}],"author":[{"embeddable":true,"href":"https:\/\/agora.xtec.cat\/inslaserrasabadell\/wp-json\/wp\/v2\/users\/1"}],"replies":[{"embeddable":true,"href":"https:\/\/agora.xtec.cat\/inslaserrasabadell\/wp-json\/wp\/v2\/comments?post=81"}],"version-history":[{"count":6,"href":"https:\/\/agora.xtec.cat\/inslaserrasabadell\/wp-json\/wp\/v2\/pages\/81\/revisions"}],"predecessor-version":[{"id":5574,"href":"https:\/\/agora.xtec.cat\/inslaserrasabadell\/wp-json\/wp\/v2\/pages\/81\/revisions\/5574"}],"wp:attachment":[{"href":"https:\/\/agora.xtec.cat\/inslaserrasabadell\/wp-json\/wp\/v2\/media?parent=81"}],"curies":[{"name":"wp","href":"https:\/\/api.w.org\/{rel}","templated":true}]}}