{"id":5292,"date":"2025-03-26T20:17:41","date_gmt":"2025-03-26T19:17:41","guid":{"rendered":"https:\/\/agora.xtec.cat\/inslaserrasabadell\/?page_id=5292"},"modified":"2026-04-15T20:56:42","modified_gmt":"2026-04-15T18:56:42","slug":"cfgm-activitats-comercials","status":"publish","type":"page","link":"https:\/\/agora.xtec.cat\/inslaserrasabadell\/projecte-educatiu\/estudis\/cfgm-activitats-comercials\/","title":{"rendered":"CFGM Activitats Comercials"},"content":{"rendered":"<p><a href=\"https:\/\/www.gencat.cat\/ensenyament\/eac\/pdf\/CFP_CGGM_CA.pdf\" target=\"_blank\" rel=\"noopener\">Guia informativa de la Formaci\u00f3 Professional de Grau Mitj\u00e0<\/a><\/p>\n<p><a href=\"https:\/\/www.gencat.cat\/ensenyament\/eac\/pdf\/CFPM____CM10_CA.pdf\" target=\"_blank\" rel=\"noopener\">Guia informativa del CFGM d&#8217;Activitats Comercials.<\/a><\/p>\n<p><a href=\"https:\/\/drive.google.com\/file\/d\/1P4irTSdg6n59hj-x-WVD7zsq95CLNobA\/view?usp=sharing\" target=\"_blank\" rel=\"noopener\">Tr\u00edptic informatiu.<\/a><\/p>\n<p>Aquests estudis capaciten per desenvolupar activitats de distribuci\u00f3 i comercialitzaci\u00f3 de b\u00e9ns i\/o serveis i gestionar un petit establiment comercial, aplicant les normes de qualitat i seguretat establertes i respectant la legislaci\u00f3 vigent.<\/p>\n<p>La durada \u00e9s de 2.000 hores distribu\u00efdes en dos cursos acad\u00e8mics (1.485 en un centre educatiu i 515 (hores d&#8217;estada a l&#8217;empresa) en un centre de treball).<\/p>\n<p>En el cas de la formaci\u00f3 Dual Intensiva, les hores d&#8217;estada a l&#8217;empresa passen a ser de 1000 h.<\/p>\n<p>Torn: <strong>Horari de mat\u00ed de 08:15 a 14:45h<\/strong><\/p>\n<p>M\u00f2duls que s&#8217;imparteixen:<\/p>\n<p><strong>1r Curs<\/strong><\/p>\n<ul class=\"llista-especial\">\n<li>M\u00e0rqueting en l&#8217;activitat comercial<\/li>\n<li>T\u00e8cniques de magatzem<\/li>\n<li>Gesti\u00f3 de compres<\/li>\n<li>Venda t\u00e8cnica<\/li>\n<li>Processos de venda<\/li>\n<li>Aplicacions inform\u00e0tiques per al comer\u00e7<\/li>\n<li>Serveis d&#8217;atenci\u00f3 comercial<\/li>\n<li>Catal\u00e0 \/ Aran\u00e8s professional<\/li>\n<li>Angl\u00e8s professional<\/li>\n<li>Digitalitzaci\u00f3 aplicada als sectors productius<\/li>\n<li>Sostenibilitat aplicada al sistema productiu<\/li>\n<li>Itinerari personal per a l&#8217;ocupabilitat I<\/li>\n<\/ul>\n<p><strong>2n Curs<\/strong><\/p>\n<ul>\n<li>Gesti\u00f3 d&#8217;un petit comer\u00e7<\/li>\n<li>Dinamitzaci\u00f3 del punt de venda<\/li>\n<li>Comer\u00e7 electr\u00f2nic<\/li>\n<li>Itinerari personal per a l&#8217;ocupabilitat II<\/li>\n<li>Projecte intermodular<\/li>\n<li>M\u00f2dul professional optatiu<\/li>\n<\/ul>\n<p>A banda cada curs es realitza una hora de tutoria.<\/p>\n<p>Alguns m\u00f2duls tenen assignada unes hores d&#8217;estada a l&#8217;empresa. Aquesta es podr\u00e0 comen\u00e7ar a final del primer curs o realitzar-la durant el segon curs.<\/p>\n<p>&nbsp;<\/p>\n","protected":false},"excerpt":{"rendered":"<p>Guia informativa de la Formaci\u00f3 Professional de Grau Mitj\u00e0 Guia informativa del CFGM d&#8217;Activitats Comercials. Tr\u00edptic informatiu. Aquests estudis capaciten per desenvolupar activitats de distribuci\u00f3 i comercialitzaci\u00f3 de b\u00e9ns i\/o serveis i gestionar un petit establiment comercial, aplicant les normes de qualitat i seguretat establertes i respectant la legislaci\u00f3 vigent. La durada \u00e9s de 2.000 [&hellip;]<\/p>\n","protected":false},"author":1,"featured_media":0,"parent":5314,"menu_order":0,"comment_status":"closed","ping_status":"closed","template":"","meta":{"_bbp_topic_count":0,"_bbp_reply_count":0,"_bbp_total_topic_count":0,"_bbp_total_reply_count":0,"_bbp_voice_count":0,"_bbp_anonymous_reply_count":0,"_bbp_topic_count_hidden":0,"_bbp_reply_count_hidden":0,"_bbp_forum_subforum_count":0,"site-sidebar-layout":"default","site-content-layout":"","ast-site-content-layout":"default","site-content-style":"default","site-sidebar-style":"default","ast-global-header-display":"","ast-banner-title-visibility":"","ast-main-header-display":"","ast-hfb-above-header-display":"","ast-hfb-below-header-display":"","ast-hfb-mobile-header-display":"","site-post-title":"","ast-breadcrumbs-content":"","ast-featured-img":"","footer-sml-layout":"","theme-transparent-header-meta":"default","adv-header-id-meta":"","stick-header-meta":"","header-above-stick-meta":"","header-main-stick-meta":"","header-below-stick-meta":"","astra-migrate-meta-layouts":"set","ast-page-background-enabled":"default","ast-page-background-meta":{"desktop":{"background-color":"var(--ast-global-color-4)","background-image":"","background-repeat":"repeat","background-position":"center center","background-size":"auto","background-attachment":"scroll","background-type":"","background-media":"","overlay-type":"","overlay-color":"","overlay-opacity":"","overlay-gradient":""},"tablet":{"background-color":"","background-image":"","background-repeat":"repeat","background-position":"center center","background-size":"auto","background-attachment":"scroll","background-type":"","background-media":"","overlay-type":"","overlay-color":"","overlay-opacity":"","overlay-gradient":""},"mobile":{"background-color":"","background-image":"","background-repeat":"repeat","background-position":"center center","background-size":"auto","background-attachment":"scroll","background-type":"","background-media":"","overlay-type":"","overlay-color":"","overlay-opacity":"","overlay-gradient":""}},"ast-content-background-meta":{"desktop":{"background-color":"var(--ast-global-color-5)","background-image":"","background-repeat":"repeat","background-position":"center center","background-size":"auto","background-attachment":"scroll","background-type":"","background-media":"","overlay-type":"","overlay-color":"","overlay-opacity":"","overlay-gradient":""},"tablet":{"background-color":"var(--ast-global-color-5)","background-image":"","background-repeat":"repeat","background-position":"center center","background-size":"auto","background-attachment":"scroll","background-type":"","background-media":"","overlay-type":"","overlay-color":"","overlay-opacity":"","overlay-gradient":""},"mobile":{"background-color":"var(--ast-global-color-5)","background-image":"","background-repeat":"repeat","background-position":"center center","background-size":"auto","background-attachment":"scroll","background-type":"","background-media":"","overlay-type":"","overlay-color":"","overlay-opacity":"","overlay-gradient":""}},"footnotes":""},"class_list":["post-5292","page","type-page","status-publish","hentry"],"post_mailing_queue_ids":[],"_links":{"self":[{"href":"https:\/\/agora.xtec.cat\/inslaserrasabadell\/wp-json\/wp\/v2\/pages\/5292","targetHints":{"allow":["GET"]}}],"collection":[{"href":"https:\/\/agora.xtec.cat\/inslaserrasabadell\/wp-json\/wp\/v2\/pages"}],"about":[{"href":"https:\/\/agora.xtec.cat\/inslaserrasabadell\/wp-json\/wp\/v2\/types\/page"}],"author":[{"embeddable":true,"href":"https:\/\/agora.xtec.cat\/inslaserrasabadell\/wp-json\/wp\/v2\/users\/1"}],"replies":[{"embeddable":true,"href":"https:\/\/agora.xtec.cat\/inslaserrasabadell\/wp-json\/wp\/v2\/comments?post=5292"}],"version-history":[{"count":3,"href":"https:\/\/agora.xtec.cat\/inslaserrasabadell\/wp-json\/wp\/v2\/pages\/5292\/revisions"}],"predecessor-version":[{"id":5740,"href":"https:\/\/agora.xtec.cat\/inslaserrasabadell\/wp-json\/wp\/v2\/pages\/5292\/revisions\/5740"}],"up":[{"embeddable":true,"href":"https:\/\/agora.xtec.cat\/inslaserrasabadell\/wp-json\/wp\/v2\/pages\/5314"}],"wp:attachment":[{"href":"https:\/\/agora.xtec.cat\/inslaserrasabadell\/wp-json\/wp\/v2\/media?parent=5292"}],"curies":[{"name":"wp","href":"https:\/\/api.w.org\/{rel}","templated":true}]}}