{"id":520,"date":"2016-10-22T20:00:57","date_gmt":"2016-10-22T18:00:57","guid":{"rendered":"http:\/\/agora.xtec.cat\/inslaserrasabadell\/?page_id=520"},"modified":"2016-10-22T20:00:57","modified_gmt":"2016-10-22T18:00:57","slug":"els-processos-daula","status":"publish","type":"page","link":"https:\/\/agora.xtec.cat\/inslaserrasabadell\/projecte-educatiu\/visio-educativa\/els-processos-daula\/","title":{"rendered":"Els processos d\u2019aula"},"content":{"rendered":"<p>En el context dels nostres centres, adquireix un valor prioritari la funci\u00f3 de lideratge del docent. El docent at\u00e9n les necessitats educatives de tot l\u2019alumnat i connecta emocionalment amb els alumnes esdevenint un referent reconegut per l\u2019alumnat i les fam\u00edlies.<br \/>\nLa gesti\u00f3 de l\u2019aula ha d\u2019anar orientada a mantenir la connexi\u00f3 activa dels alumnes a les activitats. Per aquest motiu, es considera prioritari:<\/p>\n<ul>\n<li>Contextualitzar les activitats que es fan cada dia a l\u2019aula: explicitar l\u2019objectiu de l\u2019activitat, generar expectatives i actualitzar els coneixements previs necessaris per dur-la a terme.<\/li>\n<li>Verbalitzar el procediment que es seguir\u00e0 per dur a terme l\u2019activitat.<\/li>\n<li>Donar un espai redu\u00eft a la intervenci\u00f3 inicial del professor i donar paper actiu a l\u2019alumnat. \u00c9s important combinar el treball individual, petit grup i\/o col\u00b7lectiu per tal de mantenir l\u2019atenci\u00f3 i concentraci\u00f3 de l\u2019alumnat. Es considera molt important no allargar els temps d\u2019espera d\u2019intervenci\u00f3 de cada alumne perqu\u00e8 el faria jugar un paper poc actiu en l\u2019aprenentatge i facilita la desconnexi\u00f3 de l\u2019activitat.<\/li>\n<li>Tancar les activitats amb la s\u00edntesi que verbalitzi all\u00f2 que s\u2019ha apr\u00e8s. Aquest tancament de les activitats ha de permetre que de forma habitual s\u2019incorpori el resum oral i escrit com a forma de verbalitzar i, d\u2019aquesta forma, fixar, els aprenentatges adquirits.<\/li>\n<li>La diversitat de l\u2019alumnat a les aules fa necessari una bona planificaci\u00f3 de cada sessi\u00f3 de classe que prevegi el desenvolupament i compti amb materials d\u2019ampliaci\u00f3 o de refor\u00e7 preparats i disponibles per a l\u2019alumnat que ho necessiti.<\/li>\n<li>Es considera important i rellevant l\u2019ambientaci\u00f3 estimulant de l\u2019aula, tant a la prim\u00e0ria com a la secund\u00e0ria. L\u2019ambientaci\u00f3 de l\u2019aula \u00e9s motivadora, crea entorn acollidors i predisposa al treball. Tamb\u00e9 t\u00e9 un sentit funcional perqu\u00e8 permet tenir a l\u2019abast eines per al treball curriculars (taules de multiplicaci\u00f3, connectors per a l\u2019expressi\u00f3 escrita, abecedari, responsables de tasques\u2026). Un paper important de l\u2019ambientaci\u00f3 de l\u2019aula l\u2019han de tenir els treball individuals i col\u00b7lectius de l\u2019alumnat. \u00c9s molt important projectar la producci\u00f3 de l\u2019alumnat, si pot ser amb la presencia tamb\u00e9 de les fam\u00edlies, m\u00e9s enll\u00e0 del professor.<\/li>\n<\/ul>\n","protected":false},"excerpt":{"rendered":"<p>En el context dels nostres centres, adquireix un valor prioritari la funci\u00f3 de lideratge del docent. El docent at\u00e9n les necessitats educatives de tot l\u2019alumnat i connecta emocionalment amb els alumnes esdevenint un referent reconegut per l\u2019alumnat i les fam\u00edlies. La gesti\u00f3 de l\u2019aula ha d\u2019anar orientada a mantenir la connexi\u00f3 activa dels alumnes a [&hellip;]<\/p>\n","protected":false},"author":1,"featured_media":0,"parent":509,"menu_order":2,"comment_status":"closed","ping_status":"closed","template":"page-templates\/side-menu.php","meta":{"_bbp_topic_count":0,"_bbp_reply_count":0,"_bbp_total_topic_count":0,"_bbp_total_reply_count":0,"_bbp_voice_count":0,"_bbp_anonymous_reply_count":0,"_bbp_topic_count_hidden":0,"_bbp_reply_count_hidden":0,"_bbp_forum_subforum_count":0,"site-sidebar-layout":"default","site-content-layout":"","ast-site-content-layout":"","site-content-style":"default","site-sidebar-style":"default","ast-global-header-display":"","ast-banner-title-visibility":"","ast-main-header-display":"","ast-hfb-above-header-display":"","ast-hfb-below-header-display":"","ast-hfb-mobile-header-display":"","site-post-title":"","ast-breadcrumbs-content":"","ast-featured-img":"","footer-sml-layout":"","theme-transparent-header-meta":"","adv-header-id-meta":"","stick-header-meta":"","header-above-stick-meta":"","header-main-stick-meta":"","header-below-stick-meta":"","astra-migrate-meta-layouts":"default","ast-page-background-enabled":"default","ast-page-background-meta":{"desktop":{"background-color":"var(--ast-global-color-4)","background-image":"","background-repeat":"repeat","background-position":"center center","background-size":"auto","background-attachment":"scroll","background-type":"","background-media":"","overlay-type":"","overlay-color":"","overlay-opacity":"","overlay-gradient":""},"tablet":{"background-color":"","background-image":"","background-repeat":"repeat","background-position":"center center","background-size":"auto","background-attachment":"scroll","background-type":"","background-media":"","overlay-type":"","overlay-color":"","overlay-opacity":"","overlay-gradient":""},"mobile":{"background-color":"","background-image":"","background-repeat":"repeat","background-position":"center center","background-size":"auto","background-attachment":"scroll","background-type":"","background-media":"","overlay-type":"","overlay-color":"","overlay-opacity":"","overlay-gradient":""}},"ast-content-background-meta":{"desktop":{"background-color":"var(--ast-global-color-5)","background-image":"","background-repeat":"repeat","background-position":"center center","background-size":"auto","background-attachment":"scroll","background-type":"","background-media":"","overlay-type":"","overlay-color":"","overlay-opacity":"","overlay-gradient":""},"tablet":{"background-color":"var(--ast-global-color-5)","background-image":"","background-repeat":"repeat","background-position":"center center","background-size":"auto","background-attachment":"scroll","background-type":"","background-media":"","overlay-type":"","overlay-color":"","overlay-opacity":"","overlay-gradient":""},"mobile":{"background-color":"var(--ast-global-color-5)","background-image":"","background-repeat":"repeat","background-position":"center center","background-size":"auto","background-attachment":"scroll","background-type":"","background-media":"","overlay-type":"","overlay-color":"","overlay-opacity":"","overlay-gradient":""}},"footnotes":""},"class_list":["post-520","page","type-page","status-publish","hentry"],"post_mailing_queue_ids":[],"_links":{"self":[{"href":"https:\/\/agora.xtec.cat\/inslaserrasabadell\/wp-json\/wp\/v2\/pages\/520","targetHints":{"allow":["GET"]}}],"collection":[{"href":"https:\/\/agora.xtec.cat\/inslaserrasabadell\/wp-json\/wp\/v2\/pages"}],"about":[{"href":"https:\/\/agora.xtec.cat\/inslaserrasabadell\/wp-json\/wp\/v2\/types\/page"}],"author":[{"embeddable":true,"href":"https:\/\/agora.xtec.cat\/inslaserrasabadell\/wp-json\/wp\/v2\/users\/1"}],"replies":[{"embeddable":true,"href":"https:\/\/agora.xtec.cat\/inslaserrasabadell\/wp-json\/wp\/v2\/comments?post=520"}],"version-history":[{"count":1,"href":"https:\/\/agora.xtec.cat\/inslaserrasabadell\/wp-json\/wp\/v2\/pages\/520\/revisions"}],"predecessor-version":[{"id":521,"href":"https:\/\/agora.xtec.cat\/inslaserrasabadell\/wp-json\/wp\/v2\/pages\/520\/revisions\/521"}],"up":[{"embeddable":true,"href":"https:\/\/agora.xtec.cat\/inslaserrasabadell\/wp-json\/wp\/v2\/pages\/509"}],"wp:attachment":[{"href":"https:\/\/agora.xtec.cat\/inslaserrasabadell\/wp-json\/wp\/v2\/media?parent=520"}],"curies":[{"name":"wp","href":"https:\/\/api.w.org\/{rel}","templated":true}]}}