{"id":513,"date":"2016-10-22T19:48:12","date_gmt":"2016-10-22T17:48:12","guid":{"rendered":"http:\/\/agora.xtec.cat\/inslaserrasabadell\/?page_id=513"},"modified":"2016-10-22T19:48:12","modified_gmt":"2016-10-22T17:48:12","slug":"laccio-tutorial","status":"publish","type":"page","link":"https:\/\/agora.xtec.cat\/inslaserrasabadell\/projecte-educatiu\/visio-educativa\/laccio-tutorial\/","title":{"rendered":"L\u2019acci\u00f3  tutorial"},"content":{"rendered":"<p>L\u2019acci\u00f3 tutorial \u00e9s un aspecte central de qualsevol projecte educatiu. Ho \u00e9s singularment en el nostre context pels factors de risc que intervenen el proc\u00e9s escolar del nostre alumnat. Aix\u00ed, doncs, l\u2019acci\u00f3 tutorial s\u2019ha d\u2019orientar a atendre les necessitats educatives de cada alumne de forma integral amb la finalitat d\u2019assolir l\u2019\u00e8xit escolar i l\u2019equilibri personal. Els elements rectors de l\u2019acci\u00f3 tutorial s\u00f3n:<br \/>\na. Enfortir el lideratge sobre els alumnes i els grups classe.<br \/>\nb. Generar expectatives d\u2019\u00e8xit en els grups classe i amb cada alumne en particular amb la finalitat de potenciar l\u2019autoestima i la confian\u00e7a en les pr\u00f2pies possibilitats.<br \/>\nc. Liderar la prevenci\u00f3 i les actuacions de reconducci\u00f3 de l\u2019absentisme.<br \/>\nd. Detectar necessitats de l\u2019alumnat i articular la resposta educativa.<br \/>\ne. Enfortir els lligams amb la fam\u00edlia per aconseguir la implicaci\u00f3 en el proc\u00e9s d\u2019aprenentatge.<br \/>\nf. Projectar l\u2019activitat dels alumnes per donar valor a la feina escolar per part del propi l\u2019alumnat, les fam\u00edlies i l\u2019entorn.<br \/>\ng. Enfortir el treball de les emocions i la conviv\u00e8ncia.<br \/>\nh. Enfortir la gesti\u00f3 de l\u2019aula per garantir la participaci\u00f3 activa i efica\u00e7 de l\u2019alumnat.<br \/>\ni. Enfortir la creaci\u00f3 de vincles amb l\u2019alumnat, l\u2019autoconfian\u00e7a i la valoraci\u00f3 de l\u2019esfor\u00e7.<br \/>\nj. Assegurar l\u2019acci\u00f3 coherent del professorat que interv\u00e9 en el grup classe.<\/p>\n","protected":false},"excerpt":{"rendered":"<p>L\u2019acci\u00f3 tutorial \u00e9s un aspecte central de qualsevol projecte educatiu. Ho \u00e9s singularment en el nostre context pels factors de risc que intervenen el proc\u00e9s escolar del nostre alumnat. Aix\u00ed, doncs, l\u2019acci\u00f3 tutorial s\u2019ha d\u2019orientar a atendre les necessitats educatives de cada alumne de forma integral amb la finalitat d\u2019assolir l\u2019\u00e8xit escolar i l\u2019equilibri personal. [&hellip;]<\/p>\n","protected":false},"author":1,"featured_media":0,"parent":509,"menu_order":0,"comment_status":"closed","ping_status":"closed","template":"page-templates\/side-menu.php","meta":{"_bbp_topic_count":0,"_bbp_reply_count":0,"_bbp_total_topic_count":0,"_bbp_total_reply_count":0,"_bbp_voice_count":0,"_bbp_anonymous_reply_count":0,"_bbp_topic_count_hidden":0,"_bbp_reply_count_hidden":0,"_bbp_forum_subforum_count":0,"site-sidebar-layout":"default","site-content-layout":"","ast-site-content-layout":"","site-content-style":"default","site-sidebar-style":"default","ast-global-header-display":"","ast-banner-title-visibility":"","ast-main-header-display":"","ast-hfb-above-header-display":"","ast-hfb-below-header-display":"","ast-hfb-mobile-header-display":"","site-post-title":"","ast-breadcrumbs-content":"","ast-featured-img":"","footer-sml-layout":"","theme-transparent-header-meta":"","adv-header-id-meta":"","stick-header-meta":"","header-above-stick-meta":"","header-main-stick-meta":"","header-below-stick-meta":"","astra-migrate-meta-layouts":"default","ast-page-background-enabled":"default","ast-page-background-meta":{"desktop":{"background-color":"var(--ast-global-color-4)","background-image":"","background-repeat":"repeat","background-position":"center center","background-size":"auto","background-attachment":"scroll","background-type":"","background-media":"","overlay-type":"","overlay-color":"","overlay-opacity":"","overlay-gradient":""},"tablet":{"background-color":"","background-image":"","background-repeat":"repeat","background-position":"center center","background-size":"auto","background-attachment":"scroll","background-type":"","background-media":"","overlay-type":"","overlay-color":"","overlay-opacity":"","overlay-gradient":""},"mobile":{"background-color":"","background-image":"","background-repeat":"repeat","background-position":"center center","background-size":"auto","background-attachment":"scroll","background-type":"","background-media":"","overlay-type":"","overlay-color":"","overlay-opacity":"","overlay-gradient":""}},"ast-content-background-meta":{"desktop":{"background-color":"var(--ast-global-color-5)","background-image":"","background-repeat":"repeat","background-position":"center center","background-size":"auto","background-attachment":"scroll","background-type":"","background-media":"","overlay-type":"","overlay-color":"","overlay-opacity":"","overlay-gradient":""},"tablet":{"background-color":"var(--ast-global-color-5)","background-image":"","background-repeat":"repeat","background-position":"center center","background-size":"auto","background-attachment":"scroll","background-type":"","background-media":"","overlay-type":"","overlay-color":"","overlay-opacity":"","overlay-gradient":""},"mobile":{"background-color":"var(--ast-global-color-5)","background-image":"","background-repeat":"repeat","background-position":"center center","background-size":"auto","background-attachment":"scroll","background-type":"","background-media":"","overlay-type":"","overlay-color":"","overlay-opacity":"","overlay-gradient":""}},"footnotes":""},"class_list":["post-513","page","type-page","status-publish","hentry"],"post_mailing_queue_ids":[],"_links":{"self":[{"href":"https:\/\/agora.xtec.cat\/inslaserrasabadell\/wp-json\/wp\/v2\/pages\/513","targetHints":{"allow":["GET"]}}],"collection":[{"href":"https:\/\/agora.xtec.cat\/inslaserrasabadell\/wp-json\/wp\/v2\/pages"}],"about":[{"href":"https:\/\/agora.xtec.cat\/inslaserrasabadell\/wp-json\/wp\/v2\/types\/page"}],"author":[{"embeddable":true,"href":"https:\/\/agora.xtec.cat\/inslaserrasabadell\/wp-json\/wp\/v2\/users\/1"}],"replies":[{"embeddable":true,"href":"https:\/\/agora.xtec.cat\/inslaserrasabadell\/wp-json\/wp\/v2\/comments?post=513"}],"version-history":[{"count":1,"href":"https:\/\/agora.xtec.cat\/inslaserrasabadell\/wp-json\/wp\/v2\/pages\/513\/revisions"}],"predecessor-version":[{"id":514,"href":"https:\/\/agora.xtec.cat\/inslaserrasabadell\/wp-json\/wp\/v2\/pages\/513\/revisions\/514"}],"up":[{"embeddable":true,"href":"https:\/\/agora.xtec.cat\/inslaserrasabadell\/wp-json\/wp\/v2\/pages\/509"}],"wp:attachment":[{"href":"https:\/\/agora.xtec.cat\/inslaserrasabadell\/wp-json\/wp\/v2\/media?parent=513"}],"curies":[{"name":"wp","href":"https:\/\/api.w.org\/{rel}","templated":true}]}}