{"id":509,"date":"2016-10-22T19:44:51","date_gmt":"2016-10-22T17:44:51","guid":{"rendered":"http:\/\/agora.xtec.cat\/inslaserrasabadell\/?page_id=509"},"modified":"2016-10-22T20:03:36","modified_gmt":"2016-10-22T18:03:36","slug":"visio-educativa","status":"publish","type":"page","link":"https:\/\/agora.xtec.cat\/inslaserrasabadell\/projecte-educatiu\/visio-educativa\/","title":{"rendered":"Visi\u00f3 educativa"},"content":{"rendered":"<p>La visi\u00f3 educativa del centre posa \u00e8mfasi en tres aspectes claus: l&#8217;acci\u00f3 tutorial, plantejada per atendre les necessitats educatives de cada alumne; un enfocament competencial del curr\u00edculum, amb especial valor a la transversalitat de la compet\u00e8ncia comunicativa; els processos d&#8217;aula, promovent el rol de lideratge del docent; i l&#8217;atenci\u00f3 a la diversitat, tenint cura del progr\u00e9s continuat de cada alumne\/a, sigui quin sigui el seu punt de partida, per assegurar-ne el seu \u00e8xit escolar.<\/p>\n<ul>\n<li><a href=\"http:\/\/agora.xtec.cat\/inslaserrasabadell\/projecte-educatiu\/visio-educativa\/laccio-tutorial\/\">L\u2019acci\u00f3 tutorial<\/a><\/li>\n<li><a href=\"http:\/\/agora.xtec.cat\/inslaserrasabadell\/projecte-educatiu\/visio-educativa\/enfocament-competencial-del-curriculum\/\">Enfocament competencial del Curr\u00edculum<\/a><\/li>\n<li><a href=\"http:\/\/agora.xtec.cat\/inslaserrasabadell\/projecte-educatiu\/visio-educativa\/els-processos-daula\/\">Els processos d\u2019aula<\/a><\/li>\n<li><a href=\"http:\/\/agora.xtec.cat\/inslaserrasabadell\/projecte-educatiu\/visio-educativa\/enfocament-de-la-inclusio-educativa-latencio-a-la-diversitat\/\">Enfocament de la inclusi\u00f3 educativa: L\u2019atenci\u00f3 a la diversitat<\/a><\/li>\n<\/ul>\n","protected":false},"excerpt":{"rendered":"<p>La visi\u00f3 educativa del centre posa \u00e8mfasi en tres aspectes claus: l&#8217;acci\u00f3 tutorial, plantejada per atendre les necessitats educatives de cada alumne; un enfocament competencial del curr\u00edculum, amb especial valor a la transversalitat de la compet\u00e8ncia comunicativa; els processos d&#8217;aula, promovent el rol de lideratge del docent; i l&#8217;atenci\u00f3 a la diversitat, tenint cura del [&hellip;]<\/p>\n","protected":false},"author":1,"featured_media":0,"parent":57,"menu_order":1,"comment_status":"closed","ping_status":"closed","template":"page-templates\/side-menu.php","meta":{"_bbp_topic_count":0,"_bbp_reply_count":0,"_bbp_total_topic_count":0,"_bbp_total_reply_count":0,"_bbp_voice_count":0,"_bbp_anonymous_reply_count":0,"_bbp_topic_count_hidden":0,"_bbp_reply_count_hidden":0,"_bbp_forum_subforum_count":0,"site-sidebar-layout":"default","site-content-layout":"","ast-site-content-layout":"","site-content-style":"default","site-sidebar-style":"default","ast-global-header-display":"","ast-banner-title-visibility":"","ast-main-header-display":"","ast-hfb-above-header-display":"","ast-hfb-below-header-display":"","ast-hfb-mobile-header-display":"","site-post-title":"","ast-breadcrumbs-content":"","ast-featured-img":"","footer-sml-layout":"","theme-transparent-header-meta":"","adv-header-id-meta":"","stick-header-meta":"","header-above-stick-meta":"","header-main-stick-meta":"","header-below-stick-meta":"","astra-migrate-meta-layouts":"default","ast-page-background-enabled":"default","ast-page-background-meta":{"desktop":{"background-color":"var(--ast-global-color-4)","background-image":"","background-repeat":"repeat","background-position":"center center","background-size":"auto","background-attachment":"scroll","background-type":"","background-media":"","overlay-type":"","overlay-color":"","overlay-opacity":"","overlay-gradient":""},"tablet":{"background-color":"","background-image":"","background-repeat":"repeat","background-position":"center center","background-size":"auto","background-attachment":"scroll","background-type":"","background-media":"","overlay-type":"","overlay-color":"","overlay-opacity":"","overlay-gradient":""},"mobile":{"background-color":"","background-image":"","background-repeat":"repeat","background-position":"center center","background-size":"auto","background-attachment":"scroll","background-type":"","background-media":"","overlay-type":"","overlay-color":"","overlay-opacity":"","overlay-gradient":""}},"ast-content-background-meta":{"desktop":{"background-color":"var(--ast-global-color-5)","background-image":"","background-repeat":"repeat","background-position":"center center","background-size":"auto","background-attachment":"scroll","background-type":"","background-media":"","overlay-type":"","overlay-color":"","overlay-opacity":"","overlay-gradient":""},"tablet":{"background-color":"var(--ast-global-color-5)","background-image":"","background-repeat":"repeat","background-position":"center center","background-size":"auto","background-attachment":"scroll","background-type":"","background-media":"","overlay-type":"","overlay-color":"","overlay-opacity":"","overlay-gradient":""},"mobile":{"background-color":"var(--ast-global-color-5)","background-image":"","background-repeat":"repeat","background-position":"center center","background-size":"auto","background-attachment":"scroll","background-type":"","background-media":"","overlay-type":"","overlay-color":"","overlay-opacity":"","overlay-gradient":""}},"footnotes":""},"class_list":["post-509","page","type-page","status-publish","hentry"],"post_mailing_queue_ids":[],"_links":{"self":[{"href":"https:\/\/agora.xtec.cat\/inslaserrasabadell\/wp-json\/wp\/v2\/pages\/509","targetHints":{"allow":["GET"]}}],"collection":[{"href":"https:\/\/agora.xtec.cat\/inslaserrasabadell\/wp-json\/wp\/v2\/pages"}],"about":[{"href":"https:\/\/agora.xtec.cat\/inslaserrasabadell\/wp-json\/wp\/v2\/types\/page"}],"author":[{"embeddable":true,"href":"https:\/\/agora.xtec.cat\/inslaserrasabadell\/wp-json\/wp\/v2\/users\/1"}],"replies":[{"embeddable":true,"href":"https:\/\/agora.xtec.cat\/inslaserrasabadell\/wp-json\/wp\/v2\/comments?post=509"}],"version-history":[{"count":3,"href":"https:\/\/agora.xtec.cat\/inslaserrasabadell\/wp-json\/wp\/v2\/pages\/509\/revisions"}],"predecessor-version":[{"id":526,"href":"https:\/\/agora.xtec.cat\/inslaserrasabadell\/wp-json\/wp\/v2\/pages\/509\/revisions\/526"}],"up":[{"embeddable":true,"href":"https:\/\/agora.xtec.cat\/inslaserrasabadell\/wp-json\/wp\/v2\/pages\/57"}],"wp:attachment":[{"href":"https:\/\/agora.xtec.cat\/inslaserrasabadell\/wp-json\/wp\/v2\/media?parent=509"}],"curies":[{"name":"wp","href":"https:\/\/api.w.org\/{rel}","templated":true}]}}