{"id":49,"date":"2014-09-17T16:55:55","date_gmt":"2014-09-17T16:55:55","guid":{"rendered":"http:\/\/agora.xtec.cat\/inslaserrasabadell\/?page_id=49"},"modified":"2025-12-03T12:02:49","modified_gmt":"2025-12-03T11:02:49","slug":"normes-dorganitzacio-i-funcionament","status":"publish","type":"page","link":"https:\/\/agora.xtec.cat\/inslaserrasabadell\/linstitut\/normes-dorganitzacio-i-funcionament\/","title":{"rendered":"Normes i funcionament"},"content":{"rendered":"<p><b><i>PROJECTE DE MEDIACI\u00d3<\/i><\/b><\/p>\n<p><span style=\"font-weight: 400;\">Per tal d&#8217;ajudar a millorar la conviv\u00e8ncia al centre hem implantat el projecte del servei de mediaci\u00f3. D&#8217;aquesta manera es millora el clima de l\u2019aula i es redueix la conflictivitat. Aquest \u00e9s un recurs que s&#8217;engloba dins el projecte de conviv\u00e8ncia del centre.<\/span><\/p>\n<p><span style=\"font-weight: 400;\">L&#8217;espai de mediaci\u00f3 ofereix el treball amb din\u00e0miques grupals i peticions de mediaci\u00f3 individuals.<\/span><\/p>\n<p><b><i>LES NORMES DE CONVIV\u00c8NCIA<\/i><\/b><\/p>\n<ul>\n<li style=\"font-weight: 400;\" aria-level=\"1\"><span style=\"font-weight: 400;\">Aquest \u00e9s un resum de la normativa recollida al document Normativa d&#8217;Organitzaci\u00f3 i Funcionament de Centre (NOFCI), que pots consultar a la nostra p\u00e0gina web.<\/span><\/li>\n<\/ul>\n<ul>\n<li style=\"font-weight: 400;\" aria-level=\"1\"><span style=\"font-weight: 400;\">Sempre cal adre\u00e7ar-se amb respecte a totes les persones del centre (professorat, alumnat, personal) i respectar la seva funci\u00f3.\u00a0<\/span><\/li>\n<\/ul>\n<ul>\n<li style=\"font-weight: 400;\" aria-level=\"1\"><span style=\"font-weight: 400;\">L&#8217;assist\u00e8ncia al centre \u00e9s obligat\u00f2ria. Si s&#8217;ha de faltar a classe, ha de ser per un motiu important i s&#8217;ha de Justificar sempre per escrit al tutor\/a individual.<\/span><\/li>\n<\/ul>\n<ul>\n<li style=\"font-weight: 400;\" aria-level=\"1\"><span style=\"font-weight: 400;\">L&#8217;alumnat que arribi tard (entre les 8:15 i les 9:15\u202fh) haur\u00e0 d&#8217;anar a consergeria i despr\u00e9s ha d&#8217;anar directament a la classe que li toca. Quan arribi a partir de les 9:15\u202fh podr\u00e0 entrar al centre si ve acompanyat del pare, mare o tutor legal, o b\u00e9 porti un justificant oficial, o b\u00e9 el pare, mare o tutor legal hagi comunicat telef\u00f2nicament el retard.<\/span><\/li>\n<\/ul>\n<ul>\n<li style=\"font-weight: 400;\" aria-level=\"1\"><span style=\"font-weight: 400;\">Les classes comencen puntualment. Hem de treballar sempre, aixecar la m\u00e0 per parlar, parlar sense cridar, no sortir de l&#8217;aula sense perm\u00eds ni anar al lavabo entre classe i classe. A la classe no es pot menjar ni beure.<\/span><\/li>\n<\/ul>\n<ul>\n<li style=\"font-weight: 400;\" aria-level=\"1\"><span style=\"font-weight: 400;\">Cal respectar en tot moment el material, el mobiliari, les instal\u00b7lacions del centre. Als passadissos cal estar en silenci, sense c\u00f3rrer ni cridar per no molestar els que estan treballant. Donar cops a les parets, armaris o portes es traduir\u00e0 en una sanci\u00f3.<\/span><\/li>\n<\/ul>\n<ul>\n<li style=\"font-weight: 400;\" aria-level=\"1\"><span style=\"font-weight: 400;\">Cal contribuir a la netedat del centre.<\/span><\/li>\n<\/ul>\n<ul>\n<li style=\"font-weight: 400;\" aria-level=\"1\"><span style=\"font-weight: 400;\">L&#8217;institut comparteix l&#8217;edifici amb l&#8217;Escola Agn\u00e8s Armengol. L&#8217;alumnat de l&#8217;institut no pot entrar a les zones exclusives de l&#8217;escola.<\/span><\/li>\n<\/ul>\n<ul>\n<li style=\"font-weight: 400;\" aria-level=\"1\"><span style=\"font-weight: 400;\">Trobar-se all\u00e0 sense un motiu justificat s&#8217;entendr\u00e0 com Falta Greu. La tanca serveix per delimitar l&#8217;espai del centre. No s&#8217;hi pot pujar ni saltar. Si alg\u00fa ho fa ser\u00e0 sancionat.<\/span><\/li>\n<\/ul>\n<ul>\n<li style=\"font-weight: 400;\" aria-level=\"1\"><span style=\"font-weight: 400;\">L&#8217;estona de pati \u00e9s d&#8217;esbarjo, per esmorzar i per anar al lavabo. Les begudes permeses s\u00f3n \u00fanicament aigua o sacs de fruita. Al pati nom\u00e9s es pot estar a la zona assignada de les pistes i dels porxos.<\/span><\/li>\n<\/ul>\n<ul>\n<li style=\"font-weight: 400;\" aria-level=\"1\"><span style=\"font-weight: 400;\">Llen\u00e7ar embolcall, envasos o qualsevol altre tipus de residu a terra es considerar\u00e0 una falta i podr\u00e0 comportar una sanci\u00f3.<\/span><\/li>\n<\/ul>\n<ul>\n<li style=\"font-weight: 400;\" aria-level=\"1\"><span style=\"font-weight: 400;\">Al lavabo nom\u00e9s s&#8217;hi pot anar a l&#8217;hora del pati, i \u00fanicament es poden utilitzar els lavabos del gimn\u00e0s. Cal recordar que els lavabos no s\u00f3n llocs de reuni\u00f3.<\/span><\/li>\n<\/ul>\n<ul>\n<li style=\"font-weight: 400;\" aria-level=\"1\"><span style=\"font-weight: 400;\">En els canvis de classe, l&#8217;alumnat ha de quedar-se a l&#8217;aula, esperar-se al seu lloc i amb la porta oberta fins que arribi el professor\/a. Si s&#8217;ha de canviar d&#8217;aula, cal esperar el\/la professor\/a acompanyant.<\/span><\/li>\n<\/ul>\n<ul>\n<li style=\"font-weight: 400;\" aria-level=\"1\"><span style=\"font-weight: 400;\">L&#8217;alumnat no pot marxar sol del centre abans d&#8217;hora, nom\u00e9s podr\u00e0 marxar acompanyat pels pares o per un major d&#8217;edat, amb autoritzaci\u00f3 dels pares.<\/span><\/li>\n<\/ul>\n<ul>\n<li style=\"font-weight: 400;\" aria-level=\"1\"><span style=\"font-weight: 400;\">Sempre que hi hagi un canvi d&#8217;horari que no estigui especificat a l&#8217;agenda, s&#8217;informar\u00e0 la fam\u00edlia.<\/span><\/li>\n<\/ul>\n<ul>\n<li style=\"font-weight: 400;\" aria-level=\"1\"><span style=\"font-weight: 400;\">L&#8217;agenda \u00e9s una eina de treball per a l&#8217;alumnat i un recurs de comunicaci\u00f3 entre la fam\u00edlia i el professorat. Caldr\u00e0 portar-la sempre a classe.<\/span><\/li>\n<\/ul>\n<ul>\n<li style=\"font-weight: 400;\" aria-level=\"1\"><span style=\"font-weight: 400;\">Cal que l&#8217;alumnat vingui al centre vestit adequadament. Dins la classe no es permet portar gorra.<\/span><\/li>\n<\/ul>\n<p><b><i>SORTIDES<\/i><\/b><\/p>\n<p><span style=\"font-weight: 400;\">En general, s&#8217;aplicar\u00e0 la mateixa la normativa de centre a les sortides.<\/span><\/p>\n<p><span style=\"font-weight: 400;\">Les sortides s\u00f3n un complement del treball de classe. Sempre que se&#8217;n facin n&#8217;informarem a les fam\u00edlies, i en cas de ser necess\u00e0ria autoritzaci\u00f3, caldr\u00e0 haver-la lliurat el dia indicat. Si per algun motiu l&#8217;alumnat no pot<\/span><\/p>\n<p><span style=\"font-weight: 400;\">assistir a una sortida, ha de venir igualment al centre en l&#8217;horari habitual. L&#8217;alumne\/a que no assisteix a les sortides curriculars, perdr\u00e0 el dret d&#8217;assistir a les sortides l\u00fadiques.<\/span><\/p>\n<p><span style=\"font-weight: 400;\">L&#8217;equip docent i\/o la Comissi\u00f3 de Conviv\u00e8ncia pot decidir si alguns alumnes poden o no assistir a determinades sortides.<\/span><\/p>\n<p><b>\u00daS DEL M\u00d2BIL i altres dispositius digitals<\/b><\/p>\n<p><span style=\"font-weight: 400;\">Seguint les directrius del Departament d&#8217;Educaci\u00f3 est\u00e0 prohibit portar el m\u00f2bil i altres dispositius digitals al centre escolar. No es permet ni l&#8217;\u00fas ni l&#8217;exhibici\u00f3 en tot el recinte escolar, incloent-hi els patis. Si l&#8217;alumnat utilitza o exhibeix el m\u00f2bil s&#8217;aplicar\u00e0 la normativa vigent i ser\u00e0 sancionat.<\/span><\/p>\n<p><span style=\"font-weight: 400;\">En cap cas l&#8217;institut ser\u00e0 responsable de la p\u00e8rdua, danys o robatori del tel\u00e8fon m\u00f2bil o dels seus accessoris.<\/span><\/p>\n<p><b><i>SANCIONS I EXPULSIONS<\/i><\/b><\/p>\n<p><span style=\"font-weight: 400;\">L&#8217;\u00f2rgan encarregat de gestionar el proc\u00e9s sancionador \u00e9s la Comissi\u00f3 de Conviv\u00e8ncia.<\/span><\/p>\n<p><span style=\"font-weight: 400;\">El proc\u00e9s sancionador s&#8217;inicia en cas que un\/a alumne\/a acumuli diverses faltes lleus o en cometi una de greu.<\/span><\/p>\n<ul>\n<li style=\"font-weight: 400;\" aria-level=\"1\"><span style=\"font-weight: 400;\">Les incid\u00e8ncies es tipifiquen com a lleus o greus seguint el protocol que s&#8217;estableix des de la Comissi\u00f3<\/span><\/li>\n<\/ul>\n<ul>\n<li style=\"font-weight: 400;\" aria-level=\"1\"><span style=\"font-weight: 400;\">de Conviv\u00e8ncia. Tutoria comunicar\u00e0 les decisions preses a la fam\u00edlia.<\/span><\/li>\n<\/ul>\n<ul>\n<li style=\"font-weight: 400;\" aria-level=\"1\"><span style=\"font-weight: 400;\">Les sancions s&#8217;estableixen des de la Comissi\u00f3 de Conviv\u00e8ncia, d&#8217;acord amb les NOFC, i poden comportar l&#8217;obertura d&#8217;un expedient disciplinari.<\/span><\/li>\n<\/ul>\n<ul>\n<li style=\"font-weight: 400;\" aria-level=\"1\"><span style=\"font-weight: 400;\">En cas d&#8217;una incid\u00e8ncia molt greu, es comunicar\u00e0 a la fam\u00edlia immediatament i es prendran les mesures necess\u00e0ries.<\/span><\/li>\n<\/ul>\n<p><b><i>DELEGATS\/DES<\/i><\/b><\/p>\n<p><span style=\"font-weight: 400;\">Cada grup-classe est\u00e0 representat per un\/a delegat\/da i un\/a sotsdelegat\/da, que hauran de ser elegits a principis de curs.<\/span><\/p>\n<p><span style=\"font-weight: 400;\">Els delegats s\u00f3n la via representativa dels estudiants, per tant, hauran de complir les funcions que els s\u00f3n pr\u00f2pies i mantenir sempre informat el seu grup classe. Dins d&#8217;aquestes funcions, comunicaran trimestralment a l&#8217;equip docent la valoraci\u00f3 i propostes de millora del seu grup classe, i participaran activament en la Comissi\u00f3 de Delegats i Delegades.<\/span><\/p>\n","protected":false},"excerpt":{"rendered":"<p>PROJECTE DE MEDIACI\u00d3 Per tal d&#8217;ajudar a millorar la conviv\u00e8ncia al centre hem implantat el projecte del servei de mediaci\u00f3. D&#8217;aquesta manera es millora el clima de l\u2019aula i es redueix la conflictivitat. Aquest \u00e9s un recurs que s&#8217;engloba dins el projecte de conviv\u00e8ncia del centre. L&#8217;espai de mediaci\u00f3 ofereix el treball amb din\u00e0miques grupals [&hellip;]<\/p>\n","protected":false},"author":1,"featured_media":0,"parent":19,"menu_order":60,"comment_status":"closed","ping_status":"closed","template":"page-templates\/side-menu.php","meta":{"_bbp_topic_count":0,"_bbp_reply_count":0,"_bbp_total_topic_count":0,"_bbp_total_reply_count":0,"_bbp_voice_count":0,"_bbp_anonymous_reply_count":0,"_bbp_topic_count_hidden":0,"_bbp_reply_count_hidden":0,"_bbp_forum_subforum_count":0,"site-sidebar-layout":"default","site-content-layout":"","ast-site-content-layout":"","site-content-style":"default","site-sidebar-style":"default","ast-global-header-display":"","ast-banner-title-visibility":"","ast-main-header-display":"","ast-hfb-above-header-display":"","ast-hfb-below-header-display":"","ast-hfb-mobile-header-display":"","site-post-title":"","ast-breadcrumbs-content":"","ast-featured-img":"","footer-sml-layout":"","theme-transparent-header-meta":"","adv-header-id-meta":"","stick-header-meta":"","header-above-stick-meta":"","header-main-stick-meta":"","header-below-stick-meta":"","astra-migrate-meta-layouts":"default","ast-page-background-enabled":"default","ast-page-background-meta":{"desktop":{"background-color":"var(--ast-global-color-4)","background-image":"","background-repeat":"repeat","background-position":"center center","background-size":"auto","background-attachment":"scroll","background-type":"","background-media":"","overlay-type":"","overlay-color":"","overlay-opacity":"","overlay-gradient":""},"tablet":{"background-color":"","background-image":"","background-repeat":"repeat","background-position":"center center","background-size":"auto","background-attachment":"scroll","background-type":"","background-media":"","overlay-type":"","overlay-color":"","overlay-opacity":"","overlay-gradient":""},"mobile":{"background-color":"","background-image":"","background-repeat":"repeat","background-position":"center center","background-size":"auto","background-attachment":"scroll","background-type":"","background-media":"","overlay-type":"","overlay-color":"","overlay-opacity":"","overlay-gradient":""}},"ast-content-background-meta":{"desktop":{"background-color":"var(--ast-global-color-5)","background-image":"","background-repeat":"repeat","background-position":"center center","background-size":"auto","background-attachment":"scroll","background-type":"","background-media":"","overlay-type":"","overlay-color":"","overlay-opacity":"","overlay-gradient":""},"tablet":{"background-color":"var(--ast-global-color-5)","background-image":"","background-repeat":"repeat","background-position":"center center","background-size":"auto","background-attachment":"scroll","background-type":"","background-media":"","overlay-type":"","overlay-color":"","overlay-opacity":"","overlay-gradient":""},"mobile":{"background-color":"var(--ast-global-color-5)","background-image":"","background-repeat":"repeat","background-position":"center center","background-size":"auto","background-attachment":"scroll","background-type":"","background-media":"","overlay-type":"","overlay-color":"","overlay-opacity":"","overlay-gradient":""}},"footnotes":""},"class_list":["post-49","page","type-page","status-publish","hentry"],"post_mailing_queue_ids":[],"_links":{"self":[{"href":"https:\/\/agora.xtec.cat\/inslaserrasabadell\/wp-json\/wp\/v2\/pages\/49","targetHints":{"allow":["GET"]}}],"collection":[{"href":"https:\/\/agora.xtec.cat\/inslaserrasabadell\/wp-json\/wp\/v2\/pages"}],"about":[{"href":"https:\/\/agora.xtec.cat\/inslaserrasabadell\/wp-json\/wp\/v2\/types\/page"}],"author":[{"embeddable":true,"href":"https:\/\/agora.xtec.cat\/inslaserrasabadell\/wp-json\/wp\/v2\/users\/1"}],"replies":[{"embeddable":true,"href":"https:\/\/agora.xtec.cat\/inslaserrasabadell\/wp-json\/wp\/v2\/comments?post=49"}],"version-history":[{"count":6,"href":"https:\/\/agora.xtec.cat\/inslaserrasabadell\/wp-json\/wp\/v2\/pages\/49\/revisions"}],"predecessor-version":[{"id":5576,"href":"https:\/\/agora.xtec.cat\/inslaserrasabadell\/wp-json\/wp\/v2\/pages\/49\/revisions\/5576"}],"up":[{"embeddable":true,"href":"https:\/\/agora.xtec.cat\/inslaserrasabadell\/wp-json\/wp\/v2\/pages\/19"}],"wp:attachment":[{"href":"https:\/\/agora.xtec.cat\/inslaserrasabadell\/wp-json\/wp\/v2\/media?parent=49"}],"curies":[{"name":"wp","href":"https:\/\/api.w.org\/{rel}","templated":true}]}}